{"id":3840,"date":"2025-05-28T07:05:51","date_gmt":"2025-05-28T07:05:51","guid":{"rendered":"https:\/\/pecbag.com\/?post_type=product&#038;p=3840"},"modified":"2025-11-29T01:44:48","modified_gmt":"2025-11-29T01:44:48","slug":"cleaning-tool-bag-manufacturer","status":"publish","type":"product","link":"https:\/\/pecbag.com\/pl\/cleaning-tool-bag-manufacturer\/","title":{"rendered":"Producent toreb na narz\u0119dzia czyszcz\u0105ce"},"content":{"rendered":"<h5 title=\"Sk\u0142adana torba dla psa Oddychaj\u0105ca siatkowa torba na rami\u0119 dla ma\u0142ych ps\u00f3w i kot\u00f3w\" data-immersive-translate-walked=\"1c928421-2e42-4cd3-8754-5404553c0af5\" data-immersive-translate-paragraph=\"1\" data-spm-anchor-id=\"a2700.details.0.i35.4f6757d4w4zNZA\">Producent toreb na narz\u0119dzia do czyszczenia | Fabryka toreb wodoodpornych i producent plecak\u00f3w - Bulk Solutions<\/h5>\n<div class=\"flex flex-grow flex-col max-w-full\">\n<div class=\"min-h-[20px] text-message flex w-full flex-col items-end gap-2 whitespace-pre-wrap break-words [.text-message+&amp;]:mt-5 overflow-x-auto\" dir=\"auto\" data-message-author-role=\"assistant\" data-message-id=\"3d7d46f6-7ec2-4222-9257-48fa0bba23c6\" data-suggestions=\"true\">\n<div class=\"flex w-full flex-col gap-1 empty:hidden first:pt-[3px]\">\n<div class=\"markdown prose w-full break-words dark:prose-invert light\">\n<table width=\"288\">\n<tbody>\n<tr>\n<td width=\"137\"><span style=\"color: #333333;\">Nazwa produktu<\/span><\/td>\n<td width=\"151\">Torba na narz\u0119dzia<\/td>\n<\/tr>\n<tr>\n<td><span style=\"color: #333333;\">Pozycja nr.<\/span><\/td>\n<td><span style=\"color: #333333;\">PB-2098<\/span><\/td>\n<\/tr>\n<tr>\n<td><span style=\"color: #333333;\">Materia\u0142<\/span><\/td>\n<td>600D Snowflake<\/td>\n<\/tr>\n<tr>\n<td><span style=\"color: #333333;\">\u00a0Rozmiar i kolor<\/span><\/td>\n<td>15,5 x 8,8 x 10 cali<\/td>\n<\/tr>\n<tr>\n<td><span style=\"color: #333333;\">\u00a0Czas dostawy<\/span><\/td>\n<td><span style=\"color: #333333;\">1-5 dni dla ma\u0142ych ilo\u015bci drog\u0105 lotnicz\u0105 i 30-35 dni dla du\u017cych ilo\u015bci drog\u0105 morsk\u0105<\/span><\/td>\n<\/tr>\n<\/tbody>\n<\/table>\n<p>Jako wiod\u0105cy chi\u0144ski producent toreb na narz\u0119dzia i fabryka toreb wodoodpornych, produkujemy wytrzyma\u0142e torby na narz\u0119dzia czyszcz\u0105ce dla \u015bwiatowych marek przemys\u0142owych. Nasza firma oferuje torby na narz\u0119dzia:<\/p>\n<p>\u2705 <strong>Wodoodporne torby narz\u0119dziowe IPX5<\/strong> (600D poliester + zgrzewane szwy)<br \/>\n\u2705 <strong>Niestandardowe przegr\u00f3dki<\/strong> do sprz\u0119tu czyszcz\u0105cego (MOQ 300 szt.)<br \/>\n\u2705 <strong>Us\u0142ugi OEM\/ODM<\/strong> dla toreb narz\u0119dziowych marki w\u0142asnej<br \/>\n\u2705 <strong>Produkcja work\u00f3w narz\u0119dziowych luzem<\/strong> z 10-dniow\u0105 dostaw\u0105<\/p>\n<p>Zaufane przez hurtownie toreb narz\u0119dziowych i dostawc\u00f3w \u015brodk\u00f3w czysto\u015bci. Kluczowe cechy:<br \/>\n- Antybakteryjna podszewka i wzmocnione uchwyty do przenoszenia<br \/>\n- Ta\u015bmy MOLLE do mocowania narz\u0119dzi i odpinane paski<br \/>\n- Znaczniki zasob\u00f3w RFID i kolorowe panele organizacyjne<\/p>\n<p><strong>Dlaczego warto wsp\u00f3\u0142pracowa\u0107 z nasz\u0105 fabryk\u0105 toreb narz\u0119dziowych<\/strong>:<br \/>\nPonad 12 lat jako najlepsi eksporterzy toreb narz\u0119dziowych z Chin<br \/>\nDarmowy projekt 3D z Twoim brandingiem przemys\u0142owym<br \/>\nMateria\u0142y odporne na zu\u017cycie z certyfikatem OEKO-Tex\/SGS<br \/>\nZni\u017cka 30% dla sprzedawc\u00f3w toreb narz\u0119dziowych na ponad 2500 sztuk<\/p>\n<p>Popro\u015b o bezp\u0142atne pr\u00f3bki naszej torby na narz\u0119dzia czyszcz\u0105ce lub uzyskaj natychmiastow\u0105 wycen\u0119. Dostawcy toreb narz\u0119dziowych ciesz\u0105 si\u0119:<br \/>\n- Niestandardowe MOQ od 300 sztuk<br \/>\n- Raporty z test\u00f3w \u015bcieralno\u015bci dla poszczeg\u00f3lnych partii<br \/>\n- Priorytetowy przydzia\u0142 \u0142adunk\u00f3w lotniczych\/morskich<\/p>\n<\/div>\n<\/div>\n<\/div>\n<\/div>","protected":false},"excerpt":{"rendered":"<h2 data-immersive-translate-walked=\"344be1c1-5052-41eb-8fcd-0dbe236a0d6b\" data-immersive-translate-paragraph=\"1\">Producent toreb na narz\u0119dzia czyszcz\u0105ce | Niestandardowe rozwi\u0105zania OEM<\/h2>\n<p>1. DU\u017bA POJEMNO\u015a\u0106: Torba do sprz\u0105tania posiada 4 sk\u0142adane przegrody wewn\u0119trzne, dziel\u0105ce du\u017c\u0105 komor\u0119 na 5 przegr\u00f3dek, co u\u0142atwia uporz\u0105dkowanie \u015brodk\u00f3w czyszcz\u0105cych. Z ty\u0142u znajduje si\u0119 kiesze\u0144 antykradzie\u017cowa do przechowywania telefon\u00f3w, wizyt\u00f3wek, \u0142adowarek i nie tylko.<\/p>\n<p>2. WIELE KIESZENI: Du\u017ce, szczelne kieszenie z boku s\u0105 idealne na wi\u0119ksze butelki, mokre szmaty, g\u0105bki i szczotki, dzi\u0119ki czemu narz\u0119dzia czyszcz\u0105ce s\u0105 \u0142atwe do przenoszenia i nigdy wi\u0119cej nie martwi\u0105 si\u0119 o zgubienie narz\u0119dzi.<\/p>","protected":false},"featured_media":3843,"template":"","meta":{"_uag_custom_page_level_css":""},"product_brand":[],"product_cat":[49],"product_tag":[],"class_list":{"0":"post-3840","1":"product","2":"type-product","3":"status-publish","4":"has-post-thumbnail","6":"product_cat-tool-bag","8":"first","9":"instock","10":"shipping-taxable","11":"product-type-simple"},"uagb_featured_image_src":{"full":["https:\/\/pecbag.com\/wp-content\/uploads\/2025\/05\/Cleaning-Tool-Bag-Manufacturer-2.jpeg",1500,1500,false],"thumbnail":["https:\/\/pecbag.com\/wp-content\/uploads\/2025\/05\/Cleaning-Tool-Bag-Manufacturer-2-150x150.jpeg",150,150,true],"medium":["https:\/\/pecbag.com\/wp-content\/uploads\/2025\/05\/Cleaning-Tool-Bag-Manufacturer-2-300x300.jpeg",300,300,true],"medium_large":["https:\/\/pecbag.com\/wp-content\/uploads\/2025\/05\/Cleaning-Tool-Bag-Manufacturer-2-768x768.jpeg",768,768,true],"large":["https:\/\/pecbag.com\/wp-content\/uploads\/2025\/05\/Cleaning-Tool-Bag-Manufacturer-2-1024x1024.jpeg",800,800,true],"1536x1536":["https:\/\/pecbag.com\/wp-content\/uploads\/2025\/05\/Cleaning-Tool-Bag-Manufacturer-2.jpeg",1500,1500,false],"2048x2048":["https:\/\/pecbag.com\/wp-content\/uploads\/2025\/05\/Cleaning-Tool-Bag-Manufacturer-2.jpeg",1500,1500,false],"trp-custom-language-flag":["https:\/\/pecbag.com\/wp-content\/uploads\/2025\/05\/Cleaning-Tool-Bag-Manufacturer-2-12x12.jpeg",12,12,true],"woocommerce_thumbnail":["https:\/\/pecbag.com\/wp-content\/uploads\/2025\/05\/Cleaning-Tool-Bag-Manufacturer-2-300x300.jpeg",300,300,true],"woocommerce_single":["https:\/\/pecbag.com\/wp-content\/uploads\/2025\/05\/Cleaning-Tool-Bag-Manufacturer-2-600x600.jpeg",600,600,true],"woocommerce_gallery_thumbnail":["https:\/\/pecbag.com\/wp-content\/uploads\/2025\/05\/Cleaning-Tool-Bag-Manufacturer-2-100x100.jpeg",100,100,true]},"uagb_author_info":{"display_name":"Lawrence","author_link":"https:\/\/pecbag.com\/pl\/author\/"},"uagb_comment_info":0,"uagb_excerpt":"Cleaning Tool Bag Manufacturer | Custom OEM Solutions 1. LARGE CAPACITY: The cleaning caddy bag features 4 foldable inner dividers, dividing a large compartment into 5 compartments, making it easy to organize your cleaning supplies neatly. The back has an anti-theft pocket to keep phones, business cards, chargers, and more. 2. MANY POCKETS: Large leak-proof&hellip;","_links":{"self":[{"href":"https:\/\/pecbag.com\/pl\/wp-json\/wp\/v2\/product\/3840","targetHints":{"allow":["GET"]}}],"collection":[{"href":"https:\/\/pecbag.com\/pl\/wp-json\/wp\/v2\/product"}],"about":[{"href":"https:\/\/pecbag.com\/pl\/wp-json\/wp\/v2\/types\/product"}],"wp:featuredmedia":[{"embeddable":true,"href":"https:\/\/pecbag.com\/pl\/wp-json\/wp\/v2\/media\/3843"}],"wp:attachment":[{"href":"https:\/\/pecbag.com\/pl\/wp-json\/wp\/v2\/media?parent=3840"}],"wp:term":[{"taxonomy":"product_brand","embeddable":true,"href":"https:\/\/pecbag.com\/pl\/wp-json\/wp\/v2\/product_brand?post=3840"},{"taxonomy":"product_cat","embeddable":true,"href":"https:\/\/pecbag.com\/pl\/wp-json\/wp\/v2\/product_cat?post=3840"},{"taxonomy":"product_tag","embeddable":true,"href":"https:\/\/pecbag.com\/pl\/wp-json\/wp\/v2\/product_tag?post=3840"}],"curies":[{"name":"wp","href":"https:\/\/api.w.org\/{rel}","templated":true}]}}