{"id":3847,"date":"2025-05-28T07:17:44","date_gmt":"2025-05-28T07:17:44","guid":{"rendered":"https:\/\/pecbag.com\/?post_type=product&#038;p=3847"},"modified":"2025-11-29T01:44:36","modified_gmt":"2025-11-29T01:44:36","slug":"professional-electrician-tool-carry-bag","status":"publish","type":"product","link":"https:\/\/pecbag.com\/pl\/professional-electrician-tool-carry-bag\/","title":{"rendered":"Profesjonalna torba na narz\u0119dzia dla elektryk\u00f3w"},"content":{"rendered":"<h5 title=\"Sk\u0142adana torba dla psa Oddychaj\u0105ca siatkowa torba na rami\u0119 dla ma\u0142ych ps\u00f3w i kot\u00f3w\" data-immersive-translate-walked=\"1c928421-2e42-4cd3-8754-5404553c0af5\" data-immersive-translate-paragraph=\"1\" data-spm-anchor-id=\"a2700.details.0.i35.4f6757d4w4zNZA\">Profesjonalne torby do przenoszenia narz\u0119dzi dla elektryk\u00f3w | Fabryka toreb wodoodpornych i producent plecak\u00f3w - Bulk Industrial Solutions<\/h5>\n<div class=\"flex flex-grow flex-col max-w-full\">\n<div class=\"min-h-[20px] text-message flex w-full flex-col items-end gap-2 whitespace-pre-wrap break-words [.text-message+&amp;]:mt-5 overflow-x-auto\" dir=\"auto\" data-message-author-role=\"assistant\" data-message-id=\"3d7d46f6-7ec2-4222-9257-48fa0bba23c6\" data-suggestions=\"true\">\n<div class=\"flex w-full flex-col gap-1 empty:hidden first:pt-[3px]\">\n<div class=\"markdown prose w-full break-words dark:prose-invert light\">\n<table width=\"288\">\n<tbody>\n<tr>\n<td width=\"137\"><span style=\"color: #333333;\">Nazwa produktu<\/span><\/td>\n<td width=\"151\">Torba na narz\u0119dzia<\/td>\n<\/tr>\n<tr>\n<td><span style=\"color: #333333;\">Pozycja nr.<\/span><\/td>\n<td><span style=\"color: #333333;\">PB-2099<\/span><\/td>\n<\/tr>\n<tr>\n<td><span style=\"color: #333333;\">Materia\u0142<\/span><\/td>\n<td>600D poliester<\/td>\n<\/tr>\n<tr>\n<td><span style=\"color: #333333;\">\u00a0Rozmiar i kolor<\/span><\/td>\n<td>15 x 11 x 5 cali<\/td>\n<\/tr>\n<tr>\n<td><span style=\"color: #333333;\">\u00a0Czas dostawy<\/span><\/td>\n<td><span style=\"color: #333333;\">1-5 dni dla ma\u0142ych ilo\u015bci drog\u0105 lotnicz\u0105 i 30-35 dni dla du\u017cych ilo\u015bci drog\u0105 morsk\u0105<\/span><\/td>\n<\/tr>\n<\/tbody>\n<\/table>\n<p>Jako wiod\u0105cy chi\u0144ski producent toreb narz\u0119dziowych i fabryka toreb wodoodpornych, projektujemy profesjonalne torby na narz\u0119dzia dla elektryk\u00f3w dla \u015bwiatowych marek przemys\u0142owych. Nasza firma oferuje torby na narz\u0119dzia:<\/p>\n<p>\u2705 <strong>Wodoodporno\u015b\u0107 IPX5<\/strong> (600D poliester + zgrzewane szwy)<br \/>\n\u2705 <strong>Konfigurowalne przegr\u00f3dki<\/strong> do narz\u0119dzi elektrycznych (MOQ 300 szt.)<br \/>\n\u2705 <strong>Us\u0142ugi OEM\/ODM<\/strong> dla toreb narz\u0119dziowych marki w\u0142asnej<br \/>\n\u2705 <strong>Produkcja work\u00f3w narz\u0119dziowych luzem<\/strong> z 10-dniow\u0105 dostaw\u0105<\/p>\n<p>Zaufanie hurtownik\u00f3w toreb narz\u0119dziowych i dostawc\u00f3w MRO. Kluczowe cechy:<br \/>\n- Antystatyczna podszewka i izolowane otwory na narz\u0119dzia<br \/>\n- Ta\u015bmy MOLLE + odpinane paski na rami\u0119<br \/>\n- Znaczniki zasob\u00f3w RFID i organizacja oznaczona kolorami<\/p>\n<p><strong>Dlaczego warto wsp\u00f3\u0142pracowa\u0107 z nasz\u0105 fabryk\u0105 toreb narz\u0119dziowych<\/strong>:<br \/>\nPonad 15 lat jako najlepsi eksporterzy toreb narz\u0119dziowych z Chin<br \/>\nDarmowy projekt 3D z Twoim brandingiem przemys\u0142owym<br \/>\nMateria\u0142y trudnopalne z certyfikatem OEKO-Tex\/SGS<br \/>\nZni\u017cka 30% dla sprzedawc\u00f3w toreb narz\u0119dziowych na ponad 3000 sztuk<\/p>\n<p>Zam\u00f3w bezp\u0142atne pr\u00f3bki naszej torby narz\u0119dziowej dla elektryk\u00f3w lub uzyskaj natychmiastow\u0105 wycen\u0119. Dostawcy toreb narz\u0119dziowych ciesz\u0105 si\u0119:<br \/>\n- Niestandardowe MOQ od 300 sztuk<br \/>\n- Raporty z test\u00f3w dielektrycznych dla poszczeg\u00f3lnych partii<br \/>\n- Priorytetowy przydzia\u0142 \u0142adunk\u00f3w lotniczych\/morskich<\/p>\n<\/div>\n<\/div>\n<\/div>\n<\/div>","protected":false},"excerpt":{"rendered":"<h2 data-immersive-translate-walked=\"344be1c1-5052-41eb-8fcd-0dbe236a0d6b\" data-immersive-translate-paragraph=\"1\">Profesjonalna torba na narz\u0119dzia dla elektryk\u00f3w - niestandardowa wodoodporna OEM<\/h2>\n<p>1. Wewn\u0119trzna metalowa rama zapewnia \u0142atwy dost\u0119p i zapobiega zapadaniu si\u0119 torby do wewn\u0105trz.<\/p>\n<p>2. Potr\u00f3jnie ig\u0142owana konstrukcja, wytrzyma\u0142e uchwyty, zamki b\u0142yskawiczne SBS, metalowe okucia i odporna na \u015bcieranie podstawa.<\/p>","protected":false},"featured_media":3848,"template":"","meta":{"_uag_custom_page_level_css":""},"product_brand":[],"product_cat":[49],"product_tag":[],"class_list":{"0":"post-3847","1":"product","2":"type-product","3":"status-publish","4":"has-post-thumbnail","6":"product_cat-tool-bag","8":"first","9":"instock","10":"shipping-taxable","11":"product-type-simple"},"uagb_featured_image_src":{"full":["https:\/\/pecbag.com\/wp-content\/uploads\/2025\/05\/Professional-Electrician-Tool-Carry-Bag-5.jpeg",600,600,false],"thumbnail":["https:\/\/pecbag.com\/wp-content\/uploads\/2025\/05\/Professional-Electrician-Tool-Carry-Bag-5-150x150.jpeg",150,150,true],"medium":["https:\/\/pecbag.com\/wp-content\/uploads\/2025\/05\/Professional-Electrician-Tool-Carry-Bag-5-300x300.jpeg",300,300,true],"medium_large":["https:\/\/pecbag.com\/wp-content\/uploads\/2025\/05\/Professional-Electrician-Tool-Carry-Bag-5.jpeg",600,600,false],"large":["https:\/\/pecbag.com\/wp-content\/uploads\/2025\/05\/Professional-Electrician-Tool-Carry-Bag-5.jpeg",600,600,false],"1536x1536":["https:\/\/pecbag.com\/wp-content\/uploads\/2025\/05\/Professional-Electrician-Tool-Carry-Bag-5.jpeg",600,600,false],"2048x2048":["https:\/\/pecbag.com\/wp-content\/uploads\/2025\/05\/Professional-Electrician-Tool-Carry-Bag-5.jpeg",600,600,false],"trp-custom-language-flag":["https:\/\/pecbag.com\/wp-content\/uploads\/2025\/05\/Professional-Electrician-Tool-Carry-Bag-5-12x12.jpeg",12,12,true],"woocommerce_thumbnail":["https:\/\/pecbag.com\/wp-content\/uploads\/2025\/05\/Professional-Electrician-Tool-Carry-Bag-5-300x300.jpeg",300,300,true],"woocommerce_single":["https:\/\/pecbag.com\/wp-content\/uploads\/2025\/05\/Professional-Electrician-Tool-Carry-Bag-5.jpeg",600,600,false],"woocommerce_gallery_thumbnail":["https:\/\/pecbag.com\/wp-content\/uploads\/2025\/05\/Professional-Electrician-Tool-Carry-Bag-5-100x100.jpeg",100,100,true]},"uagb_author_info":{"display_name":"Lawrence","author_link":"https:\/\/pecbag.com\/pl\/author\/"},"uagb_comment_info":0,"uagb_excerpt":"Professional Electrician Tool Carry Bag - Custom Waterproof OEM 1. The internal metal frame provides easy access and prevents the bag from collapsing inward. 2. Triple needle-stitch construction, rugged haul handles, SBS zippers, metal hardware, and abrasion-resistant base.","_links":{"self":[{"href":"https:\/\/pecbag.com\/pl\/wp-json\/wp\/v2\/product\/3847","targetHints":{"allow":["GET"]}}],"collection":[{"href":"https:\/\/pecbag.com\/pl\/wp-json\/wp\/v2\/product"}],"about":[{"href":"https:\/\/pecbag.com\/pl\/wp-json\/wp\/v2\/types\/product"}],"wp:featuredmedia":[{"embeddable":true,"href":"https:\/\/pecbag.com\/pl\/wp-json\/wp\/v2\/media\/3848"}],"wp:attachment":[{"href":"https:\/\/pecbag.com\/pl\/wp-json\/wp\/v2\/media?parent=3847"}],"wp:term":[{"taxonomy":"product_brand","embeddable":true,"href":"https:\/\/pecbag.com\/pl\/wp-json\/wp\/v2\/product_brand?post=3847"},{"taxonomy":"product_cat","embeddable":true,"href":"https:\/\/pecbag.com\/pl\/wp-json\/wp\/v2\/product_cat?post=3847"},{"taxonomy":"product_tag","embeddable":true,"href":"https:\/\/pecbag.com\/pl\/wp-json\/wp\/v2\/product_tag?post=3847"}],"curies":[{"name":"wp","href":"https:\/\/api.w.org\/{rel}","templated":true}]}}