{"id":3853,"date":"2025-05-28T07:28:47","date_gmt":"2025-05-28T07:28:47","guid":{"rendered":"https:\/\/pecbag.com\/?post_type=product&#038;p=3853"},"modified":"2025-11-29T01:44:22","modified_gmt":"2025-11-29T01:44:22","slug":"heavy-duty-organizer-tool-bag","status":"publish","type":"product","link":"https:\/\/pecbag.com\/pl\/heavy-duty-organizer-tool-bag\/","title":{"rendered":"Wytrzyma\u0142a torba na narz\u0119dzia"},"content":{"rendered":"<h5 title=\"Sk\u0142adana torba dla psa Oddychaj\u0105ca siatkowa torba na rami\u0119 dla ma\u0142ych ps\u00f3w i kot\u00f3w\" data-immersive-translate-walked=\"1c928421-2e42-4cd3-8754-5404553c0af5\" data-immersive-translate-paragraph=\"1\" data-spm-anchor-id=\"a2700.details.0.i35.4f6757d4w4zNZA\">Wytrzyma\u0142e torby narz\u0119dziowe Organizer | Wodoodporna fabryka toreb i producent plecak\u00f3w - Bulk Industrial Solutions<\/h5>\n<div class=\"flex flex-grow flex-col max-w-full\">\n<div class=\"min-h-[20px] text-message flex w-full flex-col items-end gap-2 whitespace-pre-wrap break-words [.text-message+&amp;]:mt-5 overflow-x-auto\" dir=\"auto\" data-message-author-role=\"assistant\" data-message-id=\"3d7d46f6-7ec2-4222-9257-48fa0bba23c6\" data-suggestions=\"true\">\n<div class=\"flex w-full flex-col gap-1 empty:hidden first:pt-[3px]\">\n<div class=\"markdown prose w-full break-words dark:prose-invert light\">\n<table width=\"288\">\n<tbody>\n<tr>\n<td width=\"137\"><span style=\"color: #333333;\">Nazwa produktu<\/span><\/td>\n<td width=\"151\">Torba na narz\u0119dzia<\/td>\n<\/tr>\n<tr>\n<td><span style=\"color: #333333;\">Pozycja nr.<\/span><\/td>\n<td><span style=\"color: #333333;\">PB-2100<\/span><\/td>\n<\/tr>\n<tr>\n<td><span style=\"color: #333333;\">Materia\u0142<\/span><\/td>\n<td>600D poliester<\/td>\n<\/tr>\n<tr>\n<td><span style=\"color: #333333;\">\u00a0Rozmiar i kolor<\/span><\/td>\n<td>16 x 11 x 8 cali<\/td>\n<\/tr>\n<tr>\n<td><span style=\"color: #333333;\">\u00a0Czas dostawy<\/span><\/td>\n<td><span style=\"color: #333333;\">1-5 dni dla ma\u0142ych ilo\u015bci drog\u0105 lotnicz\u0105 i 30-35 dni dla du\u017cych ilo\u015bci drog\u0105 morsk\u0105<\/span><\/td>\n<\/tr>\n<\/tbody>\n<\/table>\n<p>Jako wiod\u0105cy chi\u0144ski producent toreb narz\u0119dziowych i fabryka toreb wodoodpornych, projektujemy wytrzyma\u0142e torby narz\u0119dziowe dla \u015bwiatowych marek przemys\u0142owych. Nasza firma oferuje torby narz\u0119dziowe:<\/p>\n<p>\u2705 <strong>Wodoodporno\u015b\u0107 IPX6<\/strong> (1000D poliester powlekany PVC)<br \/>\n\u2705 <strong>Niestandardowe uk\u0142ady przedzia\u0142\u00f3w<\/strong> (MOQ 200 szt.) z piankow\u0105 wy\u015bci\u00f3\u0142k\u0105<br \/>\n\u2705 <strong>Us\u0142ugi OEM\/ODM<\/strong> dla <strong>torby narz\u0119dziowe marki w\u0142asnej<\/strong><br \/>\n\u2705 <strong>Produkcja work\u00f3w narz\u0119dziowych luzem<\/strong> z 10-dniow\u0105 szybk\u0105 dostaw\u0105<\/p>\n<p>Zaufanie hurtownik\u00f3w toreb narz\u0119dziowych i dostawc\u00f3w MRO. Kluczowe cechy:<br \/>\n- Ta\u015bmy MOLLE\/PALS i odpinane pasy naramienne<br \/>\n- Gniazda \u015bledzenia zasob\u00f3w RFID i panele oznaczone kolorami<br \/>\n- Antybakteryjna podszewka i wzmocniona podstawa<\/p>\n<p><strong>Dlaczego warto wsp\u00f3\u0142pracowa\u0107 z nasz\u0105 fabryk\u0105 toreb narz\u0119dziowych<\/strong>:<br \/>\nPonad 15 lat jako najlepsi eksporterzy toreb narz\u0119dziowych z Chin<br \/>\nBezp\u0142atny projekt komory 3D z Twoim brandingiem<br \/>\nMateria\u0142y klasy przemys\u0142owej z certyfikatem OEKO-Tex\/SGS<br \/>\nZni\u017cka 30% dla sprzedawc\u00f3w toreb narz\u0119dziowych na ponad 3000 sztuk<\/p>\n<p>Popro\u015b o bezp\u0142atne pr\u00f3bki naszej torby narz\u0119dziowej z organizerem lub uzyskaj natychmiastow\u0105 wycen\u0119. Dostawcy toreb narz\u0119dziowych ciesz\u0105 si\u0119:<br \/>\n- Niestandardowe MOQ od 200 sztuk<br \/>\n- Raporty z test\u00f3w \u015bcieralno\u015bci dla poszczeg\u00f3lnych partii<br \/>\n- Priorytetowe opcje transportu lotniczego\/morskiego<\/p>\n<\/div>\n<\/div>\n<\/div>\n<\/div>","protected":false},"excerpt":{"rendered":"<h2 data-immersive-translate-walked=\"344be1c1-5052-41eb-8fcd-0dbe236a0d6b\" data-immersive-translate-paragraph=\"1\">Wytrzyma\u0142a torba narz\u0119dziowa z organizerem | Niestandardowe rozwi\u0105zania producenta OEM<\/h2>\n<p><strong>1. WZMOCNIONE DNO Z GUMOWYMI N\u00d3\u017bKAMI:<\/strong>\u00a0Wzmocnione dno sprawia, \u017ce torba nie ugina si\u0119. Twarde dno chroni r\u00f3wnie\u017c narz\u0119dzia przed upadkiem podczas transportu. Cztery gumowe n\u00f3\u017cki zapewniaj\u0105 dodatkow\u0105 stabilno\u015b\u0107 i zapobiegaj\u0105 dodatkowemu zu\u017cyciu torby.<\/p>\n<p><strong>2. MIE\u015aCI WSZYSTKIE NARZ\u0118DZIA I MATERIA\u0141Y EKSPLOATACYJNE:<\/strong> Mo\u017ce przechowywa\u0107 wszystkie narz\u0119dzia \u015bredniej wielko\u015bci, takie jak m\u0142otki, \u015brubokr\u0119ty, klucze, wiertarki itp. \u015awietnie nadaje si\u0119 r\u00f3wnie\u017c do przechowywania przedmiot\u00f3w rzemie\u015blniczych, takich jak farby, bi\u017cuteria, koraliki lub sprz\u0119t do szycia, artyku\u0142y ogrodnicze, sprz\u0119t do \u0107wicze\u0144, piel\u0119gnacja w\u0142os\u00f3w i przedmioty salonowe, takie jak suszarki do w\u0142os\u00f3w, prostownice i lok\u00f3wki.<\/p>","protected":false},"featured_media":3854,"template":"","meta":{"_uag_custom_page_level_css":""},"product_brand":[],"product_cat":[49],"product_tag":[],"class_list":{"0":"post-3853","1":"product","2":"type-product","3":"status-publish","4":"has-post-thumbnail","6":"product_cat-tool-bag","8":"first","9":"instock","10":"shipping-taxable","11":"product-type-simple"},"uagb_featured_image_src":{"full":["https:\/\/pecbag.com\/wp-content\/uploads\/2025\/05\/Heavy-Duty-Organizer-Tool-Bag-4.jpeg",1000,1000,false],"thumbnail":["https:\/\/pecbag.com\/wp-content\/uploads\/2025\/05\/Heavy-Duty-Organizer-Tool-Bag-4-150x150.jpeg",150,150,true],"medium":["https:\/\/pecbag.com\/wp-content\/uploads\/2025\/05\/Heavy-Duty-Organizer-Tool-Bag-4-300x300.jpeg",300,300,true],"medium_large":["https:\/\/pecbag.com\/wp-content\/uploads\/2025\/05\/Heavy-Duty-Organizer-Tool-Bag-4-768x768.jpeg",768,768,true],"large":["https:\/\/pecbag.com\/wp-content\/uploads\/2025\/05\/Heavy-Duty-Organizer-Tool-Bag-4.jpeg",800,800,false],"1536x1536":["https:\/\/pecbag.com\/wp-content\/uploads\/2025\/05\/Heavy-Duty-Organizer-Tool-Bag-4.jpeg",1000,1000,false],"2048x2048":["https:\/\/pecbag.com\/wp-content\/uploads\/2025\/05\/Heavy-Duty-Organizer-Tool-Bag-4.jpeg",1000,1000,false],"trp-custom-language-flag":["https:\/\/pecbag.com\/wp-content\/uploads\/2025\/05\/Heavy-Duty-Organizer-Tool-Bag-4-12x12.jpeg",12,12,true],"woocommerce_thumbnail":["https:\/\/pecbag.com\/wp-content\/uploads\/2025\/05\/Heavy-Duty-Organizer-Tool-Bag-4-300x300.jpeg",300,300,true],"woocommerce_single":["https:\/\/pecbag.com\/wp-content\/uploads\/2025\/05\/Heavy-Duty-Organizer-Tool-Bag-4-600x600.jpeg",600,600,true],"woocommerce_gallery_thumbnail":["https:\/\/pecbag.com\/wp-content\/uploads\/2025\/05\/Heavy-Duty-Organizer-Tool-Bag-4-100x100.jpeg",100,100,true]},"uagb_author_info":{"display_name":"Lawrence","author_link":"https:\/\/pecbag.com\/pl\/author\/"},"uagb_comment_info":0,"uagb_excerpt":"Heavy-Duty Organizer Tool Bag | Custom OEM Manufacturer Solutions 1. REINFORCED BOTTOM WITH RUBBER FEET:\u00a0The reinforced bottom ensures that your bag will not sag. The hard bottom will also protect your tools from falls while transporting them. Four rubber feet provide extra stability and help prevent additional wear and tear on your bag. 2. HOLDS&hellip;","_links":{"self":[{"href":"https:\/\/pecbag.com\/pl\/wp-json\/wp\/v2\/product\/3853","targetHints":{"allow":["GET"]}}],"collection":[{"href":"https:\/\/pecbag.com\/pl\/wp-json\/wp\/v2\/product"}],"about":[{"href":"https:\/\/pecbag.com\/pl\/wp-json\/wp\/v2\/types\/product"}],"wp:featuredmedia":[{"embeddable":true,"href":"https:\/\/pecbag.com\/pl\/wp-json\/wp\/v2\/media\/3854"}],"wp:attachment":[{"href":"https:\/\/pecbag.com\/pl\/wp-json\/wp\/v2\/media?parent=3853"}],"wp:term":[{"taxonomy":"product_brand","embeddable":true,"href":"https:\/\/pecbag.com\/pl\/wp-json\/wp\/v2\/product_brand?post=3853"},{"taxonomy":"product_cat","embeddable":true,"href":"https:\/\/pecbag.com\/pl\/wp-json\/wp\/v2\/product_cat?post=3853"},{"taxonomy":"product_tag","embeddable":true,"href":"https:\/\/pecbag.com\/pl\/wp-json\/wp\/v2\/product_tag?post=3853"}],"curies":[{"name":"wp","href":"https:\/\/api.w.org\/{rel}","templated":true}]}}