{"id":3859,"date":"2025-05-28T07:46:04","date_gmt":"2025-05-28T07:46:04","guid":{"rendered":"https:\/\/pecbag.com\/?post_type=product&#038;p=3859"},"modified":"2025-11-29T01:43:42","modified_gmt":"2025-11-29T01:43:42","slug":"oem-premium-makeup-bag","status":"publish","type":"product","link":"https:\/\/pecbag.com\/pl\/oem-premium-makeup-bag\/","title":{"rendered":"Torba do makija\u017cu OEM Premium - profesjonalny dostawca z Chin"},"content":{"rendered":"<h5 title=\"Sk\u0142adana torba dla psa Oddychaj\u0105ca siatkowa torba na rami\u0119 dla ma\u0142ych ps\u00f3w i kot\u00f3w\" data-immersive-translate-walked=\"1c928421-2e42-4cd3-8754-5404553c0af5\" data-immersive-translate-paragraph=\"1\" data-spm-anchor-id=\"a2700.details.0.i35.4f6757d4w4zNZA\">Torby do makija\u017cu OEM Premium | Wodoodporna fabryka toreb i producent plecak\u00f3w - Bulk Beauty Solutions<\/h5>\n<div class=\"flex flex-grow flex-col max-w-full\">\n<div class=\"min-h-[20px] text-message flex w-full flex-col items-end gap-2 whitespace-pre-wrap break-words [.text-message+&amp;]:mt-5 overflow-x-auto\" dir=\"auto\" data-message-author-role=\"assistant\" data-message-id=\"3d7d46f6-7ec2-4222-9257-48fa0bba23c6\" data-suggestions=\"true\">\n<div class=\"flex w-full flex-col gap-1 empty:hidden first:pt-[3px]\">\n<div class=\"markdown prose w-full break-words dark:prose-invert light\">\n<table width=\"288\">\n<tbody>\n<tr>\n<td width=\"137\"><span style=\"color: #333333;\">Nazwa produktu<\/span><\/td>\n<td width=\"151\"><span style=\"color: #333333;\">Torebka do makija\u017cu<\/span><\/td>\n<\/tr>\n<tr>\n<td><span style=\"color: #333333;\">Pozycja nr.<\/span><\/td>\n<td><span style=\"color: #333333;\">PB-2101<\/span><\/td>\n<\/tr>\n<tr>\n<td><span style=\"color: #333333;\">Materia\u0142<\/span><\/td>\n<td><span style=\"color: #333333;\">Bawe\u0142na, poliester, polar<\/span><\/td>\n<\/tr>\n<tr>\n<td><span style=\"color: #333333;\">\u00a0Rozmiar i kolor<\/span><\/td>\n<td><span style=\"color: #333333;\">Dostosowane<\/span><\/td>\n<\/tr>\n<tr>\n<td><span style=\"color: #333333;\">\u00a0Czas dostawy<\/span><\/td>\n<td><span style=\"color: #333333;\">1-5 dni dla ma\u0142ych ilo\u015bci drog\u0105 lotnicz\u0105 i 30-35 dni dla du\u017cych ilo\u015bci drog\u0105 morsk\u0105<\/span><\/td>\n<\/tr>\n<\/tbody>\n<\/table>\n<p>Jako wiod\u0105cy chi\u0144ski producent toreb do makija\u017cu i fabryka toreb wodoodpornych, tworzymy najwy\u017cszej jako\u015bci torby do makija\u017cu OEM dla \u015bwiatowych marek kosmetycznych. Nasza firma oferuje torby do makija\u017cu:<\/p>\n<p>\u2705 <strong>Wodoodporne zamki b\u0142yskawiczne IPX5<\/strong> (sk\u00f3ra wega\u0144ska + poliester z recyklingu)<br \/>\n\u2705 <strong>Niestandardowe konstrukcje przedzia\u0142\u00f3w<\/strong> (MOQ 200 szt.) z lusterkiem i otworami na szczoteczki<br \/>\n\u2705 <strong>Us\u0142ugi ODM\/OEM<\/strong> dla torebek do makija\u017cu marki w\u0142asnej<br \/>\n\u2705 <strong>Produkcja torebek do makija\u017cu luzem<\/strong> z 12-dniow\u0105 dostaw\u0105<\/p>\n<p>Zaufana przez hurtownie kosmetyczne i kosmetycznych gigant\u00f3w. Kluczowe cechy:<br \/>\n- Kieszenie na karty z blokad\u0105 RFID i antybakteryjna podszewka<br \/>\n- Odpinane paski na nadgarstek i opakowanie upominkowe<br \/>\n- Materia\u0142y wolne od okrucie\u0144stwa z certyfikatem OEKO-Tex<\/p>\n<p><strong>Dlaczego warto wybra\u0107 nasz\u0105 fabryk\u0119 kosmetyczek?<\/strong>:<br \/>\nPonad 10 lat jako najlepsi eksporterzy torebek do makija\u017cu z Chin<br \/>\nDarmowe makiety 3D z kolorami\/logo marki<br \/>\nZr\u00f3wnowa\u017cone materia\u0142y z certyfikatem SGS\/REACH<br \/>\nZni\u017cka 30% dla sprzedawc\u00f3w toreb do makija\u017cu na ponad 3000 sztuk<\/p>\n<p>Popro\u015b o bezp\u0142atne pr\u00f3bki naszych torebek do makija\u017cu premium lub uzyskaj natychmiastow\u0105 wycen\u0119. Dostawcy torebek do makija\u017cu ciesz\u0105 si\u0119:<br \/>\n- Niestandardowe MOQ od 200 sztuk<br \/>\n- Certyfikaty jako\u015bci dla poszczeg\u00f3lnych partii<br \/>\n- Priorytetowy przydzia\u0142 frachtu lotniczego\/morskiego<\/p>\n<\/div>\n<\/div>\n<\/div>\n<\/div>","protected":false},"excerpt":{"rendered":"<h2 data-immersive-translate-walked=\"344be1c1-5052-41eb-8fcd-0dbe236a0d6b\" data-immersive-translate-paragraph=\"1\">Wysokiej jako\u015bci kosmetyczka OEM<\/h2>\n<p>Zapewniamy wysokiej jako\u015bci torby do makija\u017cu OEM Premium z pe\u0142nym dostosowaniem rozmiaru i koloru, trwa\u0142ymi materia\u0142ami i certyfikowan\u0105 jako\u015bci\u0105.<\/p>\n<p>Korzystaj z elastycznych MOQ, szybkiej globalnej wysy\u0142ki i rozwi\u0105za\u0144 marek w\u0142asnych.<\/p>\n<p>Skontaktuj si\u0119 z nami ju\u017c dzi\u015b!<\/p>","protected":false},"featured_media":3863,"template":"","meta":{"_uag_custom_page_level_css":""},"product_brand":[],"product_cat":[53],"product_tag":[],"class_list":{"0":"post-3859","1":"product","2":"type-product","3":"status-publish","4":"has-post-thumbnail","6":"product_cat-makeup-bag","8":"first","9":"instock","10":"shipping-taxable","11":"product-type-simple"},"uagb_featured_image_src":{"full":["https:\/\/pecbag.com\/wp-content\/uploads\/2025\/05\/OEM-Premium-Makeup-Bag-1.jpg",1000,1000,false],"thumbnail":["https:\/\/pecbag.com\/wp-content\/uploads\/2025\/05\/OEM-Premium-Makeup-Bag-1-150x150.jpg",150,150,true],"medium":["https:\/\/pecbag.com\/wp-content\/uploads\/2025\/05\/OEM-Premium-Makeup-Bag-1-300x300.jpg",300,300,true],"medium_large":["https:\/\/pecbag.com\/wp-content\/uploads\/2025\/05\/OEM-Premium-Makeup-Bag-1-768x768.jpg",768,768,true],"large":["https:\/\/pecbag.com\/wp-content\/uploads\/2025\/05\/OEM-Premium-Makeup-Bag-1.jpg",800,800,false],"1536x1536":["https:\/\/pecbag.com\/wp-content\/uploads\/2025\/05\/OEM-Premium-Makeup-Bag-1.jpg",1000,1000,false],"2048x2048":["https:\/\/pecbag.com\/wp-content\/uploads\/2025\/05\/OEM-Premium-Makeup-Bag-1.jpg",1000,1000,false],"trp-custom-language-flag":["https:\/\/pecbag.com\/wp-content\/uploads\/2025\/05\/OEM-Premium-Makeup-Bag-1-12x12.jpg",12,12,true],"woocommerce_thumbnail":["https:\/\/pecbag.com\/wp-content\/uploads\/2025\/05\/OEM-Premium-Makeup-Bag-1-300x300.jpg",300,300,true],"woocommerce_single":["https:\/\/pecbag.com\/wp-content\/uploads\/2025\/05\/OEM-Premium-Makeup-Bag-1-600x600.jpg",600,600,true],"woocommerce_gallery_thumbnail":["https:\/\/pecbag.com\/wp-content\/uploads\/2025\/05\/OEM-Premium-Makeup-Bag-1-100x100.jpg",100,100,true]},"uagb_author_info":{"display_name":"Lawrence","author_link":"https:\/\/pecbag.com\/pl\/author\/"},"uagb_comment_info":0,"uagb_excerpt":"OEM Premium Makeup Bag We provide premium OEM Premium Makeup Bag with full-size and color customization, durable fabrics, and certified quality. Enjoy flexible MOQs, fast global shipping, and private label solutions. Contact us today!","_links":{"self":[{"href":"https:\/\/pecbag.com\/pl\/wp-json\/wp\/v2\/product\/3859","targetHints":{"allow":["GET"]}}],"collection":[{"href":"https:\/\/pecbag.com\/pl\/wp-json\/wp\/v2\/product"}],"about":[{"href":"https:\/\/pecbag.com\/pl\/wp-json\/wp\/v2\/types\/product"}],"wp:featuredmedia":[{"embeddable":true,"href":"https:\/\/pecbag.com\/pl\/wp-json\/wp\/v2\/media\/3863"}],"wp:attachment":[{"href":"https:\/\/pecbag.com\/pl\/wp-json\/wp\/v2\/media?parent=3859"}],"wp:term":[{"taxonomy":"product_brand","embeddable":true,"href":"https:\/\/pecbag.com\/pl\/wp-json\/wp\/v2\/product_brand?post=3859"},{"taxonomy":"product_cat","embeddable":true,"href":"https:\/\/pecbag.com\/pl\/wp-json\/wp\/v2\/product_cat?post=3859"},{"taxonomy":"product_tag","embeddable":true,"href":"https:\/\/pecbag.com\/pl\/wp-json\/wp\/v2\/product_tag?post=3859"}],"curies":[{"name":"wp","href":"https:\/\/api.w.org\/{rel}","templated":true}]}}