{"id":3866,"date":"2025-05-28T08:17:13","date_gmt":"2025-05-28T08:17:13","guid":{"rendered":"https:\/\/pecbag.com\/?post_type=product&#038;p=3866"},"modified":"2025-11-29T01:43:03","modified_gmt":"2025-11-29T01:43:03","slug":"heavy-duty-large-makeup-bag","status":"publish","type":"product","link":"https:\/\/pecbag.com\/pl\/heavy-duty-large-makeup-bag\/","title":{"rendered":"Wytrzyma\u0142a du\u017ca kosmetyczka"},"content":{"rendered":"<h5 title=\"Sk\u0142adana torba dla psa Oddychaj\u0105ca siatkowa torba na rami\u0119 dla ma\u0142ych ps\u00f3w i kot\u00f3w\" data-immersive-translate-walked=\"1c928421-2e42-4cd3-8754-5404553c0af5\" data-immersive-translate-paragraph=\"1\" data-spm-anchor-id=\"a2700.details.0.i35.4f6757d4w4zNZA\">Wytrzyma\u0142e du\u017ce torby do makija\u017cu | Wodoodporna fabryka toreb i producent plecak\u00f3w - Bulk Beauty Solutions<\/h5>\n<div class=\"flex flex-grow flex-col max-w-full\">\n<div class=\"min-h-[20px] text-message flex w-full flex-col items-end gap-2 whitespace-pre-wrap break-words [.text-message+&amp;]:mt-5 overflow-x-auto\" dir=\"auto\" data-message-author-role=\"assistant\" data-message-id=\"3d7d46f6-7ec2-4222-9257-48fa0bba23c6\" data-suggestions=\"true\">\n<div class=\"flex w-full flex-col gap-1 empty:hidden first:pt-[3px]\">\n<div class=\"markdown prose w-full break-words dark:prose-invert light\">\n<table width=\"288\">\n<tbody>\n<tr>\n<td width=\"137\"><span style=\"color: #333333;\">Nazwa produktu<\/span><\/td>\n<td width=\"151\"><span style=\"color: #333333;\">Torebka do makija\u017cu<\/span><\/td>\n<\/tr>\n<tr>\n<td><span style=\"color: #333333;\">Pozycja nr.<\/span><\/td>\n<td><span style=\"color: #333333;\">PB-2102<\/span><\/td>\n<\/tr>\n<tr>\n<td><span style=\"color: #333333;\">Materia\u0142<\/span><\/td>\n<td><span style=\"color: #333333;\">Bawe\u0142na, poliester, polar<\/span><\/td>\n<\/tr>\n<tr>\n<td><span style=\"color: #333333;\">\u00a0Rozmiar i kolor<\/span><\/td>\n<td><span style=\"color: #333333;\">Dostosowane<\/span><\/td>\n<\/tr>\n<tr>\n<td><span style=\"color: #333333;\">\u00a0Czas dostawy<\/span><\/td>\n<td><span style=\"color: #333333;\">1-5 dni dla ma\u0142ych ilo\u015bci drog\u0105 lotnicz\u0105 i 30-35 dni dla du\u017cych ilo\u015bci drog\u0105 morsk\u0105<\/span><\/td>\n<\/tr>\n<\/tbody>\n<\/table>\n<p>Jako wiod\u0105cy chi\u0144ski producent toreb do makija\u017cu i fabryka toreb wodoodpornych, projektujemy wytrzyma\u0142e du\u017ce torby do makija\u017cu dla \u015bwiatowych marek kosmetycznych. Nasza firma oferuje torby do makija\u017cu:<\/p>\n<p>\u2705 <strong>Wodoodporno\u015b\u0107 IPX6<\/strong> (800D poliester z recyklingu + bezszwowe spawanie)<br \/>\n\u2705 <strong>Pojemno\u015b\u0107 Jumbo<\/strong> z ponad 10 przegrodami (MOQ 200szt)<br \/>\n\u2705 <strong>Us\u0142ugi ODM\/OEM<\/strong> dla torebek do makija\u017cu marki w\u0142asnej<br \/>\n\u2705 <strong>Produkcja torebek do makija\u017cu luzem<\/strong> z 10-dniow\u0105 dostaw\u0105<\/p>\n<p>Zaufanie hurtownik\u00f3w i sprzedawc\u00f3w kosmetyk\u00f3w. Kluczowe cechy:<br \/>\n- Wega\u0144skie sk\u00f3rzane akcenty i metalowe zamki zapobiegaj\u0105ce matowieniu<br \/>\n- Od\u0142\u0105czane panele z lusterkiem i organizerem na szczoteczki<br \/>\n- Kieszenie na karty z blokad\u0105 RFID i podszewka z certyfikatem OEKO-Tex<\/p>\n<p><strong>Dlaczego warto wsp\u00f3\u0142pracowa\u0107 z nasz\u0105 fabryk\u0105 kosmetyczek?<\/strong>:<br \/>\nPonad 12 lat jako najlepsi eksporterzy torebek do makija\u017cu z Chin<br \/>\nBezp\u0142atny projekt 3D z estetyk\u0105 Twojej marki<br \/>\nZr\u00f3wnowa\u017cone materia\u0142y z certyfikatem SGS\/REACH<br \/>\nZni\u017cka 30% dla sprzedawc\u00f3w toreb do makija\u017cu na ponad 3000 sztuk<\/p>\n<p>Popro\u015b o bezp\u0142atne pr\u00f3bki naszej du\u017cej kosmetyczki lub uzyskaj natychmiastow\u0105 wycen\u0119. Dostawcy torebek do makija\u017cu ciesz\u0105 si\u0119:<br \/>\n- Niestandardowe MOQ od 200 sztuk<br \/>\n- Filmy z test\u00f3w wodoodporno\u015bci dla poszczeg\u00f3lnych partii<br \/>\n- Priorytetowy przydzia\u0142 \u0142adunk\u00f3w lotniczych\/morskich<\/p>\n<\/div>\n<\/div>\n<\/div>\n<\/div>","protected":false},"excerpt":{"rendered":"<h2 data-immersive-translate-walked=\"344be1c1-5052-41eb-8fcd-0dbe236a0d6b\" data-immersive-translate-paragraph=\"1\">Wytrzyma\u0142a du\u017ca kosmetyczka<\/h2>\n<p><span class=\"a-list-item\">1. Kosmetyczka o du\u017cej pojemno\u015bci - nasza kosmetyczka jest przestronna i wystarczaj\u0105co g\u0142\u0119boka, aby pomie\u015bci\u0107 butelki w pionie. Dzi\u0119ki dw\u00f3m wyjmowanym przegrodom, aby lepiej zorganizowa\u0107 wszystkie kosmetyki i rzeczy osobiste, mo\u017cesz r\u00f3wnie\u017c dostosowa\u0107 przestrze\u0144 do potrzeb!<\/span><\/p>\n<p><span class=\"a-list-item\">2. Oddzielne przegr\u00f3dki na p\u0119dzle do makija\u017cu - g\u00f3rna pokrywa organizera torby do makija\u017cu zawiera przegr\u00f3dk\u0119 na wiele p\u0119dzli do makija\u017cu o r\u00f3\u017cnych rozmiarach, dodatkow\u0105 os\u0142on\u0119 z PVC na rzep, kt\u00f3ra chroni organizacj\u0119 przed py\u0142em pudrowym i \u0142atwymi do czyszczenia plamami po makija\u017cu!<\/span><\/p>","protected":false},"featured_media":3874,"template":"","meta":{"_uag_custom_page_level_css":""},"product_brand":[],"product_cat":[53],"product_tag":[],"class_list":{"0":"post-3866","1":"product","2":"type-product","3":"status-publish","4":"has-post-thumbnail","6":"product_cat-makeup-bag","8":"first","9":"instock","10":"shipping-taxable","11":"product-type-simple"},"uagb_featured_image_src":{"full":["https:\/\/pecbag.com\/wp-content\/uploads\/2025\/05\/Heavy-Duty-Large-Makeup-Bag-4.jpeg",1024,1024,false],"thumbnail":["https:\/\/pecbag.com\/wp-content\/uploads\/2025\/05\/Heavy-Duty-Large-Makeup-Bag-4-150x150.jpeg",150,150,true],"medium":["https:\/\/pecbag.com\/wp-content\/uploads\/2025\/05\/Heavy-Duty-Large-Makeup-Bag-4-300x300.jpeg",300,300,true],"medium_large":["https:\/\/pecbag.com\/wp-content\/uploads\/2025\/05\/Heavy-Duty-Large-Makeup-Bag-4-768x768.jpeg",768,768,true],"large":["https:\/\/pecbag.com\/wp-content\/uploads\/2025\/05\/Heavy-Duty-Large-Makeup-Bag-4.jpeg",800,800,false],"1536x1536":["https:\/\/pecbag.com\/wp-content\/uploads\/2025\/05\/Heavy-Duty-Large-Makeup-Bag-4.jpeg",1024,1024,false],"2048x2048":["https:\/\/pecbag.com\/wp-content\/uploads\/2025\/05\/Heavy-Duty-Large-Makeup-Bag-4.jpeg",1024,1024,false],"trp-custom-language-flag":["https:\/\/pecbag.com\/wp-content\/uploads\/2025\/05\/Heavy-Duty-Large-Makeup-Bag-4-12x12.jpeg",12,12,true],"woocommerce_thumbnail":["https:\/\/pecbag.com\/wp-content\/uploads\/2025\/05\/Heavy-Duty-Large-Makeup-Bag-4-300x300.jpeg",300,300,true],"woocommerce_single":["https:\/\/pecbag.com\/wp-content\/uploads\/2025\/05\/Heavy-Duty-Large-Makeup-Bag-4-600x600.jpeg",600,600,true],"woocommerce_gallery_thumbnail":["https:\/\/pecbag.com\/wp-content\/uploads\/2025\/05\/Heavy-Duty-Large-Makeup-Bag-4-100x100.jpeg",100,100,true]},"uagb_author_info":{"display_name":"Lawrence","author_link":"https:\/\/pecbag.com\/pl\/author\/"},"uagb_comment_info":0,"uagb_excerpt":"Heavy-Duty Large Makeup Bag 1. Large Capacity Cosmetic Bag - Our makeup bag is spacious and deep enough to hold bottles vertically. With two removable dividers to better organize all your cosmetics and personal belongings, you can also adjust the space as needed! 2. Separate Makeup Brush Compartments - The makeup bag organizer top lid&hellip;","_links":{"self":[{"href":"https:\/\/pecbag.com\/pl\/wp-json\/wp\/v2\/product\/3866","targetHints":{"allow":["GET"]}}],"collection":[{"href":"https:\/\/pecbag.com\/pl\/wp-json\/wp\/v2\/product"}],"about":[{"href":"https:\/\/pecbag.com\/pl\/wp-json\/wp\/v2\/types\/product"}],"wp:featuredmedia":[{"embeddable":true,"href":"https:\/\/pecbag.com\/pl\/wp-json\/wp\/v2\/media\/3874"}],"wp:attachment":[{"href":"https:\/\/pecbag.com\/pl\/wp-json\/wp\/v2\/media?parent=3866"}],"wp:term":[{"taxonomy":"product_brand","embeddable":true,"href":"https:\/\/pecbag.com\/pl\/wp-json\/wp\/v2\/product_brand?post=3866"},{"taxonomy":"product_cat","embeddable":true,"href":"https:\/\/pecbag.com\/pl\/wp-json\/wp\/v2\/product_cat?post=3866"},{"taxonomy":"product_tag","embeddable":true,"href":"https:\/\/pecbag.com\/pl\/wp-json\/wp\/v2\/product_tag?post=3866"}],"curies":[{"name":"wp","href":"https:\/\/api.w.org\/{rel}","templated":true}]}}