{"id":3875,"date":"2025-05-28T08:26:55","date_gmt":"2025-05-28T08:26:55","guid":{"rendered":"https:\/\/pecbag.com\/?post_type=product&#038;p=3875"},"modified":"2025-11-29T01:30:49","modified_gmt":"2025-11-29T01:30:49","slug":"large-cosmetic-pouch-manufacturer","status":"publish","type":"product","link":"https:\/\/pecbag.com\/pl\/large-cosmetic-pouch-manufacturer\/","title":{"rendered":"Producent du\u017cych kosmetyczek"},"content":{"rendered":"<h5 title=\"Sk\u0142adana torba dla psa Oddychaj\u0105ca siatkowa torba na rami\u0119 dla ma\u0142ych ps\u00f3w i kot\u00f3w\" data-immersive-translate-walked=\"1c928421-2e42-4cd3-8754-5404553c0af5\" data-immersive-translate-paragraph=\"1\" data-spm-anchor-id=\"a2700.details.0.i35.4f6757d4w4zNZA\">Producent du\u017cych kosmetyczek | Fabryka wodoodpornych toreb i producent plecak\u00f3w - Bulk Beauty Solutions<\/h5>\n<div class=\"flex flex-grow flex-col max-w-full\">\n<div class=\"min-h-[20px] text-message flex w-full flex-col items-end gap-2 whitespace-pre-wrap break-words [.text-message+&amp;]:mt-5 overflow-x-auto\" dir=\"auto\" data-message-author-role=\"assistant\" data-message-id=\"3d7d46f6-7ec2-4222-9257-48fa0bba23c6\" data-suggestions=\"true\">\n<div class=\"flex w-full flex-col gap-1 empty:hidden first:pt-[3px]\">\n<div class=\"markdown prose w-full break-words dark:prose-invert light\">\n<table width=\"288\">\n<tbody>\n<tr>\n<td width=\"137\"><span style=\"color: #333333;\">Nazwa produktu<\/span><\/td>\n<td width=\"151\"><span style=\"color: #333333;\">Torebka do makija\u017cu<\/span><\/td>\n<\/tr>\n<tr>\n<td><span style=\"color: #333333;\">Pozycja nr.<\/span><\/td>\n<td><span style=\"color: #333333;\">PB-2103<\/span><\/td>\n<\/tr>\n<tr>\n<td><span style=\"color: #333333;\">Materia\u0142<\/span><\/td>\n<td><span style=\"color: #333333;\">Bawe\u0142na, poliester, polar<\/span><\/td>\n<\/tr>\n<tr>\n<td><span style=\"color: #333333;\">\u00a0Rozmiar i kolor<\/span><\/td>\n<td><span style=\"color: #333333;\">Dostosowane<\/span><\/td>\n<\/tr>\n<tr>\n<td><span style=\"color: #333333;\">\u00a0Czas dostawy<\/span><\/td>\n<td><span style=\"color: #333333;\">1-5 dni dla ma\u0142ych ilo\u015bci drog\u0105 lotnicz\u0105 i 30-35 dni dla du\u017cych ilo\u015bci drog\u0105 morsk\u0105<\/span><\/td>\n<\/tr>\n<\/tbody>\n<\/table>\n<p>Jako wiod\u0105cy chi\u0144ski producent kosmetyczek i fabryka wodoodpornych toreb, specjalizujemy si\u0119 w produkcji du\u017cych kosmetyczek dla \u015bwiatowych marek kosmetycznych. Nasza firma dostarcza torby do makija\u017cu:<\/p>\n<p>\u2705 <strong>Wodoodporne zamki b\u0142yskawiczne IPX5<\/strong> (sk\u00f3ra wega\u0144ska + poliester 600D z recyklingu)<br \/>\n\u2705 <strong>Ponadwymiarowe przegr\u00f3dki<\/strong> z otworami na szczotk\u0119\/lusterko (MOQ 200 szt.)<br \/>\n\u2705 <strong>Us\u0142ugi ODM\/OEM<\/strong> dla torebek do makija\u017cu marki w\u0142asnej<br \/>\n\u2705 <strong>Produkcja torebek do makija\u017cu luzem<\/strong> z 12-dniow\u0105 dostaw\u0105<\/p>\n<p>Zaufana przez hurtownie kosmetyczne i sprzedawc\u00f3w luksusowych kosmetyk\u00f3w. Kluczowe cechy:<br \/>\n- Kieszenie na karty z blokad\u0105 RFID i podszewka zapobiegaj\u0105ca matowieniu<br \/>\n- Odpinane paski na nadgarstki i opakowanie gotowe na prezent<br \/>\n- Materia\u0142y wolne od okrucie\u0144stwa z certyfikatem OEKO-Tex<\/p>\n<p><strong>Dlaczego warto wybra\u0107 nasz\u0105 fabryk\u0119 kosmetyczek?<\/strong>:<br \/>\nPonad 15 lat jako najlepsi eksporterzy torebek do makija\u017cu z Chin<br \/>\nBezp\u0142atny projekt 3D z palet\u0105 kolor\u00f3w Twojej marki<br \/>\nZr\u00f3wnowa\u017cona produkcja z certyfikatem SGS\/REACH<br \/>\nZni\u017cka 30% dla sprzedawc\u00f3w toreb do makija\u017cu na ponad 3000 sztuk<\/p>\n<p>Popro\u015b o bezp\u0142atne pr\u00f3bki naszych kosmetyczek lub otrzymaj natychmiastow\u0105 wycen\u0119. Dostawcy torebek do makija\u017cu ciesz\u0105 si\u0119:<br \/>\n- Niestandardowe MOQ od 200 sztuk<br \/>\n- Certyfikaty jako\u015bci dla poszczeg\u00f3lnych partii<br \/>\n- Priorytetowy przydzia\u0142 frachtu lotniczego\/morskiego<\/p>\n<\/div>\n<\/div>\n<\/div>\n<\/div>","protected":false},"excerpt":{"rendered":"<h2 data-immersive-translate-walked=\"344be1c1-5052-41eb-8fcd-0dbe236a0d6b\" data-immersive-translate-paragraph=\"1\">Producent du\u017cych kosmetyczek<\/h2>\n<p>Zapewniamy torby premium z pe\u0142n\u0105 personalizacj\u0105 rozmiaru i koloru, trwa\u0142ymi materia\u0142ami i certyfikowan\u0105 jako\u015bci\u0105.<\/p>\n<p>Korzystaj z elastycznych MOQ, szybkiej globalnej wysy\u0142ki i rozwi\u0105za\u0144 marek w\u0142asnych.<\/p>\n<p>Skontaktuj si\u0119 z nami ju\u017c dzi\u015b!<\/p>","protected":false},"featured_media":3880,"template":"","meta":{"_uag_custom_page_level_css":""},"product_brand":[],"product_cat":[53],"product_tag":[],"class_list":{"0":"post-3875","1":"product","2":"type-product","3":"status-publish","4":"has-post-thumbnail","6":"product_cat-makeup-bag","8":"first","9":"instock","10":"shipping-taxable","11":"product-type-simple"},"uagb_featured_image_src":{"full":["https:\/\/pecbag.com\/wp-content\/uploads\/2025\/05\/Large-Cosmetic-Pouch-Manufacturer-2.jpeg",600,600,false],"thumbnail":["https:\/\/pecbag.com\/wp-content\/uploads\/2025\/05\/Large-Cosmetic-Pouch-Manufacturer-2-150x150.jpeg",150,150,true],"medium":["https:\/\/pecbag.com\/wp-content\/uploads\/2025\/05\/Large-Cosmetic-Pouch-Manufacturer-2-300x300.jpeg",300,300,true],"medium_large":["https:\/\/pecbag.com\/wp-content\/uploads\/2025\/05\/Large-Cosmetic-Pouch-Manufacturer-2.jpeg",600,600,false],"large":["https:\/\/pecbag.com\/wp-content\/uploads\/2025\/05\/Large-Cosmetic-Pouch-Manufacturer-2.jpeg",600,600,false],"1536x1536":["https:\/\/pecbag.com\/wp-content\/uploads\/2025\/05\/Large-Cosmetic-Pouch-Manufacturer-2.jpeg",600,600,false],"2048x2048":["https:\/\/pecbag.com\/wp-content\/uploads\/2025\/05\/Large-Cosmetic-Pouch-Manufacturer-2.jpeg",600,600,false],"trp-custom-language-flag":["https:\/\/pecbag.com\/wp-content\/uploads\/2025\/05\/Large-Cosmetic-Pouch-Manufacturer-2-12x12.jpeg",12,12,true],"woocommerce_thumbnail":["https:\/\/pecbag.com\/wp-content\/uploads\/2025\/05\/Large-Cosmetic-Pouch-Manufacturer-2-300x300.jpeg",300,300,true],"woocommerce_single":["https:\/\/pecbag.com\/wp-content\/uploads\/2025\/05\/Large-Cosmetic-Pouch-Manufacturer-2.jpeg",600,600,false],"woocommerce_gallery_thumbnail":["https:\/\/pecbag.com\/wp-content\/uploads\/2025\/05\/Large-Cosmetic-Pouch-Manufacturer-2-100x100.jpeg",100,100,true]},"uagb_author_info":{"display_name":"Lawrence","author_link":"https:\/\/pecbag.com\/pl\/author\/"},"uagb_comment_info":0,"uagb_excerpt":"Large Cosmetic Pouch Manufacturer We provide premium bags with full-size and color customization, durable fabrics, and certified quality. Enjoy flexible MOQs, fast global shipping, and private label solutions. Contact us today!","_links":{"self":[{"href":"https:\/\/pecbag.com\/pl\/wp-json\/wp\/v2\/product\/3875","targetHints":{"allow":["GET"]}}],"collection":[{"href":"https:\/\/pecbag.com\/pl\/wp-json\/wp\/v2\/product"}],"about":[{"href":"https:\/\/pecbag.com\/pl\/wp-json\/wp\/v2\/types\/product"}],"wp:featuredmedia":[{"embeddable":true,"href":"https:\/\/pecbag.com\/pl\/wp-json\/wp\/v2\/media\/3880"}],"wp:attachment":[{"href":"https:\/\/pecbag.com\/pl\/wp-json\/wp\/v2\/media?parent=3875"}],"wp:term":[{"taxonomy":"product_brand","embeddable":true,"href":"https:\/\/pecbag.com\/pl\/wp-json\/wp\/v2\/product_brand?post=3875"},{"taxonomy":"product_cat","embeddable":true,"href":"https:\/\/pecbag.com\/pl\/wp-json\/wp\/v2\/product_cat?post=3875"},{"taxonomy":"product_tag","embeddable":true,"href":"https:\/\/pecbag.com\/pl\/wp-json\/wp\/v2\/product_tag?post=3875"}],"curies":[{"name":"wp","href":"https:\/\/api.w.org\/{rel}","templated":true}]}}