{"id":3889,"date":"2025-05-28T08:44:52","date_gmt":"2025-05-28T08:44:52","guid":{"rendered":"https:\/\/pecbag.com\/?post_type=product&#038;p=3889"},"modified":"2025-11-29T01:30:37","modified_gmt":"2025-11-29T01:30:37","slug":"multifunctional-storage-makeup-bag","status":"publish","type":"product","link":"https:\/\/pecbag.com\/pl\/multifunctional-storage-makeup-bag\/","title":{"rendered":"Wielofunkcyjna kosmetyczka do przechowywania"},"content":{"rendered":"<h5 title=\"Sk\u0142adana torba dla psa Oddychaj\u0105ca siatkowa torba na rami\u0119 dla ma\u0142ych ps\u00f3w i kot\u00f3w\" data-immersive-translate-walked=\"1c928421-2e42-4cd3-8754-5404553c0af5\" data-immersive-translate-paragraph=\"1\" data-spm-anchor-id=\"a2700.details.0.i35.4f6757d4w4zNZA\">Wielofunkcyjne torby do makija\u017cu | Wodoodporna fabryka toreb i producent plecak\u00f3w - Bulk Beauty Solutions<\/h5>\n<div class=\"flex flex-grow flex-col max-w-full\">\n<div class=\"min-h-[20px] text-message flex w-full flex-col items-end gap-2 whitespace-pre-wrap break-words [.text-message+&amp;]:mt-5 overflow-x-auto\" dir=\"auto\" data-message-author-role=\"assistant\" data-message-id=\"3d7d46f6-7ec2-4222-9257-48fa0bba23c6\" data-suggestions=\"true\">\n<div class=\"flex w-full flex-col gap-1 empty:hidden first:pt-[3px]\">\n<div class=\"markdown prose w-full break-words dark:prose-invert light\">\n<table width=\"288\">\n<tbody>\n<tr>\n<td width=\"137\"><span style=\"color: #333333;\">Nazwa produktu<\/span><\/td>\n<td width=\"151\"><span style=\"color: #333333;\">Torebka do makija\u017cu<\/span><\/td>\n<\/tr>\n<tr>\n<td><span style=\"color: #333333;\">Pozycja nr.<\/span><\/td>\n<td><span style=\"color: #333333;\">PB-2105<\/span><\/td>\n<\/tr>\n<tr>\n<td><span style=\"color: #333333;\">Materia\u0142<\/span><\/td>\n<td>Sk\u00f3ra PU<\/td>\n<\/tr>\n<tr>\n<td><span style=\"color: #333333;\">Rozmiar<\/span><\/td>\n<td>9,25*4,33*4,33 cala<\/td>\n<\/tr>\n<tr>\n<td><span style=\"color: #333333;\">\u00a0Czas dostawy<\/span><\/td>\n<td><span style=\"color: #333333;\">1-5 dni dla ma\u0142ych ilo\u015bci drog\u0105 lotnicz\u0105 i 30-35 dni dla du\u017cych ilo\u015bci drog\u0105 morsk\u0105<\/span><\/td>\n<\/tr>\n<\/tbody>\n<\/table>\n<p>Jako wiod\u0105cy chi\u0144ski producent toreb do makija\u017cu i fabryka toreb wodoodpornych, wprowadzamy innowacje w zakresie wielofunkcyjnych toreb do makija\u017cu dla \u015bwiatowych marek kosmetycznych. Nasza firma oferuje torby do makija\u017cu:<\/p>\n<p>\u2705 <strong>Wodoodporne przegr\u00f3dki IPX5<\/strong> (600D poliester z recyklingu + zgrzewane szwy)<br \/>\n\u2705 <strong>Konfigurowalne organizery<\/strong> z ponad 12 gniazdami (MOQ 200 szt.)<br \/>\n\u2705 <strong>Us\u0142ugi ODM\/OEM<\/strong> dla torebek do makija\u017cu marki w\u0142asnej<br \/>\n\u2705 <strong>Produkcja torebek do makija\u017cu luzem<\/strong> z 10-dniow\u0105 dostaw\u0105<\/p>\n<p>Zaufanie hurtownik\u00f3w i sprzedawc\u00f3w kosmetyk\u00f3w. Kluczowe cechy:<br \/>\n- Od\u0142\u0105czane uchwyty na szczoteczki i wbudowane lusterko LED<br \/>\n- Kieszenie na karty z blokad\u0105 RFID i antybakteryjna podszewka<br \/>\n- Akcenty ze sk\u00f3ry wega\u0144skiej z certyfikatem OEKO-Tex<\/p>\n<p><strong>Dlaczego warto wybra\u0107 nasz\u0105 fabryk\u0119 kosmetyczek?<\/strong>:<br \/>\nPonad 15 lat jako najlepsi eksporterzy torebek do makija\u017cu z Chin<br \/>\nBezp\u0142atny projekt 3D z identyfikacj\u0105 wizualn\u0105 marki<br \/>\nEkologiczne materia\u0142y z certyfikatem SGS\/REACH<br \/>\nZni\u017cka 30% dla sprzedawc\u00f3w toreb do makija\u017cu na ponad 3000 sztuk<\/p>\n<p>Popro\u015b o bezp\u0142atne pr\u00f3bki naszej kosmetyczki lub otrzymaj natychmiastow\u0105 wycen\u0119. Dostawcy kosmetyczek ciesz\u0105 si\u0119:<br \/>\n- Niestandardowe MOQ od 200 sztuk<br \/>\n- Raporty kontroli jako\u015bci dla poszczeg\u00f3lnych partii<br \/>\n- Priorytetowy przydzia\u0142 frachtu lotniczego\/morskiego<\/p>\n<\/div>\n<\/div>\n<\/div>\n<\/div>","protected":false},"excerpt":{"rendered":"<h2 data-immersive-translate-walked=\"344be1c1-5052-41eb-8fcd-0dbe236a0d6b\" data-immersive-translate-paragraph=\"1\">Wielofunkcyjna kosmetyczka do przechowywania<\/h2>\n<p><span class=\"a-list-item\">1. \u3010 MAKEUP BAG FABRIC\u3011- Kosmetyczka podr\u00f3\u017cna o du\u017cej pojemno\u015bci wykonana jest z wodoodpornej sk\u00f3ry PU chroni\u0105cej \u015brodowisko, wewn\u0105trz z poliestru 100%.<\/span><\/p>\n<p><span class=\"a-list-item\">2. \u3010SLIM &amp; PORTABLE DESIGN\u3011- Podr\u00f3\u017cny organizer do makija\u017cu z otwartymi ustami pod k\u0105tem 180 stopni to najwygodniejsza konstrukcja. Dwuwarstwowe szycie jest trwa\u0142e; podw\u00f3jny zamek b\u0142yskawiczny jest wygodniejszy i \u0142atwiejszy do otwarcia<\/span><\/p>\n<p><span class=\"a-list-item\">3. \u3010MULTI-FUNKCJONALNA\u3011- Mo\u017ce by\u0107 u\u017cywana nie tylko jako podr\u00f3\u017cna kosmetyczka, torba do makija\u017cu, ale tak\u017ce jako organizer podr\u00f3\u017cny na kosmetyki, narz\u0119dzia do makija\u017cu, \u0142adowark\u0119 i kable, podr\u00f3\u017cna kosmetyczka dla kobiet, odpowiednia do wszelkiego rodzaju codziennego lub podr\u00f3\u017cnego u\u017cytku i zapewni du\u017c\u0105 wygod\u0119 w \u017cyciu.<\/span><\/p>","protected":false},"featured_media":3894,"template":"","meta":{"_uag_custom_page_level_css":""},"product_brand":[],"product_cat":[53],"product_tag":[],"class_list":{"0":"post-3889","1":"product","2":"type-product","3":"status-publish","4":"has-post-thumbnail","6":"product_cat-makeup-bag","8":"first","9":"instock","10":"shipping-taxable","11":"product-type-simple"},"uagb_featured_image_src":{"full":["https:\/\/pecbag.com\/wp-content\/uploads\/2025\/05\/Multifunctional-Storage-Makeup-Bag-7.jpg",1600,1600,false],"thumbnail":["https:\/\/pecbag.com\/wp-content\/uploads\/2025\/05\/Multifunctional-Storage-Makeup-Bag-7-150x150.jpg",150,150,true],"medium":["https:\/\/pecbag.com\/wp-content\/uploads\/2025\/05\/Multifunctional-Storage-Makeup-Bag-7-300x300.jpg",300,300,true],"medium_large":["https:\/\/pecbag.com\/wp-content\/uploads\/2025\/05\/Multifunctional-Storage-Makeup-Bag-7-768x768.jpg",768,768,true],"large":["https:\/\/pecbag.com\/wp-content\/uploads\/2025\/05\/Multifunctional-Storage-Makeup-Bag-7-1024x1024.jpg",800,800,true],"1536x1536":["https:\/\/pecbag.com\/wp-content\/uploads\/2025\/05\/Multifunctional-Storage-Makeup-Bag-7-1536x1536.jpg",1536,1536,true],"2048x2048":["https:\/\/pecbag.com\/wp-content\/uploads\/2025\/05\/Multifunctional-Storage-Makeup-Bag-7.jpg",1600,1600,false],"trp-custom-language-flag":["https:\/\/pecbag.com\/wp-content\/uploads\/2025\/05\/Multifunctional-Storage-Makeup-Bag-7-12x12.jpg",12,12,true],"woocommerce_thumbnail":["https:\/\/pecbag.com\/wp-content\/uploads\/2025\/05\/Multifunctional-Storage-Makeup-Bag-7-300x300.jpg",300,300,true],"woocommerce_single":["https:\/\/pecbag.com\/wp-content\/uploads\/2025\/05\/Multifunctional-Storage-Makeup-Bag-7-600x600.jpg",600,600,true],"woocommerce_gallery_thumbnail":["https:\/\/pecbag.com\/wp-content\/uploads\/2025\/05\/Multifunctional-Storage-Makeup-Bag-7-100x100.jpg",100,100,true]},"uagb_author_info":{"display_name":"Lawrence","author_link":"https:\/\/pecbag.com\/pl\/author\/"},"uagb_comment_info":0,"uagb_excerpt":"Multifunctional Storage Makeup Bag 1. \u3010 MAKEUP BAG FABRIC\u3011- The large capacity travel cosmetic bag is made from environmentally protection water water-proof PU leather, 100% polyester inner 2. \u3010SLIM &amp; PORTABLE DESIGN\u3011- The travel makeup organizer of 180-degree flat open mouth is the most convenient design. Double-layer sewing is durable; Double zipper is more convenient&hellip;","_links":{"self":[{"href":"https:\/\/pecbag.com\/pl\/wp-json\/wp\/v2\/product\/3889","targetHints":{"allow":["GET"]}}],"collection":[{"href":"https:\/\/pecbag.com\/pl\/wp-json\/wp\/v2\/product"}],"about":[{"href":"https:\/\/pecbag.com\/pl\/wp-json\/wp\/v2\/types\/product"}],"wp:featuredmedia":[{"embeddable":true,"href":"https:\/\/pecbag.com\/pl\/wp-json\/wp\/v2\/media\/3894"}],"wp:attachment":[{"href":"https:\/\/pecbag.com\/pl\/wp-json\/wp\/v2\/media?parent=3889"}],"wp:term":[{"taxonomy":"product_brand","embeddable":true,"href":"https:\/\/pecbag.com\/pl\/wp-json\/wp\/v2\/product_brand?post=3889"},{"taxonomy":"product_cat","embeddable":true,"href":"https:\/\/pecbag.com\/pl\/wp-json\/wp\/v2\/product_cat?post=3889"},{"taxonomy":"product_tag","embeddable":true,"href":"https:\/\/pecbag.com\/pl\/wp-json\/wp\/v2\/product_tag?post=3889"}],"curies":[{"name":"wp","href":"https:\/\/api.w.org\/{rel}","templated":true}]}}