{"id":3898,"date":"2025-05-28T08:53:24","date_gmt":"2025-05-28T08:53:24","guid":{"rendered":"https:\/\/pecbag.com\/?post_type=product&#038;p=3898"},"modified":"2025-11-29T01:30:29","modified_gmt":"2025-11-29T01:30:29","slug":"heavy-duty-tool-bag-carrier","status":"publish","type":"product","link":"https:\/\/pecbag.com\/pl\/heavy-duty-tool-bag-carrier\/","title":{"rendered":"Wytrzyma\u0142e torby narz\u0119dziowe | Przemys\u0142owe rozwi\u0105zania producent\u00f3w OEM"},"content":{"rendered":"<h5 title=\"Sk\u0142adana torba dla psa Oddychaj\u0105ca siatkowa torba na rami\u0119 dla ma\u0142ych ps\u00f3w i kot\u00f3w\" data-immersive-translate-walked=\"1c928421-2e42-4cd3-8754-5404553c0af5\" data-immersive-translate-paragraph=\"1\" data-spm-anchor-id=\"a2700.details.0.i35.4f6757d4w4zNZA\">Wytrzyma\u0142e torby na narz\u0119dzia | Producent wodoodpornych toreb i plecak\u00f3w - Bulk Industrial Solutions<\/h5>\n<div class=\"flex flex-grow flex-col max-w-full\">\n<div class=\"min-h-[20px] text-message flex w-full flex-col items-end gap-2 whitespace-pre-wrap break-words [.text-message+&amp;]:mt-5 overflow-x-auto\" dir=\"auto\" data-message-author-role=\"assistant\" data-message-id=\"3d7d46f6-7ec2-4222-9257-48fa0bba23c6\" data-suggestions=\"true\">\n<div class=\"flex w-full flex-col gap-1 empty:hidden first:pt-[3px]\">\n<div class=\"markdown prose w-full break-words dark:prose-invert light\">\n<table width=\"288\">\n<tbody>\n<tr>\n<td width=\"137\"><span style=\"color: #333333;\">Nazwa produktu<\/span><\/td>\n<td width=\"151\">Torba na narz\u0119dzia<\/td>\n<\/tr>\n<tr>\n<td><span style=\"color: #333333;\">Pozycja nr.<\/span><\/td>\n<td><span style=\"color: #333333;\">PB-2106<\/span><\/td>\n<\/tr>\n<tr>\n<td><span style=\"color: #333333;\">Materia\u0142<\/span><\/td>\n<td>100% poliester z recyklingu<\/td>\n<\/tr>\n<tr>\n<td><span style=\"color: #333333;\">\u00a0Rozmiar i kolor<\/span><\/td>\n<td>Dostosowane<\/td>\n<\/tr>\n<tr>\n<td><span style=\"color: #333333;\">\u00a0Czas dostawy<\/span><\/td>\n<td><span style=\"color: #333333;\">1-5 dni dla ma\u0142ych ilo\u015bci drog\u0105 lotnicz\u0105 i 30-35 dni dla du\u017cych ilo\u015bci drog\u0105 morsk\u0105<\/span><\/td>\n<\/tr>\n<\/tbody>\n<\/table>\n<p>Jako wiod\u0105cy chi\u0144ski producent toreb narz\u0119dziowych i fabryka toreb wodoodpornych, projektujemy wytrzyma\u0142e torby narz\u0119dziowe dla globalnych marek przemys\u0142owych. Nasza firma produkuj\u0105ca torby narz\u0119dziowe zapewnia:<\/p>\n<p>\u2705 <strong>Wodoodporno\u015b\u0107 IPX6<\/strong> (1000D poliester powlekany PVC + zgrzewane szwy)<br \/>\n\u2705 <strong>Ud\u017awig 50 kg<\/strong> z ta\u015bm\u0105 MOLLE\/PALS (MOQ 200 szt.)<br \/>\n\u2705 <strong>Us\u0142ugi ODM\/OEM<\/strong> dla toreb narz\u0119dziowych marki w\u0142asnej<br \/>\n\u2705 <strong>Produkcja work\u00f3w narz\u0119dziowych luzem<\/strong> z 10-dniow\u0105 dostaw\u0105<\/p>\n<p>Zaufanie hurtownik\u00f3w toreb narz\u0119dziowych i dostawc\u00f3w MRO. Kluczowe cechy:<br \/>\n- Wzmocnione stalowe D-ringi i antypo\u015blizgowe naramienniki<br \/>\n- P\u0119tle narz\u0119dziowe szybkiego dost\u0119pu i modu\u0142owy system paneli<br \/>\n- Etykiety RFID i materia\u0142y z certyfikatem OEKO-Tex<\/p>\n<p><strong>Dlaczego warto wsp\u00f3\u0142pracowa\u0107 z nasz\u0105 fabryk\u0105 toreb narz\u0119dziowych<\/strong>:<br \/>\n18+ lat jako najlepsi eksporterzy toreb narz\u0119dziowych z Chin<br \/>\nDarmowy projekt 3D z Twoim brandingiem przemys\u0142owym<br \/>\nWytrzyma\u0142e materia\u0142y z certyfikatem SGS\/REACH<br \/>\nZni\u017cka 30% dla sprzedawc\u00f3w toreb narz\u0119dziowych na ponad 3000 sztuk<\/p>\n<p>Zam\u00f3w bezp\u0142atne pr\u00f3bki naszych no\u015bnik\u00f3w narz\u0119dzi lub uzyskaj natychmiastow\u0105 wycen\u0119. Dostawcy toreb narz\u0119dziowych ciesz\u0105 si\u0119:<br \/>\n- Niestandardowe MOQ od 200 sztuk<br \/>\n- Raporty z test\u00f3w \u015bcieralno\u015bci dla poszczeg\u00f3lnych partii<br \/>\n- Priorytetowy przydzia\u0142 \u0142adunk\u00f3w lotniczych\/morskich<\/p>\n<\/div>\n<\/div>\n<\/div>\n<\/div>","protected":false},"excerpt":{"rendered":"<h2 data-immersive-translate-walked=\"344be1c1-5052-41eb-8fcd-0dbe236a0d6b\" data-immersive-translate-paragraph=\"1\">Wytrzyma\u0142a torba na narz\u0119dzia<\/h2>\n<p>Uzupe\u0142nij sw\u00f3j zestaw narz\u0119dzi o 15-calow\u0105 torb\u0119 narz\u0119dziow\u0105 z kieszeni\u0105.<\/p>\n<p>Wykonana z poliestru pochodz\u0105cego z recyklingu 100%, ta czarna torba z teksturowanym wyko\u0144czeniem posiada zapinan\u0105 na zamek komor\u0119 g\u0142\u00f3wn\u0105 i 35 kieszeni, oferuj\u0105c mn\u00f3stwo miejsca i organizacji na wszystkie narz\u0119dzia i akcesoria.<\/p>\n<p>Regulowany pasek na rami\u0119 i podw\u00f3jne g\u00f3rne uchwyty zapewniaj\u0105 wszechstronne opcje przenoszenia, u\u0142atwiaj\u0105c transport narz\u0119dzi na miejscu lub w podr\u00f3\u017cy.<\/p>","protected":false},"featured_media":3899,"template":"","meta":{"_uag_custom_page_level_css":""},"product_brand":[],"product_cat":[49],"product_tag":[],"class_list":{"0":"post-3898","1":"product","2":"type-product","3":"status-publish","4":"has-post-thumbnail","6":"product_cat-tool-bag","8":"first","9":"instock","10":"shipping-taxable","11":"product-type-simple"},"uagb_featured_image_src":{"full":["https:\/\/pecbag.com\/wp-content\/uploads\/2025\/05\/Heavy-Duty-Tool-Bag-Carrier-3.jpeg",800,800,false],"thumbnail":["https:\/\/pecbag.com\/wp-content\/uploads\/2025\/05\/Heavy-Duty-Tool-Bag-Carrier-3-150x150.jpeg",150,150,true],"medium":["https:\/\/pecbag.com\/wp-content\/uploads\/2025\/05\/Heavy-Duty-Tool-Bag-Carrier-3-300x300.jpeg",300,300,true],"medium_large":["https:\/\/pecbag.com\/wp-content\/uploads\/2025\/05\/Heavy-Duty-Tool-Bag-Carrier-3-768x768.jpeg",768,768,true],"large":["https:\/\/pecbag.com\/wp-content\/uploads\/2025\/05\/Heavy-Duty-Tool-Bag-Carrier-3.jpeg",800,800,false],"1536x1536":["https:\/\/pecbag.com\/wp-content\/uploads\/2025\/05\/Heavy-Duty-Tool-Bag-Carrier-3.jpeg",800,800,false],"2048x2048":["https:\/\/pecbag.com\/wp-content\/uploads\/2025\/05\/Heavy-Duty-Tool-Bag-Carrier-3.jpeg",800,800,false],"trp-custom-language-flag":["https:\/\/pecbag.com\/wp-content\/uploads\/2025\/05\/Heavy-Duty-Tool-Bag-Carrier-3-12x12.jpeg",12,12,true],"woocommerce_thumbnail":["https:\/\/pecbag.com\/wp-content\/uploads\/2025\/05\/Heavy-Duty-Tool-Bag-Carrier-3-300x300.jpeg",300,300,true],"woocommerce_single":["https:\/\/pecbag.com\/wp-content\/uploads\/2025\/05\/Heavy-Duty-Tool-Bag-Carrier-3-600x600.jpeg",600,600,true],"woocommerce_gallery_thumbnail":["https:\/\/pecbag.com\/wp-content\/uploads\/2025\/05\/Heavy-Duty-Tool-Bag-Carrier-3-100x100.jpeg",100,100,true]},"uagb_author_info":{"display_name":"Lawrence","author_link":"https:\/\/pecbag.com\/pl\/author\/"},"uagb_comment_info":0,"uagb_excerpt":"Heavy-Duty Tool Bag Carrier Level up your toolkit with this 15-Inch Pocket Heavy-Duty Tool Bag. Made from 100% recycled polyester, this black bag with a textured finish boasts a zippered main compartment and 35 pockets, offering plenty of space and organization for all your tools and accessories. The adjustable shoulder strap and double top handles&hellip;","_links":{"self":[{"href":"https:\/\/pecbag.com\/pl\/wp-json\/wp\/v2\/product\/3898","targetHints":{"allow":["GET"]}}],"collection":[{"href":"https:\/\/pecbag.com\/pl\/wp-json\/wp\/v2\/product"}],"about":[{"href":"https:\/\/pecbag.com\/pl\/wp-json\/wp\/v2\/types\/product"}],"wp:featuredmedia":[{"embeddable":true,"href":"https:\/\/pecbag.com\/pl\/wp-json\/wp\/v2\/media\/3899"}],"wp:attachment":[{"href":"https:\/\/pecbag.com\/pl\/wp-json\/wp\/v2\/media?parent=3898"}],"wp:term":[{"taxonomy":"product_brand","embeddable":true,"href":"https:\/\/pecbag.com\/pl\/wp-json\/wp\/v2\/product_brand?post=3898"},{"taxonomy":"product_cat","embeddable":true,"href":"https:\/\/pecbag.com\/pl\/wp-json\/wp\/v2\/product_cat?post=3898"},{"taxonomy":"product_tag","embeddable":true,"href":"https:\/\/pecbag.com\/pl\/wp-json\/wp\/v2\/product_tag?post=3898"}],"curies":[{"name":"wp","href":"https:\/\/api.w.org\/{rel}","templated":true}]}}