{"id":3902,"date":"2025-05-28T09:19:49","date_gmt":"2025-05-28T09:19:49","guid":{"rendered":"https:\/\/pecbag.com\/?post_type=product&#038;p=3902"},"modified":"2025-11-29T01:30:22","modified_gmt":"2025-11-29T01:30:22","slug":"professional-waterproof-tool-bag-backpack","status":"publish","type":"product","link":"https:\/\/pecbag.com\/pl\/professional-waterproof-tool-bag-backpack\/","title":{"rendered":"Profesjonalny wodoodporny plecak na narz\u0119dzia"},"content":{"rendered":"<h5 title=\"Sk\u0142adana torba dla psa Oddychaj\u0105ca siatkowa torba na rami\u0119 dla ma\u0142ych ps\u00f3w i kot\u00f3w\" data-immersive-translate-walked=\"1c928421-2e42-4cd3-8754-5404553c0af5\" data-immersive-translate-paragraph=\"1\" data-spm-anchor-id=\"a2700.details.0.i35.4f6757d4w4zNZA\">Profesjonalne wodoodporne plecaki na narz\u0119dzia | Fabryka wodoodpornych toreb i producent plecak\u00f3w - Bulk Industrial Solutions<\/h5>\n<div class=\"flex flex-grow flex-col max-w-full\">\n<div class=\"min-h-[20px] text-message flex w-full flex-col items-end gap-2 whitespace-pre-wrap break-words [.text-message+&amp;]:mt-5 overflow-x-auto\" dir=\"auto\" data-message-author-role=\"assistant\" data-message-id=\"3d7d46f6-7ec2-4222-9257-48fa0bba23c6\" data-suggestions=\"true\">\n<div class=\"flex w-full flex-col gap-1 empty:hidden first:pt-[3px]\">\n<div class=\"markdown prose w-full break-words dark:prose-invert light\">\n<table width=\"288\">\n<tbody>\n<tr>\n<td width=\"137\"><span style=\"color: #333333;\">Nazwa produktu<\/span><\/td>\n<td width=\"151\">Torba na narz\u0119dzia<\/td>\n<\/tr>\n<tr>\n<td><span style=\"color: #333333;\">Pozycja nr.<\/span><\/td>\n<td><span style=\"color: #333333;\">PB-2106<\/span><\/td>\n<\/tr>\n<tr>\n<td><span style=\"color: #333333;\">Materia\u0142<\/span><\/td>\n<td>Nylon + tkanina balistyczna 1680D<\/td>\n<\/tr>\n<tr>\n<td><span style=\"color: #333333;\">\u00a0Rozmiar i kolor<\/span><\/td>\n<td>Dostosowane<\/td>\n<\/tr>\n<tr>\n<td><span style=\"color: #333333;\">\u00a0Czas dostawy<\/span><\/td>\n<td><span style=\"color: #333333;\">1-5 dni dla ma\u0142ych ilo\u015bci drog\u0105 lotnicz\u0105 i 30-35 dni dla du\u017cych ilo\u015bci drog\u0105 morsk\u0105<\/span><\/td>\n<\/tr>\n<\/tbody>\n<\/table>\n<p>Jako wiod\u0105cy chi\u0144ski producent toreb na narz\u0119dzia i fabryka toreb wodoodpornych, projektujemy profesjonalne wodoodporne plecaki na narz\u0119dzia dla \u015bwiatowych marek przemys\u0142owych. Nasza firma oferuje torby na narz\u0119dzia:<\/p>\n<p>\u2705 <strong>Wodoodporno\u015b\u0107 IPX7<\/strong> (1000D nylon powlekany TPU + bezszwowe spawanie)<br \/>\n\u2705 <strong>Pojemno\u015b\u0107 40 l z mo\u017cliwo\u015bci\u0105 rozszerzenia<\/strong> z ta\u015bm\u0105 MOLLE\/PALS (MOQ 200 szt.)<br \/>\n\u2705 <strong>Us\u0142ugi ODM\/OEM<\/strong> dla toreb narz\u0119dziowych marki w\u0142asnej<br \/>\n\u2705 <strong>Produkcja work\u00f3w narz\u0119dziowych luzem<\/strong> z 10-dniow\u0105 szybk\u0105 dostaw\u0105<\/p>\n<p>Zaufanie hurtownik\u00f3w toreb narz\u0119dziowych i dostawc\u00f3w MRO. Kluczowe cechy:<br \/>\n- Wzmocnione zamki YKK i antypo\u015blizgowe paski na ramiona<br \/>\n- Odpinane panele narz\u0119dziowe i kieszenie blokuj\u0105ce RFID<br \/>\n- Antybakteryjna podszewka z certyfikatem OEKO-Tex<\/p>\n<p><strong>Dlaczego warto wsp\u00f3\u0142pracowa\u0107 z nasz\u0105 fabryk\u0105 toreb narz\u0119dziowych<\/strong>:<br \/>\nPonad 15 lat jako najlepsi eksporterzy toreb narz\u0119dziowych z Chin<br \/>\nDarmowy projekt 3D z Twoim brandingiem przemys\u0142owym<br \/>\nWytrzyma\u0142e materia\u0142y z certyfikatem SGS\/REACH<br \/>\nZni\u017cka 30% dla sprzedawc\u00f3w toreb narz\u0119dziowych na ponad 3000 sztuk<\/p>\n<p>Popro\u015b o bezp\u0142atne pr\u00f3bki naszego wodoodpornego plecaka na narz\u0119dzia lub uzyskaj natychmiastow\u0105 wycen\u0119. Dostawcy toreb narz\u0119dziowych ciesz\u0105 si\u0119:<br \/>\n- Niestandardowe MOQ od 200 sztuk<br \/>\n- Filmy z test\u00f3w wodoodporno\u015bci dla poszczeg\u00f3lnych partii<br \/>\n- Priorytetowy przydzia\u0142 \u0142adunk\u00f3w lotniczych\/morskich<\/p>\n<\/div>\n<\/div>\n<\/div>\n<\/div>","protected":false},"excerpt":{"rendered":"<h2 data-immersive-translate-walked=\"344be1c1-5052-41eb-8fcd-0dbe236a0d6b\" data-immersive-translate-paragraph=\"1\">Profesjonalny wodoodporny plecak na narz\u0119dzia<\/h2>\n<ul class=\"a-unordered-list a-vertical a-spacing-mini\">\n<li class=\"a-spacing-mini\"><span class=\"a-list-item\">Pe\u0142ne otwarcie: Plecak na narz\u0119dzia jest w pe\u0142ni otwierany za pomoc\u0105 wytrzyma\u0142ego nylonowego zamka b\u0142yskawicznego #10. Wewn\u0119trzne 22 kieszenie i 20 elastycznych otwor\u00f3w na narz\u0119dzia plecaka s\u0105 \u0142atwo dost\u0119pne i bezpieczne.<\/span><\/li>\n<li class=\"a-spacing-mini\"><span class=\"a-list-item\">44 kieszenie: Te plecaki na narz\u0119dzia maj\u0105 3 komory, 44 kieszenie i 12 p\u0119tli, kt\u00f3re pomagaj\u0105 utrzyma\u0107 porz\u0105dek. Plecak narz\u0119dziowy dla elektryk\u00f3w jest pojemny, aby pomie\u015bci\u0107 wszystkie narz\u0119dzia codziennego u\u017cytku.<\/span><\/li>\n<\/ul>","protected":false},"featured_media":3903,"template":"","meta":{"_uag_custom_page_level_css":""},"product_brand":[],"product_cat":[49,60],"product_tag":[],"class_list":{"0":"post-3902","1":"product","2":"type-product","3":"status-publish","4":"has-post-thumbnail","6":"product_cat-tool-bag","7":"product_cat-backpack","9":"first","10":"instock","11":"shipping-taxable","12":"product-type-simple"},"uagb_featured_image_src":{"full":["https:\/\/pecbag.com\/wp-content\/uploads\/2025\/05\/Professional-Waterproof-Tool-Bag-Backpack-4.jpg",2122,2560,false],"thumbnail":["https:\/\/pecbag.com\/wp-content\/uploads\/2025\/05\/Professional-Waterproof-Tool-Bag-Backpack-4-150x150.jpg",150,150,true],"medium":["https:\/\/pecbag.com\/wp-content\/uploads\/2025\/05\/Professional-Waterproof-Tool-Bag-Backpack-4-249x300.jpg",249,300,true],"medium_large":["https:\/\/pecbag.com\/wp-content\/uploads\/2025\/05\/Professional-Waterproof-Tool-Bag-Backpack-4-768x927.jpg",768,927,true],"large":["https:\/\/pecbag.com\/wp-content\/uploads\/2025\/05\/Professional-Waterproof-Tool-Bag-Backpack-4-849x1024.jpg",800,965,true],"1536x1536":["https:\/\/pecbag.com\/wp-content\/uploads\/2025\/05\/Professional-Waterproof-Tool-Bag-Backpack-4-1273x1536.jpg",1273,1536,true],"2048x2048":["https:\/\/pecbag.com\/wp-content\/uploads\/2025\/05\/Professional-Waterproof-Tool-Bag-Backpack-4-1698x2048.jpg",1698,2048,true],"trp-custom-language-flag":["https:\/\/pecbag.com\/wp-content\/uploads\/2025\/05\/Professional-Waterproof-Tool-Bag-Backpack-4-10x12.jpg",10,12,true],"woocommerce_thumbnail":["https:\/\/pecbag.com\/wp-content\/uploads\/2025\/05\/Professional-Waterproof-Tool-Bag-Backpack-4-300x300.jpg",300,300,true],"woocommerce_single":["https:\/\/pecbag.com\/wp-content\/uploads\/2025\/05\/Professional-Waterproof-Tool-Bag-Backpack-4-600x724.jpg",600,724,true],"woocommerce_gallery_thumbnail":["https:\/\/pecbag.com\/wp-content\/uploads\/2025\/05\/Professional-Waterproof-Tool-Bag-Backpack-4-100x100.jpg",100,100,true]},"uagb_author_info":{"display_name":"Lawrence","author_link":"https:\/\/pecbag.com\/pl\/author\/"},"uagb_comment_info":0,"uagb_excerpt":"Professional Waterproof Tool Bag Backpack Full-Open: The backpack for tools is full-open by a heavy-duty #10 lockable Nylon zipper. And the internal 22 pockets and 20 Elastic slots of the backpack tools are easy to access and secure. 44-Pockets: These backpacks for tools construct 3Compartments, 44Pockets &amp; 12Molle Loops to help stay organized. The electrician's&hellip;","_links":{"self":[{"href":"https:\/\/pecbag.com\/pl\/wp-json\/wp\/v2\/product\/3902","targetHints":{"allow":["GET"]}}],"collection":[{"href":"https:\/\/pecbag.com\/pl\/wp-json\/wp\/v2\/product"}],"about":[{"href":"https:\/\/pecbag.com\/pl\/wp-json\/wp\/v2\/types\/product"}],"wp:featuredmedia":[{"embeddable":true,"href":"https:\/\/pecbag.com\/pl\/wp-json\/wp\/v2\/media\/3903"}],"wp:attachment":[{"href":"https:\/\/pecbag.com\/pl\/wp-json\/wp\/v2\/media?parent=3902"}],"wp:term":[{"taxonomy":"product_brand","embeddable":true,"href":"https:\/\/pecbag.com\/pl\/wp-json\/wp\/v2\/product_brand?post=3902"},{"taxonomy":"product_cat","embeddable":true,"href":"https:\/\/pecbag.com\/pl\/wp-json\/wp\/v2\/product_cat?post=3902"},{"taxonomy":"product_tag","embeddable":true,"href":"https:\/\/pecbag.com\/pl\/wp-json\/wp\/v2\/product_tag?post=3902"}],"curies":[{"name":"wp","href":"https:\/\/api.w.org\/{rel}","templated":true}]}}