{"id":3920,"date":"2025-05-28T09:51:14","date_gmt":"2025-05-28T09:51:14","guid":{"rendered":"https:\/\/pecbag.com\/?post_type=product&#038;p=3920"},"modified":"2025-11-29T01:28:44","modified_gmt":"2025-11-29T01:28:44","slug":"single-board-short-surfboard-bag","status":"publish","type":"product","link":"https:\/\/pecbag.com\/pl\/single-board-short-surfboard-bag\/","title":{"rendered":"Torba na desk\u0119 surfingow\u0105 Single Board Short"},"content":{"rendered":"<h5 title=\"Sk\u0142adana torba dla psa Oddychaj\u0105ca siatkowa torba na rami\u0119 dla ma\u0142ych ps\u00f3w i kot\u00f3w\" data-immersive-translate-walked=\"1c928421-2e42-4cd3-8754-5404553c0af5\" data-immersive-translate-paragraph=\"1\" data-spm-anchor-id=\"a2700.details.0.i35.4f6757d4w4zNZA\">Kr\u00f3tkie torby na desk\u0119 surfingow\u0105 | Fabryka wodoodpornych toreb i producent plecak\u00f3w - Bulk Surf Solutions<\/h5>\n<div class=\"flex flex-grow flex-col max-w-full\">\n<div class=\"min-h-[20px] text-message flex w-full flex-col items-end gap-2 whitespace-pre-wrap break-words [.text-message+&amp;]:mt-5 overflow-x-auto\" dir=\"auto\" data-message-author-role=\"assistant\" data-message-id=\"3d7d46f6-7ec2-4222-9257-48fa0bba23c6\" data-suggestions=\"true\">\n<div class=\"flex w-full flex-col gap-1 empty:hidden first:pt-[3px]\">\n<div class=\"markdown prose w-full break-words dark:prose-invert light\">\n<table width=\"288\">\n<tbody>\n<tr>\n<td width=\"137\"><span style=\"color: #333333;\">Nazwa produktu<\/span><\/td>\n<td width=\"151\">Torba na desk\u0119 surfingow\u0105<\/td>\n<\/tr>\n<tr>\n<td><span style=\"color: #333333;\">Pozycja nr.<\/span><\/td>\n<td><span style=\"color: #333333;\">PB-2109<\/span><\/td>\n<\/tr>\n<tr>\n<td><span style=\"color: #333333;\">Materia\u0142<\/span><\/td>\n<td>600 Denier Poly<\/td>\n<\/tr>\n<tr>\n<td><span style=\"color: #333333;\">Rozmiar<\/span><\/td>\n<td>Dostosowane<\/td>\n<\/tr>\n<tr>\n<td><span style=\"color: #333333;\">\u00a0Czas dostawy<\/span><\/td>\n<td><span style=\"color: #333333;\">1-5 dni dla ma\u0142ych ilo\u015bci drog\u0105 lotnicz\u0105 i 30-35 dni dla du\u017cych ilo\u015bci drog\u0105 morsk\u0105<\/span><\/td>\n<\/tr>\n<\/tbody>\n<\/table>\n<p>Jako wiod\u0105cy chi\u0144ski producent toreb na deski surfingowe i wodoodporna fabryka toreb, tworzymy kr\u00f3tkie torby na deski surfingowe dla globalnych marek surfingowych. Nasza firma produkuj\u0105ca torby na deski surfingowe zapewnia:<\/p>\n<p>\u2705 <strong>Wodoodporno\u015b\u0107 IPX5<\/strong> (nylon 420D + zgrzewane szwy)<br \/>\n\u2705 <strong>Pojemno\u015b\u0107 shortboardu do 6<\/strong> z wy\u015bcie\u0142anymi os\u0142onami szyn (MOQ 200 szt.)<br \/>\n\u2705 <strong>Us\u0142ugi ODM\/OEM<\/strong> dla toreb na deski surfingowe pod w\u0142asn\u0105 mark\u0105<br \/>\n\u2705 <strong>Produkcja work\u00f3w na deski surfingowe luzem<\/strong> z 10-dniow\u0105 dostaw\u0105<\/p>\n<p>Zaufany przez hurtownie toreb na deski surfingowe i nadmorskie kurorty. Kluczowe cechy:<br \/>\n- Szybkoschn\u0105ce panele siatkowe i otwory na p\u0142etwy FCS<br \/>\n- Regulowane paski na rami\u0119 i zamki zatwierdzone przez TSA<br \/>\n- Ekologiczne materia\u0142y z certyfikatem OEKO-Tex<\/p>\n<p><strong>Dlaczego warto wsp\u00f3\u0142pracowa\u0107 z nasz\u0105 fabryk\u0105 toreb na deski surfingowe?<\/strong>:<br \/>\nPonad 12 lat jako najlepsi eksporterzy toreb na deski surfingowe z Chin<br \/>\nBezp\u0142atny projekt 3D z logo marki surfingowej<br \/>\nTkaniny odporne na \u015bcieranie z certyfikatem SGS\/REACH<br \/>\nZni\u017cka 30% dla sprzedawc\u00f3w toreb na deski surfingowe na ponad 3000 sztuk<\/p>\n<p>Zam\u00f3w bezp\u0142atne pr\u00f3bki naszych kr\u00f3tkich toreb na deski surfingowe lub uzyskaj natychmiastow\u0105 wycen\u0119. Dostawcy toreb na deski surfingowe:<br \/>\n- Niestandardowe MOQ od 200 sztuk<br \/>\n- Raporty z test\u00f3w s\u0142onej wody dla poszczeg\u00f3lnych partii<br \/>\n- Priorytetowy przydzia\u0142 frachtu lotniczego\/morskiego<\/p>\n<\/div>\n<\/div>\n<\/div>\n<\/div>","protected":false},"excerpt":{"rendered":"<h2 data-immersive-translate-walked=\"344be1c1-5052-41eb-8fcd-0dbe236a0d6b\" data-immersive-translate-paragraph=\"1\">Torba na desk\u0119 surfingow\u0105 Single Board Short<\/h2>\n<ul class=\"css-1isgwd\" role=\"list\" data-id=\"detailsAccordion\">\n<li class=\"css-e3648i\">Torba na desk\u0119 o regulowanej d\u0142ugo\u015bci dla desek od 5'3\" do 6'4\"<\/li>\n<li class=\"css-e3648i\">Zbudowany z tkaniny poliestrowej z recyklingu dla niezr\u00f3wnanej trwa\u0142o\u015bci<\/li>\n<li class=\"css-e3648i\">Wzmocniona wy\u015bci\u00f3\u0142ka w ca\u0142ej torbie zapewnia optymaln\u0105 ochron\u0119<\/li>\n<li class=\"css-e3648i\">Zewn\u0119trzna inteligentna kiesze\u0144 z \u0142atwo\u015bci\u0105 pomie\u015bci p\u0142etwy, smycze, wosk i inne niezb\u0119dne rzeczy.<\/li>\n<li class=\"css-e3648i\">\u0141atwe przechowywanie mi\u0119dzy u\u017cyciami dzi\u0119ki \u015bci\u015bliwym, strategicznie rozmieszczonym panelom<\/li>\n<\/ul>","protected":false},"featured_media":3922,"template":"","meta":{"_uag_custom_page_level_css":""},"product_brand":[],"product_cat":[47,67,66],"product_tag":[],"class_list":{"0":"post-3920","1":"product","2":"type-product","3":"status-publish","4":"has-post-thumbnail","6":"product_cat-surfboard-bag","7":"product_cat-sports-bag","8":"product_cat-waterproof-bag","10":"first","11":"instock","12":"shipping-taxable","13":"product-type-simple"},"uagb_featured_image_src":{"full":["https:\/\/pecbag.com\/wp-content\/uploads\/2025\/05\/Single-Board-Short-Surfboard-Bag-1.jpg",1200,1200,false],"thumbnail":["https:\/\/pecbag.com\/wp-content\/uploads\/2025\/05\/Single-Board-Short-Surfboard-Bag-1-150x150.jpg",150,150,true],"medium":["https:\/\/pecbag.com\/wp-content\/uploads\/2025\/05\/Single-Board-Short-Surfboard-Bag-1-300x300.jpg",300,300,true],"medium_large":["https:\/\/pecbag.com\/wp-content\/uploads\/2025\/05\/Single-Board-Short-Surfboard-Bag-1-768x768.jpg",768,768,true],"large":["https:\/\/pecbag.com\/wp-content\/uploads\/2025\/05\/Single-Board-Short-Surfboard-Bag-1-1024x1024.jpg",800,800,true],"1536x1536":["https:\/\/pecbag.com\/wp-content\/uploads\/2025\/05\/Single-Board-Short-Surfboard-Bag-1.jpg",1200,1200,false],"2048x2048":["https:\/\/pecbag.com\/wp-content\/uploads\/2025\/05\/Single-Board-Short-Surfboard-Bag-1.jpg",1200,1200,false],"trp-custom-language-flag":["https:\/\/pecbag.com\/wp-content\/uploads\/2025\/05\/Single-Board-Short-Surfboard-Bag-1-12x12.jpg",12,12,true],"woocommerce_thumbnail":["https:\/\/pecbag.com\/wp-content\/uploads\/2025\/05\/Single-Board-Short-Surfboard-Bag-1-300x300.jpg",300,300,true],"woocommerce_single":["https:\/\/pecbag.com\/wp-content\/uploads\/2025\/05\/Single-Board-Short-Surfboard-Bag-1-600x600.jpg",600,600,true],"woocommerce_gallery_thumbnail":["https:\/\/pecbag.com\/wp-content\/uploads\/2025\/05\/Single-Board-Short-Surfboard-Bag-1-100x100.jpg",100,100,true]},"uagb_author_info":{"display_name":"Lawrence","author_link":"https:\/\/pecbag.com\/pl\/author\/"},"uagb_comment_info":0,"uagb_excerpt":"Single Board Short Surfboard Bag A length-adjustable board bag for boards between 5\u20193\u201d and 6\u20194\u201d Built with a recycled polyester fabric for unmatched durability Reinforced padding throughout the bag provides optimal protection An external smart pocket easily stores fins, leashes, wax, and other essentials Easy to store between uses with compressible, strategically placed panels","_links":{"self":[{"href":"https:\/\/pecbag.com\/pl\/wp-json\/wp\/v2\/product\/3920","targetHints":{"allow":["GET"]}}],"collection":[{"href":"https:\/\/pecbag.com\/pl\/wp-json\/wp\/v2\/product"}],"about":[{"href":"https:\/\/pecbag.com\/pl\/wp-json\/wp\/v2\/types\/product"}],"wp:featuredmedia":[{"embeddable":true,"href":"https:\/\/pecbag.com\/pl\/wp-json\/wp\/v2\/media\/3922"}],"wp:attachment":[{"href":"https:\/\/pecbag.com\/pl\/wp-json\/wp\/v2\/media?parent=3920"}],"wp:term":[{"taxonomy":"product_brand","embeddable":true,"href":"https:\/\/pecbag.com\/pl\/wp-json\/wp\/v2\/product_brand?post=3920"},{"taxonomy":"product_cat","embeddable":true,"href":"https:\/\/pecbag.com\/pl\/wp-json\/wp\/v2\/product_cat?post=3920"},{"taxonomy":"product_tag","embeddable":true,"href":"https:\/\/pecbag.com\/pl\/wp-json\/wp\/v2\/product_tag?post=3920"}],"curies":[{"name":"wp","href":"https:\/\/api.w.org\/{rel}","templated":true}]}}