{"id":4075,"date":"2025-06-18T02:06:30","date_gmt":"2025-06-18T02:06:30","guid":{"rendered":"https:\/\/pecbag.com\/?post_type=product&#038;p=4075"},"modified":"2025-11-29T01:28:37","modified_gmt":"2025-11-29T01:28:37","slug":"leakproof-fishing-cooler-bag-factory","status":"publish","type":"product","link":"https:\/\/pecbag.com\/pl\/leakproof-fishing-cooler-bag-factory\/","title":{"rendered":"Szczelna torba w\u0119dkarska Cooler Factory"},"content":{"rendered":"<h5 title=\"Sk\u0142adana torba dla psa Oddychaj\u0105ca siatkowa torba na rami\u0119 dla ma\u0142ych ps\u00f3w i kot\u00f3w\" data-immersive-translate-walked=\"1c928421-2e42-4cd3-8754-5404553c0af5\" data-immersive-translate-paragraph=\"1\" data-spm-anchor-id=\"a2700.details.0.i35.4f6757d4w4zNZA\">\u00a0Szczelna torba w\u0119dkarska Cooler Factory | Przemys\u0142owa wodoodporna fabryka toreb i producent wytrzyma\u0142ych plecak\u00f3w | Bulk OEM<\/h5>\n<div class=\"flex flex-grow flex-col max-w-full\">\n<div class=\"min-h-[20px] text-message flex w-full flex-col items-end gap-2 whitespace-pre-wrap break-words [.text-message+&amp;]:mt-5 overflow-x-auto\" dir=\"auto\" data-message-author-role=\"assistant\" data-message-id=\"3d7d46f6-7ec2-4222-9257-48fa0bba23c6\" data-suggestions=\"true\">\n<div class=\"flex w-full flex-col gap-1 empty:hidden first:pt-[3px]\">\n<div class=\"markdown prose w-full break-words dark:prose-invert light\">\n<table width=\"288\">\n<tbody>\n<tr>\n<td width=\"137\"><span style=\"color: #333333;\">Nazwa produktu<\/span><\/td>\n<td width=\"151\">Torba na desk\u0119 surfingow\u0105<\/td>\n<\/tr>\n<tr>\n<td><span style=\"color: #333333;\">Pozycja nr.<\/span><\/td>\n<td><span style=\"color: #333333;\">PB-2110<\/span><\/td>\n<\/tr>\n<tr>\n<td><span style=\"color: #333333;\">Materia\u0142<\/span><\/td>\n<td>500D Plandeka PVC<\/td>\n<\/tr>\n<tr>\n<td><span style=\"color: #333333;\">Rozmiar<\/span><\/td>\n<td>40,1*16,5 cala<\/td>\n<\/tr>\n<tr>\n<td><span style=\"color: #333333;\">\u00a0Czas dostawy<\/span><\/td>\n<td><span style=\"color: #333333;\">1-5 dni dla ma\u0142ych ilo\u015bci drog\u0105 lotnicz\u0105 i 30-35 dni dla du\u017cych ilo\u015bci drog\u0105 morsk\u0105<\/span><\/td>\n<\/tr>\n<\/tbody>\n<\/table>\n<p class=\"ds-markdown-paragraph\">Potrzebujesz szczelnych toreb w\u0119dkarskich, kt\u00f3re przetrwaj\u0105 wzburzone morze i krwawe po\u0142owy? Jako najlepsza fabryka wodoodpornych toreb i producent plecak\u00f3w w Chinach, nasza fabryka szczelnych toreb w\u0119dkarskich wytwarza sprz\u0119t gotowy do walki dla komercyjnych rybak\u00f3w, marek morskich i hurtownik\u00f3w toreb w\u0119dkarskich!<\/p>\n<p class=\"ds-markdown-paragraph\">\u2705\u00a0<strong>Dlaczego ponad 200 kupuj\u0105cych wybiera nasz\u0105 fabryk\u0119:<\/strong><\/p>\n<ul>\n<li>\n<p class=\"ds-markdown-paragraph\"><strong>Gwarancja braku wyciek\u00f3w<\/strong>: Zgrzewane szwy TPU + naro\u017cniki testowane ci\u015bnieniowo (wytrzymuj\u0105 72 godziny pod wod\u0105!)<\/p>\n<\/li>\n<li>\n<p class=\"ds-markdown-paragraph\"><strong>Pro Angler Design<\/strong>: Zintegrowane uchwyty na w\u0119dki + wyjmowane tacki na przyn\u0119ty - utrzymuj\u0105 sprz\u0119t w porz\u0105dku i \u0142api\u0105 l\u00f3d<\/p>\n<\/li>\n<li>\n<p class=\"ds-markdown-paragraph\"><strong>Korzy\u015bci zwi\u0105zane z zam\u00f3wieniami zbiorczymi<\/strong>: Produkuj hurtowe zam\u00f3wienia na torby w\u0119dkarskie (MOQ 50 sztuk) za po\u015brednictwem torby w\u0119dkarskiej ODM \/ OEM lub marki w\u0142asnej w ci\u0105gu 15 dni!<\/p>\n<\/li>\n<li>\n<p class=\"ds-markdown-paragraph\"><strong>China Cost Edge<\/strong>: Jako czo\u0142owy producent toreb w\u0119dkarskich w Chinach, jako\u015b\u0107 klasy przemys\u0142owej spe\u0142nia ceny fabryczne<\/p>\n<\/li>\n<\/ul>\n<p class=\"ds-markdown-paragraph\"><strong>Cechy odporno\u015bci na ocean:<\/strong><br \/>\n\ud83d\udd39\u00a0<strong>5 cm izolacja ekologiczna<\/strong>\u00a0- 2 razy d\u0142u\u017csza retencja lodu w por\u00f3wnaniu do standardowych work\u00f3w<br \/>\nBezpieczna dla ryb podszewka OEKO-TEX (bez zanieczyszcze\u0144 chemicznych) + korki odprowadzaj\u0105ce krew<br \/>\nAntypo\u015blizgowa gumowa podstawa + k\u00f3\u0142ka 360\u00b0 (gotowe do pracy na skalistym brzegu)<br \/>\nOdporny na rdz\u0119 osprz\u0119t + odporna na promieniowanie UV plandeka z PVC 1200D<\/p>\n<p class=\"ds-markdown-paragraph\"><strong>Idealne dla:<\/strong><\/p>\n<ul>\n<li>\n<p class=\"ds-markdown-paragraph\">Floty komercyjne i sprzedawcy toreb w\u0119dkarskich<\/p>\n<\/li>\n<li>\n<p class=\"ds-markdown-paragraph\">Eksporterzy sprz\u0119tu i hurtownicy toreb w\u0119dkarskich<\/p>\n<\/li>\n<li>\n<p class=\"ds-markdown-paragraph\">Marki buduj\u0105 linie marek w\u0142asnych Fishing Bag<\/p>\n<\/li>\n<\/ul>\n<p class=\"ds-markdown-paragraph\"><strong>Bezproblemowy proces:<\/strong><br \/>\n1\ufe0f\u20e3 Dostosuj kolory\/pojemno\u015b\u0107 (dost\u0119pnych jest ponad 30 profesjonalnych wzor\u00f3w)<br \/>\n2\ufe0f\u20e3 Prototyp w 6 dni \u2192 testy oceaniczne \u2192 produkcja masowa<br \/>\n3\ufe0f\u20e3 Wysy\u0142ka za po\u015brednictwem sieci eksportowych Fishing Bag (DDP drog\u0105 powietrzn\u0105\/morsk\u0105 na ca\u0142ym \u015bwiecie)<\/p>\n<p class=\"ds-markdown-paragraph\"><strong>Odznaki zaufania fabrycznego:<\/strong><br \/>\nPonad 12 lat do\u015bwiadczenia w produkcji plecak\u00f3w<br \/>\nGrubsze \u015bcianki 40% w por\u00f3wnaniu do konkurencji<br \/>\nCertyfikaty: ISO 9001, SGS, BSCI<\/p>\n<p class=\"ds-markdown-paragraph\"><strong>Gotowy do osi\u0105gni\u0119cia zysk\u00f3w odpornych na wycieki?<\/strong><br \/>\n\ud83d\udc49 [Darmowa pr\u00f3bka przetestowana w s\u0142onej wodzie] \ud83d\udc49 [Depozyt 20%] \ud83d\udc49 [Wycena 24h]<\/p>\n<\/div>\n<\/div>\n<\/div>\n<\/div>","protected":false},"excerpt":{"rendered":"<h2 data-immersive-translate-walked=\"344be1c1-5052-41eb-8fcd-0dbe236a0d6b\" data-immersive-translate-paragraph=\"1\">Szczelna torba w\u0119dkarska Cooler Factory<\/h2>\n<p>Zapewniamy torby premium z pe\u0142n\u0105 personalizacj\u0105 rozmiaru i koloru, trwa\u0142ymi materia\u0142ami i certyfikowan\u0105 jako\u015bci\u0105.<\/p>\n<p>Korzystaj z elastycznych MOQ, szybkiej globalnej wysy\u0142ki i rozwi\u0105za\u0144 marek w\u0142asnych.<\/p>\n<p>Skontaktuj si\u0119 z nami ju\u017c dzi\u015b!<\/p>","protected":false},"featured_media":4076,"template":"","meta":{"_uag_custom_page_level_css":""},"product_brand":[],"product_cat":[66,50,46],"product_tag":[],"class_list":{"0":"post-4075","1":"product","2":"type-product","3":"status-publish","4":"has-post-thumbnail","6":"product_cat-waterproof-bag","7":"product_cat-cooler-bag","8":"product_cat-fishing-bag","10":"first","11":"instock","12":"shipping-taxable","13":"product-type-simple"},"uagb_featured_image_src":{"full":["https:\/\/pecbag.com\/wp-content\/uploads\/2025\/06\/Leakproof-Fishing-Cooler-Bag-Factory-1.jpg",1000,1000,false],"thumbnail":["https:\/\/pecbag.com\/wp-content\/uploads\/2025\/06\/Leakproof-Fishing-Cooler-Bag-Factory-1-150x150.jpg",150,150,true],"medium":["https:\/\/pecbag.com\/wp-content\/uploads\/2025\/06\/Leakproof-Fishing-Cooler-Bag-Factory-1-300x300.jpg",300,300,true],"medium_large":["https:\/\/pecbag.com\/wp-content\/uploads\/2025\/06\/Leakproof-Fishing-Cooler-Bag-Factory-1-768x768.jpg",768,768,true],"large":["https:\/\/pecbag.com\/wp-content\/uploads\/2025\/06\/Leakproof-Fishing-Cooler-Bag-Factory-1.jpg",800,800,false],"1536x1536":["https:\/\/pecbag.com\/wp-content\/uploads\/2025\/06\/Leakproof-Fishing-Cooler-Bag-Factory-1.jpg",1000,1000,false],"2048x2048":["https:\/\/pecbag.com\/wp-content\/uploads\/2025\/06\/Leakproof-Fishing-Cooler-Bag-Factory-1.jpg",1000,1000,false],"trp-custom-language-flag":["https:\/\/pecbag.com\/wp-content\/uploads\/2025\/06\/Leakproof-Fishing-Cooler-Bag-Factory-1-12x12.jpg",12,12,true],"woocommerce_thumbnail":["https:\/\/pecbag.com\/wp-content\/uploads\/2025\/06\/Leakproof-Fishing-Cooler-Bag-Factory-1-300x300.jpg",300,300,true],"woocommerce_single":["https:\/\/pecbag.com\/wp-content\/uploads\/2025\/06\/Leakproof-Fishing-Cooler-Bag-Factory-1-600x600.jpg",600,600,true],"woocommerce_gallery_thumbnail":["https:\/\/pecbag.com\/wp-content\/uploads\/2025\/06\/Leakproof-Fishing-Cooler-Bag-Factory-1-100x100.jpg",100,100,true]},"uagb_author_info":{"display_name":"Lawrence","author_link":"https:\/\/pecbag.com\/pl\/author\/"},"uagb_comment_info":0,"uagb_excerpt":"Leakproof Fishing Cooler Bag Factory We provide premium bags with full-size and color customization, durable fabrics, and certified quality. Enjoy flexible MOQs, fast global shipping, and private label solutions. Contact us today!","_links":{"self":[{"href":"https:\/\/pecbag.com\/pl\/wp-json\/wp\/v2\/product\/4075","targetHints":{"allow":["GET"]}}],"collection":[{"href":"https:\/\/pecbag.com\/pl\/wp-json\/wp\/v2\/product"}],"about":[{"href":"https:\/\/pecbag.com\/pl\/wp-json\/wp\/v2\/types\/product"}],"wp:featuredmedia":[{"embeddable":true,"href":"https:\/\/pecbag.com\/pl\/wp-json\/wp\/v2\/media\/4076"}],"wp:attachment":[{"href":"https:\/\/pecbag.com\/pl\/wp-json\/wp\/v2\/media?parent=4075"}],"wp:term":[{"taxonomy":"product_brand","embeddable":true,"href":"https:\/\/pecbag.com\/pl\/wp-json\/wp\/v2\/product_brand?post=4075"},{"taxonomy":"product_cat","embeddable":true,"href":"https:\/\/pecbag.com\/pl\/wp-json\/wp\/v2\/product_cat?post=4075"},{"taxonomy":"product_tag","embeddable":true,"href":"https:\/\/pecbag.com\/pl\/wp-json\/wp\/v2\/product_tag?post=4075"}],"curies":[{"name":"wp","href":"https:\/\/api.w.org\/{rel}","templated":true}]}}