{"id":4090,"date":"2025-06-19T01:51:55","date_gmt":"2025-06-19T01:51:55","guid":{"rendered":"https:\/\/pecbag.com\/?post_type=product&#038;p=4090"},"modified":"2025-11-29T01:29:31","modified_gmt":"2025-11-29T01:29:31","slug":"new-design-tactical-hiking-backpack-factory","status":"publish","type":"product","link":"https:\/\/pecbag.com\/pl\/new-design-tactical-hiking-backpack-factory\/","title":{"rendered":"Nowy projekt taktycznego plecaka turystycznego Factory"},"content":{"rendered":"<h5 title=\"Sk\u0142adana torba dla psa Oddychaj\u0105ca siatkowa torba na rami\u0119 dla ma\u0142ych ps\u00f3w i kot\u00f3w\" data-immersive-translate-walked=\"1c928421-2e42-4cd3-8754-5404553c0af5\" data-immersive-translate-paragraph=\"1\" data-spm-anchor-id=\"a2700.details.0.i35.4f6757d4w4zNZA\">Nowy projekt Taktyczny plecak turystyczny Fabryka | Fabryka wodoodpornych toreb i profesjonalny producent plecak\u00f3w | Bulk OEM<\/h5>\n<p>Potrzebujesz nowego projektu taktycznych plecak\u00f3w turystycznych stworzonych do ekstremalnych przyg\u00f3d? Jako najlepsza fabryka wodoodpornych toreb i producent plecak\u00f3w w Chinach, nasza nowa fabryka taktycznych plecak\u00f3w turystycznych dostarcza sprz\u0119t wojskowy dla marek outdoorowych, dostawc\u00f3w wojskowych i hurtownik\u00f3w toreb turystycznych!<\/p>\n<div class=\"flex flex-grow flex-col max-w-full\">\n<div class=\"min-h-[20px] text-message flex w-full flex-col items-end gap-2 whitespace-pre-wrap break-words [.text-message+&amp;]:mt-5 overflow-x-auto\" dir=\"auto\" data-message-author-role=\"assistant\" data-message-id=\"3d7d46f6-7ec2-4222-9257-48fa0bba23c6\" data-suggestions=\"true\">\n<div class=\"flex w-full flex-col gap-1 empty:hidden first:pt-[3px]\">\n<div class=\"markdown prose w-full break-words dark:prose-invert light\">\n<table width=\"288\">\n<tbody>\n<tr>\n<td width=\"137\"><span style=\"color: #333333;\">Nazwa produktu<\/span><\/td>\n<td width=\"151\">Torba my\u015bliwska<\/td>\n<\/tr>\n<tr>\n<td><span style=\"color: #333333;\">Pozycja nr.<\/span><\/td>\n<td><span style=\"color: #333333;\">PB-2112<\/span><\/td>\n<\/tr>\n<tr>\n<td><span style=\"color: #333333;\">Materia\u0142<\/span><\/td>\n<td>600D poliester<\/td>\n<\/tr>\n<tr>\n<td><span style=\"color: #333333;\">Rozmiar<\/span><\/td>\n<td>15 X 8 X 21 cali<\/td>\n<\/tr>\n<tr>\n<td><span style=\"color: #333333;\">\u00a0Czas dostawy<\/span><\/td>\n<td><span style=\"color: #333333;\">1-5 dni dla ma\u0142ych ilo\u015bci drog\u0105 lotnicz\u0105 i 30-35 dni dla du\u017cych ilo\u015bci drog\u0105 morsk\u0105<\/span><\/td>\n<\/tr>\n<\/tbody>\n<\/table>\n<p class=\"ds-markdown-paragraph\">\u2705\u00a0<strong>Dlaczego wybieraj\u0105 nas globalni nabywcy:<\/strong><\/p>\n<ul>\n<li>\n<p class=\"ds-markdown-paragraph\"><strong>Wytrzyma\u0142o\u015b\u0107 w boju<\/strong>: Nylon balistyczny 1000D + zgrzewane szwy - przetrwa uderzenia o ska\u0142y, ulewy i obci\u0105\u017cenie 80 funt\u00f3w!<\/p>\n<\/li>\n<li>\n<p class=\"ds-markdown-paragraph\"><strong>2024 Ulepszenia taktyczne<\/strong>: Modu\u0142owe panele MOLLE + od\u0142\u0105czany futera\u0142 na drona + system zamk\u00f3w zatwierdzony przez TSA.<\/p>\n<\/li>\n<li>\n<p class=\"ds-markdown-paragraph\"><strong>Wydajno\u015b\u0107 zam\u00f3wie\u0144 zbiorczych<\/strong>: Produkuj hurtowe zam\u00f3wienia na torby turystyczne za po\u015brednictwem Hiking Bag ODM \/ OEM lub marki w\u0142asnej w ci\u0105gu 15 dni!<\/p>\n<\/li>\n<li>\n<p class=\"ds-markdown-paragraph\"><strong>Przewaga kosztowa Chin<\/strong>: Jako wiod\u0105ca chi\u0144ska fabryka toreb turystycznych, jako\u015b\u0107 pro-spec spe\u0142nia bezkonkurencyjne ceny.<\/p>\n<\/li>\n<\/ul>\n<p class=\"ds-markdown-paragraph\"><strong>Innowacje sprawdzone w praktyce:<\/strong><br \/>\n\ud83d\udd39\u00a0<strong>Konstrukcja odporna na wstrz\u0105sy<\/strong>: Zamki b\u0142yskawiczne YKK Aquaguard\u00ae + podstawa pokryta TPU (wodoodporno\u015b\u0107 IPX6)<br \/>\nWentylowany system zawieszenia + regulowana rama tu\u0142owia (pasuje do 5'0\u2033-6'8\u2033)<br \/>\nNiewidoczne kieszenie na kosztowno\u015bci + port na w\u0105\u017c hydracyjny<br \/>\nWersje kolorystyczne NATO (Coyote, OD Green, Tactical Black)<\/p>\n<p class=\"ds-markdown-paragraph\"><strong>Idealne dla:<\/strong><\/p>\n<ul>\n<li>\n<p class=\"ds-markdown-paragraph\">Sprzedawcy detaliczni i sprzedawcy toreb turystycznych<\/p>\n<\/li>\n<li>\n<p class=\"ds-markdown-paragraph\">Dostawcy sprz\u0119tu wojskowego i hurtownicy toreb turystycznych<\/p>\n<\/li>\n<li>\n<p class=\"ds-markdown-paragraph\">Marki buduj\u0105 linie marek w\u0142asnych toreb turystycznych<\/p>\n<\/li>\n<\/ul>\n<p class=\"ds-markdown-paragraph\"><strong>Twoja podr\u00f3\u017c produkcyjna:<\/strong><br \/>\n1\ufe0f\u20e3 Dostosuj funkcje\/kolory (dost\u0119pnych jest ponad 50 szablon\u00f3w taktycznych)<br \/>\n2\ufe0f\u20e3 Prototyp w 5 dni \u2192 testy obci\u0105\u017ceniowe \u2192 produkcja masowa<br \/>\n3\ufe0f\u20e3 Wysy\u0142ka za po\u015brednictwem sieci eksportowych Hiking Bag (DDP do USA\/EU\/AU)<\/p>\n<p class=\"ds-markdown-paragraph\"><strong>Po\u015bwiadczenia fabryczne:<\/strong><br \/>\nPonad 12 lat do\u015bwiadczenia w produkcji plecak\u00f3w<br \/>\nSilniejsze punkty napr\u0119\u017cenia w 40% w por\u00f3wnaniu z konkurencj\u0105<br \/>\nCertyfikaty: ISO 9001, BSCI, OEKO-TEX<\/p>\n<p class=\"ds-markdown-paragraph\"><strong>Gotowy do uzbrojenia swojego ekwipunku?<\/strong><br \/>\n\ud83d\udc49\u00a0<strong>Bezp\u0142atna pr\u00f3bka przetestowana pod obci\u0105\u017ceniem<\/strong>\u00a0Depozyt 20% \ud83d\udc49 Wycena 24h<\/p>\n<\/div>\n<\/div>\n<\/div>\n<\/div>","protected":false},"excerpt":{"rendered":"<h2 data-immersive-translate-walked=\"344be1c1-5052-41eb-8fcd-0dbe236a0d6b\" data-immersive-translate-paragraph=\"1\">Nowy projekt taktycznego plecaka turystycznego Factory<\/h2>\n<p>Zapewniamy torby premium z pe\u0142n\u0105 personalizacj\u0105 rozmiaru i koloru, trwa\u0142ymi materia\u0142ami i certyfikowan\u0105 jako\u015bci\u0105.<\/p>\n<p>Korzystaj z elastycznych MOQ, szybkiej globalnej wysy\u0142ki i rozwi\u0105za\u0144 marek w\u0142asnych.<\/p>\n<p>Skontaktuj si\u0119 z nami ju\u017c dzi\u015b!<\/p>","protected":false},"featured_media":4096,"template":"","meta":{"_uag_custom_page_level_css":""},"product_brand":[],"product_cat":[54,45,66],"product_tag":[],"class_list":{"0":"post-4090","1":"product","2":"type-product","3":"status-publish","4":"has-post-thumbnail","6":"product_cat-hunting-bag","7":"product_cat-hiking-bag","8":"product_cat-waterproof-bag","10":"first","11":"instock","12":"shipping-taxable","13":"product-type-simple"},"uagb_featured_image_src":{"full":["https:\/\/pecbag.com\/wp-content\/uploads\/2025\/06\/New-Design-Tactical-Hiking-Backpack-Factory-2.png",960,960,false],"thumbnail":["https:\/\/pecbag.com\/wp-content\/uploads\/2025\/06\/New-Design-Tactical-Hiking-Backpack-Factory-2-150x150.png",150,150,true],"medium":["https:\/\/pecbag.com\/wp-content\/uploads\/2025\/06\/New-Design-Tactical-Hiking-Backpack-Factory-2-300x300.png",300,300,true],"medium_large":["https:\/\/pecbag.com\/wp-content\/uploads\/2025\/06\/New-Design-Tactical-Hiking-Backpack-Factory-2-768x768.png",768,768,true],"large":["https:\/\/pecbag.com\/wp-content\/uploads\/2025\/06\/New-Design-Tactical-Hiking-Backpack-Factory-2.png",800,800,false],"1536x1536":["https:\/\/pecbag.com\/wp-content\/uploads\/2025\/06\/New-Design-Tactical-Hiking-Backpack-Factory-2.png",960,960,false],"2048x2048":["https:\/\/pecbag.com\/wp-content\/uploads\/2025\/06\/New-Design-Tactical-Hiking-Backpack-Factory-2.png",960,960,false],"trp-custom-language-flag":["https:\/\/pecbag.com\/wp-content\/uploads\/2025\/06\/New-Design-Tactical-Hiking-Backpack-Factory-2-12x12.png",12,12,true],"woocommerce_thumbnail":["https:\/\/pecbag.com\/wp-content\/uploads\/2025\/06\/New-Design-Tactical-Hiking-Backpack-Factory-2-300x300.png",300,300,true],"woocommerce_single":["https:\/\/pecbag.com\/wp-content\/uploads\/2025\/06\/New-Design-Tactical-Hiking-Backpack-Factory-2-600x600.png",600,600,true],"woocommerce_gallery_thumbnail":["https:\/\/pecbag.com\/wp-content\/uploads\/2025\/06\/New-Design-Tactical-Hiking-Backpack-Factory-2-100x100.png",100,100,true]},"uagb_author_info":{"display_name":"Lawrence","author_link":"https:\/\/pecbag.com\/pl\/author\/"},"uagb_comment_info":0,"uagb_excerpt":"New Design Tactical Hiking Backpack Factory We provide premium bags with full-size and color customization, durable fabrics, and certified quality. Enjoy flexible MOQs, fast global shipping, and private label solutions. Contact us today!","_links":{"self":[{"href":"https:\/\/pecbag.com\/pl\/wp-json\/wp\/v2\/product\/4090","targetHints":{"allow":["GET"]}}],"collection":[{"href":"https:\/\/pecbag.com\/pl\/wp-json\/wp\/v2\/product"}],"about":[{"href":"https:\/\/pecbag.com\/pl\/wp-json\/wp\/v2\/types\/product"}],"wp:featuredmedia":[{"embeddable":true,"href":"https:\/\/pecbag.com\/pl\/wp-json\/wp\/v2\/media\/4096"}],"wp:attachment":[{"href":"https:\/\/pecbag.com\/pl\/wp-json\/wp\/v2\/media?parent=4090"}],"wp:term":[{"taxonomy":"product_brand","embeddable":true,"href":"https:\/\/pecbag.com\/pl\/wp-json\/wp\/v2\/product_brand?post=4090"},{"taxonomy":"product_cat","embeddable":true,"href":"https:\/\/pecbag.com\/pl\/wp-json\/wp\/v2\/product_cat?post=4090"},{"taxonomy":"product_tag","embeddable":true,"href":"https:\/\/pecbag.com\/pl\/wp-json\/wp\/v2\/product_tag?post=4090"}],"curies":[{"name":"wp","href":"https:\/\/api.w.org\/{rel}","templated":true}]}}