{"id":4131,"date":"2025-06-24T02:01:02","date_gmt":"2025-06-24T02:01:02","guid":{"rendered":"https:\/\/pecbag.com\/?post_type=product&#038;p=4131"},"modified":"2025-11-29T01:19:18","modified_gmt":"2025-11-29T01:19:18","slug":"custom-soft-tactical-storage-gun-bag","status":"publish","type":"product","link":"https:\/\/pecbag.com\/pl\/custom-soft-tactical-storage-gun-bag\/","title":{"rendered":"Niestandardowa mi\u0119kka taktyczna torba na bro\u0144"},"content":{"rendered":"<h5 title=\"Sk\u0142adana torba dla psa Oddychaj\u0105ca siatkowa torba na rami\u0119 dla ma\u0142ych ps\u00f3w i kot\u00f3w\" data-immersive-translate-walked=\"1c928421-2e42-4cd3-8754-5404553c0af5\" data-immersive-translate-paragraph=\"1\" data-spm-anchor-id=\"a2700.details.0.i35.4f6757d4w4zNZA\">Niestandardowa mi\u0119kka taktyczna torba na bro\u0144 Producent | Fabryka wodoodpornych toreb i producent plecak\u00f3w taktycznych | Bulk OEM<\/h5>\n<p>Potrzebujesz niestandardowych mi\u0119kkich taktycznych toreb do przechowywania broni, kt\u00f3re chroni\u0105 bro\u0144 paln\u0105\u00a0<em>oraz<\/em>\u00a0porusza\u0107 si\u0119 jak cie\u0144? Jako wyspecjalizowana fabryka wodoodpornych toreb i producent plecak\u00f3w w Chinach, tworzymy tajne, niestandardowe, mi\u0119kkie taktyczne torby na bro\u0144 dla jednostek wojskowych, strzelnic i hurtowni toreb my\u015bliwskich!<\/p>\n<div class=\"flex flex-grow flex-col max-w-full\">\n<div class=\"min-h-[20px] text-message flex w-full flex-col items-end gap-2 whitespace-pre-wrap break-words [.text-message+&amp;]:mt-5 overflow-x-auto\" dir=\"auto\" data-message-author-role=\"assistant\" data-message-id=\"3d7d46f6-7ec2-4222-9257-48fa0bba23c6\" data-suggestions=\"true\">\n<div class=\"flex w-full flex-col gap-1 empty:hidden first:pt-[3px]\">\n<div class=\"markdown prose w-full break-words dark:prose-invert light\">\n<table style=\"height: 251px;\" width=\"313\">\n<tbody>\n<tr>\n<td width=\"137\"><span style=\"color: #333333;\">Nazwa produktu<\/span><\/td>\n<td width=\"151\">Torba my\u015bliwska<\/td>\n<\/tr>\n<tr>\n<td><span style=\"color: #333333;\">Pozycja nr.<\/span><\/td>\n<td><span style=\"color: #333333;\">PB-2118<\/span><\/td>\n<\/tr>\n<tr>\n<td><span style=\"color: #333333;\">Materia\u0142<\/span><\/td>\n<td>Kamufla\u017c 600D<\/td>\n<\/tr>\n<tr>\n<td><span style=\"color: #333333;\">Rozmiar<\/span><\/td>\n<td>44 x 11 cali<\/td>\n<\/tr>\n<tr>\n<td><span style=\"color: #333333;\">\u00a0Czas dostawy<\/span><\/td>\n<td><span style=\"color: #333333;\">1-5 dni dla ma\u0142ych ilo\u015bci drog\u0105 lotnicz\u0105 i 30-35 dni dla du\u017cych ilo\u015bci drog\u0105 morsk\u0105<\/span><\/td>\n<\/tr>\n<\/tbody>\n<\/table>\n<p class=\"ds-markdown-paragraph\">\u2705\u00a0<strong>Dlaczego taktyczni nabywcy nam ufaj\u0105:<\/strong><\/p>\n<ul>\n<li>\n<p class=\"ds-markdown-paragraph\"><strong>Cichy i bezpieczny<\/strong>Wy\u015bcie\u0142any nylon 600D + przedzia\u0142y wy\u0142o\u017cone piank\u0105 - zero grzechotek, dyskretny transport 100%!<\/p>\n<\/li>\n<li>\n<p class=\"ds-markdown-paragraph\"><strong>Ca\u0142kowita personalizacja<\/strong>: Zaprojektuj niestandardowe mi\u0119kkie taktyczne torby na bro\u0144 z pochwami, \u0142adownicami lub blokami RFID za po\u015brednictwem Hunting Bag ODM\/OEM!<\/p>\n<\/li>\n<li>\n<p class=\"ds-markdown-paragraph\"><strong>Korzy\u015bci zwi\u0105zane z zam\u00f3wieniami zbiorczymi<\/strong>: Realizacja hurtowych zam\u00f3wie\u0144 Hunting Bag pod mark\u0105 w\u0142asn\u0105 w 12 dni!<\/p>\n<\/li>\n<li>\n<p class=\"ds-markdown-paragraph\"><strong>Koszt energii w Chinach<\/strong>: Jako najlepsza chi\u0144ska fabryka toreb my\u015bliwskich, jako\u015b\u0107 mil-spec \u0142\u0105czy si\u0119 z cenami eksportowymi.<\/p>\n<\/li>\n<\/ul>\n<p class=\"ds-markdown-paragraph\"><strong>Cechy gotowo\u015bci do pracy:<\/strong><br \/>\n\ud83d\udd39\u00a0<strong>Niskoprofilowa konstrukcja<\/strong>: Sk\u0142adany do rozmiaru 30% - niezauwa\u017cony w kufrach lub szafach<br \/>\nPodszewka odprowadzaj\u0105ca wilgo\u0107 + odporne na korozj\u0119 zamki b\u0142yskawiczne (odporne na s\u0142on\u0105 wod\u0119\/mg\u0142\u0119)<br \/>\n\ud83d\udd39 Ci\u0119cia kompatybilne z CCW + ukryte uchwyty do przenoszenia<br \/>\nOpcje zgodne z ITAR dla kontrakt\u00f3w rz\u0105dowych<\/p>\n<p class=\"ds-markdown-paragraph\"><strong>Idealne dla:<\/strong><\/p>\n<ul>\n<li>\n<p class=\"ds-markdown-paragraph\">Sprzedawcy broni i toreb my\u015bliwskich<\/p>\n<\/li>\n<li>\n<p class=\"ds-markdown-paragraph\">Detali\u015bci taktyczni i hurtownicy toreb my\u015bliwskich<\/p>\n<\/li>\n<li>\n<p class=\"ds-markdown-paragraph\">Marki buduj\u0105 linie marek w\u0142asnych Hunting Bag<\/p>\n<\/li>\n<\/ul>\n<p class=\"ds-markdown-paragraph\"><strong>Tw\u00f3j ukryty przep\u0142yw pracy:<\/strong><br \/>\n1\ufe0f\u20e3 Prze\u015blij plany\/kody Pantone \u2192 2\ufe0f\u20e3 Prototyp w ci\u0105gu 5 dni \u2192 3\ufe0f\u20e3 Test zasi\u0119gu \u2192 4\ufe0f\u20e3 Masowa produkcja \u2192 5\ufe0f\u20e3 Wysy\u0142ka za po\u015brednictwem\u00a0<strong>Eksport torby my\u015bliwskiej<\/strong>\u00a0sieci<\/p>\n<p class=\"ds-markdown-paragraph\"><strong>Po\u015bwiadczenia fabryczne:<\/strong><br \/>\nPonad 12 lat do\u015bwiadczenia w produkcji plecak\u00f3w<br \/>\n40% jest l\u017cejszy ni\u017c twarde obudowy (zaleta stealth)<br \/>\nCertyfikaty: ISO 9001, SGS, ITAR-ready<\/p>\n<p class=\"ds-markdown-paragraph\"><strong>Gotowy do uzbrojenia cichych profesjonalist\u00f3w?<\/strong><br \/>\n\ud83d\udc49 [Bezp\u0142atna dyskretna pr\u00f3bka] \ud83d\udc49 [Depozyt 25%] \ud83d\udc49 [Arkusz specyfikacji 24h]<\/p>\n<\/div>\n<\/div>\n<\/div>\n<\/div>","protected":false},"excerpt":{"rendered":"<h2 data-immersive-translate-walked=\"344be1c1-5052-41eb-8fcd-0dbe236a0d6b\" data-immersive-translate-paragraph=\"1\">Niestandardowa mi\u0119kka taktyczna torba na bro\u0144<\/h2>\n<p><strong>1. \u0141atwy do przenoszenia:<\/strong> Mo\u017cna go nosi\u0107 na ramieniu lub za uchwyt. D\u0142ugo\u015b\u0107 paska na rami\u0119 mo\u017cna dostosowa\u0107 do w\u0142asnych potrzeb. Dwa sposoby noszenia mog\u0105 by\u0107 wygodne dla Twoich potrzeb. \u0141atwe przechowywanie karabinu lub strzelby w dowolnym miejscu.<\/p>\n<p><strong>2. Doskona\u0142y projekt<\/strong>: Lekka konstrukcja. G\u0142\u00f3wny futera\u0142 na bro\u0144 ma du\u017c\u0105 pojemno\u015b\u0107 i zewn\u0119trzn\u0105 kiesze\u0144 na suwak SBS. \u0141atwy do przechowywania futera\u0142 na strzelb\u0119 w dowolnym miejscu.<\/p>","protected":false},"featured_media":4137,"template":"","meta":{"_uag_custom_page_level_css":""},"product_brand":[],"product_cat":[54],"product_tag":[],"class_list":{"0":"post-4131","1":"product","2":"type-product","3":"status-publish","4":"has-post-thumbnail","6":"product_cat-hunting-bag","8":"first","9":"instock","10":"shipping-taxable","11":"product-type-simple"},"uagb_featured_image_src":{"full":["https:\/\/pecbag.com\/wp-content\/uploads\/2025\/06\/Custom-Soft-Tactical-Storage-Gun-Bag-5.jpg",800,800,false],"thumbnail":["https:\/\/pecbag.com\/wp-content\/uploads\/2025\/06\/Custom-Soft-Tactical-Storage-Gun-Bag-5-150x150.jpg",150,150,true],"medium":["https:\/\/pecbag.com\/wp-content\/uploads\/2025\/06\/Custom-Soft-Tactical-Storage-Gun-Bag-5-300x300.jpg",300,300,true],"medium_large":["https:\/\/pecbag.com\/wp-content\/uploads\/2025\/06\/Custom-Soft-Tactical-Storage-Gun-Bag-5-768x768.jpg",768,768,true],"large":["https:\/\/pecbag.com\/wp-content\/uploads\/2025\/06\/Custom-Soft-Tactical-Storage-Gun-Bag-5.jpg",800,800,false],"1536x1536":["https:\/\/pecbag.com\/wp-content\/uploads\/2025\/06\/Custom-Soft-Tactical-Storage-Gun-Bag-5.jpg",800,800,false],"2048x2048":["https:\/\/pecbag.com\/wp-content\/uploads\/2025\/06\/Custom-Soft-Tactical-Storage-Gun-Bag-5.jpg",800,800,false],"trp-custom-language-flag":["https:\/\/pecbag.com\/wp-content\/uploads\/2025\/06\/Custom-Soft-Tactical-Storage-Gun-Bag-5-12x12.jpg",12,12,true],"woocommerce_thumbnail":["https:\/\/pecbag.com\/wp-content\/uploads\/2025\/06\/Custom-Soft-Tactical-Storage-Gun-Bag-5-300x300.jpg",300,300,true],"woocommerce_single":["https:\/\/pecbag.com\/wp-content\/uploads\/2025\/06\/Custom-Soft-Tactical-Storage-Gun-Bag-5-600x600.jpg",600,600,true],"woocommerce_gallery_thumbnail":["https:\/\/pecbag.com\/wp-content\/uploads\/2025\/06\/Custom-Soft-Tactical-Storage-Gun-Bag-5-100x100.jpg",100,100,true]},"uagb_author_info":{"display_name":"Lawrence","author_link":"https:\/\/pecbag.com\/pl\/author\/"},"uagb_comment_info":0,"uagb_excerpt":"Custom Soft Tactical Storage Gun Bag Factory 1. Easy to Carry: It can be carried by shoulder carry or handle. Adjust the length of the shoulder strap according to your requirements. Two ways of carrying can be convenient for your needs. Easily to store your rifle or shotgun anywhere. 2. Perfect Design: Lightweight design. The&hellip;","_links":{"self":[{"href":"https:\/\/pecbag.com\/pl\/wp-json\/wp\/v2\/product\/4131","targetHints":{"allow":["GET"]}}],"collection":[{"href":"https:\/\/pecbag.com\/pl\/wp-json\/wp\/v2\/product"}],"about":[{"href":"https:\/\/pecbag.com\/pl\/wp-json\/wp\/v2\/types\/product"}],"wp:featuredmedia":[{"embeddable":true,"href":"https:\/\/pecbag.com\/pl\/wp-json\/wp\/v2\/media\/4137"}],"wp:attachment":[{"href":"https:\/\/pecbag.com\/pl\/wp-json\/wp\/v2\/media?parent=4131"}],"wp:term":[{"taxonomy":"product_brand","embeddable":true,"href":"https:\/\/pecbag.com\/pl\/wp-json\/wp\/v2\/product_brand?post=4131"},{"taxonomy":"product_cat","embeddable":true,"href":"https:\/\/pecbag.com\/pl\/wp-json\/wp\/v2\/product_cat?post=4131"},{"taxonomy":"product_tag","embeddable":true,"href":"https:\/\/pecbag.com\/pl\/wp-json\/wp\/v2\/product_tag?post=4131"}],"curies":[{"name":"wp","href":"https:\/\/api.w.org\/{rel}","templated":true}]}}