{"id":4210,"date":"2025-06-27T03:06:39","date_gmt":"2025-06-27T03:06:39","guid":{"rendered":"https:\/\/pecbag.com\/?post_type=product&#038;p=4210"},"modified":"2025-11-29T01:18:22","modified_gmt":"2025-11-29T01:18:22","slug":"custom-tactical-military-tool-bag","status":"publish","type":"product","link":"https:\/\/pecbag.com\/pl\/custom-tactical-military-tool-bag\/","title":{"rendered":"Niestandardowa taktyczna wojskowa torba na narz\u0119dzia"},"content":{"rendered":"<h5 title=\"Sk\u0142adana torba dla psa Oddychaj\u0105ca siatkowa torba na rami\u0119 dla ma\u0142ych ps\u00f3w i kot\u00f3w\" data-immersive-translate-walked=\"1c928421-2e42-4cd3-8754-5404553c0af5\" data-immersive-translate-paragraph=\"1\" data-spm-anchor-id=\"a2700.details.0.i35.4f6757d4w4zNZA\"><strong>Niestandardowa taktyczna wojskowa fabryka toreb narz\u0119dziowych | Sprawdzona w boju wodoodporna fabryka toreb i producent plecak\u00f3w MOLLE | Gotowy do misji luzem<\/strong><\/h5>\n<p>Potrzebujesz gotowych do misji niestandardowych taktycznych wojskowych toreb na narz\u0119dzia dla dostawc\u00f3w obronnych lub operacji w terenie? Jako fabryka wodoodpornych toreb z certyfikatem ISO i producent plecak\u00f3w taktycznych w Chinach (Tool Bag China), projektujemy wojskowe torby narz\u0119dziowe z konfigurowalnymi panelami MOLLE, odpornymi na korozj\u0119 zamkami b\u0142yskawicznymi i uchwytami do przeci\u0105gania. Wsp\u00f3\u0142pracuj z naszym producentem toreb narz\u0119dziowych przy hurtowych zam\u00f3wieniach toreb narz\u0119dziowych - zaufali nam hurtownicy toreb narz\u0119dziowych, dostawcy wojskowi i sprzedawcy toreb narz\u0119dziowych na ca\u0142ym \u015bwiecie.<\/p>\n<div class=\"flex flex-grow flex-col max-w-full\">\n<div class=\"min-h-[20px] text-message flex w-full flex-col items-end gap-2 whitespace-pre-wrap break-words [.text-message+&amp;]:mt-5 overflow-x-auto\" dir=\"auto\" data-message-author-role=\"assistant\" data-message-id=\"3d7d46f6-7ec2-4222-9257-48fa0bba23c6\" data-suggestions=\"true\">\n<div class=\"flex w-full flex-col gap-1 empty:hidden first:pt-[3px]\">\n<div class=\"markdown prose w-full break-words dark:prose-invert light\">\n<table width=\"288\">\n<tbody>\n<tr>\n<td width=\"137\"><span style=\"color: #333333;\">Nazwa produktu<\/span><\/td>\n<td width=\"151\">Torba na narz\u0119dzia<\/td>\n<\/tr>\n<tr>\n<td><span style=\"color: #333333;\">Pozycja nr.<\/span><\/td>\n<td><span style=\"color: #333333;\">PB-2124<\/span><\/td>\n<\/tr>\n<tr>\n<td><span style=\"color: #333333;\">Materia\u0142<\/span><\/td>\n<td>Nylon 1000D<\/td>\n<\/tr>\n<tr>\n<td><span style=\"color: #333333;\">Rozmiar i kolor<\/span><\/td>\n<td>8,8 x 1,5 x 6,8 cala<\/td>\n<\/tr>\n<tr>\n<td><span style=\"color: #333333;\">\u00a0Czas dostawy<\/span><\/td>\n<td><span style=\"color: #333333;\">1-5 dni dla ma\u0142ych ilo\u015bci drog\u0105 lotnicz\u0105 i 30-35 dni dla du\u017cych ilo\u015bci drog\u0105 morsk\u0105<\/span><\/td>\n<\/tr>\n<\/tbody>\n<\/table>\n<p class=\"ds-markdown-paragraph\">\u2705\u00a0<strong>Dlaczego dow\u00f3dcy wybieraj\u0105 nasz sprz\u0119t:<\/strong><\/p>\n<ul>\n<li>\n<p class=\"ds-markdown-paragraph\"><strong>Weryfikacja na polu bitwy<\/strong>: 1000D nylon powlekany PVC + podw\u00f3jne szwy (testowane zgodnie z MIL-STD-810G)<\/p>\n<\/li>\n<li>\n<p class=\"ds-markdown-paragraph\">Torba narz\u0119dziowa ODM\/OEM z pe\u0142nymi us\u0142ugami marki w\u0142asnej torby narz\u0119dziowej<\/p>\n<\/li>\n<li>\n<p class=\"ds-markdown-paragraph\">Produkcja masowa toreb narz\u0119dziowych o niskim MOQ (ponad 100 sztuk)<\/p>\n<\/li>\n<li>\n<p class=\"ds-markdown-paragraph\">Dyskretny eksport toreb narz\u0119dziowych z naszej bezpiecznej fabryki toreb narz\u0119dziowych<\/p>\n<\/li>\n<li>\n<p class=\"ds-markdown-paragraph\">Opcje zgodne z ITAR dla kontrakt\u00f3w obronnych<\/p>\n<\/li>\n<\/ul>\n<p class=\"ds-markdown-paragraph\">\ud83c\udfaf\u00a0<strong>Cechy Tactical Advantage:<\/strong><br \/>\n- Modu\u0142owa ta\u015bma MOLLE\/PALS + p\u0119tle na radio\/oporz\u0105dzenie<br \/>\n- Wodoszczelno\u015b\u0107 zanurzeniowa (stopie\u0144 ochrony IPX7)<br \/>\n- Panele administracyjne z szybkim dost\u0119pem + etui na dokumenty<br \/>\n- Niestandardowe konfiguracje dzi\u0119ki torbie narz\u0119dziowej OEM<\/p>\n<p class=\"ds-markdown-paragraph\">Idealny dla firm produkuj\u0105cych torby narz\u0119dziowe, dystrybutor\u00f3w wojskowych i sieci dostawc\u00f3w toreb narz\u0119dziowych. Zam\u00f3w BEZP\u0141ATN\u0104 us\u0142ug\u0119 projektowania CAD od dedykowanego producenta toreb narz\u0119dziowych ju\u017c dzi\u015b!<\/p>\n<\/div>\n<\/div>\n<\/div>\n<\/div>","protected":false},"excerpt":{"rendered":"<h2 data-immersive-translate-walked=\"344be1c1-5052-41eb-8fcd-0dbe236a0d6b\" data-immersive-translate-paragraph=\"1\">Niestandardowa taktyczna wojskowa torba na narz\u0119dzia<\/h2>\n<div>\n<p><strong>1. PRZEDNIA UKRYTA KIESZE\u0143: <\/strong>Ta torba ma przedni\u0105 komor\u0119 z zamkni\u0119ciem Hook-N-Loop, przednia cz\u0119\u015b\u0107 zewn\u0119trzna ma dwie du\u017ce przegrody z magicznym zamkni\u0119ciem klapy z naklejk\u0105, aby zapewni\u0107 dobr\u0105 organizacj\u0119 przedmiot\u00f3w i du\u017c\u0105 \u0142adowno\u015b\u0107.<\/p>\n<p><strong>2. MOLLE MOUNTED:<\/strong>\u00a0Kiesze\u0144 administracyjna Molle wyposa\u017cona jest w 2 tylne paski Molle z mocnymi zatrzaskami, kt\u00f3re idealnie pasuj\u0105 do 3 otwartych rz\u0119d\u00f3w ta\u015bm Molle na kamizelce, plecaku, chest rigu. \u015awietny dodatek do przedmiot\u00f3w, do kt\u00f3rych mo\u017cna si\u0119gn\u0105\u0107 bez zdejmowania plecaka.<\/p>\n<\/div>","protected":false},"featured_media":4217,"template":"","meta":{"_uag_custom_page_level_css":""},"product_brand":[],"product_cat":[49,46],"product_tag":[],"class_list":{"0":"post-4210","1":"product","2":"type-product","3":"status-publish","4":"has-post-thumbnail","6":"product_cat-tool-bag","7":"product_cat-fishing-bag","9":"first","10":"instock","11":"shipping-taxable","12":"product-type-simple"},"uagb_featured_image_src":{"full":["https:\/\/pecbag.com\/wp-content\/uploads\/2025\/06\/Custom-5.jpg",1500,1500,false],"thumbnail":["https:\/\/pecbag.com\/wp-content\/uploads\/2025\/06\/Custom-5-150x150.jpg",150,150,true],"medium":["https:\/\/pecbag.com\/wp-content\/uploads\/2025\/06\/Custom-5-300x300.jpg",300,300,true],"medium_large":["https:\/\/pecbag.com\/wp-content\/uploads\/2025\/06\/Custom-5-768x768.jpg",768,768,true],"large":["https:\/\/pecbag.com\/wp-content\/uploads\/2025\/06\/Custom-5-1024x1024.jpg",800,800,true],"1536x1536":["https:\/\/pecbag.com\/wp-content\/uploads\/2025\/06\/Custom-5.jpg",1500,1500,false],"2048x2048":["https:\/\/pecbag.com\/wp-content\/uploads\/2025\/06\/Custom-5.jpg",1500,1500,false],"trp-custom-language-flag":["https:\/\/pecbag.com\/wp-content\/uploads\/2025\/06\/Custom-5-12x12.jpg",12,12,true],"woocommerce_thumbnail":["https:\/\/pecbag.com\/wp-content\/uploads\/2025\/06\/Custom-5-300x300.jpg",300,300,true],"woocommerce_single":["https:\/\/pecbag.com\/wp-content\/uploads\/2025\/06\/Custom-5-600x600.jpg",600,600,true],"woocommerce_gallery_thumbnail":["https:\/\/pecbag.com\/wp-content\/uploads\/2025\/06\/Custom-5-100x100.jpg",100,100,true]},"uagb_author_info":{"display_name":"Lawrence","author_link":"https:\/\/pecbag.com\/pl\/author\/"},"uagb_comment_info":0,"uagb_excerpt":"Custom Tactical Military Tool Bag 1. FRONT HIDDEN POCKET: This pouch has a front compartment with Hook-N-Loop closure, the front exterior has two large compartments with a magic sticker flap closure to ensure your items well organized and strong loading capacity. 2. MOLLE MOUNTED:\u00a0Molle admin pouch equips 2 back Molle back straps with strong snaps&hellip;","_links":{"self":[{"href":"https:\/\/pecbag.com\/pl\/wp-json\/wp\/v2\/product\/4210","targetHints":{"allow":["GET"]}}],"collection":[{"href":"https:\/\/pecbag.com\/pl\/wp-json\/wp\/v2\/product"}],"about":[{"href":"https:\/\/pecbag.com\/pl\/wp-json\/wp\/v2\/types\/product"}],"wp:featuredmedia":[{"embeddable":true,"href":"https:\/\/pecbag.com\/pl\/wp-json\/wp\/v2\/media\/4217"}],"wp:attachment":[{"href":"https:\/\/pecbag.com\/pl\/wp-json\/wp\/v2\/media?parent=4210"}],"wp:term":[{"taxonomy":"product_brand","embeddable":true,"href":"https:\/\/pecbag.com\/pl\/wp-json\/wp\/v2\/product_brand?post=4210"},{"taxonomy":"product_cat","embeddable":true,"href":"https:\/\/pecbag.com\/pl\/wp-json\/wp\/v2\/product_cat?post=4210"},{"taxonomy":"product_tag","embeddable":true,"href":"https:\/\/pecbag.com\/pl\/wp-json\/wp\/v2\/product_tag?post=4210"}],"curies":[{"name":"wp","href":"https:\/\/api.w.org\/{rel}","templated":true}]}}