{"id":4219,"date":"2025-06-27T03:48:50","date_gmt":"2025-06-27T03:48:50","guid":{"rendered":"https:\/\/pecbag.com\/?post_type=product&#038;p=4219"},"modified":"2025-11-29T01:18:14","modified_gmt":"2025-11-29T01:18:14","slug":"premium-firefighter-turnout-fire-gear-tool-bag","status":"publish","type":"product","link":"https:\/\/pecbag.com\/pl\/premium-firefighter-turnout-fire-gear-tool-bag\/","title":{"rendered":"Torba narz\u0119dziowa Premium Firefighter Turnout Fire Gear"},"content":{"rendered":"<h5 title=\"Sk\u0142adana torba dla psa Oddychaj\u0105ca siatkowa torba na rami\u0119 dla ma\u0142ych ps\u00f3w i kot\u00f3w\" data-immersive-translate-walked=\"1c928421-2e42-4cd3-8754-5404553c0af5\" data-immersive-translate-paragraph=\"1\" data-spm-anchor-id=\"a2700.details.0.i35.4f6757d4w4zNZA\"><strong>Najwy\u017cszej jako\u015bci torba stra\u017cacka na sprz\u0119t przeciwpo\u017carowy Fabryka narz\u0119dzi | Fabryka wodoodpornych toreb i plecak\u00f3w taktycznych Producent | Klasa pierwszej pomocy<\/strong><\/h5>\n<p>Potrzebujesz zgodnych z NFPA toreb narz\u0119dziowych premium dla stra\u017cak\u00f3w dla dostawc\u00f3w us\u0142ug ratunkowych? Jako certyfikowana fabryka wodoodpornych toreb i producent plecak\u00f3w taktycznych w Chinach (Tool Bag China), projektujemy torby narz\u0119dziowe dla s\u0142u\u017cb ratowniczych z materia\u0142ami ognioodpornymi, paskami odblaskowymi i organizacj\u0105 szybkiego dost\u0119pu. Wsp\u00f3\u0142pracuj z naszym producentem toreb narz\u0119dziowych przy hurtowych zam\u00f3wieniach toreb narz\u0119dziowych - zaufali nam hurtownicy toreb narz\u0119dziowych, dostawcy komunalni i sprzedawcy toreb narz\u0119dziowych na ca\u0142ym \u015bwiecie.<\/p>\n<div class=\"flex flex-grow flex-col max-w-full\">\n<div class=\"min-h-[20px] text-message flex w-full flex-col items-end gap-2 whitespace-pre-wrap break-words [.text-message+&amp;]:mt-5 overflow-x-auto\" dir=\"auto\" data-message-author-role=\"assistant\" data-message-id=\"3d7d46f6-7ec2-4222-9257-48fa0bba23c6\" data-suggestions=\"true\">\n<div class=\"flex w-full flex-col gap-1 empty:hidden first:pt-[3px]\">\n<div class=\"markdown prose w-full break-words dark:prose-invert light\">\n<table width=\"288\">\n<tbody>\n<tr>\n<td width=\"137\"><span style=\"color: #333333;\">Nazwa produktu<\/span><\/td>\n<td width=\"151\">Torba na narz\u0119dzia<\/td>\n<\/tr>\n<tr>\n<td><span style=\"color: #333333;\">Pozycja nr.<\/span><\/td>\n<td><span style=\"color: #333333;\">PB-2125<\/span><\/td>\n<\/tr>\n<tr>\n<td><span style=\"color: #333333;\">Materia\u0142<\/span><\/td>\n<td>Ripstop<\/td>\n<\/tr>\n<tr>\n<td><span style=\"color: #333333;\">Rozmiar i kolor<\/span><\/td>\n<td>27 x 17 x 13 cali<\/td>\n<\/tr>\n<tr>\n<td><span style=\"color: #333333;\">\u00a0Czas dostawy<\/span><\/td>\n<td><span style=\"color: #333333;\">1-5 dni dla ma\u0142ych ilo\u015bci drog\u0105 lotnicz\u0105 i 30-35 dni dla du\u017cych ilo\u015bci drog\u0105 morsk\u0105<\/span><\/td>\n<\/tr>\n<\/tbody>\n<\/table>\n<p class=\"ds-markdown-paragraph\">\ud83d\udd25\u00a0<strong>Dlaczego stra\u017c po\u017carna wybiera nasze torby?<\/strong><\/p>\n<ul>\n<li>\n<p class=\"ds-markdown-paragraph\"><strong>Konstrukcja gotowa do rozruchu<\/strong>: Materia\u0142y odporne na 500\u00b0F + paski odblaskowe Hi-Vis (spe\u0142niaj\u0105ce normy NFPA 1971)<\/p>\n<\/li>\n<li>\n<p class=\"ds-markdown-paragraph\">Torba narz\u0119dziowa ODM\/OEM z pe\u0142nymi us\u0142ugami marki w\u0142asnej torby narz\u0119dziowej<\/p>\n<\/li>\n<li>\n<p class=\"ds-markdown-paragraph\">Produkcja masowa toreb narz\u0119dziowych o niskim MOQ (ponad 75 sztuk)<\/p>\n<\/li>\n<li>\n<p class=\"ds-markdown-paragraph\">Przyspieszony eksport toreb narz\u0119dziowych z naszej bezpiecznej fabryki toreb narz\u0119dziowych<\/p>\n<\/li>\n<li>\n<p class=\"ds-markdown-paragraph\">Ponad 20 lat jako zaufany dostawca toreb narz\u0119dziowych dla s\u0142u\u017cb ratowniczych<\/p>\n<\/li>\n<\/ul>\n<p class=\"ds-markdown-paragraph\">\ud83d\ude92\u00a0<strong>Funkcje ratuj\u0105ce \u017cycie:<\/strong><br \/>\n- Tkanina mieszana Nomex\u00ae\/Kevlar\u00ae (certyfikat ASTM F2733)<br \/>\n- Kompatybilny z Molle do integracji SCBA + p\u0119tle radiowe<br \/>\n- Wodoodporne przegr\u00f3dki + przelotki odwadniaj\u0105ce<br \/>\n- Niestandardowe konfiguracje dzi\u0119ki torbie narz\u0119dziowej OEM<\/p>\n<p class=\"ds-markdown-paragraph\">Idealny dla firm produkuj\u0105cych torby narz\u0119dziowe, dystrybutor\u00f3w komunalnych i sieci hurtowni toreb narz\u0119dziowych. Popro\u015b o BEZP\u0141ATNE raporty z test\u00f3w spalania od dedykowanego producenta toreb narz\u0119dziowych ju\u017c dzi\u015b!<\/p>\n<\/div>\n<\/div>\n<\/div>\n<\/div>","protected":false},"excerpt":{"rendered":"<h2 data-immersive-translate-walked=\"344be1c1-5052-41eb-8fcd-0dbe236a0d6b\" data-immersive-translate-paragraph=\"1\">Torba narz\u0119dziowa Premium Firefighter Turnout Fire Gear<\/h2>\n<div>\n<p>1. Torba na sprz\u0119t stra\u017cacki ma wzmocnione dno z ta\u015bmowymi uchwytami owini\u0119tymi wok\u00f3\u0142 torby, wy\u015bcie\u0142any uchwyt do przenoszenia.<\/p>\n<p>2. Sprawili\u015bmy, \u017ce nasza torba na sprz\u0119t turystyczny jest \u0142atwiejsza do chwycenia, przerzucenia przez rami\u0119 i szybkiego reagowania dzi\u0119ki d\u0142ugim, wytrzyma\u0142ym metalowym okuciom, odpinanemu, regulowanemu wy\u015bcie\u0142anemu paskowi na rami\u0119 z metalowymi klipsami.<\/p>\n<\/div>","protected":false},"featured_media":4224,"template":"","meta":{"_uag_custom_page_level_css":""},"product_brand":[],"product_cat":[49],"product_tag":[],"class_list":{"0":"post-4219","1":"product","2":"type-product","3":"status-publish","4":"has-post-thumbnail","6":"product_cat-tool-bag","8":"first","9":"instock","10":"shipping-taxable","11":"product-type-simple"},"uagb_featured_image_src":{"full":["https:\/\/pecbag.com\/wp-content\/uploads\/2025\/06\/Premium-Firefighter-Turnout-Fire-Gear-Tool-Bag-2.jpg",2000,2000,false],"thumbnail":["https:\/\/pecbag.com\/wp-content\/uploads\/2025\/06\/Premium-Firefighter-Turnout-Fire-Gear-Tool-Bag-2-150x150.jpg",150,150,true],"medium":["https:\/\/pecbag.com\/wp-content\/uploads\/2025\/06\/Premium-Firefighter-Turnout-Fire-Gear-Tool-Bag-2-300x300.jpg",300,300,true],"medium_large":["https:\/\/pecbag.com\/wp-content\/uploads\/2025\/06\/Premium-Firefighter-Turnout-Fire-Gear-Tool-Bag-2-768x768.jpg",768,768,true],"large":["https:\/\/pecbag.com\/wp-content\/uploads\/2025\/06\/Premium-Firefighter-Turnout-Fire-Gear-Tool-Bag-2-1024x1024.jpg",800,800,true],"1536x1536":["https:\/\/pecbag.com\/wp-content\/uploads\/2025\/06\/Premium-Firefighter-Turnout-Fire-Gear-Tool-Bag-2-1536x1536.jpg",1536,1536,true],"2048x2048":["https:\/\/pecbag.com\/wp-content\/uploads\/2025\/06\/Premium-Firefighter-Turnout-Fire-Gear-Tool-Bag-2.jpg",2000,2000,false],"trp-custom-language-flag":["https:\/\/pecbag.com\/wp-content\/uploads\/2025\/06\/Premium-Firefighter-Turnout-Fire-Gear-Tool-Bag-2-12x12.jpg",12,12,true],"woocommerce_thumbnail":["https:\/\/pecbag.com\/wp-content\/uploads\/2025\/06\/Premium-Firefighter-Turnout-Fire-Gear-Tool-Bag-2-300x300.jpg",300,300,true],"woocommerce_single":["https:\/\/pecbag.com\/wp-content\/uploads\/2025\/06\/Premium-Firefighter-Turnout-Fire-Gear-Tool-Bag-2-600x600.jpg",600,600,true],"woocommerce_gallery_thumbnail":["https:\/\/pecbag.com\/wp-content\/uploads\/2025\/06\/Premium-Firefighter-Turnout-Fire-Gear-Tool-Bag-2-100x100.jpg",100,100,true]},"uagb_author_info":{"display_name":"Lawrence","author_link":"https:\/\/pecbag.com\/pl\/author\/"},"uagb_comment_info":0,"uagb_excerpt":"Premium Firefighter Turnout Fire Gear Tool Bag 1. The firefighter gear bag has a reinforced bottom with webbing handles wrapped around the bag, a padded carrying handle. 2. We've made our turnout gear bag easier to grab, throw over a shoulder, and respond quickly by including long, heavy-duty metal hardware, a removable, adjustable padded shoulder&hellip;","_links":{"self":[{"href":"https:\/\/pecbag.com\/pl\/wp-json\/wp\/v2\/product\/4219","targetHints":{"allow":["GET"]}}],"collection":[{"href":"https:\/\/pecbag.com\/pl\/wp-json\/wp\/v2\/product"}],"about":[{"href":"https:\/\/pecbag.com\/pl\/wp-json\/wp\/v2\/types\/product"}],"wp:featuredmedia":[{"embeddable":true,"href":"https:\/\/pecbag.com\/pl\/wp-json\/wp\/v2\/media\/4224"}],"wp:attachment":[{"href":"https:\/\/pecbag.com\/pl\/wp-json\/wp\/v2\/media?parent=4219"}],"wp:term":[{"taxonomy":"product_brand","embeddable":true,"href":"https:\/\/pecbag.com\/pl\/wp-json\/wp\/v2\/product_brand?post=4219"},{"taxonomy":"product_cat","embeddable":true,"href":"https:\/\/pecbag.com\/pl\/wp-json\/wp\/v2\/product_cat?post=4219"},{"taxonomy":"product_tag","embeddable":true,"href":"https:\/\/pecbag.com\/pl\/wp-json\/wp\/v2\/product_tag?post=4219"}],"curies":[{"name":"wp","href":"https:\/\/api.w.org\/{rel}","templated":true}]}}