{"id":4241,"date":"2025-06-28T06:38:30","date_gmt":"2025-06-28T06:38:30","guid":{"rendered":"https:\/\/pecbag.com\/?post_type=product&#038;p=4241"},"modified":"2025-11-29T01:14:38","modified_gmt":"2025-11-29T01:14:38","slug":"tsa-approved-quart-size-bag-factory","status":"publish","type":"product","link":"https:\/\/pecbag.com\/pl\/tsa-approved-quart-size-bag-factory\/","title":{"rendered":"Fabrycznie zatwierdzona przez TSA torba w rozmiarze Quart"},"content":{"rendered":"<h5 title=\"Sk\u0142adana torba dla psa Oddychaj\u0105ca siatkowa torba na rami\u0119 dla ma\u0142ych ps\u00f3w i kot\u00f3w\" data-immersive-translate-walked=\"1c928421-2e42-4cd3-8754-5404553c0af5\" data-immersive-translate-paragraph=\"1\" data-spm-anchor-id=\"a2700.details.0.i35.4f6757d4w4zNZA\"><strong>Zatwierdzona przez TSA fabryka toreb w rozmiarze Quart | Zgodna z przepisami fabryka toreb wodoodpornych i producent plecak\u00f3w podr\u00f3\u017cnych | Gotowy do kontroli bezpiecze\u0144stwa<\/strong><\/h5>\n<p>Potrzebujesz niezawodnych toreb kwartalnych zatwierdzonych przez TSA do swojej linii akcesori\u00f3w podr\u00f3\u017cnych? Jako certyfikowana fabryka toreb wodoodpornych i producent plecak\u00f3w podr\u00f3\u017cnych w Chinach (Makeup Bag China), produkujemy zgodne z przepisami przezroczyste torby kwartowe o wymiarach 7\u2033x8\u2033 ze znaczkami wst\u0119pnej kontroli TSA, szczelnymi uszczelkami i trwa\u0142ym materia\u0142em PVC. Wsp\u00f3\u0142pracuj z naszym producentem toreb do makija\u017cu przy hurtowych zam\u00f3wieniach toreb do makija\u017cu - zaufali mu hurtownicy toreb do makija\u017cu, sprzedawcy detaliczni z bran\u017cy turystycznej i sprzedawcy toreb do makija\u017cu na ca\u0142ym \u015bwiecie.<\/p>\n<div class=\"flex flex-grow flex-col max-w-full\">\n<div class=\"min-h-[20px] text-message flex w-full flex-col items-end gap-2 whitespace-pre-wrap break-words [.text-message+&amp;]:mt-5 overflow-x-auto\" dir=\"auto\" data-message-author-role=\"assistant\" data-message-id=\"3d7d46f6-7ec2-4222-9257-48fa0bba23c6\" data-suggestions=\"true\">\n<div class=\"flex w-full flex-col gap-1 empty:hidden first:pt-[3px]\">\n<div class=\"markdown prose w-full break-words dark:prose-invert light\">\n<table width=\"288\">\n<tbody>\n<tr>\n<td width=\"137\"><span style=\"color: #333333;\">Nazwa produktu<\/span><\/td>\n<td width=\"151\"><span style=\"color: #333333;\">Torebka do makija\u017cu<\/span><\/td>\n<\/tr>\n<tr>\n<td><span style=\"color: #333333;\">Pozycja nr.<\/span><\/td>\n<td><span style=\"color: #333333;\">PB-2128<\/span><\/td>\n<\/tr>\n<tr>\n<td><span style=\"color: #333333;\">Materia\u0142<\/span><\/td>\n<td>Tworzywo sztuczne PVC<\/td>\n<\/tr>\n<tr>\n<td><span style=\"color: #333333;\">Rozmiar<\/span><\/td>\n<td>5,5 x 1,5 x 7 cali<\/td>\n<\/tr>\n<tr>\n<td><span style=\"color: #333333;\">\u00a0Czas dostawy<\/span><\/td>\n<td><span style=\"color: #333333;\">1-5 dni dla ma\u0142ych ilo\u015bci drog\u0105 lotnicz\u0105 i 30-35 dni dla du\u017cych ilo\u015bci drog\u0105 morsk\u0105<\/span><\/td>\n<\/tr>\n<\/tbody>\n<\/table>\n<p class=\"ds-markdown-paragraph\">\u2705\u00a0<strong>Dlaczego marki turystyczne wybieraj\u0105 nas:<\/strong><\/p>\n<ul>\n<li>\n<p class=\"ds-markdown-paragraph\"><strong>Gwarantowana zgodno\u015b\u0107<\/strong>: Wst\u0119pnie zadrukowane etykiety TSA 3-1-1 + dok\u0142adne wymiary 7\u2033x8\u2033 (przechodzi testy lotniskowe 100%)<\/p>\n<\/li>\n<li>\n<p class=\"ds-markdown-paragraph\">Torba do makija\u017cu ODM \/ OEM z pe\u0142nymi us\u0142ugami marki w\u0142asnej torby do makija\u017cu<\/p>\n<\/li>\n<li>\n<p class=\"ds-markdown-paragraph\">Produkcja masowa torebek do makija\u017cu o niskim MOQ<\/p>\n<\/li>\n<li>\n<p class=\"ds-markdown-paragraph\">Szybki eksport toreb do makija\u017cu z naszej fabryki toreb do makija\u017cu z certyfikatem ISO<\/p>\n<\/li>\n<li>\n<p class=\"ds-markdown-paragraph\">Ponad 10 lat jako wiod\u0105cy dostawca kosmetyczek i akcesori\u00f3w podr\u00f3\u017cnych<\/p>\n<\/li>\n<\/ul>\n<p class=\"ds-markdown-paragraph\">\u2708\ufe0f\u00a0<strong>Funkcje gotowe do kontroli bezpiecze\u0144stwa:<\/strong><br \/>\n- Krystalicznie przezroczysty PVC o grubo\u015bci 0,15 mm (przechodzi testy udarno\u015bci ASTM D1709)<br \/>\n- Podw\u00f3jny zamek b\u0142yskawiczny + wzmocnione wstawki<br \/>\n- Wst\u0119pnie zadrukowane wytyczne TSA z mo\u017cliwo\u015bci\u0105 personalizacji<br \/>\n- Opcje brandingu za po\u015brednictwem Makeup Bag OEM<\/p>\n<p class=\"ds-markdown-paragraph\">Idealne rozwi\u0105zanie dla firm produkuj\u0105cych kosmetyczki, sprzedawc\u00f3w detalicznych na lotniskach i sieci hurtowni kosmetyczek. Popro\u015b o BEZP\u0141ATNE raporty z test\u00f3w TSA od dedykowanego producenta kosmetyczek ju\u017c dzi\u015b!<\/p>\n<\/div>\n<\/div>\n<\/div>\n<\/div>","protected":false},"excerpt":{"rendered":"<h2 data-immersive-translate-walked=\"344be1c1-5052-41eb-8fcd-0dbe236a0d6b\" data-immersive-translate-paragraph=\"1\">Fabrycznie zatwierdzona przez TSA torba w rozmiarze Quart<\/h2>\n<p><span class=\"a-list-item\" data-immersive-translate-walked=\"715acf7f-eace-48a9-ba5a-e6299d7cb9a1\" data-immersive-translate-paragraph=\"1\">1. Torba na przybory toaletowe zatwierdzona przez TSA: (rozmiar 7 x 5,5 x 1,5 cala) Pasuje do toreb kwartalnych, co czyni j\u0105 prawdziwym rozmiarem zatwierdzonym przez TSA. Dodatkowo nasza torba podr\u00f3\u017cna 311 jest w pe\u0142ni przezroczysta, spe\u0142niaj\u0105c wszystkie wymagania TSA.<\/span><\/p>\n<p><span class=\"a-list-item\" data-immersive-translate-walked=\"715acf7f-eace-48a9-ba5a-e6299d7cb9a1\" data-immersive-translate-paragraph=\"1\">2. Dodatkowa kiesze\u0144: Nasz przezroczysty organizer do kosmetyczki posiada dodatkow\u0105 kiesze\u0144 na waciki, zatyczki do uszu i drobne przedmioty. Ta przezroczysta saszetka na suwak ma r\u00f3wnie\u017c uchwyty na szczoteczk\u0119 do z\u0119b\u00f3w lub maszynk\u0119 do golenia.<\/span><\/p>\n<p><span class=\"a-list-item\" data-immersive-translate-walked=\"715acf7f-eace-48a9-ba5a-e6299d7cb9a1\" data-immersive-translate-paragraph=\"1\">3. Wygodny uchwyt: Ta przezroczysta kosmetyczka wyposa\u017cona jest w ma\u0142y uchwyt, kt\u00f3ry u\u0142atwia zarz\u0105dzanie kosmetykami w \u0142azience. T\u0119 podr\u00f3\u017cn\u0105 kosmetyczk\u0119 mo\u017cna \u0142atwo wyci\u0105gn\u0105\u0107 z baga\u017cu.<\/span><\/p>\n<p><span class=\"a-list-item\" data-immersive-translate-walked=\"715acf7f-eace-48a9-ba5a-e6299d7cb9a1\" data-immersive-translate-paragraph=\"1\">4. Wysokiej jako\u015bci materia\u0142y: Przezroczysta torba podr\u00f3\u017cna Olanmark jest wykonana z wytrzyma\u0142ego tworzywa sztucznego PVC. Nasza kosmetyczka samochodowa posiada r\u00f3wnie\u017c niezawodny zamek b\u0142yskawiczny, zapewniaj\u0105cy d\u0142ugotrwa\u0142e u\u017cytkowanie i przechowywanie.<\/span><\/p>","protected":false},"featured_media":4243,"template":"","meta":{"_uag_custom_page_level_css":""},"product_brand":[],"product_cat":[53],"product_tag":[],"class_list":{"0":"post-4241","1":"product","2":"type-product","3":"status-publish","4":"has-post-thumbnail","6":"product_cat-makeup-bag","8":"first","9":"instock","10":"shipping-taxable","11":"product-type-simple"},"uagb_featured_image_src":{"full":["https:\/\/pecbag.com\/wp-content\/uploads\/2025\/06\/TSA-Approved-Quart-Size-Bag-Factory-4.jpg",2000,2000,false],"thumbnail":["https:\/\/pecbag.com\/wp-content\/uploads\/2025\/06\/TSA-Approved-Quart-Size-Bag-Factory-4-150x150.jpg",150,150,true],"medium":["https:\/\/pecbag.com\/wp-content\/uploads\/2025\/06\/TSA-Approved-Quart-Size-Bag-Factory-4-300x300.jpg",300,300,true],"medium_large":["https:\/\/pecbag.com\/wp-content\/uploads\/2025\/06\/TSA-Approved-Quart-Size-Bag-Factory-4-768x768.jpg",768,768,true],"large":["https:\/\/pecbag.com\/wp-content\/uploads\/2025\/06\/TSA-Approved-Quart-Size-Bag-Factory-4-1024x1024.jpg",800,800,true],"1536x1536":["https:\/\/pecbag.com\/wp-content\/uploads\/2025\/06\/TSA-Approved-Quart-Size-Bag-Factory-4-1536x1536.jpg",1536,1536,true],"2048x2048":["https:\/\/pecbag.com\/wp-content\/uploads\/2025\/06\/TSA-Approved-Quart-Size-Bag-Factory-4.jpg",2000,2000,false],"trp-custom-language-flag":["https:\/\/pecbag.com\/wp-content\/uploads\/2025\/06\/TSA-Approved-Quart-Size-Bag-Factory-4-12x12.jpg",12,12,true],"woocommerce_thumbnail":["https:\/\/pecbag.com\/wp-content\/uploads\/2025\/06\/TSA-Approved-Quart-Size-Bag-Factory-4-300x300.jpg",300,300,true],"woocommerce_single":["https:\/\/pecbag.com\/wp-content\/uploads\/2025\/06\/TSA-Approved-Quart-Size-Bag-Factory-4-600x600.jpg",600,600,true],"woocommerce_gallery_thumbnail":["https:\/\/pecbag.com\/wp-content\/uploads\/2025\/06\/TSA-Approved-Quart-Size-Bag-Factory-4-100x100.jpg",100,100,true]},"uagb_author_info":{"display_name":"Lawrence","author_link":"https:\/\/pecbag.com\/pl\/author\/"},"uagb_comment_info":0,"uagb_excerpt":"TSA Approved Quart Size Bag Factory 1. TSA-approved toiletry bag: (size 7 x 5.5 x 1.5 inches) Matches quart-size bags, making it a true TSA-approved size. Additionally, our 311 travel bag is fully clear, meeting all TSA requirements. 2. Additional pocket: Our clear makeup bag organizer has an extra pocket for cotton discs, earplugs, and&hellip;","_links":{"self":[{"href":"https:\/\/pecbag.com\/pl\/wp-json\/wp\/v2\/product\/4241","targetHints":{"allow":["GET"]}}],"collection":[{"href":"https:\/\/pecbag.com\/pl\/wp-json\/wp\/v2\/product"}],"about":[{"href":"https:\/\/pecbag.com\/pl\/wp-json\/wp\/v2\/types\/product"}],"wp:featuredmedia":[{"embeddable":true,"href":"https:\/\/pecbag.com\/pl\/wp-json\/wp\/v2\/media\/4243"}],"wp:attachment":[{"href":"https:\/\/pecbag.com\/pl\/wp-json\/wp\/v2\/media?parent=4241"}],"wp:term":[{"taxonomy":"product_brand","embeddable":true,"href":"https:\/\/pecbag.com\/pl\/wp-json\/wp\/v2\/product_brand?post=4241"},{"taxonomy":"product_cat","embeddable":true,"href":"https:\/\/pecbag.com\/pl\/wp-json\/wp\/v2\/product_cat?post=4241"},{"taxonomy":"product_tag","embeddable":true,"href":"https:\/\/pecbag.com\/pl\/wp-json\/wp\/v2\/product_tag?post=4241"}],"curies":[{"name":"wp","href":"https:\/\/api.w.org\/{rel}","templated":true}]}}