{"id":4278,"date":"2025-06-30T01:45:29","date_gmt":"2025-06-30T01:45:29","guid":{"rendered":"https:\/\/pecbag.com\/?post_type=product&#038;p=4278"},"modified":"2025-11-29T01:14:00","modified_gmt":"2025-11-29T01:14:00","slug":"packable-travel-training-tactical-bag-factory","status":"publish","type":"product","link":"https:\/\/pecbag.com\/pl\/packable-travel-training-tactical-bag-factory\/","title":{"rendered":"Pakowna podr\u00f3\u017cna taktyczna torba treningowa Factory"},"content":{"rendered":"<h5 title=\"Sk\u0142adana torba dla psa Oddychaj\u0105ca siatkowa torba na rami\u0119 dla ma\u0142ych ps\u00f3w i kot\u00f3w\" data-immersive-translate-walked=\"1c928421-2e42-4cd3-8754-5404553c0af5\" data-immersive-translate-paragraph=\"1\" data-spm-anchor-id=\"a2700.details.0.i35.4f6757d4w4zNZA\"><strong>Pakowna podr\u00f3\u017cna torba taktyczna Fabryka | Fabryka wodoodpornych toreb i producent kompaktowych plecak\u00f3w | Sk\u0142adana luzem<\/strong><\/h5>\n<p>Potrzebujesz wszechstronnych, \u0142atwych do spakowania taktycznych toreb treningowych, kt\u00f3re mo\u017cna przekszta\u0142ci\u0107 z kompaktowych w gotowe do walki? Jako certyfikowana fabryka wodoodpornych toreb i producent plecak\u00f3w taktycznych w Chinach (Tactical Bag China), projektujemy sk\u0142adane torby taktyczne, kt\u00f3re kompresuj\u0105 si\u0119 do rozmiaru 30% przy zachowaniu trwa\u0142o\u015bci MIL-SPEC. Wsp\u00f3\u0142pracuj z naszym producentem toreb taktycznych przy hurtowych zam\u00f3wieniach toreb taktycznych - zaufali nam hurtownicy toreb taktycznych, sprzedawcy detaliczni i sprzedawcy toreb taktycznych na ca\u0142ym \u015bwiecie.<\/p>\n<div class=\"flex flex-grow flex-col max-w-full\">\n<div class=\"min-h-[20px] text-message flex w-full flex-col items-end gap-2 whitespace-pre-wrap break-words [.text-message+&amp;]:mt-5 overflow-x-auto\" dir=\"auto\" data-message-author-role=\"assistant\" data-message-id=\"3d7d46f6-7ec2-4222-9257-48fa0bba23c6\" data-suggestions=\"true\">\n<div class=\"flex w-full flex-col gap-1 empty:hidden first:pt-[3px]\">\n<div class=\"markdown prose w-full break-words dark:prose-invert light\">\n<table width=\"288\">\n<tbody>\n<tr>\n<td width=\"137\"><span style=\"color: #333333;\">Nazwa produktu<\/span><\/td>\n<td width=\"151\">Torba taktyczna<\/td>\n<\/tr>\n<tr>\n<td><span style=\"color: #333333;\">Pozycja nr.<\/span><\/td>\n<td><span style=\"color: #333333;\">PB-2130<\/span><\/td>\n<\/tr>\n<tr>\n<td><span style=\"color: #333333;\">Materia\u0142<\/span><\/td>\n<td>600D poliester<\/td>\n<\/tr>\n<tr>\n<td><span style=\"color: #333333;\">Rozmiar<\/span><\/td>\n<td>63 x 33 x 29 cm<\/td>\n<\/tr>\n<tr>\n<td><span style=\"color: #333333;\">\u00a0Czas dostawy<\/span><\/td>\n<td><span style=\"color: #333333;\">1-5 dni dla ma\u0142ych ilo\u015bci drog\u0105 lotnicz\u0105 i 30-35 dni dla du\u017cych ilo\u015bci drog\u0105 morsk\u0105<\/span><\/td>\n<\/tr>\n<\/tbody>\n<\/table>\n<p class=\"ds-markdown-paragraph\">\u2705\u00a0<strong>Dlaczego o\u015brodki szkoleniowe i marki turystyczne wybieraj\u0105 nas:<\/strong><\/p>\n<ul>\n<li>\n<p class=\"ds-markdown-paragraph\"><strong>Funkcjonalno\u015b\u0107 3 w 1<\/strong>: Rozk\u0142ada si\u0119 z plecaka na co dzie\u0144 (20L) do torby na misj\u0119 (40L) w 10 sekund<\/p>\n<\/li>\n<li>\n<p class=\"ds-markdown-paragraph\">Torba taktyczna ODM\/OEM z kompletnymi us\u0142ugami marki w\u0142asnej torby taktycznej<\/p>\n<\/li>\n<li>\n<p class=\"ds-markdown-paragraph\">Niskie MOQ Taktyczna torba do produkcji masowej<\/p>\n<\/li>\n<li>\n<p class=\"ds-markdown-paragraph\">Szybki eksport toreb taktycznych z naszej fabryki toreb taktycznych z certyfikatem ISO<\/p>\n<\/li>\n<li>\n<p class=\"ds-markdown-paragraph\">Produkujemy r\u00f3wnie\u017c masowo torby do makija\u017cu dla marek kosmetycznych<\/p>\n<\/li>\n<\/ul>\n<p class=\"ds-markdown-paragraph\">\ud83c\udf92\u00a0<strong>Funkcje gotowe do wdro\u017cenia:<\/strong><br \/>\n- Ultra-pakowalny 420D ripstop (sk\u0142ada si\u0119 do woreczka 8\u2033x5\u2033)<br \/>\n- Wodoodporna pow\u0142oka TPU + kompatybilno\u015b\u0107 z MOLLE po rozszerzeniu<br \/>\n- Ukryty r\u0119kaw na dokumenty + kiesze\u0144 blokuj\u0105ca RFID<br \/>\n- Niestandardowe konfiguracje za po\u015brednictwem Tactical Bag OEM<\/p>\n<p class=\"ds-markdown-paragraph\">Idealne rozwi\u0105zanie dla firm produkuj\u0105cych torby taktyczne, dystrybutor\u00f3w sprz\u0119tu fitness i sieci dostawc\u00f3w toreb taktycznych. Popro\u015b o BEZP\u0141ATN\u0104 prezentacj\u0119 mo\u017cliwo\u015bci pakowania od dedykowanego producenta toreb taktycznych ju\u017c dzi\u015b!<\/p>\n<\/div>\n<\/div>\n<\/div>\n<\/div>","protected":false},"excerpt":{"rendered":"<h2 data-immersive-translate-walked=\"344be1c1-5052-41eb-8fcd-0dbe236a0d6b\" data-immersive-translate-paragraph=\"1\">Pakowna podr\u00f3\u017cna taktyczna torba treningowa Factory<\/h2>\n<div class=\"sliderTable mt10 mb10 sliderTable-index0\">\n<div class=\"inner\">\n<div>Mo\u017ce by\u0107 u\u017cywana jako torba taktyczna, torba treningowa, torba podr\u00f3\u017cna, torba fitness, torba na si\u0142owni\u0119 dla m\u0119\u017cczyzn i kobiet.<\/div>\n<\/div>\n<\/div>","protected":false},"featured_media":4282,"template":"","meta":{"_uag_custom_page_level_css":""},"product_brand":[],"product_cat":[55,63,68],"product_tag":[],"class_list":{"0":"post-4278","1":"product","2":"type-product","3":"status-publish","4":"has-post-thumbnail","6":"product_cat-tactical-bag","7":"product_cat-duffel-bag","8":"product_cat-travel-bag","10":"first","11":"instock","12":"shipping-taxable","13":"product-type-simple"},"uagb_featured_image_src":{"full":["https:\/\/pecbag.com\/wp-content\/uploads\/2025\/06\/Packable-Travel-Training-Tactical-Bag-Factory-2.jpg",1000,1000,false],"thumbnail":["https:\/\/pecbag.com\/wp-content\/uploads\/2025\/06\/Packable-Travel-Training-Tactical-Bag-Factory-2-150x150.jpg",150,150,true],"medium":["https:\/\/pecbag.com\/wp-content\/uploads\/2025\/06\/Packable-Travel-Training-Tactical-Bag-Factory-2-300x300.jpg",300,300,true],"medium_large":["https:\/\/pecbag.com\/wp-content\/uploads\/2025\/06\/Packable-Travel-Training-Tactical-Bag-Factory-2-768x768.jpg",768,768,true],"large":["https:\/\/pecbag.com\/wp-content\/uploads\/2025\/06\/Packable-Travel-Training-Tactical-Bag-Factory-2.jpg",800,800,false],"1536x1536":["https:\/\/pecbag.com\/wp-content\/uploads\/2025\/06\/Packable-Travel-Training-Tactical-Bag-Factory-2.jpg",1000,1000,false],"2048x2048":["https:\/\/pecbag.com\/wp-content\/uploads\/2025\/06\/Packable-Travel-Training-Tactical-Bag-Factory-2.jpg",1000,1000,false],"trp-custom-language-flag":["https:\/\/pecbag.com\/wp-content\/uploads\/2025\/06\/Packable-Travel-Training-Tactical-Bag-Factory-2-12x12.jpg",12,12,true],"woocommerce_thumbnail":["https:\/\/pecbag.com\/wp-content\/uploads\/2025\/06\/Packable-Travel-Training-Tactical-Bag-Factory-2-300x300.jpg",300,300,true],"woocommerce_single":["https:\/\/pecbag.com\/wp-content\/uploads\/2025\/06\/Packable-Travel-Training-Tactical-Bag-Factory-2-600x600.jpg",600,600,true],"woocommerce_gallery_thumbnail":["https:\/\/pecbag.com\/wp-content\/uploads\/2025\/06\/Packable-Travel-Training-Tactical-Bag-Factory-2-100x100.jpg",100,100,true]},"uagb_author_info":{"display_name":"Lawrence","author_link":"https:\/\/pecbag.com\/pl\/author\/"},"uagb_comment_info":0,"uagb_excerpt":"Packable Travel Training Tactical Bag Factory It can be used as a tactical bag, workout bag, travel bag, fitness bag, gym bag for men and women.","_links":{"self":[{"href":"https:\/\/pecbag.com\/pl\/wp-json\/wp\/v2\/product\/4278","targetHints":{"allow":["GET"]}}],"collection":[{"href":"https:\/\/pecbag.com\/pl\/wp-json\/wp\/v2\/product"}],"about":[{"href":"https:\/\/pecbag.com\/pl\/wp-json\/wp\/v2\/types\/product"}],"wp:featuredmedia":[{"embeddable":true,"href":"https:\/\/pecbag.com\/pl\/wp-json\/wp\/v2\/media\/4282"}],"wp:attachment":[{"href":"https:\/\/pecbag.com\/pl\/wp-json\/wp\/v2\/media?parent=4278"}],"wp:term":[{"taxonomy":"product_brand","embeddable":true,"href":"https:\/\/pecbag.com\/pl\/wp-json\/wp\/v2\/product_brand?post=4278"},{"taxonomy":"product_cat","embeddable":true,"href":"https:\/\/pecbag.com\/pl\/wp-json\/wp\/v2\/product_cat?post=4278"},{"taxonomy":"product_tag","embeddable":true,"href":"https:\/\/pecbag.com\/pl\/wp-json\/wp\/v2\/product_tag?post=4278"}],"curies":[{"name":"wp","href":"https:\/\/api.w.org\/{rel}","templated":true}]}}