{"id":4285,"date":"2025-07-02T06:12:44","date_gmt":"2025-07-02T06:12:44","guid":{"rendered":"https:\/\/pecbag.com\/?post_type=product&#038;p=4285"},"modified":"2025-11-29T01:13:52","modified_gmt":"2025-11-29T01:13:52","slug":"magazine-slots-tactical-duffle-bag-vendor","status":"publish","type":"product","link":"https:\/\/pecbag.com\/pl\/magazine-slots-tactical-duffle-bag-vendor\/","title":{"rendered":"Torba taktyczna Duffle Vendor z kieszeniami na magazynki"},"content":{"rendered":"<h5 title=\"Sk\u0142adana torba dla psa Oddychaj\u0105ca siatkowa torba na rami\u0119 dla ma\u0142ych ps\u00f3w i kot\u00f3w\" data-immersive-translate-walked=\"1c928421-2e42-4cd3-8754-5404553c0af5\" data-immersive-translate-paragraph=\"1\" data-spm-anchor-id=\"a2700.details.0.i35.4f6757d4w4zNZA\"><strong>Miejsce na magazynek Taktyczna torba Duffle Sprzedawca | Fabryka toreb wodoodpornych i plecak\u00f3w taktycznych Producent | Gotowy do u\u017cycia luzem<\/strong><\/h5>\n<p>Potrzebujesz torby taktycznej ze specjalnymi otworami na magazynki dla dystrybutor\u00f3w wojskowych lub bezpiecze\u0144stwa? Jako certyfikowana fabryka wodoodpornych toreb i producent plecak\u00f3w taktycznych w Chinach (Tactical Bag China), projektujemy gotowe do misji torby z szybko dost\u0119pnymi przegrodami na amunicj\u0119, panelami MOLLE i ochron\u0105 przed zanurzeniem. Wsp\u00f3\u0142pracuj z naszym producentem toreb taktycznych przy hurtowych zam\u00f3wieniach toreb taktycznych - zaufali nam dostawcy rz\u0105dowi i sprzedawcy toreb taktycznych na ca\u0142ym \u015bwiecie.<\/p>\n<div class=\"flex flex-grow flex-col max-w-full\">\n<div class=\"min-h-[20px] text-message flex w-full flex-col items-end gap-2 whitespace-pre-wrap break-words [.text-message+&amp;]:mt-5 overflow-x-auto\" dir=\"auto\" data-message-author-role=\"assistant\" data-message-id=\"3d7d46f6-7ec2-4222-9257-48fa0bba23c6\" data-suggestions=\"true\">\n<div class=\"flex w-full flex-col gap-1 empty:hidden first:pt-[3px]\">\n<div class=\"markdown prose w-full break-words dark:prose-invert light\">\n<table width=\"288\">\n<tbody>\n<tr>\n<td width=\"137\"><span style=\"color: #333333;\">Nazwa produktu<\/span><\/td>\n<td width=\"151\">Torba taktyczna<\/td>\n<\/tr>\n<tr>\n<td><span style=\"color: #333333;\">Pozycja nr.<\/span><\/td>\n<td><span style=\"color: #333333;\">PB-2131<\/span><\/td>\n<\/tr>\n<tr>\n<td><span style=\"color: #333333;\">Materia\u0142<\/span><\/td>\n<td>600D poliester<\/td>\n<\/tr>\n<tr>\n<td><span style=\"color: #333333;\">Rozmiar<\/span><\/td>\n<td>42 x 32 x 23 cm<\/td>\n<\/tr>\n<tr>\n<td><span style=\"color: #333333;\">\u00a0Czas dostawy<\/span><\/td>\n<td><span style=\"color: #333333;\">1-5 dni dla ma\u0142ych ilo\u015bci drog\u0105 lotnicz\u0105 i 30-35 dni dla du\u017cych ilo\u015bci drog\u0105 morsk\u0105<\/span><\/td>\n<\/tr>\n<\/tbody>\n<\/table>\n<p class=\"ds-markdown-paragraph\">\u2705\u00a0<strong>Dlaczego dystrybutorzy taktyczni wybieraj\u0105 nas:<\/strong><\/p>\n<ul>\n<li>\n<p class=\"ds-markdown-paragraph\"><strong>Konstrukcja szybkiego prze\u0142adowania<\/strong>: Dedykowane gniazda na magazynki (mieszcz\u0105ce ponad 8 standardowych magazynk\u00f3w) + odrywany panel administracyjny<\/p>\n<\/li>\n<li>\n<p class=\"ds-markdown-paragraph\">Torba taktyczna ODM\/OEM z pe\u0142nymi us\u0142ugami marki w\u0142asnej torby taktycznej<\/p>\n<\/li>\n<li>\n<p class=\"ds-markdown-paragraph\">Niskie MOQ Taktyczna torba do produkcji masowej<\/p>\n<\/li>\n<li>\n<p class=\"ds-markdown-paragraph\">Dyskretna torba taktyczna eksportowana z naszej bezpiecznej fabryki toreb taktycznych<\/p>\n<\/li>\n<li>\n<p class=\"ds-markdown-paragraph\">Produkujemy r\u00f3wnie\u017c masowo torby do makija\u017cu dla marek komercyjnych<\/p>\n<\/li>\n<\/ul>\n<p class=\"ds-markdown-paragraph\">\ud83c\udf92\u00a0<strong>Sprawdzone w praktyce funkcje:<\/strong><br \/>\n- Wodoodporna komora g\u0142\u00f3wna IPX7 + przelotki drena\u017cowe<br \/>\n- Nylon 1000D Cordura z odpornym na \u015bcieranie spodem<br \/>\n- Mo\u017cliwo\u015b\u0107 noszenia na ramieniu\/plecaku\/uchwycie<br \/>\n- Niestandardowe konfiguracje gniazd za po\u015brednictwemTactical Bag OEM<\/p>\n<p class=\"ds-markdown-paragraph\">Idealny dla firm produkuj\u0105cych torby taktyczne, dystrybutor\u00f3w sprz\u0119tu obronnego i sieci dostawc\u00f3w toreb taktycznych. Popro\u015b o BEZP\u0141ATNE filmy demonstracyjne przedzia\u0142\u00f3w od dedykowanego dostawcy toreb taktycznych ju\u017c dzi\u015b!<\/p>\n<\/div>\n<\/div>\n<\/div>\n<\/div>","protected":false},"excerpt":{"rendered":"<h2 data-immersive-translate-walked=\"344be1c1-5052-41eb-8fcd-0dbe236a0d6b\" data-immersive-translate-paragraph=\"1\">Torba taktyczna Duffle Vendor z kieszeniami na magazynki<\/h2>\n<div class=\"sliderTable mt10 mb10 sliderTable-index0\">\n<div class=\"inner\">\n<p><strong>1. DU\u017bA POJEMNO\u015a\u0106: <\/strong>Przednia kiesze\u0144 zapinana na zamek z 9 kieszeniami mo\u017ce pomie\u015bci\u0107 magazynki i nauszniki. 2 przednie kieszenie z ta\u015bm\u0105 Molle, 2 boczne kieszenie zapinane na zamek i 1 uchwyt na butelk\u0119 mog\u0105 pomie\u015bci\u0107 telefon, portfel, amunicj\u0119, okulary strzeleckie, butelk\u0119 itp. Tylna kiesze\u0144 zapewnia r\u00f3wnie\u017c miejsce do przechowywania akcesori\u00f3w strzeleckich.<\/p>\n<p><strong>2. SYSTEM MOLLE: <\/strong>Przednia i boczna ta\u015bma MOLLE torby range duffle zwi\u0119ksza jej pojemno\u015b\u0107 i nadaje jej elegancki wygl\u0105d. Do torby mo\u017cna przymocowa\u0107 torby MOLLE i sprz\u0119t, aby przenosi\u0107 wi\u0119cej sprz\u0119tu i innych niezb\u0119dnych rzeczy.<\/p>\n<\/div>\n<\/div>","protected":false},"featured_media":4286,"template":"","meta":{"_uag_custom_page_level_css":""},"product_brand":[],"product_cat":[55,63],"product_tag":[],"class_list":{"0":"post-4285","1":"product","2":"type-product","3":"status-publish","4":"has-post-thumbnail","6":"product_cat-tactical-bag","7":"product_cat-duffel-bag","9":"first","10":"instock","11":"shipping-taxable","12":"product-type-simple"},"uagb_featured_image_src":{"full":["https:\/\/pecbag.com\/wp-content\/uploads\/2025\/07\/Magazine-Slots-Tactical-Duffle-Bag-Vendor-6.jpg",800,800,false],"thumbnail":["https:\/\/pecbag.com\/wp-content\/uploads\/2025\/07\/Magazine-Slots-Tactical-Duffle-Bag-Vendor-6-150x150.jpg",150,150,true],"medium":["https:\/\/pecbag.com\/wp-content\/uploads\/2025\/07\/Magazine-Slots-Tactical-Duffle-Bag-Vendor-6-300x300.jpg",300,300,true],"medium_large":["https:\/\/pecbag.com\/wp-content\/uploads\/2025\/07\/Magazine-Slots-Tactical-Duffle-Bag-Vendor-6-768x768.jpg",768,768,true],"large":["https:\/\/pecbag.com\/wp-content\/uploads\/2025\/07\/Magazine-Slots-Tactical-Duffle-Bag-Vendor-6.jpg",800,800,false],"1536x1536":["https:\/\/pecbag.com\/wp-content\/uploads\/2025\/07\/Magazine-Slots-Tactical-Duffle-Bag-Vendor-6.jpg",800,800,false],"2048x2048":["https:\/\/pecbag.com\/wp-content\/uploads\/2025\/07\/Magazine-Slots-Tactical-Duffle-Bag-Vendor-6.jpg",800,800,false],"trp-custom-language-flag":["https:\/\/pecbag.com\/wp-content\/uploads\/2025\/07\/Magazine-Slots-Tactical-Duffle-Bag-Vendor-6-12x12.jpg",12,12,true],"woocommerce_thumbnail":["https:\/\/pecbag.com\/wp-content\/uploads\/2025\/07\/Magazine-Slots-Tactical-Duffle-Bag-Vendor-6-300x300.jpg",300,300,true],"woocommerce_single":["https:\/\/pecbag.com\/wp-content\/uploads\/2025\/07\/Magazine-Slots-Tactical-Duffle-Bag-Vendor-6-600x600.jpg",600,600,true],"woocommerce_gallery_thumbnail":["https:\/\/pecbag.com\/wp-content\/uploads\/2025\/07\/Magazine-Slots-Tactical-Duffle-Bag-Vendor-6-100x100.jpg",100,100,true]},"uagb_author_info":{"display_name":"Lawrence","author_link":"https:\/\/pecbag.com\/pl\/author\/"},"uagb_comment_info":0,"uagb_excerpt":"Magazine Slots Tactical Duffle Bag Vendor 1. LARGE CAPACITY: The front zippered pocket with 9 slots can carry magazines and earmuffs. 2 front pockets with Molle webbing strap, 2 sides zipped pockets, and 1 bottle holder can carry your phone, wallet, ammo, shooting glasses, bottle, and so on. The back pocket also provides space to&hellip;","_links":{"self":[{"href":"https:\/\/pecbag.com\/pl\/wp-json\/wp\/v2\/product\/4285","targetHints":{"allow":["GET"]}}],"collection":[{"href":"https:\/\/pecbag.com\/pl\/wp-json\/wp\/v2\/product"}],"about":[{"href":"https:\/\/pecbag.com\/pl\/wp-json\/wp\/v2\/types\/product"}],"wp:featuredmedia":[{"embeddable":true,"href":"https:\/\/pecbag.com\/pl\/wp-json\/wp\/v2\/media\/4286"}],"wp:attachment":[{"href":"https:\/\/pecbag.com\/pl\/wp-json\/wp\/v2\/media?parent=4285"}],"wp:term":[{"taxonomy":"product_brand","embeddable":true,"href":"https:\/\/pecbag.com\/pl\/wp-json\/wp\/v2\/product_brand?post=4285"},{"taxonomy":"product_cat","embeddable":true,"href":"https:\/\/pecbag.com\/pl\/wp-json\/wp\/v2\/product_cat?post=4285"},{"taxonomy":"product_tag","embeddable":true,"href":"https:\/\/pecbag.com\/pl\/wp-json\/wp\/v2\/product_tag?post=4285"}],"curies":[{"name":"wp","href":"https:\/\/api.w.org\/{rel}","templated":true}]}}