{"id":4299,"date":"2025-07-03T02:09:44","date_gmt":"2025-07-03T02:09:44","guid":{"rendered":"https:\/\/pecbag.com\/?post_type=product&#038;p=4299"},"modified":"2025-11-28T09:40:34","modified_gmt":"2025-11-28T09:40:34","slug":"hot-sale-assault-pack-tactical-backpack-vendors","status":"publish","type":"product","link":"https:\/\/pecbag.com\/pl\/hot-sale-assault-pack-tactical-backpack-vendors\/","title":{"rendered":"Gor\u0105ca sprzeda\u017c plecak\u00f3w taktycznych Assault Pack Vendors"},"content":{"rendered":"<h5 title=\"Sk\u0142adana torba dla psa Oddychaj\u0105ca siatkowa torba na rami\u0119 dla ma\u0142ych ps\u00f3w i kot\u00f3w\" data-immersive-translate-walked=\"1c928421-2e42-4cd3-8754-5404553c0af5\" data-immersive-translate-paragraph=\"1\" data-spm-anchor-id=\"a2700.details.0.i35.4f6757d4w4zNZA\"><strong>Hot Sale Assault Pack Tactical Backpack Vendors | Waterproof Bag Factory &amp; Military Backpack Manufacturer | Combat-Ready Bulk<\/strong><\/h5>\n<p>Potrzebujesz gor\u0105co sprzedaj\u0105cych si\u0119 taktycznych plecak\u00f3w szturmowych, kt\u00f3re znikaj\u0105 z p\u00f3\u0142ek? <span style=\"color: #ffffff;\">Gor\u0105ca sprzeda\u017c plecak\u00f3w taktycznych Assault Pack Vendors\u00a0<\/span><\/p>\n<p>Jako certyfikowana fabryka wodoodpornych toreb i producent plecak\u00f3w taktycznych w Tactical Bag China, projektujemy najlepiej sprzedaj\u0105ce si\u0119 plecaki szturmowe z przeci\u0105\u017ceniem MOLLE, ochron\u0105 przed zanurzeniem i wytrzyma\u0142o\u015bci\u0105 sprawdzon\u0105 w boju.<\/p>\n<p>Wsp\u00f3\u0142pracuj z nami, sprawdzonymi sprzedawcami plecak\u00f3w taktycznych Hot Sale Assault Pack, przy hurtowych zam\u00f3wieniach toreb taktycznych - zaopatruj\u0105c hurtownie toreb taktycznych, sklepy wojskowe i sprzedawc\u00f3w toreb taktycznych na ca\u0142ym \u015bwiecie.<\/p>\n<div class=\"flex flex-grow flex-col max-w-full\">\n<div class=\"min-h-[20px] text-message flex w-full flex-col items-end gap-2 whitespace-pre-wrap break-words [.text-message+&amp;]:mt-5 overflow-x-auto\" dir=\"auto\" data-message-author-role=\"assistant\" data-message-id=\"3d7d46f6-7ec2-4222-9257-48fa0bba23c6\" data-suggestions=\"true\">\n<div class=\"flex w-full flex-col gap-1 empty:hidden first:pt-[3px]\">\n<div class=\"markdown prose w-full break-words dark:prose-invert light\">\n<table width=\"288\">\n<tbody>\n<tr>\n<td width=\"137\"><span style=\"color: #333333;\">Nazwa produktu<\/span><\/td>\n<td width=\"151\">Torba taktyczna<\/td>\n<\/tr>\n<tr>\n<td><span style=\"color: #333333;\">Pozycja nr.<\/span><\/td>\n<td><span style=\"color: #333333;\">PB-2133<\/span><\/td>\n<\/tr>\n<tr>\n<td><span style=\"color: #333333;\">Materia\u0142<\/span><\/td>\n<td>600D poliester<\/td>\n<\/tr>\n<tr>\n<td><span style=\"color: #333333;\">Rozmiar<\/span><\/td>\n<td>45 x 28 x 25 cm<\/td>\n<\/tr>\n<tr>\n<td><span style=\"color: #333333;\">\u00a0Czas dostawy<\/span><\/td>\n<td><span style=\"color: #333333;\">1-5 dni dla ma\u0142ych ilo\u015bci drog\u0105 lotnicz\u0105 i 30-35 dni dla du\u017cych ilo\u015bci drog\u0105 morsk\u0105<\/span><\/td>\n<\/tr>\n<\/tbody>\n<\/table>\n<p class=\"ds-markdown-paragraph\">\ud83d\udd25\u00a0<strong>Dlaczego dystrybutorzy zaopatruj\u0105 si\u0119 w nasze opakowania:<\/strong><\/p>\n<ul>\n<li>\n<p class=\"ds-markdown-paragraph\"><strong>Bestseller Blueprint<\/strong>: 3 razy szybsza sprzeda\u017c ni\u017c w przypadku standardowych pakiet\u00f3w taktycznych (wed\u0142ug raport\u00f3w bran\u017cowych z 2025 r.)<\/p>\n<\/li>\n<li>\n<p class=\"ds-markdown-paragraph\">Torba taktyczna ODM\/OEM z pe\u0142nymi us\u0142ugami marki w\u0142asnej torby taktycznej<\/p>\n<\/li>\n<li>\n<p class=\"ds-markdown-paragraph\">Niskie MOQ Taktyczna torba do produkcji masowej<\/p>\n<\/li>\n<li>\n<p class=\"ds-markdown-paragraph\">Szybki eksport toreb taktycznych z naszej fabryki toreb taktycznych z certyfikatem ISO<\/p>\n<\/li>\n<li>\n<p class=\"ds-markdown-paragraph\">Produkuj\u0105 r\u00f3wnie\u017c masowe torby do makija\u017cu dla linii komercyjnych<\/p>\n<\/li>\n<\/ul>\n<p class=\"ds-markdown-paragraph\">\u26a1\u00a0<strong>Sprawdzone w boju funkcje:<\/strong><br \/>\n- Rozszerzalna pojemno\u015b\u0107 50 l + pokrycie 360\u00b0 MOLLE\/PALS<br \/>\n- Wodoodporna komora g\u0142\u00f3wna IPX7 + samoodp\u0142ywowa podstawa<br \/>\n- Panel administracyjny z szybkim dost\u0119pem + ukryty schowek CCW<br \/>\n- Niestandardowe konfiguracje za po\u015brednictwem Tactical Bag OEM<\/p>\n<p class=\"ds-markdown-paragraph\">Idealny dla nabywc\u00f3w firmowych toreb taktycznych, sprzedawc\u00f3w detalicznych z bran\u017cy obronnej i sieci dostawc\u00f3w toreb taktycznych. Odbierz sw\u00f3j przydzia\u0142 bestseller\u00f3w Q3 od dedykowanego producenta toreb taktycznych ju\u017c dzi\u015b!<\/p>\n<\/div>\n<\/div>\n<\/div>\n<\/div>","protected":false},"excerpt":{"rendered":"<h2 data-immersive-translate-walked=\"344be1c1-5052-41eb-8fcd-0dbe236a0d6b\" data-immersive-translate-paragraph=\"1\">Gor\u0105ca sprzeda\u017c plecak\u00f3w taktycznych Assault Pack Vendors<\/h2>\n<div class=\"sliderTable mt10 mb10 sliderTable-index0\">\n<div class=\"inner\">\n<p>1. Paski naramienne s\u0105 wy\u015bcie\u0142ane.<\/p>\n<p>2. Odpinany pas biodrowy z klamr\u0105 szybkiego zwalniania.<\/p>\n<p>3. Ty\u0142 plecaka jest pokryty siatk\u0105 i wy\u015bcie\u0142any dla wygody.<\/p>\n<p>4. Chwy\u0107 uchwyt na g\u00f3rze.<\/p>\n<p>5. 6 work\u00f3w kompresyjnych wok\u00f3\u0142 worka, aby nie mo\u017cna by\u0142o w\u0142o\u017cy\u0107 p\u0142aszcza do pask\u00f3w, aby u\u0142atwi\u0107 przenoszenie, lub po prostu zacisn\u0105\u0107 paski, aby zmniejszy\u0107 worek.<\/p>\n<p>6. Wszystkie zamki b\u0142yskawiczne to wytrzyma\u0142e zamki dwukierunkowe.<\/p>\n<p>7. Kiesze\u0144 z ty\u0142u na buk\u0142ak z napojem (buk\u0142ak nie wchodzi w sk\u0142ad zestawu).<\/p>\n<\/div>\n<\/div>","protected":false},"featured_media":4303,"template":"","meta":{"_uag_custom_page_level_css":""},"product_brand":[],"product_cat":[55,60],"product_tag":[],"class_list":{"0":"post-4299","1":"product","2":"type-product","3":"status-publish","4":"has-post-thumbnail","6":"product_cat-tactical-bag","7":"product_cat-backpack","9":"first","10":"instock","11":"shipping-taxable","12":"product-type-simple"},"uagb_featured_image_src":{"full":["https:\/\/pecbag.com\/wp-content\/uploads\/2025\/07\/Hot-Sale-Assault-Pack-Tactical-Backpack-Vendors-5.jpg",650,650,false],"thumbnail":["https:\/\/pecbag.com\/wp-content\/uploads\/2025\/07\/Hot-Sale-Assault-Pack-Tactical-Backpack-Vendors-5-150x150.jpg",150,150,true],"medium":["https:\/\/pecbag.com\/wp-content\/uploads\/2025\/07\/Hot-Sale-Assault-Pack-Tactical-Backpack-Vendors-5-300x300.jpg",300,300,true],"medium_large":["https:\/\/pecbag.com\/wp-content\/uploads\/2025\/07\/Hot-Sale-Assault-Pack-Tactical-Backpack-Vendors-5.jpg",650,650,false],"large":["https:\/\/pecbag.com\/wp-content\/uploads\/2025\/07\/Hot-Sale-Assault-Pack-Tactical-Backpack-Vendors-5.jpg",650,650,false],"1536x1536":["https:\/\/pecbag.com\/wp-content\/uploads\/2025\/07\/Hot-Sale-Assault-Pack-Tactical-Backpack-Vendors-5.jpg",650,650,false],"2048x2048":["https:\/\/pecbag.com\/wp-content\/uploads\/2025\/07\/Hot-Sale-Assault-Pack-Tactical-Backpack-Vendors-5.jpg",650,650,false],"trp-custom-language-flag":["https:\/\/pecbag.com\/wp-content\/uploads\/2025\/07\/Hot-Sale-Assault-Pack-Tactical-Backpack-Vendors-5-12x12.jpg",12,12,true],"woocommerce_thumbnail":["https:\/\/pecbag.com\/wp-content\/uploads\/2025\/07\/Hot-Sale-Assault-Pack-Tactical-Backpack-Vendors-5-300x300.jpg",300,300,true],"woocommerce_single":["https:\/\/pecbag.com\/wp-content\/uploads\/2025\/07\/Hot-Sale-Assault-Pack-Tactical-Backpack-Vendors-5-600x600.jpg",600,600,true],"woocommerce_gallery_thumbnail":["https:\/\/pecbag.com\/wp-content\/uploads\/2025\/07\/Hot-Sale-Assault-Pack-Tactical-Backpack-Vendors-5-100x100.jpg",100,100,true]},"uagb_author_info":{"display_name":"Lawrence","author_link":"https:\/\/pecbag.com\/pl\/author\/"},"uagb_comment_info":0,"uagb_excerpt":"Hot Sale Assault Pack Tactical Backpack Vendors 1. Shoulder straps are padded. 2. Removable webbing waist belt with quick-release buckle. 3. The back of the pack is mesh-covered and padded for comfort. 4. Grab the handle on the top. 5. 6 compression sacks around the sack so you can't tuck in your coat into the&hellip;","_links":{"self":[{"href":"https:\/\/pecbag.com\/pl\/wp-json\/wp\/v2\/product\/4299","targetHints":{"allow":["GET"]}}],"collection":[{"href":"https:\/\/pecbag.com\/pl\/wp-json\/wp\/v2\/product"}],"about":[{"href":"https:\/\/pecbag.com\/pl\/wp-json\/wp\/v2\/types\/product"}],"wp:featuredmedia":[{"embeddable":true,"href":"https:\/\/pecbag.com\/pl\/wp-json\/wp\/v2\/media\/4303"}],"wp:attachment":[{"href":"https:\/\/pecbag.com\/pl\/wp-json\/wp\/v2\/media?parent=4299"}],"wp:term":[{"taxonomy":"product_brand","embeddable":true,"href":"https:\/\/pecbag.com\/pl\/wp-json\/wp\/v2\/product_brand?post=4299"},{"taxonomy":"product_cat","embeddable":true,"href":"https:\/\/pecbag.com\/pl\/wp-json\/wp\/v2\/product_cat?post=4299"},{"taxonomy":"product_tag","embeddable":true,"href":"https:\/\/pecbag.com\/pl\/wp-json\/wp\/v2\/product_tag?post=4299"}],"curies":[{"name":"wp","href":"https:\/\/api.w.org\/{rel}","templated":true}]}}