{"id":4314,"date":"2025-07-04T03:29:09","date_gmt":"2025-07-04T03:29:09","guid":{"rendered":"https:\/\/pecbag.com\/?post_type=product&#038;p=4314"},"modified":"2025-11-28T09:39:09","modified_gmt":"2025-11-28T09:39:09","slug":"top-camouflage-tactical-bag-manufacturer","status":"publish","type":"product","link":"https:\/\/pecbag.com\/pl\/top-camouflage-tactical-bag-manufacturer\/","title":{"rendered":"Producent toreb taktycznych w kamufla\u017cu"},"content":{"rendered":"<h5 title=\"Sk\u0142adana torba dla psa Oddychaj\u0105ca siatkowa torba na rami\u0119 dla ma\u0142ych ps\u00f3w i kot\u00f3w\" data-immersive-translate-walked=\"1c928421-2e42-4cd3-8754-5404553c0af5\" data-immersive-translate-paragraph=\"1\" data-spm-anchor-id=\"a2700.details.0.i35.4f6757d4w4zNZA\">Najlepszy producent toreb taktycznych w kamufla\u017cu | fabryka toreb wodoodpornych i producent plecak\u00f3w wojskowych | zaopatrzenie taktyczne<\/h5>\n<p class=\"ds-markdown-paragraph\">Potrzebujesz gotowych do walki toreb taktycznych w kamufla\u017cu prosto ze \u017ar\u00f3d\u0142a? Jako certyfikowany producent toreb taktycznych w kamufla\u017cu i wodoodporna fabryka toreb ISO 9001 w Chinach, projektujemy plecaki klasy wojskowej z cyfrowymi \/ le\u015bnymi wzorami kamufla\u017cu, pow\u0142okami 1000D Cordura\u00ae i wodoodporn\u0105 ochron\u0105 IPX7, kt\u00f3rym ufaj\u0105 operatorzy na ca\u0142ym \u015bwiecie.<\/p>\n<p class=\"ds-markdown-paragraph\">Wsp\u00f3\u0142pracuj z nami - strategicznym dostawc\u0105 toreb taktycznych - w celu bezproblemowego eksportu toreb taktycznych do hurtowni toreb taktycznych, kontrahent\u00f3w z bran\u017cy obronnej i sprzedawc\u00f3w toreb taktycznych na ca\u0142ym \u015bwiecie.<\/p>\n<div class=\"flex flex-grow flex-col max-w-full\">\n<div class=\"min-h-[20px] text-message flex w-full flex-col items-end gap-2 whitespace-pre-wrap break-words [.text-message+&amp;]:mt-5 overflow-x-auto\" dir=\"auto\" data-message-author-role=\"assistant\" data-message-id=\"3d7d46f6-7ec2-4222-9257-48fa0bba23c6\" data-suggestions=\"true\">\n<div class=\"flex w-full flex-col gap-1 empty:hidden first:pt-[3px]\">\n<div class=\"markdown prose w-full break-words dark:prose-invert light\">\n<table width=\"288\">\n<tbody>\n<tr>\n<td width=\"137\"><span style=\"color: #333333;\">Nazwa produktu<\/span><\/td>\n<td width=\"151\">Torba taktyczna<\/td>\n<\/tr>\n<tr>\n<td><span style=\"color: #333333;\">Pozycja nr.<\/span><\/td>\n<td><span style=\"color: #333333;\">PB-2135<\/span><\/td>\n<\/tr>\n<tr>\n<td><span style=\"color: #333333;\">Materia\u0142<\/span><\/td>\n<td>Poliester 1000D<\/td>\n<\/tr>\n<tr>\n<td><span style=\"color: #333333;\">Rozmiar<\/span><\/td>\n<td>49 x 21 x 30 cm<\/td>\n<\/tr>\n<tr>\n<td><span style=\"color: #333333;\">\u00a0Czas dostawy<\/span><\/td>\n<td><span style=\"color: #333333;\">1-5 dni dla ma\u0142ych ilo\u015bci drog\u0105 lotnicz\u0105 i 30-35 dni dla du\u017cych ilo\u015bci drog\u0105 morsk\u0105<\/span><\/td>\n<\/tr>\n<\/tbody>\n<\/table>\n<p class=\"ds-markdown-paragraph\"><strong>Dlaczego elitarni dystrybutorzy wybieraj\u0105 nas:<\/strong><br \/>\n\u2705\u00a0<strong>Bestsellery Bag:<\/strong>\u00a03 razy szybsza rotacja na p\u00f3\u0142ce w por\u00f3wnaniu ze standardowymi opakowaniami taktycznymi<br \/>\nPe\u0142na torba taktyczna ODM\/OEM i torba taktyczna marki w\u0142asnej<br \/>\nNiskie MOQ Torba taktyczna luzem<br \/>\nSzybka wysy\u0142ka z naszej fabryki toreb taktycznych<br \/>\nPodw\u00f3jna produkcja: Torby taktyczne w kamufla\u017cu + kosmetyczka luzem<\/p>\n<p class=\"ds-markdown-paragraph\"><strong>Specyfikacje o znaczeniu krytycznym:<\/strong><br \/>\n- Wzory kamufla\u017cu MIL-STD (MultiCam\u00ae\/Woodland\/Urban)<br \/>\n- Zanurzalne uszczelnione szwy + samoodp\u0142ywowe podstawy<br \/>\n- Ta\u015bmy MOLLE\/PALS 360\u00b0 + ukryte przegr\u00f3dki CCW<br \/>\n- Niestandardowe konfiguracje za po\u015brednictwem Tactical Bag OEM<\/p>\n<p class=\"ds-markdown-paragraph\">Idealny dla nabywc\u00f3w firmowych toreb taktycznych, plac\u00f3wek wojskowych i sieci hurtowni toreb taktycznych. Popro\u015b o katalog od wiod\u0105cego chi\u0144skiego producenta toreb taktycznych w kamufla\u017cu ju\u017c dzi\u015b!<\/p>\n<\/div>\n<\/div>\n<\/div>\n<\/div>","protected":false},"excerpt":{"rendered":"<h2 data-immersive-translate-walked=\"344be1c1-5052-41eb-8fcd-0dbe236a0d6b\" data-immersive-translate-paragraph=\"1\">Producent toreb taktycznych w kamufla\u017cu<\/h2>\n<div class=\"sliderTable mt10 mb10 sliderTable-index0\">\n<div class=\"inner\">\n<div>1. Wykonana z ci\u0119\u017ckiego, wytrzyma\u0142ego poliestru.<\/div>\n<div>2. Przestronna komora g\u0142\u00f3wna zapewnia miejsce na odzie\u017c lub sprz\u0119t taktyczny.<br \/>\n3. Wy\u015bcie\u0142ana trykotem kiesze\u0144 chroni\u0105ca okulary.<\/div>\n<div>4. Boczne paski kompresyjne do kondensacji \u0142adunku.<\/div>\n<div>5. Uchwyty na rzepy.<\/div>\n<\/div>\n<\/div>","protected":false},"featured_media":4319,"template":"","meta":{"_uag_custom_page_level_css":""},"product_brand":[],"product_cat":[55,60],"product_tag":[],"class_list":{"0":"post-4314","1":"product","2":"type-product","3":"status-publish","4":"has-post-thumbnail","6":"product_cat-tactical-bag","7":"product_cat-backpack","9":"first","10":"instock","11":"shipping-taxable","12":"product-type-simple"},"uagb_featured_image_src":{"full":["https:\/\/pecbag.com\/wp-content\/uploads\/2025\/07\/Camouflage-Tactical-Bag-Manufacturer-1.jpg",710,708,false],"thumbnail":["https:\/\/pecbag.com\/wp-content\/uploads\/2025\/07\/Camouflage-Tactical-Bag-Manufacturer-1-150x150.jpg",150,150,true],"medium":["https:\/\/pecbag.com\/wp-content\/uploads\/2025\/07\/Camouflage-Tactical-Bag-Manufacturer-1-300x300.jpg",300,300,true],"medium_large":["https:\/\/pecbag.com\/wp-content\/uploads\/2025\/07\/Camouflage-Tactical-Bag-Manufacturer-1.jpg",710,708,false],"large":["https:\/\/pecbag.com\/wp-content\/uploads\/2025\/07\/Camouflage-Tactical-Bag-Manufacturer-1.jpg",710,708,false],"1536x1536":["https:\/\/pecbag.com\/wp-content\/uploads\/2025\/07\/Camouflage-Tactical-Bag-Manufacturer-1.jpg",710,708,false],"2048x2048":["https:\/\/pecbag.com\/wp-content\/uploads\/2025\/07\/Camouflage-Tactical-Bag-Manufacturer-1.jpg",710,708,false],"trp-custom-language-flag":["https:\/\/pecbag.com\/wp-content\/uploads\/2025\/07\/Camouflage-Tactical-Bag-Manufacturer-1-12x12.jpg",12,12,true],"woocommerce_thumbnail":["https:\/\/pecbag.com\/wp-content\/uploads\/2025\/07\/Camouflage-Tactical-Bag-Manufacturer-1-300x300.jpg",300,300,true],"woocommerce_single":["https:\/\/pecbag.com\/wp-content\/uploads\/2025\/07\/Camouflage-Tactical-Bag-Manufacturer-1-600x598.jpg",600,598,true],"woocommerce_gallery_thumbnail":["https:\/\/pecbag.com\/wp-content\/uploads\/2025\/07\/Camouflage-Tactical-Bag-Manufacturer-1-100x100.jpg",100,100,true]},"uagb_author_info":{"display_name":"Lawrence","author_link":"https:\/\/pecbag.com\/pl\/author\/"},"uagb_comment_info":0,"uagb_excerpt":"Camouflage Tactical Bag Manufacturer 1. Constructed of heavyweight, durable polyester. 2. Spacious main compartment gives you space for clothing or tactical gear. 3. Tricot-lined pocket to protect eyewear. 4. Side compression straps to condense your load. 5. Hook and loop patch holders.","_links":{"self":[{"href":"https:\/\/pecbag.com\/pl\/wp-json\/wp\/v2\/product\/4314","targetHints":{"allow":["GET"]}}],"collection":[{"href":"https:\/\/pecbag.com\/pl\/wp-json\/wp\/v2\/product"}],"about":[{"href":"https:\/\/pecbag.com\/pl\/wp-json\/wp\/v2\/types\/product"}],"wp:featuredmedia":[{"embeddable":true,"href":"https:\/\/pecbag.com\/pl\/wp-json\/wp\/v2\/media\/4319"}],"wp:attachment":[{"href":"https:\/\/pecbag.com\/pl\/wp-json\/wp\/v2\/media?parent=4314"}],"wp:term":[{"taxonomy":"product_brand","embeddable":true,"href":"https:\/\/pecbag.com\/pl\/wp-json\/wp\/v2\/product_brand?post=4314"},{"taxonomy":"product_cat","embeddable":true,"href":"https:\/\/pecbag.com\/pl\/wp-json\/wp\/v2\/product_cat?post=4314"},{"taxonomy":"product_tag","embeddable":true,"href":"https:\/\/pecbag.com\/pl\/wp-json\/wp\/v2\/product_tag?post=4314"}],"curies":[{"name":"wp","href":"https:\/\/api.w.org\/{rel}","templated":true}]}}