{"id":4398,"date":"2025-07-07T01:03:48","date_gmt":"2025-07-07T01:03:48","guid":{"rendered":"https:\/\/pecbag.com\/?post_type=product&#038;p=4398"},"modified":"2025-11-28T09:36:20","modified_gmt":"2025-11-28T09:36:20","slug":"china-laptop-messenger-bag-factory","status":"publish","type":"product","link":"https:\/\/pecbag.com\/pl\/china-laptop-messenger-bag-factory\/","title":{"rendered":"Chiny Fabryka toreb na laptopa"},"content":{"rendered":"<h5 title=\"Sk\u0142adana torba dla psa Oddychaj\u0105ca siatkowa torba na rami\u0119 dla ma\u0142ych ps\u00f3w i kot\u00f3w\" data-immersive-translate-walked=\"1c928421-2e42-4cd3-8754-5404553c0af5\" data-immersive-translate-paragraph=\"1\" data-spm-anchor-id=\"a2700.details.0.i35.4f6757d4w4zNZA\">Najlepsza chi\u0144ska fabryka toreb na laptopa | Fabryka wodoodpornych toreb i profesjonalny producent plecak\u00f3w | Eksport hurtowy<\/h5>\n<div class=\"flex flex-grow flex-col max-w-full\">\n<div class=\"min-h-[20px] text-message flex w-full flex-col items-end gap-2 whitespace-pre-wrap break-words [.text-message+&amp;]:mt-5 overflow-x-auto\" dir=\"auto\" data-message-author-role=\"assistant\" data-message-id=\"3d7d46f6-7ec2-4222-9257-48fa0bba23c6\" data-suggestions=\"true\">\n<div class=\"flex w-full flex-col gap-1 empty:hidden first:pt-[3px]\">\n<div class=\"markdown prose w-full break-words dark:prose-invert light\">\n<p class=\"ds-markdown-paragraph\"><strong>Potrzebujesz wysokiej jako\u015bci torby na laptopa prosto z Chin?<\/strong>\u00a0Jako wiod\u0105ca chi\u0144ska fabryka toreb na laptopa i wodoodpornych toreb z certyfikatem ISO, projektujemy profesjonalne torby na laptopa z wy\u015bcie\u0142anymi r\u0119kawami na laptopa, wodoodporno\u015bci\u0105 IPX5 i projektami gotowymi do pracy, kt\u00f3rym zaufa\u0142y \u015bwiatowe marki.<\/p>\n<p class=\"ds-markdown-paragraph\">Wsp\u00f3\u0142pracuj z nasz\u0105 firm\u0105 Messenger Bag - strategicznym dostawc\u0105 toreb na rami\u0119 - w celu bezproblemowego eksportu toreb na rami\u0119 do hurtownik\u00f3w, dostawc\u00f3w korporacyjnych i sprzedawc\u00f3w toreb na rami\u0119 na ca\u0142ym \u015bwiecie.<\/p>\n<table width=\"288\">\n<tbody>\n<tr>\n<td width=\"137\"><span style=\"color: #333333;\">Nazwa produktu<\/span><\/td>\n<td width=\"151\">Torba kurierska<\/td>\n<\/tr>\n<tr>\n<td><span style=\"color: #333333;\">Pozycja nr.<\/span><\/td>\n<td><span style=\"color: #333333;\">PB-2137<\/span><\/td>\n<\/tr>\n<tr>\n<td><span style=\"color: #333333;\">Materia\u0142<\/span><\/td>\n<td>Poliester<\/td>\n<\/tr>\n<tr>\n<td><span style=\"color: #333333;\">Rozmiar<\/span><\/td>\n<td>mo\u017cna dostosowa\u0107<\/td>\n<\/tr>\n<tr>\n<td><span style=\"color: #333333;\">\u00a0Czas dostawy<\/span><\/td>\n<td><span style=\"color: #333333;\">1-5 dni dla ma\u0142ych ilo\u015bci drog\u0105 lotnicz\u0105 i 30-35 dni dla du\u017cych ilo\u015bci drog\u0105 morsk\u0105<\/span><\/td>\n<\/tr>\n<\/tbody>\n<\/table>\n<p class=\"ds-markdown-paragraph\"><strong>Dlaczego globalni dystrybutorzy wybieraj\u0105 nas:<\/strong><br \/>\n\ud83d\udcca<strong>\u00a0Bestsellery:<\/strong>\u00a0Powtarzaj\u0105ce si\u0119 zam\u00f3wienia 65% od dostawc\u00f3w z listy Fortune 500<br \/>\nPe\u0142na torba kurierska ODM\/OEM i torba kurierska marki w\u0142asnej<br \/>\nNiskie MOQ Torba kurierska luzem<br \/>\nWysy\u0142ka FOB\/EXW z chi\u0144skiego centrum Messenger Bag<br \/>\nPodw\u00f3jne linie producent\u00f3w plecak\u00f3w: Torby na laptopa + torby kurierskie luzem<\/p>\n<p class=\"ds-markdown-paragraph\"><strong>Funkcje biznesowe:<\/strong><br \/>\n- Odporna na wstrz\u0105sy przegroda na laptopa (17\u2033) + kieszenie blokuj\u0105ce RFID<br \/>\n- Odporna na warunki atmosferyczne brezentowa podstawa + panel organizacyjny z szybkim dost\u0119pem<br \/>\n- Konstrukcja przyjazna dla TSA + zamki b\u0142yskawiczne zapobiegaj\u0105ce kradzie\u017cy<br \/>\n- Niestandardowy branding za po\u015brednictwem torby na rami\u0119 OEM<\/p>\n<p class=\"ds-markdown-paragraph\">Idealny dla sieci hurtowni toreb Messenger Bag, sprzedawc\u00f3w korporacyjnych i dystrybutor\u00f3w akcesori\u00f3w technicznych.\u00a0<strong>Popro\u015b o pr\u00f3bk\u0119 z chi\u0144skiej fabryki toreb na laptopa #1 ju\u017c dzi\u015b!<\/strong><\/p>\n<\/div>\n<\/div>\n<\/div>\n<\/div>","protected":false},"excerpt":{"rendered":"<h2 data-immersive-translate-walked=\"344be1c1-5052-41eb-8fcd-0dbe236a0d6b\" data-immersive-translate-paragraph=\"1\">Chiny Fabryka toreb na laptopa<\/h2>\n<div class=\"sliderTable mt10 mb10 sliderTable-index0\">\n<div class=\"inner\">\n<p>1. Odpinany, wy\u015bcie\u0142any pasek na rami\u0119 z regulowanymi, wzmocnionymi paskami.<\/p>\n<p>2. Pasek baga\u017cowy do mocowania torby na w\u00f3zku baga\u017cowym.<\/p>\n<\/div>\n<\/div>","protected":false},"featured_media":4399,"template":"","meta":{"_uag_custom_page_level_css":""},"product_brand":[],"product_cat":[65],"product_tag":[],"class_list":{"0":"post-4398","1":"product","2":"type-product","3":"status-publish","4":"has-post-thumbnail","6":"product_cat-messenger-bag","8":"first","9":"instock","10":"shipping-taxable","11":"product-type-simple"},"uagb_featured_image_src":{"full":["https:\/\/pecbag.com\/wp-content\/uploads\/2025\/07\/China-La-6.jpg",800,800,false],"thumbnail":["https:\/\/pecbag.com\/wp-content\/uploads\/2025\/07\/China-La-6-150x150.jpg",150,150,true],"medium":["https:\/\/pecbag.com\/wp-content\/uploads\/2025\/07\/China-La-6-300x300.jpg",300,300,true],"medium_large":["https:\/\/pecbag.com\/wp-content\/uploads\/2025\/07\/China-La-6-768x768.jpg",768,768,true],"large":["https:\/\/pecbag.com\/wp-content\/uploads\/2025\/07\/China-La-6.jpg",800,800,false],"1536x1536":["https:\/\/pecbag.com\/wp-content\/uploads\/2025\/07\/China-La-6.jpg",800,800,false],"2048x2048":["https:\/\/pecbag.com\/wp-content\/uploads\/2025\/07\/China-La-6.jpg",800,800,false],"trp-custom-language-flag":["https:\/\/pecbag.com\/wp-content\/uploads\/2025\/07\/China-La-6-12x12.jpg",12,12,true],"woocommerce_thumbnail":["https:\/\/pecbag.com\/wp-content\/uploads\/2025\/07\/China-La-6-300x300.jpg",300,300,true],"woocommerce_single":["https:\/\/pecbag.com\/wp-content\/uploads\/2025\/07\/China-La-6-600x600.jpg",600,600,true],"woocommerce_gallery_thumbnail":["https:\/\/pecbag.com\/wp-content\/uploads\/2025\/07\/China-La-6-100x100.jpg",100,100,true]},"uagb_author_info":{"display_name":"Lawrence","author_link":"https:\/\/pecbag.com\/pl\/author\/"},"uagb_comment_info":0,"uagb_excerpt":"China Laptop Messenger Bag Factory 1. Detachable padded shoulder strap with adjustable reinforced straps. 2. Luggage strap for fixing the bag on the trolley of a luggage.","_links":{"self":[{"href":"https:\/\/pecbag.com\/pl\/wp-json\/wp\/v2\/product\/4398","targetHints":{"allow":["GET"]}}],"collection":[{"href":"https:\/\/pecbag.com\/pl\/wp-json\/wp\/v2\/product"}],"about":[{"href":"https:\/\/pecbag.com\/pl\/wp-json\/wp\/v2\/types\/product"}],"wp:featuredmedia":[{"embeddable":true,"href":"https:\/\/pecbag.com\/pl\/wp-json\/wp\/v2\/media\/4399"}],"wp:attachment":[{"href":"https:\/\/pecbag.com\/pl\/wp-json\/wp\/v2\/media?parent=4398"}],"wp:term":[{"taxonomy":"product_brand","embeddable":true,"href":"https:\/\/pecbag.com\/pl\/wp-json\/wp\/v2\/product_brand?post=4398"},{"taxonomy":"product_cat","embeddable":true,"href":"https:\/\/pecbag.com\/pl\/wp-json\/wp\/v2\/product_cat?post=4398"},{"taxonomy":"product_tag","embeddable":true,"href":"https:\/\/pecbag.com\/pl\/wp-json\/wp\/v2\/product_tag?post=4398"}],"curies":[{"name":"wp","href":"https:\/\/api.w.org\/{rel}","templated":true}]}}