{"id":4405,"date":"2025-07-07T01:30:07","date_gmt":"2025-07-07T01:30:07","guid":{"rendered":"https:\/\/pecbag.com\/?post_type=product&#038;p=4405"},"modified":"2025-11-28T09:36:07","modified_gmt":"2025-11-28T09:36:07","slug":"china-messenger-bag-manufacturers-2","status":"publish","type":"product","link":"https:\/\/pecbag.com\/pl\/china-messenger-bag-manufacturers-2\/","title":{"rendered":"Chi\u0144scy producenci toreb kurierskich"},"content":{"rendered":"<h5 title=\"Sk\u0142adana torba dla psa Oddychaj\u0105ca siatkowa torba na rami\u0119 dla ma\u0142ych ps\u00f3w i kot\u00f3w\" data-immersive-translate-walked=\"1c928421-2e42-4cd3-8754-5404553c0af5\" data-immersive-translate-paragraph=\"1\" data-spm-anchor-id=\"a2700.details.0.i35.4f6757d4w4zNZA\">Wiod\u0105cy chi\u0144scy producenci toreb kurierskich | Fabryka wodoodpornych toreb i profesjonalny producent plecak\u00f3w | Eksport hurtowy<\/h5>\n<div class=\"flex flex-grow flex-col max-w-full\">\n<div class=\"min-h-[20px] text-message flex w-full flex-col items-end gap-2 whitespace-pre-wrap break-words [.text-message+&amp;]:mt-5 overflow-x-auto\" dir=\"auto\" data-message-author-role=\"assistant\" data-message-id=\"3d7d46f6-7ec2-4222-9257-48fa0bba23c6\" data-suggestions=\"true\">\n<div class=\"flex w-full flex-col gap-1 empty:hidden first:pt-[3px]\">\n<div class=\"markdown prose w-full break-words dark:prose-invert light\">\n<p class=\"ds-markdown-paragraph\">Pozyskujesz wysokiej jako\u015bci torby kurierskie bezpo\u015brednio od chi\u0144skich producent\u00f3w?<\/p>\n<p class=\"ds-markdown-paragraph\">Jako chi\u0144scy producenci toreb kurierskich z certyfikatem ISO i najlepsza fabryka toreb wodoodpornych, tworzymy komercyjne torby kurierskie z technologi\u0105 blokuj\u0105c\u0105 RFID, projektami zgodnymi z TSA i ochron\u0105 przed warunkami atmosferycznymi IPX5, kt\u00f3rym zaufali dostawcy z listy Fortune 500.<\/p>\n<p class=\"ds-markdown-paragraph\">Wsp\u00f3\u0142pracuj z nasz\u0105 firm\u0105 Messenger Bag Company - strategicznym dostawc\u0105 toreb na rami\u0119 - w celu usprawnienia eksportu toreb na rami\u0119 do hurtownik\u00f3w, sprzedawc\u00f3w korporacyjnych i sprzedawc\u00f3w toreb na rami\u0119 na ca\u0142ym \u015bwiecie.<\/p>\n<table width=\"288\">\n<tbody>\n<tr>\n<td width=\"137\"><span style=\"color: #333333;\">Nazwa produktu<\/span><\/td>\n<td width=\"151\">Torba kurierska<\/td>\n<\/tr>\n<tr>\n<td><span style=\"color: #333333;\">Pozycja nr.<\/span><\/td>\n<td><span style=\"color: #333333;\">PB-2138<\/span><\/td>\n<\/tr>\n<tr>\n<td><span style=\"color: #333333;\">Materia\u0142<\/span><\/td>\n<td>Poliester<\/td>\n<\/tr>\n<tr>\n<td><span style=\"color: #333333;\">Rozmiar<\/span><\/td>\n<td>mo\u017cna dostosowa\u0107<\/td>\n<\/tr>\n<tr>\n<td><span style=\"color: #333333;\">\u00a0Czas dostawy<\/span><\/td>\n<td><span style=\"color: #333333;\">1-5 dni dla ma\u0142ych ilo\u015bci drog\u0105 lotnicz\u0105 i 30-35 dni dla du\u017cych ilo\u015bci drog\u0105 morsk\u0105<\/span><\/td>\n<\/tr>\n<\/tbody>\n<\/table>\n<p class=\"ds-markdown-paragraph\"><strong>Dlaczego wybieraj\u0105 nas globalni nabywcy:<\/strong><br \/>\n\ud83d\udce6<strong>\u00a0Benchmarki bran\u017cowe:<\/strong>\u00a068% wzrost rok do roku dla partner\u00f3w dystrybucyjnych<br \/>\nPe\u0142na torba kurierska ODM\/OEM i torba kurierska marki w\u0142asnej<br \/>\nNiskie MOQ Torba kurierska luzem<br \/>\nWarunki EXW\/FOB z naszego centrum Messenger Bag China<br \/>\nPodw\u00f3jna pojemno\u015b\u0107 producenta plecaka: Torby kurierskie + Torba kurierska luzem<\/p>\n<p class=\"ds-markdown-paragraph\"><strong>Funkcje klasy korporacyjnej:<\/strong><br \/>\n- Wy\u015bcie\u0142ana przegroda na laptopa 17\u2033 + zamki b\u0142yskawiczne zabezpieczaj\u0105ce przed kradzie\u017c\u0105<br \/>\n- Wodoodporna plandekowa podstawa + organizer z szybkim dost\u0119pem<br \/>\n- Testy wytrzyma\u0142o\u015bci MIL-STD (zamki b\u0142yskawiczne na ponad 1 000 cykli)<br \/>\n- Niestandardowy branding za po\u015brednictwem torby na rami\u0119 OEM<\/p>\n<p class=\"ds-markdown-paragraph\">Idealny dla sieci hurtowni Messenger Bag, sprzedawc\u00f3w korporacyjnych i akcesori\u00f3w technicznych\u00a0<strong>Producenci toreb na rami\u0119<\/strong>.\u00a0<strong>Popro\u015b o pr\u00f3bk\u0119 od najlepszych chi\u0144skich producent\u00f3w toreb kurierskich ju\u017c dzi\u015b!<\/strong><\/p>\n<\/div>\n<\/div>\n<\/div>\n<\/div>","protected":false},"excerpt":{"rendered":"<h2 data-immersive-translate-walked=\"344be1c1-5052-41eb-8fcd-0dbe236a0d6b\" data-immersive-translate-paragraph=\"1\">Chi\u0144scy producenci toreb kurierskich<\/h2>\n<div class=\"sliderTable mt10 mb10 sliderTable-index0\">\n<div class=\"inner\">\n<p>Ta m\u0119ska torba z uchwytem jest idealna do codziennego u\u017cytku, jako torba do pracy, torba szkolna lub torba podr\u00f3\u017cna zar\u00f3wno dla m\u0119\u017cczyzn, jak i kobiet.<\/p>\n<p>\u015awietny plecak szkolny dla student\u00f3w i uczni\u00f3w szk\u00f3\u0142 \u015brednich.<\/p>\n<p>Te mi\u0119kkie akt\u00f3wki z paskami na rami\u0119 mog\u0105 pomie\u015bci\u0107 laptopa, MacBooka i pude\u0142ko na lunch.<\/p>\n<p>B\u0119dzie to mi\u0142y prezent na Walentynki, urodziny, Dzie\u0144 Ojca, Dzie\u0144 Nauczyciela itp.<\/p>\n<\/div>\n<\/div>","protected":false},"featured_media":4410,"template":"","meta":{"_uag_custom_page_level_css":""},"product_brand":[],"product_cat":[65],"product_tag":[],"class_list":{"0":"post-4405","1":"product","2":"type-product","3":"status-publish","4":"has-post-thumbnail","6":"product_cat-messenger-bag","8":"first","9":"instock","10":"shipping-taxable","11":"product-type-simple"},"uagb_featured_image_src":{"full":["https:\/\/pecbag.com\/wp-content\/uploads\/2025\/07\/China-Messenger-Bag-Manufacturers-1.png",697,675,false],"thumbnail":["https:\/\/pecbag.com\/wp-content\/uploads\/2025\/07\/China-Messenger-Bag-Manufacturers-1-150x150.png",150,150,true],"medium":["https:\/\/pecbag.com\/wp-content\/uploads\/2025\/07\/China-Messenger-Bag-Manufacturers-1-300x291.png",300,291,true],"medium_large":["https:\/\/pecbag.com\/wp-content\/uploads\/2025\/07\/China-Messenger-Bag-Manufacturers-1.png",697,675,false],"large":["https:\/\/pecbag.com\/wp-content\/uploads\/2025\/07\/China-Messenger-Bag-Manufacturers-1.png",697,675,false],"1536x1536":["https:\/\/pecbag.com\/wp-content\/uploads\/2025\/07\/China-Messenger-Bag-Manufacturers-1.png",697,675,false],"2048x2048":["https:\/\/pecbag.com\/wp-content\/uploads\/2025\/07\/China-Messenger-Bag-Manufacturers-1.png",697,675,false],"trp-custom-language-flag":["https:\/\/pecbag.com\/wp-content\/uploads\/2025\/07\/China-Messenger-Bag-Manufacturers-1-12x12.png",12,12,true],"woocommerce_thumbnail":["https:\/\/pecbag.com\/wp-content\/uploads\/2025\/07\/China-Messenger-Bag-Manufacturers-1-300x300.png",300,300,true],"woocommerce_single":["https:\/\/pecbag.com\/wp-content\/uploads\/2025\/07\/China-Messenger-Bag-Manufacturers-1-600x581.png",600,581,true],"woocommerce_gallery_thumbnail":["https:\/\/pecbag.com\/wp-content\/uploads\/2025\/07\/China-Messenger-Bag-Manufacturers-1-100x100.png",100,100,true]},"uagb_author_info":{"display_name":"Lawrence","author_link":"https:\/\/pecbag.com\/pl\/author\/"},"uagb_comment_info":0,"uagb_excerpt":"China Messenger Bag Manufacturers This men's satchel bag with a handle is ideal for daily use, as a work bag, school bag, or travel bag for both men and women. Great back-to-school bookbag for college and high school students. These soft briefcases with shoulder straps can store a laptop, a MacBook, and a lunchbox. It&hellip;","_links":{"self":[{"href":"https:\/\/pecbag.com\/pl\/wp-json\/wp\/v2\/product\/4405","targetHints":{"allow":["GET"]}}],"collection":[{"href":"https:\/\/pecbag.com\/pl\/wp-json\/wp\/v2\/product"}],"about":[{"href":"https:\/\/pecbag.com\/pl\/wp-json\/wp\/v2\/types\/product"}],"wp:featuredmedia":[{"embeddable":true,"href":"https:\/\/pecbag.com\/pl\/wp-json\/wp\/v2\/media\/4410"}],"wp:attachment":[{"href":"https:\/\/pecbag.com\/pl\/wp-json\/wp\/v2\/media?parent=4405"}],"wp:term":[{"taxonomy":"product_brand","embeddable":true,"href":"https:\/\/pecbag.com\/pl\/wp-json\/wp\/v2\/product_brand?post=4405"},{"taxonomy":"product_cat","embeddable":true,"href":"https:\/\/pecbag.com\/pl\/wp-json\/wp\/v2\/product_cat?post=4405"},{"taxonomy":"product_tag","embeddable":true,"href":"https:\/\/pecbag.com\/pl\/wp-json\/wp\/v2\/product_tag?post=4405"}],"curies":[{"name":"wp","href":"https:\/\/api.w.org\/{rel}","templated":true}]}}