{"id":4468,"date":"2025-07-08T01:21:44","date_gmt":"2025-07-08T01:21:44","guid":{"rendered":"https:\/\/pecbag.com\/?post_type=product&#038;p=4468"},"modified":"2025-11-28T09:35:57","modified_gmt":"2025-11-28T09:35:57","slug":"china-messenger-bag-manufacturer","status":"publish","type":"product","link":"https:\/\/pecbag.com\/pl\/china-messenger-bag-manufacturer\/","title":{"rendered":"Chiny Fabryka toreb kurierskich"},"content":{"rendered":"<h5 title=\"Sk\u0142adana torba dla psa Oddychaj\u0105ca siatkowa torba na rami\u0119 dla ma\u0142ych ps\u00f3w i kot\u00f3w\" data-immersive-translate-walked=\"1c928421-2e42-4cd3-8754-5404553c0af5\" data-immersive-translate-paragraph=\"1\" data-spm-anchor-id=\"a2700.details.0.i35.4f6757d4w4zNZA\">Top China Messenger Bag Manufacturer| Waterproof Bag Factory &amp; Professional Backpack Manufacturer | Bulk Export<\/h5>\n<div class=\"flex flex-grow flex-col max-w-full\">\n<div class=\"min-h-[20px] text-message flex w-full flex-col items-end gap-2 whitespace-pre-wrap break-words [.text-message+&amp;]:mt-5 overflow-x-auto\" dir=\"auto\" data-message-author-role=\"assistant\" data-message-id=\"3d7d46f6-7ec2-4222-9257-48fa0bba23c6\" data-suggestions=\"true\">\n<div class=\"flex w-full flex-col gap-1 empty:hidden first:pt-[3px]\">\n<div class=\"markdown prose w-full break-words dark:prose-invert light\">\n<p class=\"ds-markdown-paragraph\">Potrzebujesz wysokiej jako\u015bci toreb kurierskich wysy\u0142anych szybko z chi\u0144skiej fabryki?<\/p>\n<p class=\"ds-markdown-paragraph\">Jako wiod\u0105ca chi\u0144ska fabryka toreb kurierskich i wodoodpornych toreb z certyfikatem ISO, produkujemy komercyjne torby kurierskie z zamkami b\u0142yskawicznymi zabezpieczaj\u0105cymi przed kradzie\u017c\u0105, technologi\u0105 blokuj\u0105c\u0105 RFID i projektami przyjaznymi dla TSA, kt\u00f3rym zaufali dostawcy z listy Fortune 500.<\/p>\n<p class=\"ds-markdown-paragraph\">Wsp\u00f3\u0142pracuj z nasz\u0105 firm\u0105 Messenger Bag - strategicznym dostawc\u0105 toreb na rami\u0119 - w celu bezproblemowego eksportu toreb na rami\u0119 do hurtownik\u00f3w, sprzedawc\u00f3w detalicznych i sprzedawc\u00f3w toreb na rami\u0119 na ca\u0142ym \u015bwiecie.<\/p>\n<table width=\"288\">\n<tbody>\n<tr>\n<td width=\"137\"><span style=\"color: #333333;\">Nazwa produktu<\/span><\/td>\n<td width=\"151\">Torba kurierska<\/td>\n<\/tr>\n<tr>\n<td><span style=\"color: #333333;\">Pozycja nr.<\/span><\/td>\n<td><span style=\"color: #333333;\">PB-2139<\/span><\/td>\n<\/tr>\n<tr>\n<td><span style=\"color: #333333;\">Materia\u0142<\/span><\/td>\n<td>P\u0142atek \u015bniegu<\/td>\n<\/tr>\n<tr>\n<td><span style=\"color: #333333;\">Rozmiar<\/span><\/td>\n<td>16,5 x 4,1 x 12,5 cala<\/td>\n<\/tr>\n<tr>\n<td><span style=\"color: #333333;\">\u00a0Czas dostawy<\/span><\/td>\n<td><span style=\"color: #333333;\">1-5 dni dla ma\u0142ych ilo\u015bci drog\u0105 lotnicz\u0105 i 30-35 dni dla du\u017cych ilo\u015bci drog\u0105 morsk\u0105<\/span><\/td>\n<\/tr>\n<\/tbody>\n<\/table>\n<p class=\"ds-markdown-paragraph\"><strong>Dlaczego globalni dystrybutorzy wybieraj\u0105 nasz\u0105 fabryk\u0119?<\/strong><br \/>\n\ud83d\ude80<strong>\u00a0Liderzy eksportu:<\/strong>\u00a068% wzrost rok do roku dla partner\u00f3w dystrybucyjnych<br \/>\nPe\u0142na torba kurierska ODM\/OEM i torba kurierska marki w\u0142asnej<br \/>\nNiskie MOQ Torba kurierska luzem (ponad 300 sztuk)<br \/>\nWarunki EXW\/FOB z centrum Messenger Bag China<br \/>\nPodw\u00f3jne linie producent\u00f3w plecak\u00f3w: Messenger Bags + Messenger Bag bulk<\/p>\n<p class=\"ds-markdown-paragraph\"><strong>Specyfikacja gotowa do zastosowa\u0144 biznesowych:<\/strong><br \/>\n- Wy\u015bcie\u0142ana przegroda na laptopa 17\u2033 + kieszenie na dokumenty<br \/>\n- Wodoodporna brezentowa podstawa IPX5 (odporna na ka\u017cd\u0105 pogod\u0119)<br \/>\n- Panel administracyjny z szybkim dost\u0119pem + ukryta kiesze\u0144 CCW<br \/>\n- Niestandardowy branding za po\u015brednictwem torby na rami\u0119 OEM<\/p>\n<p class=\"ds-markdown-paragraph\">Idealny dla sieci hurtowni toreb Messenger, odsprzedawc\u00f3w korporacyjnych i dystrybutor\u00f3w akcesori\u00f3w technicznych. Popro\u015b o ceny fabryczne od chi\u0144skiej fabryki toreb na rami\u0119 #1 ju\u017c dzi\u015b!<\/p>\n<\/div>\n<\/div>\n<\/div>\n<\/div>","protected":false},"excerpt":{"rendered":"<h2 data-immersive-translate-walked=\"344be1c1-5052-41eb-8fcd-0dbe236a0d6b\" data-immersive-translate-paragraph=\"1\">China Messenger Bag Manufacturer<\/h2>\n<div class=\"sliderTable mt10 mb10 sliderTable-index0\">\n<div class=\"inner\">\n<p>1. Dwie zewn\u0119trzne przednie kieszenie, wygodne do uporz\u0105dkowania przedmiot\u00f3w, kt\u00f3re chcesz nosi\u0107, \u0142atwe przechowywanie dokument\u00f3w, ksi\u0105\u017cek lub folder\u00f3w.<\/p>\n<p>2. Pojemna komora na laptopa i kiesze\u0144 na akcesoria.<\/p>\n<p>3. Specjalnie zaprojektowana przegroda na laptopa z teleskopowym paskiem zapewnia lepsz\u0105 ochron\u0119 laptopa.<\/p>\n<p>4. Wewn\u0119trzna wy\u015bci\u00f3\u0142ka z pianki o podw\u00f3jnej grubo\u015bci gwarantuje ochron\u0119 przed przypadkowymi uderzeniami.<\/p>\n<p>5. Lekka konstrukcja u\u0142atwia przenoszenie. G\u00f3rny uchwyt umo\u017cliwia szybkie trzymanie i przenoszenie. Ergonomiczna konstrukcja zapewnia rozproszenie ci\u0119\u017caru ca\u0142ej torby.<\/p>\n<\/div>\n<\/div>","protected":false},"featured_media":4473,"template":"","meta":{"_uag_custom_page_level_css":""},"product_brand":[],"product_cat":[65],"product_tag":[],"class_list":{"0":"post-4468","1":"product","2":"type-product","3":"status-publish","4":"has-post-thumbnail","6":"product_cat-messenger-bag","8":"first","9":"instock","10":"shipping-taxable","11":"product-type-simple"},"uagb_featured_image_src":{"full":["https:\/\/pecbag.com\/wp-content\/uploads\/2025\/07\/China-Messenger-Bag-Factory-41.jpg",1000,1000,false],"thumbnail":["https:\/\/pecbag.com\/wp-content\/uploads\/2025\/07\/China-Messenger-Bag-Factory-41-150x150.jpg",150,150,true],"medium":["https:\/\/pecbag.com\/wp-content\/uploads\/2025\/07\/China-Messenger-Bag-Factory-41-300x300.jpg",300,300,true],"medium_large":["https:\/\/pecbag.com\/wp-content\/uploads\/2025\/07\/China-Messenger-Bag-Factory-41-768x768.jpg",768,768,true],"large":["https:\/\/pecbag.com\/wp-content\/uploads\/2025\/07\/China-Messenger-Bag-Factory-41.jpg",800,800,false],"1536x1536":["https:\/\/pecbag.com\/wp-content\/uploads\/2025\/07\/China-Messenger-Bag-Factory-41.jpg",1000,1000,false],"2048x2048":["https:\/\/pecbag.com\/wp-content\/uploads\/2025\/07\/China-Messenger-Bag-Factory-41.jpg",1000,1000,false],"trp-custom-language-flag":["https:\/\/pecbag.com\/wp-content\/uploads\/2025\/07\/China-Messenger-Bag-Factory-41-12x12.jpg",12,12,true],"woocommerce_thumbnail":["https:\/\/pecbag.com\/wp-content\/uploads\/2025\/07\/China-Messenger-Bag-Factory-41-300x300.jpg",300,300,true],"woocommerce_single":["https:\/\/pecbag.com\/wp-content\/uploads\/2025\/07\/China-Messenger-Bag-Factory-41-600x600.jpg",600,600,true],"woocommerce_gallery_thumbnail":["https:\/\/pecbag.com\/wp-content\/uploads\/2025\/07\/China-Messenger-Bag-Factory-41-100x100.jpg",100,100,true]},"uagb_author_info":{"display_name":"Lawrence","author_link":"https:\/\/pecbag.com\/pl\/author\/"},"uagb_comment_info":0,"uagb_excerpt":"China Messenger Bag Manufacturer 1. Two outside front pockets, convenient to organize your items you want to carry, easily keep your documents, books, or folders. 2. Roomy laptop compartment and accessory compartment. 3. Special design laptop compartment with a Telescopic belt provides more protection for your laptop. 4. Double-thick foam padding inside guarantees any accidental&hellip;","_links":{"self":[{"href":"https:\/\/pecbag.com\/pl\/wp-json\/wp\/v2\/product\/4468","targetHints":{"allow":["GET"]}}],"collection":[{"href":"https:\/\/pecbag.com\/pl\/wp-json\/wp\/v2\/product"}],"about":[{"href":"https:\/\/pecbag.com\/pl\/wp-json\/wp\/v2\/types\/product"}],"wp:featuredmedia":[{"embeddable":true,"href":"https:\/\/pecbag.com\/pl\/wp-json\/wp\/v2\/media\/4473"}],"wp:attachment":[{"href":"https:\/\/pecbag.com\/pl\/wp-json\/wp\/v2\/media?parent=4468"}],"wp:term":[{"taxonomy":"product_brand","embeddable":true,"href":"https:\/\/pecbag.com\/pl\/wp-json\/wp\/v2\/product_brand?post=4468"},{"taxonomy":"product_cat","embeddable":true,"href":"https:\/\/pecbag.com\/pl\/wp-json\/wp\/v2\/product_cat?post=4468"},{"taxonomy":"product_tag","embeddable":true,"href":"https:\/\/pecbag.com\/pl\/wp-json\/wp\/v2\/product_tag?post=4468"}],"curies":[{"name":"wp","href":"https:\/\/api.w.org\/{rel}","templated":true}]}}