{"id":4550,"date":"2025-07-09T01:51:40","date_gmt":"2025-07-09T01:51:40","guid":{"rendered":"https:\/\/pecbag.com\/?post_type=product&#038;p=4550"},"modified":"2025-11-28T09:35:21","modified_gmt":"2025-11-28T09:35:21","slug":"sport-fishing-bag-factory","status":"publish","type":"product","link":"https:\/\/pecbag.com\/pl\/sport-fishing-bag-factory\/","title":{"rendered":"Fabryka sportowych toreb w\u0119dkarskich"},"content":{"rendered":"<h5 title=\"Sk\u0142adana torba dla psa Oddychaj\u0105ca siatkowa torba na rami\u0119 dla ma\u0142ych ps\u00f3w i kot\u00f3w\" data-immersive-translate-walked=\"1c928421-2e42-4cd3-8754-5404553c0af5\" data-immersive-translate-paragraph=\"1\" data-spm-anchor-id=\"a2700.details.0.i35.4f6757d4w4zNZA\">Fabryka sportowych toreb w\u0119dkarskich Premium | Fabryka wodoodpornych toreb i producent plecak\u00f3w technicznych | Eksport luzem<\/h5>\n<div class=\"flex flex-grow flex-col max-w-full\">\n<div class=\"min-h-[20px] text-message flex w-full flex-col items-end gap-2 whitespace-pre-wrap break-words [.text-message+&amp;]:mt-5 overflow-x-auto\" dir=\"auto\" data-message-author-role=\"assistant\" data-message-id=\"3d7d46f6-7ec2-4222-9257-48fa0bba23c6\" data-suggestions=\"true\">\n<div class=\"flex w-full flex-col gap-1 empty:hidden first:pt-[3px]\">\n<div class=\"markdown prose w-full break-words dark:prose-invert light\">\n<p class=\"ds-markdown-paragraph\">Potrzebujesz turniejowych toreb w\u0119dkarskich stworzonych z my\u015bl\u0105 o s\u0142onej wodzie?<\/p>\n<p class=\"ds-markdown-paragraph\">Jako wiod\u0105ca fabryka sportowych toreb w\u0119dkarskich i wodoodpornych toreb z certyfikatem ISO w Chinach, projektujemy profesjonalny sprz\u0119t w\u0119dkarski z odpornymi na korozj\u0119 zamkami b\u0142yskawicznymi, zatapialnymi przegrodami i systemami zarz\u0105dzania w\u0119dkami, kt\u00f3rym ufaj\u0105 profesjonalni w\u0119dkarze na ca\u0142ym \u015bwiecie.<\/p>\n<p class=\"ds-markdown-paragraph\">Wsp\u00f3\u0142pracuj z nasz\u0105 firm\u0105 Fishing Bag - strategicznym dostawc\u0105 toreb w\u0119dkarskich - w celu bezproblemowego eksportu toreb w\u0119dkarskich do hurtowni toreb w\u0119dkarskich, sprzedawc\u00f3w detalicznych na \u015bwie\u017cym powietrzu i sprzedawc\u00f3w toreb w\u0119dkarskich na ca\u0142ym \u015bwiecie.<\/p>\n<table width=\"288\">\n<tbody>\n<tr>\n<td width=\"137\"><span style=\"color: #333333;\">Nazwa produktu<\/span><\/td>\n<td width=\"151\">Torba rowerowa<\/td>\n<\/tr>\n<tr>\n<td><span style=\"color: #333333;\">Pozycja nr.<\/span><\/td>\n<td><span style=\"color: #333333;\">PB-2142<\/span><\/td>\n<\/tr>\n<tr>\n<td><span style=\"color: #333333;\">Materia\u0142<\/span><\/td>\n<td>Poliester<\/td>\n<\/tr>\n<tr>\n<td><span style=\"color: #333333;\">Rozmiar<\/span><\/td>\n<td>21,5 * 32 * 14 cm<\/td>\n<\/tr>\n<tr>\n<td><span style=\"color: #333333;\">\u00a0Czas dostawy<\/span><\/td>\n<td><span style=\"color: #333333;\">1-5 dni dla ma\u0142ych ilo\u015bci drog\u0105 lotnicz\u0105 i 30-35 dni dla du\u017cych ilo\u015bci drog\u0105 morsk\u0105<\/span><\/td>\n<\/tr>\n<\/tbody>\n<\/table>\n<p class=\"ds-markdown-paragraph\"><strong>Dlaczego Pro Outfitters wybieraj\u0105 nasz\u0105 fabryk\u0119:<\/strong><br \/>\n\ud83c\udfa3 <strong>Benchmarki bran\u017cowe:<\/strong>\u00a063% Wzrost r\/r dla dystrybutor\u00f3w produkt\u00f3w w\u0119dkarskich<br \/>\nPe\u0142na torba w\u0119dkarska ODM \/ OEM i prywatna marka torby w\u0119dkarskiej<br \/>\nNiskie MOQ Torba w\u0119dkarska luzem<br \/>\n\u2705 Konstrukcja przystosowana do s\u0142onej wody (osprz\u0119t ze stali nierdzewnej 316L)<br \/>\nPodw\u00f3jne linie producent\u00f3w plecak\u00f3w: Torby w\u0119dkarskie + sprz\u0119t taktyczny<\/p>\n<p class=\"ds-markdown-paragraph\"><strong>Cechy zatwierdzone przez w\u0119dkarzy:<\/strong><br \/>\n- Wodoodporna komora g\u0142\u00f3wna IPX8 (ponad 30 minut zanurzenia)<br \/>\n- Odporna na ple\u015b\u0144 podstawa z PVC + samoodp\u0142ywowe rynienki<br \/>\n- Konfigurowalne uchwyty na w\u0119dki + integracja z pude\u0142kiem na sprz\u0119t<br \/>\n- Tkaniny odporne na rybi\u0105 krew i promieniowanie UV<br \/>\n- Personalizacja marki za po\u015brednictwem torby w\u0119dkarskiej OEM<\/p>\n<\/div>\n<\/div>\n<\/div>\n<\/div>","protected":false},"excerpt":{"rendered":"<h2 data-immersive-translate-walked=\"344be1c1-5052-41eb-8fcd-0dbe236a0d6b\" data-immersive-translate-paragraph=\"1\">Fabryka sportowych toreb w\u0119dkarskich<\/h2>\n<div class=\"sliderTable mt10 mb10 sliderTable-index0\">\n<div class=\"inner\">\n<p>1. Torba w\u0119dkarska o du\u017cej pojemno\u015bci mo\u017ce by\u0107 u\u017cywana do przechowywania ko\u0142owrotk\u00f3w, przyn\u0119t, szczypiec, haczyk\u00f3w, pude\u0142ek i innego sprz\u0119tu w\u0119dkarskiego.<br \/>\n2. Wykonany z wysokiej jako\u015bci poliestru, wodoodporny i odporny na rozdarcia, odporny na zu\u017cycie i trwa\u0142y, ma d\u0142ug\u0105 \u017cywotno\u015b\u0107.<br \/>\n3. Przednie\/boczne kieszenie zapinane na zamek b\u0142yskawiczny zapewniaj\u0105 porz\u0105dek i bezpiecze\u0144stwo, \u0142atwe otwieranie i zamykanie.<br \/>\n4. Odpinany regulowany pasek na rami\u0119, wygodny w noszeniu, mo\u017ce by\u0107 u\u017cywany jako torba na rami\u0119 lub jako kieszenie.<br \/>\n5. Siatkowa kiesze\u0144, \u0142atwy dost\u0119p do ma\u0142ych akcesori\u00f3w, mo\u017ce skutecznie przechowywa\u0107 ko\u0142owrotki w\u0119dkarskie.<\/p>\n<\/div>\n<\/div>","protected":false},"featured_media":4555,"template":"","meta":{"_uag_custom_page_level_css":""},"product_brand":[],"product_cat":[48,64],"product_tag":[],"class_list":{"0":"post-4550","1":"product","2":"type-product","3":"status-publish","4":"has-post-thumbnail","6":"product_cat-bike-bag","7":"product_cat-shoulder-bag","9":"first","10":"instock","11":"shipping-taxable","12":"product-type-simple"},"uagb_featured_image_src":{"full":["https:\/\/pecbag.com\/wp-content\/uploads\/2025\/07\/Sport-Fishing-Bag-Factories-6.jpeg",960,960,false],"thumbnail":["https:\/\/pecbag.com\/wp-content\/uploads\/2025\/07\/Sport-Fishing-Bag-Factories-6-150x150.jpeg",150,150,true],"medium":["https:\/\/pecbag.com\/wp-content\/uploads\/2025\/07\/Sport-Fishing-Bag-Factories-6-300x300.jpeg",300,300,true],"medium_large":["https:\/\/pecbag.com\/wp-content\/uploads\/2025\/07\/Sport-Fishing-Bag-Factories-6-768x768.jpeg",768,768,true],"large":["https:\/\/pecbag.com\/wp-content\/uploads\/2025\/07\/Sport-Fishing-Bag-Factories-6.jpeg",800,800,false],"1536x1536":["https:\/\/pecbag.com\/wp-content\/uploads\/2025\/07\/Sport-Fishing-Bag-Factories-6.jpeg",960,960,false],"2048x2048":["https:\/\/pecbag.com\/wp-content\/uploads\/2025\/07\/Sport-Fishing-Bag-Factories-6.jpeg",960,960,false],"trp-custom-language-flag":["https:\/\/pecbag.com\/wp-content\/uploads\/2025\/07\/Sport-Fishing-Bag-Factories-6-12x12.jpeg",12,12,true],"woocommerce_thumbnail":["https:\/\/pecbag.com\/wp-content\/uploads\/2025\/07\/Sport-Fishing-Bag-Factories-6-300x300.jpeg",300,300,true],"woocommerce_single":["https:\/\/pecbag.com\/wp-content\/uploads\/2025\/07\/Sport-Fishing-Bag-Factories-6-600x600.jpeg",600,600,true],"woocommerce_gallery_thumbnail":["https:\/\/pecbag.com\/wp-content\/uploads\/2025\/07\/Sport-Fishing-Bag-Factories-6-100x100.jpeg",100,100,true]},"uagb_author_info":{"display_name":"Lawrence","author_link":"https:\/\/pecbag.com\/pl\/author\/"},"uagb_comment_info":0,"uagb_excerpt":"Sport Fishing Bag Factory 1. A fishing bag with a large capacity can be used to store fishing reels, baits, pliers, hooks, boxes, and other fishing gear. 2. Made of high-quality polyester, waterproof and tear\u2011resistant, wear\u2011resistant and durable, has a long service life. 3. Zipper front\/side pockets keep things organized and safe, easy to open&hellip;","_links":{"self":[{"href":"https:\/\/pecbag.com\/pl\/wp-json\/wp\/v2\/product\/4550","targetHints":{"allow":["GET"]}}],"collection":[{"href":"https:\/\/pecbag.com\/pl\/wp-json\/wp\/v2\/product"}],"about":[{"href":"https:\/\/pecbag.com\/pl\/wp-json\/wp\/v2\/types\/product"}],"wp:featuredmedia":[{"embeddable":true,"href":"https:\/\/pecbag.com\/pl\/wp-json\/wp\/v2\/media\/4555"}],"wp:attachment":[{"href":"https:\/\/pecbag.com\/pl\/wp-json\/wp\/v2\/media?parent=4550"}],"wp:term":[{"taxonomy":"product_brand","embeddable":true,"href":"https:\/\/pecbag.com\/pl\/wp-json\/wp\/v2\/product_brand?post=4550"},{"taxonomy":"product_cat","embeddable":true,"href":"https:\/\/pecbag.com\/pl\/wp-json\/wp\/v2\/product_cat?post=4550"},{"taxonomy":"product_tag","embeddable":true,"href":"https:\/\/pecbag.com\/pl\/wp-json\/wp\/v2\/product_tag?post=4550"}],"curies":[{"name":"wp","href":"https:\/\/api.w.org\/{rel}","templated":true}]}}