{"id":5067,"date":"2025-07-22T02:22:29","date_gmt":"2025-07-22T02:22:29","guid":{"rendered":"https:\/\/pecbag.com\/?post_type=product&#038;p=5067"},"modified":"2025-11-28T09:29:48","modified_gmt":"2025-11-28T09:29:48","slug":"tactical-messenger-bag-factory","status":"publish","type":"product","link":"https:\/\/pecbag.com\/pl\/tactical-messenger-bag-factory\/","title":{"rendered":"Taktyczna torba kurierska Factory"},"content":{"rendered":"<h5 title=\"Sk\u0142adana torba dla psa Oddychaj\u0105ca siatkowa torba na rami\u0119 dla ma\u0142ych ps\u00f3w i kot\u00f3w\" data-immersive-translate-walked=\"1c928421-2e42-4cd3-8754-5404553c0af5\" data-immersive-translate-paragraph=\"1\" data-spm-anchor-id=\"a2700.details.0.i35.4f6757d4w4zNZA\">Producent plecak\u00f3w klasy wojskowej i fabryka toreb wodoodpornych | Fabryka taktycznych toreb kurierskich dla ekspert\u00f3w<\/h5>\n<div class=\"flex flex-grow flex-col max-w-full\">\n<div class=\"min-h-[20px] text-message flex w-full flex-col items-end gap-2 whitespace-pre-wrap break-words [.text-message+&amp;]:mt-5 overflow-x-auto\" dir=\"auto\" data-message-author-role=\"assistant\" data-message-id=\"3d7d46f6-7ec2-4222-9257-48fa0bba23c6\" data-suggestions=\"true\">\n<div class=\"flex w-full flex-col gap-1 empty:hidden first:pt-[3px]\">\n<div class=\"markdown prose w-full break-words dark:prose-invert light\">\n<p class=\"ds-markdown-paragraph\">Potrzebujesz gotowych do walki toreb taktycznych?<\/p>\n<p class=\"ds-markdown-paragraph\">Jako certyfikowana fabryka taktycznych toreb kurierskich i wodoodpornych toreb kurierskich w Chinach, produkujemy sprz\u0119t MIL-SPEC dla globalnych agencji. Partner z nasz\u0105 firm\u0105 Messenger Bag Company dla:<\/p>\n<table width=\"288\">\n<tbody>\n<tr>\n<td width=\"137\"><span style=\"color: #333333;\">Nazwa produktu<\/span><\/td>\n<td width=\"151\">Torba kurierska<\/td>\n<\/tr>\n<tr>\n<td><span style=\"color: #333333;\">Pozycja nr.<\/span><\/td>\n<td><span style=\"color: #333333;\">PB-2163<\/span><\/td>\n<\/tr>\n<tr>\n<td><span style=\"color: #333333;\">Materia\u0142<\/span><\/td>\n<td>Poliester<\/td>\n<\/tr>\n<tr>\n<td><span style=\"color: #333333;\">Rozmiar<\/span><\/td>\n<td>20,47 x 13,39 x 9,06 cala<\/td>\n<\/tr>\n<tr>\n<td><span style=\"color: #333333;\">\u00a0Czas dostawy<\/span><\/td>\n<td><span style=\"color: #333333;\">1-5 dni dla ma\u0142ych ilo\u015bci drog\u0105 lotnicz\u0105 i 30-35 dni dla du\u017cych ilo\u015bci drog\u0105 morsk\u0105<\/span><\/td>\n<\/tr>\n<\/tbody>\n<\/table>\n<p class=\"ds-markdown-paragraph\">\u2705\u00a0<strong>Przewaga taktyczna<\/strong><\/p>\n<ul>\n<li>\n<p class=\"ds-markdown-paragraph\">Taktyczne torby kurierskie 1000D Cordura\u00ae z ta\u015bm\u0105 MOLLE<\/p>\n<\/li>\n<li>\n<p class=\"ds-markdown-paragraph\">Odporne na warunki atmosferyczne zamki b\u0142yskawiczne i kieszenie blokuj\u0105ce RFID<\/p>\n<\/li>\n<li>\n<p class=\"ds-markdown-paragraph\">Torby Messenger zamawiane hurtowo od 300 sztuk<\/p>\n<\/li>\n<\/ul>\n<p class=\"ds-markdown-paragraph\">\u2705\u00a0<strong>Personalizacja klasy obronnej<\/strong><br \/>\nTorba kurierska ODM\/OEM + marka w\u0142asna<br \/>\nNiestandardowe naszywki\/ta\u015bmy PALS (MOQ 300 szt.)<\/p>\n<p class=\"ds-markdown-paragraph\">\u2705\u00a0<strong>Gotowo\u015b\u0107 do globalnego wdro\u017cenia<\/strong><br \/>\nZgodna z przepisami torba eksportowa z dokumentacj\u0105 ITAR<\/p>\n<p class=\"ds-markdown-paragraph\"><strong>Zalety fabryki:<\/strong><br \/>\n- Cena hurtowa torby kurierskiej: 20% zni\u017cka na ponad 500 sztuk<br \/>\n- 7-dniowe prototypowanie z testami balistycznymi<br \/>\n- Portal dla dostawc\u00f3w toreb Messenger: Filmy z kontroli jako\u015bci w czasie rzeczywistym<br \/>\n- 30-dniowa produkcja dla program\u00f3w hurtowych toreb kurierskich<\/p>\n<p class=\"ds-markdown-paragraph\">Dostawca toreb kurierskich o kluczowym znaczeniu - od fabryki taktycznych toreb kurierskich po dostaw\u0119 w terenie.<\/p>\n<p class=\"ds-markdown-paragraph\">Popro\u015b o raport z testu MIL-STD-810G!<\/p>\n<\/div>\n<\/div>\n<\/div>\n<\/div>","protected":false},"excerpt":{"rendered":"<h2 class=\"this-description-name\">Taktyczna torba kurierska Factory<\/h2>\n<div class=\"sliderTable mt10 mb10 sliderTable-index0\">\n<div class=\"inner\">\n<p>1. <strong>R\u00d3\u017bNE SPOSOBY PRZENOSZENIA<\/strong>: Regulowany wy\u015bcie\u0142any pasek na rami\u0119 i sk\u00f3rzany g\u00f3rny uchwyt u\u0142atwiaj\u0105 przenoszenie i zapewniaj\u0105 wygod\u0119 noszenia Ta torba robocza mo\u017ce by\u0107 u\u017cywana nie tylko jako torba na rami\u0119 \/ torba crossbody, ale tak\u017ce jako teczka na laptopa \/ torba do pracy \/ torba na rami\u0119 \/ torba dla nauczyciela.<\/p>\n<p>2. <strong>WIELOFUNKCYJNA KONSTRUKCJA<\/strong>: Torba komputerowa zosta\u0142a zaprojektowana z my\u015bl\u0105 o osobach ucz\u0105cych si\u0119, pracuj\u0105cych w biurze oraz tych, kt\u00f3rzy musz\u0105 codziennie nosi\u0107 ze sob\u0105 laptopa i inne akcesoria. Mo\u017ce by\u0107 r\u00f3wnie\u017c u\u017cywana jako podr\u00f3\u017cna torba na rami\u0119, a nawet jako torba na aparat DSLR z wy\u015bcie\u0142an\u0105 wk\u0142adk\u0105.<\/p>\n<\/div>\n<\/div>","protected":false},"featured_media":5071,"template":"","meta":{"_uag_custom_page_level_css":""},"product_brand":[],"product_cat":[65,64],"product_tag":[],"class_list":{"0":"post-5067","1":"product","2":"type-product","3":"status-publish","4":"has-post-thumbnail","6":"product_cat-messenger-bag","7":"product_cat-shoulder-bag","9":"first","10":"instock","11":"shipping-taxable","12":"product-type-simple"},"uagb_featured_image_src":{"full":["https:\/\/pecbag.com\/wp-content\/uploads\/2025\/07\/Tactical-Messenger-Bag-Factory-6.jpg",1500,1500,false],"thumbnail":["https:\/\/pecbag.com\/wp-content\/uploads\/2025\/07\/Tactical-Messenger-Bag-Factory-6-150x150.jpg",150,150,true],"medium":["https:\/\/pecbag.com\/wp-content\/uploads\/2025\/07\/Tactical-Messenger-Bag-Factory-6-300x300.jpg",300,300,true],"medium_large":["https:\/\/pecbag.com\/wp-content\/uploads\/2025\/07\/Tactical-Messenger-Bag-Factory-6-768x768.jpg",768,768,true],"large":["https:\/\/pecbag.com\/wp-content\/uploads\/2025\/07\/Tactical-Messenger-Bag-Factory-6-1024x1024.jpg",800,800,true],"1536x1536":["https:\/\/pecbag.com\/wp-content\/uploads\/2025\/07\/Tactical-Messenger-Bag-Factory-6.jpg",1500,1500,false],"2048x2048":["https:\/\/pecbag.com\/wp-content\/uploads\/2025\/07\/Tactical-Messenger-Bag-Factory-6.jpg",1500,1500,false],"trp-custom-language-flag":["https:\/\/pecbag.com\/wp-content\/uploads\/2025\/07\/Tactical-Messenger-Bag-Factory-6-12x12.jpg",12,12,true],"woocommerce_thumbnail":["https:\/\/pecbag.com\/wp-content\/uploads\/2025\/07\/Tactical-Messenger-Bag-Factory-6-300x300.jpg",300,300,true],"woocommerce_single":["https:\/\/pecbag.com\/wp-content\/uploads\/2025\/07\/Tactical-Messenger-Bag-Factory-6-600x600.jpg",600,600,true],"woocommerce_gallery_thumbnail":["https:\/\/pecbag.com\/wp-content\/uploads\/2025\/07\/Tactical-Messenger-Bag-Factory-6-100x100.jpg",100,100,true]},"uagb_author_info":{"display_name":"Lawrence","author_link":"https:\/\/pecbag.com\/pl\/author\/"},"uagb_comment_info":0,"uagb_excerpt":"Tactical Messenger Bag Factory 1. VARIOUS WAYS TO CARRY: Adjustable Padded shoulder strap and leather top handle help you carry easily &amp; comfortably to carry This works bag can be used not only as a messenger shoulder bag\/crossbody bag, but laptop briefcase\/commute bag\/satchel bag\/teacher bag. 2. MULTIFUNCTIONAL DESIGN: The computer bag is particularly designed for&hellip;","_links":{"self":[{"href":"https:\/\/pecbag.com\/pl\/wp-json\/wp\/v2\/product\/5067","targetHints":{"allow":["GET"]}}],"collection":[{"href":"https:\/\/pecbag.com\/pl\/wp-json\/wp\/v2\/product"}],"about":[{"href":"https:\/\/pecbag.com\/pl\/wp-json\/wp\/v2\/types\/product"}],"wp:featuredmedia":[{"embeddable":true,"href":"https:\/\/pecbag.com\/pl\/wp-json\/wp\/v2\/media\/5071"}],"wp:attachment":[{"href":"https:\/\/pecbag.com\/pl\/wp-json\/wp\/v2\/media?parent=5067"}],"wp:term":[{"taxonomy":"product_brand","embeddable":true,"href":"https:\/\/pecbag.com\/pl\/wp-json\/wp\/v2\/product_brand?post=5067"},{"taxonomy":"product_cat","embeddable":true,"href":"https:\/\/pecbag.com\/pl\/wp-json\/wp\/v2\/product_cat?post=5067"},{"taxonomy":"product_tag","embeddable":true,"href":"https:\/\/pecbag.com\/pl\/wp-json\/wp\/v2\/product_tag?post=5067"}],"curies":[{"name":"wp","href":"https:\/\/api.w.org\/{rel}","templated":true}]}}