{"id":5288,"date":"2025-08-06T06:28:21","date_gmt":"2025-08-06T06:28:21","guid":{"rendered":"https:\/\/pecbag.com\/?post_type=product&#038;p=5288"},"modified":"2025-11-27T09:18:59","modified_gmt":"2025-11-27T09:18:59","slug":"odm-solid-bag-fishing-copy","status":"publish","type":"product","link":"https:\/\/pecbag.com\/pl\/odm-solid-bag-fishing-copy\/","title":{"rendered":"ODM Solid Bag Fishing"},"content":{"rendered":"<h5 title=\"Sk\u0142adana torba dla psa Oddychaj\u0105ca siatkowa torba na rami\u0119 dla ma\u0142ych ps\u00f3w i kot\u00f3w\" data-immersive-translate-walked=\"1c928421-2e42-4cd3-8754-5404553c0af5\" data-immersive-translate-paragraph=\"1\" data-spm-anchor-id=\"a2700.details.0.i35.4f6757d4w4zNZA\"><strong>ODM Solid Bag Fishing Solutions | Expert Backpack Manufacturer &amp; IPX8 Waterproof Bag Factory<\/strong><\/h5>\n<div class=\"flex flex-grow flex-col max-w-full\">\n<div class=\"min-h-[20px] text-message flex w-full flex-col items-end gap-2 whitespace-pre-wrap break-words [.text-message+&amp;]:mt-5 overflow-x-auto\" dir=\"auto\" data-message-author-role=\"assistant\" data-message-id=\"3d7d46f6-7ec2-4222-9257-48fa0bba23c6\" data-suggestions=\"true\">\n<div class=\"flex w-full flex-col gap-1 empty:hidden first:pt-[3px]\">\n<div class=\"markdown prose w-full break-words dark:prose-invert light\">\n<table width=\"288\">\n<tbody>\n<tr>\n<td width=\"137\"><span style=\"color: #333333;\">Nazwa produktu<\/span><\/td>\n<td width=\"151\">Torba w\u0119dkarska<\/td>\n<\/tr>\n<tr>\n<td><span style=\"color: #333333;\">Pozycja nr.<\/span><\/td>\n<td><span style=\"color: #333333;\">PB-2178<\/span><\/td>\n<\/tr>\n<tr>\n<td><span style=\"color: #333333;\">Materia\u0142<\/span><\/td>\n<td>600D poliester<\/td>\n<\/tr>\n<tr>\n<td><span style=\"color: #333333;\">Rozmiar<\/span><\/td>\n<td>Akceptuj niestandardowe<\/td>\n<\/tr>\n<tr>\n<td><span style=\"color: #333333;\">\u00a0Czas dostawy<\/span><\/td>\n<td><span style=\"color: #333333;\">1-5 dni dla ma\u0142ych ilo\u015bci drog\u0105 lotnicz\u0105 i 30-35 dni dla du\u017cych ilo\u015bci drog\u0105 morsk\u0105<\/span><\/td>\n<\/tr>\n<\/tbody>\n<\/table>\n<p class=\"ds-markdown-paragraph\"><strong>Your Strategic ODM Solid Bag Fishing Developer<\/strong><br \/>\nISO-certified\u00a0Backpack Manufacturer\u00a0operating 18,000\u33a1\u00a0Waterproof Bag Factory\u00a0in China:<\/p>\n<p class=\"ds-markdown-paragraph\"><strong>\ud83d\udd39 Co-Creation Expertise<\/strong><\/p>\n<ul>\n<li>\n<p class=\"ds-markdown-paragraph\">Turnkey\u00a0ODM Solid Bag Fishing\u00a0development<\/p>\n<\/li>\n<li>\n<p class=\"ds-markdown-paragraph\">360\u00b0 R&amp;D support: materials \u2192 ergonomics \u2192 features<\/p>\n<\/li>\n<li>\n<p class=\"ds-markdown-paragraph\">Fishing Bag ODM\u00a0with patentable innovations<\/p>\n<\/li>\n<\/ul>\n<p class=\"ds-markdown-paragraph\"><strong>\ud83d\udd39 Military-Grade Production<\/strong><br \/>\n\u2022 1680D ballistic nylon construction<br \/>\n\u2022 IPX8 waterproof technology (2m\/72hr test)<br \/>\n\u2022 Stress-tested seams (300kg capacity)<\/p>\n<p class=\"ds-markdown-paragraph\"><strong>\ud83d\udd39 Global Supply Solutions<\/strong><br \/>\n\u2192\u00a0Fishing Bag bulk\u00a0capacity: 120,000 units\/month<br \/>\n\u2192\u00a0Fishing Bag Export\u00a0certification handling<br \/>\n\u2192 Dedicated\u00a0Fishing Bag Wholesaler\u00a0programs<\/p>\n<p class=\"ds-markdown-paragraph\"><strong>Korzy\u015bci dla partner\u00f3w:<\/strong><br \/>\n\u2714 True\u00a0Fishing Bag Factory\u00a0direct pricing<br \/>\n\u2714 15-day functional prototyping<br \/>\n\u2714 Real-time production monitoring<br \/>\n\u2714 Exclusive\u00a0Fishing Bag ODM\u00a0design rights<\/p>\n<p class=\"ds-markdown-paragraph\">Premier ODM Solid Bag Fishing\u00a0innovator &#8211; Transform your fishing concepts into market leaders. Schedule R&amp;D meeting!<\/p>\n<\/div>\n<\/div>\n<\/div>\n<\/div>","protected":false},"excerpt":{"rendered":"<h2 class=\"this-description-name\">ODM Solid Bag Fishing<\/h2>\n<div class=\"sliderTable mt10 mb10 sliderTable-index0\">\n<div class=\"inner\">\n<div><strong>1. DU\u017bA POJEMNO\u015a\u0106<\/strong>: Wewn\u0119trzna kiesze\u0144 z siatki, jedna kiesze\u0144 boczna oraz przednia i tylna kiesze\u0144 mog\u0105 pomie\u015bci\u0107 ca\u0142y sprz\u0119t w\u0119dkarski, taki jak pude\u0142ka na przyn\u0119ty, haczyki, no\u017cyczki, klucze, portfel, telefon i inne. Na zewn\u0105trz bocznej kieszeni znajduje si\u0119 jedna boczna kiesze\u0144 na butelk\u0119 i specjalnie zaprojektowane miejsce na szczypce w\u0119dkarskie.<\/div>\n<div><strong>2. PRZYJAZNY DLA U\u017bYTKOWNIKA<\/strong>: Ta\u015bmy MOLLE zwi\u0119kszaj\u0105 pojemno\u015b\u0107 i nadaj\u0105 torbie elegancki wygl\u0105d. Dwa zapinane paski nad przedni\u0105 kieszeni\u0105 umo\u017cliwiaj\u0105 przenoszenie jednej w\u0119dki. \u0141atwy do przenoszenia uchwyt,<\/div>\n<div>Regulowane, wy\u015bcie\u0142ane paski na ramiona zmniejszaj\u0105 obci\u0105\u017cenie ramion i r\u0105k.<\/div>\n<\/div>\n<\/div>","protected":false},"featured_media":5291,"template":"","meta":{"_uag_custom_page_level_css":""},"product_brand":[],"product_cat":[46],"product_tag":[],"class_list":{"0":"post-5288","1":"product","2":"type-product","3":"status-publish","4":"has-post-thumbnail","6":"product_cat-fishing-bag","8":"first","9":"instock","10":"shipping-taxable","11":"product-type-simple"},"uagb_featured_image_src":{"full":["https:\/\/pecbag.com\/wp-content\/uploads\/2025\/08\/ODM-Solid-Bag-Fishing-2.jpg",800,800,false],"thumbnail":["https:\/\/pecbag.com\/wp-content\/uploads\/2025\/08\/ODM-Solid-Bag-Fishing-2-150x150.jpg",150,150,true],"medium":["https:\/\/pecbag.com\/wp-content\/uploads\/2025\/08\/ODM-Solid-Bag-Fishing-2-300x300.jpg",300,300,true],"medium_large":["https:\/\/pecbag.com\/wp-content\/uploads\/2025\/08\/ODM-Solid-Bag-Fishing-2-768x768.jpg",768,768,true],"large":["https:\/\/pecbag.com\/wp-content\/uploads\/2025\/08\/ODM-Solid-Bag-Fishing-2.jpg",800,800,false],"1536x1536":["https:\/\/pecbag.com\/wp-content\/uploads\/2025\/08\/ODM-Solid-Bag-Fishing-2.jpg",800,800,false],"2048x2048":["https:\/\/pecbag.com\/wp-content\/uploads\/2025\/08\/ODM-Solid-Bag-Fishing-2.jpg",800,800,false],"trp-custom-language-flag":["https:\/\/pecbag.com\/wp-content\/uploads\/2025\/08\/ODM-Solid-Bag-Fishing-2-12x12.jpg",12,12,true],"woocommerce_thumbnail":["https:\/\/pecbag.com\/wp-content\/uploads\/2025\/08\/ODM-Solid-Bag-Fishing-2-300x300.jpg",300,300,true],"woocommerce_single":["https:\/\/pecbag.com\/wp-content\/uploads\/2025\/08\/ODM-Solid-Bag-Fishing-2-600x600.jpg",600,600,true],"woocommerce_gallery_thumbnail":["https:\/\/pecbag.com\/wp-content\/uploads\/2025\/08\/ODM-Solid-Bag-Fishing-2-100x100.jpg",100,100,true]},"uagb_author_info":{"display_name":"Lawrence","author_link":"https:\/\/pecbag.com\/pl\/author\/"},"uagb_comment_info":0,"uagb_excerpt":"ODM Solid Bag Fishing 1. LARGE CAPACITY: The internal mesh pocket, one side pocket, and the front and back pocket can store all fishing gear such as lure boxes, hooks, scissors, keys, wallet, phone, and more. There is one side bottle pocket and a specially-designed place for fishing pliers outside the side pocket. 2. USER-FRIENDLY:&hellip;","_links":{"self":[{"href":"https:\/\/pecbag.com\/pl\/wp-json\/wp\/v2\/product\/5288","targetHints":{"allow":["GET"]}}],"collection":[{"href":"https:\/\/pecbag.com\/pl\/wp-json\/wp\/v2\/product"}],"about":[{"href":"https:\/\/pecbag.com\/pl\/wp-json\/wp\/v2\/types\/product"}],"wp:featuredmedia":[{"embeddable":true,"href":"https:\/\/pecbag.com\/pl\/wp-json\/wp\/v2\/media\/5291"}],"wp:attachment":[{"href":"https:\/\/pecbag.com\/pl\/wp-json\/wp\/v2\/media?parent=5288"}],"wp:term":[{"taxonomy":"product_brand","embeddable":true,"href":"https:\/\/pecbag.com\/pl\/wp-json\/wp\/v2\/product_brand?post=5288"},{"taxonomy":"product_cat","embeddable":true,"href":"https:\/\/pecbag.com\/pl\/wp-json\/wp\/v2\/product_cat?post=5288"},{"taxonomy":"product_tag","embeddable":true,"href":"https:\/\/pecbag.com\/pl\/wp-json\/wp\/v2\/product_tag?post=5288"}],"curies":[{"name":"wp","href":"https:\/\/api.w.org\/{rel}","templated":true}]}}