{"id":5294,"date":"2025-08-08T08:51:54","date_gmt":"2025-08-08T08:51:54","guid":{"rendered":"https:\/\/pecbag.com\/?post_type=product&#038;p=5294"},"modified":"2025-11-27T08:54:26","modified_gmt":"2025-11-27T08:54:26","slug":"fishing-bags-supplier","status":"publish","type":"product","link":"https:\/\/pecbag.com\/pl\/fishing-bags-supplier\/","title":{"rendered":"Dostawca toreb w\u0119dkarskich"},"content":{"rendered":"<h5 title=\"Sk\u0142adana torba dla psa Oddychaj\u0105ca siatkowa torba na rami\u0119 dla ma\u0142ych ps\u00f3w i kot\u00f3w\" data-immersive-translate-walked=\"1c928421-2e42-4cd3-8754-5404553c0af5\" data-immersive-translate-paragraph=\"1\" data-spm-anchor-id=\"a2700.details.0.i35.4f6757d4w4zNZA\"><strong>Dostawca toreb w\u0119dkarskich | Bezpo\u015bredni producent plecak\u00f3w i fabryka wodoodpornych toreb IPX8<\/strong><\/h5>\n<div class=\"flex flex-grow flex-col max-w-full\">\n<div class=\"min-h-[20px] text-message flex w-full flex-col items-end gap-2 whitespace-pre-wrap break-words [.text-message+&amp;]:mt-5 overflow-x-auto\" dir=\"auto\" data-message-author-role=\"assistant\" data-message-id=\"3d7d46f6-7ec2-4222-9257-48fa0bba23c6\" data-suggestions=\"true\">\n<div class=\"flex w-full flex-col gap-1 empty:hidden first:pt-[3px]\">\n<div class=\"markdown prose w-full break-words dark:prose-invert light\">\n<table width=\"288\">\n<tbody>\n<tr>\n<td width=\"137\"><span style=\"color: #333333;\">Nazwa produktu<\/span><\/td>\n<td width=\"151\">Torba w\u0119dkarska<\/td>\n<\/tr>\n<tr>\n<td><span style=\"color: #333333;\">Pozycja nr.<\/span><\/td>\n<td><span style=\"color: #333333;\">PB-2179<\/span><\/td>\n<\/tr>\n<tr>\n<td><span style=\"color: #333333;\">Materia\u0142<\/span><\/td>\n<td>600D poliester<\/td>\n<\/tr>\n<tr>\n<td><span style=\"color: #333333;\">Rozmiar<\/span><\/td>\n<td>Akceptuj niestandardowe<\/td>\n<\/tr>\n<tr>\n<td><span style=\"color: #333333;\">\u00a0Czas dostawy<\/span><\/td>\n<td><span style=\"color: #333333;\">1-5 dni dla ma\u0142ych ilo\u015bci drog\u0105 lotnicz\u0105 i 30-35 dni dla du\u017cych ilo\u015bci drog\u0105 morsk\u0105<\/span><\/td>\n<\/tr>\n<\/tbody>\n<\/table>\n<p class=\"ds-markdown-paragraph\"><strong>Zaufany dostawca toreb w\u0119dkarskich<\/strong><br \/>\nProducent plecak\u00f3w z certyfikatem ISO dzia\u0142aj\u0105cy w fabryce wodoodpornych toreb 15 000\u33a1 w Chinach:<\/p>\n<p class=\"ds-markdown-paragraph\"><strong>Gama produkt\u00f3w premium<\/strong><\/p>\n<ul>\n<li>\n<p class=\"ds-markdown-paragraph\">Torby w\u0119dkarskie z nylonu balistycznego 1680D<\/p>\n<\/li>\n<li>\n<p class=\"ds-markdown-paragraph\">Technologia wodoodporno\u015bci IPX8 (test 1 m\/72 godz.)<\/p>\n<\/li>\n<li>\n<p class=\"ds-markdown-paragraph\">Turniejowe systemy organizacji sprz\u0119tu<\/p>\n<\/li>\n<\/ul>\n<p class=\"ds-markdown-paragraph\"><strong>Rozwi\u0105zania w zakresie \u0142a\u0144cucha dostaw<\/strong><br \/>\n- Zam\u00f3wienia hurtowe na torby w\u0119dkarskie: Pojemno\u015b\u0107 ponad 100 000 sztuk<br \/>\n- Globalna dokumentacja eksportowa torby w\u0119dkarskiej<br \/>\n- Dedykowane programy dla hurtownik\u00f3w toreb w\u0119dkarskich<\/p>\n<p class=\"ds-markdown-paragraph\"><strong>Us\u0142ugi dostosowywania<\/strong><br \/>\n\u2192 Torba w\u0119dkarska ODM: wsp\u00f3lne opracowywanie innowacyjnych projekt\u00f3w<br \/>\n\u2192 Torba w\u0119dkarska OEM: wdro\u017cenie marki<br \/>\n\u2192 Private Label: Kompletne rozwi\u0105zania white-label<\/p>\n<p class=\"ds-markdown-paragraph\"><strong>Korzy\u015bci dla partner\u00f3w:<\/strong><br \/>\nPrawdziwe ceny producenta toreb w\u0119dkarskich (bez po\u015brednik\u00f3w)<br \/>\n10-dniowe szybkie prototypowanie<br \/>\n\u015aledzenie produkcji w fabryce toreb w\u0119dkarskich w czasie rzeczywistym<br \/>\nDedykowany opiekun klienta dla partner\u00f3w Fishing Bag Company<\/p>\n<p class=\"ds-markdown-paragraph\">Niezawodny dostawca toreb w\u0119dkarskich - od naszej linii produkcyjnej do klient\u00f3w. Wy\u015blij e-mail z ofert\u0105 hurtow\u0105 ju\u017c dzi\u015b!<\/p>\n<\/div>\n<\/div>\n<\/div>\n<\/div>","protected":false},"excerpt":{"rendered":"<h2 class=\"this-description-name\">Dostawca toreb w\u0119dkarskich<\/h2>\n<div class=\"sliderTable mt10 mb10 sliderTable-index0\">\n<div class=\"inner\">\n<div><strong>1. DU\u017bA POJEMNO\u015a\u0106<\/strong>: Wewn\u0119trzna kiesze\u0144 z siatki, jedna kiesze\u0144 boczna oraz przednia i tylna kiesze\u0144 mog\u0105 pomie\u015bci\u0107 ca\u0142y sprz\u0119t w\u0119dkarski, taki jak pude\u0142ka na przyn\u0119ty, haczyki, no\u017cyczki, klucze, portfel, telefon i inne. Na zewn\u0105trz bocznej kieszeni znajduje si\u0119 jedna boczna kiesze\u0144 na butelk\u0119 i specjalnie zaprojektowane miejsce na szczypce w\u0119dkarskie.<\/div>\n<div><strong>2. PRZYJAZNY DLA U\u017bYTKOWNIKA<\/strong>: Ta\u015bmy MOLLE zwi\u0119kszaj\u0105 pojemno\u015b\u0107 i nadaj\u0105 torbie elegancki wygl\u0105d. Dwa zapinane paski nad przedni\u0105 kieszeni\u0105 umo\u017cliwiaj\u0105 przenoszenie jednej w\u0119dki. \u0141atwy do przenoszenia uchwyt,<\/div>\n<div>Regulowane, wy\u015bcie\u0142ane paski na ramiona zmniejszaj\u0105 obci\u0105\u017cenie ramion i r\u0105k.<\/div>\n<\/div>\n<\/div>","protected":false},"featured_media":5299,"template":"","meta":{"_uag_custom_page_level_css":""},"product_brand":[],"product_cat":[46],"product_tag":[],"class_list":{"0":"post-5294","1":"product","2":"type-product","3":"status-publish","4":"has-post-thumbnail","6":"product_cat-fishing-bag","8":"first","9":"instock","10":"shipping-taxable","11":"product-type-simple"},"uagb_featured_image_src":{"full":["https:\/\/pecbag.com\/wp-content\/uploads\/2025\/08\/Fishing-Bags-Supplier-5.jpeg",800,800,false],"thumbnail":["https:\/\/pecbag.com\/wp-content\/uploads\/2025\/08\/Fishing-Bags-Supplier-5-150x150.jpeg",150,150,true],"medium":["https:\/\/pecbag.com\/wp-content\/uploads\/2025\/08\/Fishing-Bags-Supplier-5-300x300.jpeg",300,300,true],"medium_large":["https:\/\/pecbag.com\/wp-content\/uploads\/2025\/08\/Fishing-Bags-Supplier-5-768x768.jpeg",768,768,true],"large":["https:\/\/pecbag.com\/wp-content\/uploads\/2025\/08\/Fishing-Bags-Supplier-5.jpeg",800,800,false],"1536x1536":["https:\/\/pecbag.com\/wp-content\/uploads\/2025\/08\/Fishing-Bags-Supplier-5.jpeg",800,800,false],"2048x2048":["https:\/\/pecbag.com\/wp-content\/uploads\/2025\/08\/Fishing-Bags-Supplier-5.jpeg",800,800,false],"trp-custom-language-flag":["https:\/\/pecbag.com\/wp-content\/uploads\/2025\/08\/Fishing-Bags-Supplier-5-12x12.jpeg",12,12,true],"woocommerce_thumbnail":["https:\/\/pecbag.com\/wp-content\/uploads\/2025\/08\/Fishing-Bags-Supplier-5-300x300.jpeg",300,300,true],"woocommerce_single":["https:\/\/pecbag.com\/wp-content\/uploads\/2025\/08\/Fishing-Bags-Supplier-5-600x600.jpeg",600,600,true],"woocommerce_gallery_thumbnail":["https:\/\/pecbag.com\/wp-content\/uploads\/2025\/08\/Fishing-Bags-Supplier-5-100x100.jpeg",100,100,true]},"uagb_author_info":{"display_name":"Lawrence","author_link":"https:\/\/pecbag.com\/pl\/author\/"},"uagb_comment_info":0,"uagb_excerpt":"Fishing Bags Supplier 1. LARGE CAPACITY: The internal mesh pocket, one side pocket, and the front and back pocket can store all fishing gear such as lure boxes, hooks, scissors, keys, wallet, phone, and more. There is one side bottle pocket and a specially-designed place for fishing pliers outside the side pocket. 2. USER-FRIENDLY: The&hellip;","_links":{"self":[{"href":"https:\/\/pecbag.com\/pl\/wp-json\/wp\/v2\/product\/5294","targetHints":{"allow":["GET"]}}],"collection":[{"href":"https:\/\/pecbag.com\/pl\/wp-json\/wp\/v2\/product"}],"about":[{"href":"https:\/\/pecbag.com\/pl\/wp-json\/wp\/v2\/types\/product"}],"wp:featuredmedia":[{"embeddable":true,"href":"https:\/\/pecbag.com\/pl\/wp-json\/wp\/v2\/media\/5299"}],"wp:attachment":[{"href":"https:\/\/pecbag.com\/pl\/wp-json\/wp\/v2\/media?parent=5294"}],"wp:term":[{"taxonomy":"product_brand","embeddable":true,"href":"https:\/\/pecbag.com\/pl\/wp-json\/wp\/v2\/product_brand?post=5294"},{"taxonomy":"product_cat","embeddable":true,"href":"https:\/\/pecbag.com\/pl\/wp-json\/wp\/v2\/product_cat?post=5294"},{"taxonomy":"product_tag","embeddable":true,"href":"https:\/\/pecbag.com\/pl\/wp-json\/wp\/v2\/product_tag?post=5294"}],"curies":[{"name":"wp","href":"https:\/\/api.w.org\/{rel}","templated":true}]}}