{"id":1410,"date":"2025-04-11T08:35:19","date_gmt":"2025-04-11T08:35:19","guid":{"rendered":"https:\/\/pecbag.com\/?post_type=product&#038;p=1410"},"modified":"2025-11-29T02:12:07","modified_gmt":"2025-11-29T02:12:07","slug":"backpack-manufacturers-in-china","status":"publish","type":"product","link":"https:\/\/pecbag.com\/se\/backpack-manufacturers-in-china\/","title":{"rendered":"Tillverkare av ryggs\u00e4ckar i Kina"},"content":{"rendered":"<h2 title=\"Vikbar hundv\u00e4ska Andningsbar axelv\u00e4ska f\u00f6r husdjur i mesh f\u00f6r sm\u00e5 husdjur Hundar Katter\" data-immersive-translate-walked=\"1c928421-2e42-4cd3-8754-5404553c0af5\" data-immersive-translate-paragraph=\"1\" data-spm-anchor-id=\"a2700.details.0.i35.4f6757d4w4zNZA\">B\u00e4sta grossisttillverkare av ryggs\u00e4ckar i Kina | Fabriksdirekta priser och anpassade l\u00f6sningar<\/h2>\n<div class=\"flex flex-grow flex-col max-w-full\">\n<div class=\"min-h-[20px] text-message flex w-full flex-col items-end gap-2 whitespace-pre-wrap break-words [.text-message+&amp;]:mt-5 overflow-x-auto\" dir=\"auto\" data-message-author-role=\"assistant\" data-message-id=\"3d7d46f6-7ec2-4222-9257-48fa0bba23c6\" data-suggestions=\"true\">\n<div class=\"flex w-full flex-col gap-1 empty:hidden first:pt-[3px]\">\n<div class=\"markdown prose w-full break-words dark:prose-invert light\">\n<p>Letar du efter p\u00e5litlig <strong>ryggs\u00e4ckstillverkare i Kina<\/strong>? Vi \u00e4r en certifierad fabrik som erbjuder grossistpriser, OEM\/ODM-tj\u00e4nster och snabb global frakt. Anpassa h\u00e5llbara ryggs\u00e4ckar f\u00f6r skolor, resor eller branding med l\u00e5ga MOQ: er. F\u00e5 en gratis offert idag!<\/p>\n<table width=\"288\">\n<tbody>\n<tr>\n<td width=\"137\"><span style=\"color: #333333;\">Produkter Namn<\/span><\/td>\n<td width=\"151\"><span style=\"color: #333333;\">Ryggs\u00e4ck<\/span><\/td>\n<\/tr>\n<tr>\n<td><span style=\"color: #333333;\">Artikel nr.<\/span><\/td>\n<td><span style=\"color: #333333;\">PB-2002<\/span><\/td>\n<\/tr>\n<tr>\n<td><span style=\"color: #333333;\">Material<\/span><\/td>\n<td><span style=\"color: #333333;\">Bomull, polyester, fleece<\/span><\/td>\n<\/tr>\n<tr>\n<td><span style=\"color: #333333;\">\u00a0Storlek och f\u00e4rg<\/span><\/td>\n<td><span style=\"color: #333333;\">Anpassad<\/span><\/td>\n<\/tr>\n<tr>\n<td><span style=\"color: #333333;\">\u00a0Leveranstid<\/span><\/td>\n<td><span style=\"color: #333333;\">1-5 dagar f\u00f6r liten m\u00e4ngd med flyg och 30-35 dagar f\u00f6r stor m\u00e4ngd till sj\u00f6ss<\/span><\/td>\n<\/tr>\n<\/tbody>\n<\/table>\n<p>Som ett ledande <strong>ryggs\u00e4ckstillverkare i Kina<\/strong>kombinerar vi avancerad fabriksproduktion med flexibla grossistl\u00f6sningar. Oavsett om du beh\u00f6ver 500 eller 50.000 enheter levererar v\u00e5r ISO-certifierade anl\u00e4ggning:<br \/>\n\u2705 <strong>Anpassad design<\/strong> - Fr\u00e5n ryggs\u00e4ckar f\u00f6r b\u00e4rbara datorer till milj\u00f6v\u00e4nliga modeller<br \/>\n\u2705 <strong>Konkurrenskraftig priss\u00e4ttning<\/strong> - Grossistpriser utan p\u00e5slag f\u00f6r mellanh\u00e4nder<br \/>\n\u2705 <strong>Snabb handl\u00e4ggning<\/strong> - 30 dagars produktion + leverans direkt till EU\/USA<\/p>\n<p><strong>Varf\u00f6r globala varum\u00e4rken litar p\u00e5 oss:<\/strong><\/p>\n<ul>\n<li><strong>Mer \u00e4n 15 \u00e5rs expertis<\/strong>: Specialiserad p\u00e5 st\u00f6ldskyddade, vattent\u00e4ta och ergonomiska ryggs\u00e4ckar<\/li>\n<li><strong>Kvalitetss\u00e4kring<\/strong>: 3-stegsinspektioner och 2 \u00e5rs garanti som standard<\/li>\n<li><strong>Fokus p\u00e5 h\u00e5llbarhet<\/strong>: \u00c5tervunnen polyester och solcellsdriven fabriksverksamhet<\/li>\n<\/ul>\n<p>Beg\u00e4r gratisprover eller ladda upp din logotyp f\u00f6r en prototyp. <strong>l\u00e5ga MOQs b\u00f6rjar vid 100 st<\/strong>.<\/p>\n<\/div>\n<\/div>\n<\/div>\n<\/div>","protected":false},"excerpt":{"rendered":"<h2 data-immersive-translate-walked=\"344be1c1-5052-41eb-8fcd-0dbe236a0d6b\" data-immersive-translate-paragraph=\"1\">Tillverkare av ryggs\u00e4ckar i Kina<\/h2>\n<p>Vi erbjuder premiumv\u00e4skor med full storlek och f\u00e4rganpassning, slitstarka tyger och certifierad kvalitet.<\/p>\n<p>Vi erbjuder flexibla MOQ:er, snabb global leverans och private label-l\u00f6sningar.<\/p>\n<p>Kontakta oss redan idag!<\/p>","protected":false},"featured_media":1449,"template":"","meta":{"_uag_custom_page_level_css":""},"product_brand":[],"product_cat":[60],"product_tag":[],"class_list":{"0":"post-1410","1":"product","2":"type-product","3":"status-publish","4":"has-post-thumbnail","6":"product_cat-backpack","8":"first","9":"instock","10":"shipping-taxable","11":"product-type-simple"},"uagb_featured_image_src":{"full":["https:\/\/pecbag.com\/wp-content\/uploads\/2025\/04\/Backpack-Manufacturers-in-China-3.png",684,720,false],"thumbnail":["https:\/\/pecbag.com\/wp-content\/uploads\/2025\/04\/Backpack-Manufacturers-in-China-3-150x150.png",150,150,true],"medium":["https:\/\/pecbag.com\/wp-content\/uploads\/2025\/04\/Backpack-Manufacturers-in-China-3-285x300.png",285,300,true],"medium_large":["https:\/\/pecbag.com\/wp-content\/uploads\/2025\/04\/Backpack-Manufacturers-in-China-3.png",684,720,false],"large":["https:\/\/pecbag.com\/wp-content\/uploads\/2025\/04\/Backpack-Manufacturers-in-China-3.png",684,720,false],"1536x1536":["https:\/\/pecbag.com\/wp-content\/uploads\/2025\/04\/Backpack-Manufacturers-in-China-3.png",684,720,false],"2048x2048":["https:\/\/pecbag.com\/wp-content\/uploads\/2025\/04\/Backpack-Manufacturers-in-China-3.png",684,720,false],"trp-custom-language-flag":["https:\/\/pecbag.com\/wp-content\/uploads\/2025\/04\/Backpack-Manufacturers-in-China-3.png",11,12,false],"woocommerce_thumbnail":["https:\/\/pecbag.com\/wp-content\/uploads\/2025\/04\/Backpack-Manufacturers-in-China-3-300x300.png",300,300,true],"woocommerce_single":["https:\/\/pecbag.com\/wp-content\/uploads\/2025\/04\/Backpack-Manufacturers-in-China-3-600x632.png",600,632,true],"woocommerce_gallery_thumbnail":["https:\/\/pecbag.com\/wp-content\/uploads\/2025\/04\/Backpack-Manufacturers-in-China-3-100x100.png",100,100,true]},"uagb_author_info":{"display_name":"Lawrence","author_link":"https:\/\/pecbag.com\/se\/author\/"},"uagb_comment_info":0,"uagb_excerpt":"Backpack Manufacturers in China We provide premium bag with full-size and color customization, durable fabrics, and certified quality. Enjoy flexible MOQs, fast global shipping, and private label solutions. Contact us today!","_links":{"self":[{"href":"https:\/\/pecbag.com\/se\/wp-json\/wp\/v2\/product\/1410","targetHints":{"allow":["GET"]}}],"collection":[{"href":"https:\/\/pecbag.com\/se\/wp-json\/wp\/v2\/product"}],"about":[{"href":"https:\/\/pecbag.com\/se\/wp-json\/wp\/v2\/types\/product"}],"wp:featuredmedia":[{"embeddable":true,"href":"https:\/\/pecbag.com\/se\/wp-json\/wp\/v2\/media\/1449"}],"wp:attachment":[{"href":"https:\/\/pecbag.com\/se\/wp-json\/wp\/v2\/media?parent=1410"}],"wp:term":[{"taxonomy":"product_brand","embeddable":true,"href":"https:\/\/pecbag.com\/se\/wp-json\/wp\/v2\/product_brand?post=1410"},{"taxonomy":"product_cat","embeddable":true,"href":"https:\/\/pecbag.com\/se\/wp-json\/wp\/v2\/product_cat?post=1410"},{"taxonomy":"product_tag","embeddable":true,"href":"https:\/\/pecbag.com\/se\/wp-json\/wp\/v2\/product_tag?post=1410"}],"curies":[{"name":"wp","href":"https:\/\/api.w.org\/{rel}","templated":true}]}}