{"id":1423,"date":"2025-04-11T09:03:03","date_gmt":"2025-04-11T09:03:03","guid":{"rendered":"https:\/\/pecbag.com\/?post_type=product&#038;p=1423"},"modified":"2025-11-29T02:11:58","modified_gmt":"2025-11-29T02:11:58","slug":"camping-lunch-bag-manufacturers","status":"publish","type":"product","link":"https:\/\/pecbag.com\/se\/camping-lunch-bag-manufacturers\/","title":{"rendered":"Camping lunchv\u00e4ska tillverkare"},"content":{"rendered":"<h2 title=\"Vikbar hundv\u00e4ska Andningsbar axelv\u00e4ska f\u00f6r husdjur i mesh f\u00f6r sm\u00e5 husdjur Hundar Katter\" data-immersive-translate-walked=\"1c928421-2e42-4cd3-8754-5404553c0af5\" data-immersive-translate-paragraph=\"1\" data-spm-anchor-id=\"a2700.details.0.i35.4f6757d4w4zNZA\">Topp grossist Camping Lunch Bag Tillverkare | Fabriksdirekta och anpassade l\u00f6sningar<\/h2>\n<div class=\"flex flex-grow flex-col max-w-full\">\n<div class=\"min-h-[20px] text-message flex w-full flex-col items-end gap-2 whitespace-pre-wrap break-words [.text-message+&amp;]:mt-5 overflow-x-auto\" dir=\"auto\" data-message-author-role=\"assistant\" data-message-id=\"3d7d46f6-7ec2-4222-9257-48fa0bba23c6\" data-suggestions=\"true\">\n<div class=\"flex w-full flex-col gap-1 empty:hidden first:pt-[3px]\">\n<div class=\"markdown prose w-full break-words dark:prose-invert light\">\n<p>Beh\u00f6ver p\u00e5litlig <strong>tillverkare av camping lunchv\u00e4ska<\/strong>? Vi \u00e4r en certifierad fabrik som erbjuder grossistpriser, snabba MOQ-order och anpassade isolerade lunchp\u00e5sar f\u00f6r utomhusm\u00e4rken. F\u00e5 FDA-godk\u00e4nda, l\u00e4ckages\u00e4kra m\u00f6nster idag!<\/p>\n<table width=\"288\">\n<tbody>\n<tr>\n<td width=\"137\"><span style=\"color: #333333;\">Produkter Namn<\/span><\/td>\n<td width=\"151\"><span style=\"color: #333333;\">L\u00e4gerv\u00e4ska<\/span><\/td>\n<\/tr>\n<tr>\n<td><span style=\"color: #333333;\">Artikel nr.<\/span><\/td>\n<td><span style=\"color: #333333;\">PB-2003<\/span><\/td>\n<\/tr>\n<tr>\n<td><span style=\"color: #333333;\">Material<\/span><\/td>\n<td><span style=\"color: #333333;\">Bomull, polyester, fleece<\/span><\/td>\n<\/tr>\n<tr>\n<td><span style=\"color: #333333;\">\u00a0Storlek och f\u00e4rg<\/span><\/td>\n<td><span style=\"color: #333333;\">Anpassad<\/span><\/td>\n<\/tr>\n<tr>\n<td><span style=\"color: #333333;\">\u00a0Leveranstid<\/span><\/td>\n<td><span style=\"color: #333333;\">1-5 dagar f\u00f6r liten m\u00e4ngd med flyg och 30-35 dagar f\u00f6r stor m\u00e4ngd till sj\u00f6ss<\/span><\/td>\n<\/tr>\n<\/tbody>\n<\/table>\n<p>Som professionell <strong>camping lunchv\u00e4ska tillverkare i Kina<\/strong>Vi designar och producerar h\u00f6gpresterande isolerade lunchp\u00e5sar f\u00f6r utomhusbutiker, livsmedelskedjor och campingm\u00e4rken. V\u00e5r fabrik \u00e4r specialiserad p\u00e5:<br \/>\n\u2705 <strong>Grossistbest\u00e4llningar<\/strong>: L\u00e5g MOQ b\u00f6rjar vid 300 st<br \/>\n\u2705 <strong>Anpassad varum\u00e4rkesprofilering<\/strong>: L\u00e4gg till logotyper, f\u00e4rger eller unika isoleringsspecifikationer<br \/>\n\u2705 <strong>H\u00e5llbar design<\/strong>: Vattent\u00e4ta foder, justerbara remmar och giftfria material<\/p>\n<p><strong>Varf\u00f6r arbeta med oss?<\/strong><\/p>\n<ul>\n<li><strong>Snabb produktion<\/strong>: 25 dagars leveranstid med global frakt<\/li>\n<li><strong>Kvalitetscertifierad<\/strong>: FDA\/EU-livsmedelsgodk\u00e4nd, 3-stegs kvalitetskontroller<\/li>\n<li><strong>Milj\u00f6v\u00e4nliga alternativ<\/strong>: \u00c5tervunna PET-tyger och biologiskt nedbrytbara blixtl\u00e5s<\/li>\n<\/ul>\n<p><strong>Perfekt f\u00f6r:<\/strong><\/p>\n<ul>\n<li>Leverant\u00f6rer av campingutrustning * M\u00e5ltidsf\u00f6retag * Distribut\u00f6rer av f\u00f6retagspresenter<\/li>\n<\/ul>\n<p>Beg\u00e4r gratisprover eller ladda upp din logotyp - l\u00e5t oss skapa lunchp\u00e5sar som h\u00e5ller m\u00e5ltiderna fr\u00e4scha och varum\u00e4rkena minnesv\u00e4rda!<\/p>\n<\/div>\n<\/div>\n<\/div>\n<\/div>","protected":false},"excerpt":{"rendered":"<h2 data-immersive-translate-walked=\"344be1c1-5052-41eb-8fcd-0dbe236a0d6b\" data-immersive-translate-paragraph=\"1\">Camping lunchv\u00e4ska tillverkare<\/h2>\n<p>Vi erbjuder premiumv\u00e4skor med full storlek och f\u00e4rganpassning, slitstarka tyger och certifierad kvalitet.<\/p>\n<p>Vi erbjuder flexibla MOQ:er, snabb global leverans och private label-l\u00f6sningar.<\/p>\n<p>Kontakta oss redan idag!<\/p>","protected":false},"featured_media":1427,"template":"","meta":{"_uag_custom_page_level_css":""},"product_brand":[],"product_cat":[44],"product_tag":[],"class_list":{"0":"post-1423","1":"product","2":"type-product","3":"status-publish","4":"has-post-thumbnail","6":"product_cat-camping-bags","8":"first","9":"instock","10":"shipping-taxable","11":"product-type-simple"},"uagb_featured_image_src":{"full":["https:\/\/pecbag.com\/wp-content\/uploads\/2025\/04\/Camping-Lunch-Bag-Manufacturers-5.jpg",1000,1000,false],"thumbnail":["https:\/\/pecbag.com\/wp-content\/uploads\/2025\/04\/Camping-Lunch-Bag-Manufacturers-5-150x150.jpg",150,150,true],"medium":["https:\/\/pecbag.com\/wp-content\/uploads\/2025\/04\/Camping-Lunch-Bag-Manufacturers-5-300x300.jpg",300,300,true],"medium_large":["https:\/\/pecbag.com\/wp-content\/uploads\/2025\/04\/Camping-Lunch-Bag-Manufacturers-5-768x768.jpg",768,768,true],"large":["https:\/\/pecbag.com\/wp-content\/uploads\/2025\/04\/Camping-Lunch-Bag-Manufacturers-5.jpg",800,800,false],"1536x1536":["https:\/\/pecbag.com\/wp-content\/uploads\/2025\/04\/Camping-Lunch-Bag-Manufacturers-5.jpg",1000,1000,false],"2048x2048":["https:\/\/pecbag.com\/wp-content\/uploads\/2025\/04\/Camping-Lunch-Bag-Manufacturers-5.jpg",1000,1000,false],"trp-custom-language-flag":["https:\/\/pecbag.com\/wp-content\/uploads\/2025\/04\/Camping-Lunch-Bag-Manufacturers-5.jpg",12,12,false],"woocommerce_thumbnail":["https:\/\/pecbag.com\/wp-content\/uploads\/2025\/04\/Camping-Lunch-Bag-Manufacturers-5-300x300.jpg",300,300,true],"woocommerce_single":["https:\/\/pecbag.com\/wp-content\/uploads\/2025\/04\/Camping-Lunch-Bag-Manufacturers-5-600x600.jpg",600,600,true],"woocommerce_gallery_thumbnail":["https:\/\/pecbag.com\/wp-content\/uploads\/2025\/04\/Camping-Lunch-Bag-Manufacturers-5-100x100.jpg",100,100,true]},"uagb_author_info":{"display_name":"Lawrence","author_link":"https:\/\/pecbag.com\/se\/author\/"},"uagb_comment_info":0,"uagb_excerpt":"Camping Lunch Bag Manufacturers We provide premium bag with full-size and color customization, durable fabrics, and certified quality. Enjoy flexible MOQs, fast global shipping, and private label solutions. Contact us today!","_links":{"self":[{"href":"https:\/\/pecbag.com\/se\/wp-json\/wp\/v2\/product\/1423","targetHints":{"allow":["GET"]}}],"collection":[{"href":"https:\/\/pecbag.com\/se\/wp-json\/wp\/v2\/product"}],"about":[{"href":"https:\/\/pecbag.com\/se\/wp-json\/wp\/v2\/types\/product"}],"wp:featuredmedia":[{"embeddable":true,"href":"https:\/\/pecbag.com\/se\/wp-json\/wp\/v2\/media\/1427"}],"wp:attachment":[{"href":"https:\/\/pecbag.com\/se\/wp-json\/wp\/v2\/media?parent=1423"}],"wp:term":[{"taxonomy":"product_brand","embeddable":true,"href":"https:\/\/pecbag.com\/se\/wp-json\/wp\/v2\/product_brand?post=1423"},{"taxonomy":"product_cat","embeddable":true,"href":"https:\/\/pecbag.com\/se\/wp-json\/wp\/v2\/product_cat?post=1423"},{"taxonomy":"product_tag","embeddable":true,"href":"https:\/\/pecbag.com\/se\/wp-json\/wp\/v2\/product_tag?post=1423"}],"curies":[{"name":"wp","href":"https:\/\/api.w.org\/{rel}","templated":true}]}}