{"id":1433,"date":"2025-04-11T09:25:15","date_gmt":"2025-04-11T09:25:15","guid":{"rendered":"https:\/\/pecbag.com\/?post_type=product&#038;p=1433"},"modified":"2025-11-29T02:11:54","modified_gmt":"2025-11-29T02:11:54","slug":"bike-delivery-bag-factories","status":"publish","type":"product","link":"https:\/\/pecbag.com\/se\/bike-delivery-bag-factories\/","title":{"rendered":"Fabriker f\u00f6r leveransv\u00e4skor f\u00f6r cyklar"},"content":{"rendered":"<h2 title=\"Vikbar hundv\u00e4ska Andningsbar axelv\u00e4ska f\u00f6r husdjur i mesh f\u00f6r sm\u00e5 husdjur Hundar Katter\" data-immersive-translate-walked=\"1c928421-2e42-4cd3-8754-5404553c0af5\" data-immersive-translate-paragraph=\"1\" data-spm-anchor-id=\"a2700.details.0.i35.4f6757d4w4zNZA\">B\u00e4sta grossistfabriker f\u00f6r cykelleveransv\u00e4skor | Anpassad design och fabriksdirekt priss\u00e4ttning<\/h2>\n<div class=\"flex flex-grow flex-col max-w-full\">\n<div class=\"min-h-[20px] text-message flex w-full flex-col items-end gap-2 whitespace-pre-wrap break-words [.text-message+&amp;]:mt-5 overflow-x-auto\" dir=\"auto\" data-message-author-role=\"assistant\" data-message-id=\"3d7d46f6-7ec2-4222-9257-48fa0bba23c6\" data-suggestions=\"true\">\n<div class=\"flex w-full flex-col gap-1 empty:hidden first:pt-[3px]\">\n<div class=\"markdown prose w-full break-words dark:prose-invert light\">\n<p>Letar du efter p\u00e5litlig <strong>cykel leverans v\u00e4ska fabriker<\/strong>? Vi tillverkar kraftiga, vattent\u00e4ta leveransp\u00e5sar f\u00f6r matkurirer och logistikm\u00e4rken. Partipriser, 10-dagars provtagning och bulkrabatter. F\u00e5 en gratis offert!<\/p>\n<table width=\"288\">\n<tbody>\n<tr>\n<td width=\"137\"><span style=\"color: #333333;\">Produkter Namn<\/span><\/td>\n<td width=\"151\"><span style=\"color: #333333;\">Cykelv\u00e4ska<\/span><\/td>\n<\/tr>\n<tr>\n<td><span style=\"color: #333333;\">Artikel nr.<\/span><\/td>\n<td><span style=\"color: #333333;\">PB-2005<\/span><\/td>\n<\/tr>\n<tr>\n<td><span style=\"color: #333333;\">Material<\/span><\/td>\n<td>600D sn\u00f6flinga polyester<\/td>\n<\/tr>\n<tr>\n<td><span style=\"color: #333333;\">Storlek<\/span><\/td>\n<td>23 x 18 x 12 cm<\/td>\n<\/tr>\n<tr>\n<td><span style=\"color: #333333;\">\u00a0Leveranstid<\/span><\/td>\n<td><span style=\"color: #333333;\">1-5 dagar f\u00f6r liten m\u00e4ngd med flyg och 30-35 dagar f\u00f6r stor m\u00e4ngd till sj\u00f6ss<\/span><\/td>\n<\/tr>\n<\/tbody>\n<\/table>\n<p>Som ledande <strong>cykel leverans v\u00e4ska fabriker i Kina<\/strong>Vi tillverkar h\u00e5llbara, v\u00e4derbest\u00e4ndiga l\u00f6sningar f\u00f6r Uber Eats-partners, pizzakedjor och logistikf\u00f6retag inom e-handel. V\u00e5r fabrik \u00e4r specialiserad p\u00e5:<br \/>\n\u2705 <strong>Partihandel med h\u00f6ga volymer<\/strong>: MOQ b\u00f6rjar vid 500 st<br \/>\n\u2705 <strong>Smart kundanpassning<\/strong>: L\u00e4gg till varum\u00e4rkesprofilering, isolering eller GPS-trackerplatser<br \/>\n\u2705 <strong>Robusta konstruktioner<\/strong>: 1000D nylon + vattent\u00e4ta blixtl\u00e5s + reflekterande remsor<\/p>\n<p><strong>Varf\u00f6r globala leveransf\u00f6retag v\u00e4ljer oss:<\/strong><\/p>\n<ul>\n<li><strong>Snabb handl\u00e4ggning<\/strong>: 15 dagars produktion + expressfrakt till USA\/EU<\/li>\n<li><strong>Certifierad kvalitet<\/strong>: ISO 9001, SGS s\u00e4kerhetstester, 2 \u00e5rs garanti<\/li>\n<li><strong>Milj\u00f6v\u00e4nlig kant<\/strong>: \u00c5tervunnet material och solcellsdriven fabrik<\/li>\n<\/ul>\n<p><strong>Perfekt f\u00f6r:<\/strong><\/p>\n<ul>\n<li>Nystartade f\u00f6retag inom matleveranser * Plattformar f\u00f6r cykeldelning * Apotekslogistik<\/li>\n<\/ul>\n<p><strong>Skr\u00e4ddarsy dina v\u00e4skor idag:<\/strong><br \/>\n\ud83d\udce6 Gratis 3D-design mockups<br \/>\n\ud83d\udce6 Vattent\u00e4ta och rivs\u00e4kra garantier<br \/>\n\ud83d\udce6 Skrymmande rabatter p\u00e5 5 000+ enheter<\/p>\n<\/div>\n<\/div>\n<\/div>\n<\/div>","protected":false},"excerpt":{"rendered":"<h2 data-immersive-translate-walked=\"344be1c1-5052-41eb-8fcd-0dbe236a0d6b\" data-immersive-translate-paragraph=\"1\">Fabriker f\u00f6r leveransv\u00e4skor f\u00f6r cyklar<\/h2>\n<p>Vi erbjuder premiumv\u00e4skor med full storlek och f\u00e4rganpassning, slitstarka tyger och certifierad kvalitet.<\/p>\n<p>Vi erbjuder flexibla MOQ:er, snabb global leverans och private label-l\u00f6sningar.<\/p>\n<p>Kontakta oss redan idag!<\/p>","protected":false},"featured_media":1416,"template":"","meta":{"_uag_custom_page_level_css":""},"product_brand":[],"product_cat":[48],"product_tag":[],"class_list":{"0":"post-1433","1":"product","2":"type-product","3":"status-publish","4":"has-post-thumbnail","6":"product_cat-bike-bag","8":"first","9":"instock","10":"shipping-taxable","11":"product-type-simple"},"uagb_featured_image_src":{"full":["https:\/\/pecbag.com\/wp-content\/uploads\/2025\/04\/Backpack-Manufacturers-in-China-5.jpg",1600,1600,false],"thumbnail":["https:\/\/pecbag.com\/wp-content\/uploads\/2025\/04\/Backpack-Manufacturers-in-China-5-150x150.jpg",150,150,true],"medium":["https:\/\/pecbag.com\/wp-content\/uploads\/2025\/04\/Backpack-Manufacturers-in-China-5-300x300.jpg",300,300,true],"medium_large":["https:\/\/pecbag.com\/wp-content\/uploads\/2025\/04\/Backpack-Manufacturers-in-China-5-768x768.jpg",768,768,true],"large":["https:\/\/pecbag.com\/wp-content\/uploads\/2025\/04\/Backpack-Manufacturers-in-China-5-1024x1024.jpg",800,800,true],"1536x1536":["https:\/\/pecbag.com\/wp-content\/uploads\/2025\/04\/Backpack-Manufacturers-in-China-5-1536x1536.jpg",1536,1536,true],"2048x2048":["https:\/\/pecbag.com\/wp-content\/uploads\/2025\/04\/Backpack-Manufacturers-in-China-5.jpg",1600,1600,false],"trp-custom-language-flag":["https:\/\/pecbag.com\/wp-content\/uploads\/2025\/04\/Backpack-Manufacturers-in-China-5.jpg",12,12,false],"woocommerce_thumbnail":["https:\/\/pecbag.com\/wp-content\/uploads\/2025\/04\/Backpack-Manufacturers-in-China-5-300x300.jpg",300,300,true],"woocommerce_single":["https:\/\/pecbag.com\/wp-content\/uploads\/2025\/04\/Backpack-Manufacturers-in-China-5-600x600.jpg",600,600,true],"woocommerce_gallery_thumbnail":["https:\/\/pecbag.com\/wp-content\/uploads\/2025\/04\/Backpack-Manufacturers-in-China-5-100x100.jpg",100,100,true]},"uagb_author_info":{"display_name":"Lawrence","author_link":"https:\/\/pecbag.com\/se\/author\/"},"uagb_comment_info":0,"uagb_excerpt":"Bike Delivery Bag Factories We provide premium bag with full-size and color customization, durable fabrics, and certified quality. Enjoy flexible MOQs, fast global shipping, and private label solutions. Contact us today!","_links":{"self":[{"href":"https:\/\/pecbag.com\/se\/wp-json\/wp\/v2\/product\/1433","targetHints":{"allow":["GET"]}}],"collection":[{"href":"https:\/\/pecbag.com\/se\/wp-json\/wp\/v2\/product"}],"about":[{"href":"https:\/\/pecbag.com\/se\/wp-json\/wp\/v2\/types\/product"}],"wp:featuredmedia":[{"embeddable":true,"href":"https:\/\/pecbag.com\/se\/wp-json\/wp\/v2\/media\/1416"}],"wp:attachment":[{"href":"https:\/\/pecbag.com\/se\/wp-json\/wp\/v2\/media?parent=1433"}],"wp:term":[{"taxonomy":"product_brand","embeddable":true,"href":"https:\/\/pecbag.com\/se\/wp-json\/wp\/v2\/product_brand?post=1433"},{"taxonomy":"product_cat","embeddable":true,"href":"https:\/\/pecbag.com\/se\/wp-json\/wp\/v2\/product_cat?post=1433"},{"taxonomy":"product_tag","embeddable":true,"href":"https:\/\/pecbag.com\/se\/wp-json\/wp\/v2\/product_tag?post=1433"}],"curies":[{"name":"wp","href":"https:\/\/api.w.org\/{rel}","templated":true}]}}