{"id":1450,"date":"2025-04-11T09:37:46","date_gmt":"2025-04-11T09:37:46","guid":{"rendered":"https:\/\/pecbag.com\/?post_type=product&#038;p=1450"},"modified":"2025-11-29T02:11:46","modified_gmt":"2025-11-29T02:11:46","slug":"china-chest-bag-manufacturers","status":"publish","type":"product","link":"https:\/\/pecbag.com\/se\/china-chest-bag-manufacturers\/","title":{"rendered":"Kina br\u00f6stv\u00e4ska tillverkare"},"content":{"rendered":"<h2 title=\"Vikbar hundv\u00e4ska Andningsbar axelv\u00e4ska f\u00f6r husdjur i mesh f\u00f6r sm\u00e5 husdjur Hundar Katter\" data-immersive-translate-walked=\"1c928421-2e42-4cd3-8754-5404553c0af5\" data-immersive-translate-paragraph=\"1\" data-spm-anchor-id=\"a2700.details.0.i35.4f6757d4w4zNZA\">Topp grossist Kina br\u00f6stv\u00e4ska tillverkare | fabriksdirekt och anpassad design<\/h2>\n<div class=\"flex flex-grow flex-col max-w-full\">\n<div class=\"min-h-[20px] text-message flex w-full flex-col items-end gap-2 whitespace-pre-wrap break-words [.text-message+&amp;]:mt-5 overflow-x-auto\" dir=\"auto\" data-message-author-role=\"assistant\" data-message-id=\"3d7d46f6-7ec2-4222-9257-48fa0bba23c6\" data-suggestions=\"true\">\n<div class=\"flex w-full flex-col gap-1 empty:hidden first:pt-[3px]\">\n<div class=\"markdown prose w-full break-words dark:prose-invert light\">\n<p>Beh\u00f6ver t\u00e5lig <strong>tillverkare av br\u00f6stv\u00e4skor i Kina<\/strong>? Vi erbjuder grossistpriser, MOQ 300 st och anpassade taktiska \/ milit\u00e4ra stildesigner - vattent\u00e4ta, RFID-s\u00e4kra och snabb leverans. F\u00e5 gratisprover nu!<\/p>\n<table width=\"288\">\n<tbody>\n<tr>\n<td width=\"137\"><span style=\"color: #333333;\">Produkter Namn<\/span><\/td>\n<td width=\"151\"><span style=\"color: #333333;\">Br\u00f6stkorgsv\u00e4ska<\/span><\/td>\n<\/tr>\n<tr>\n<td><span style=\"color: #333333;\">Artikel nr.<\/span><\/td>\n<td><span style=\"color: #333333;\">P-B2004<\/span><\/td>\n<\/tr>\n<tr>\n<td><span style=\"color: #333333;\">Material<\/span><\/td>\n<td>Polyester<\/td>\n<\/tr>\n<tr>\n<td><span style=\"color: #333333;\">\u00a0Storlek och f\u00e4rg<\/span><\/td>\n<td>13 x 4 x 18 cm<\/td>\n<\/tr>\n<tr>\n<td><span style=\"color: #333333;\">\u00a0Leveranstid<\/span><\/td>\n<td><span style=\"color: #333333;\">1-5 dagar f\u00f6r liten m\u00e4ngd med flyg och 30-35 dagar f\u00f6r stor m\u00e4ngd till sj\u00f6ss<\/span><\/td>\n<\/tr>\n<\/tbody>\n<\/table>\n<p>Som betrodda <strong>Tillverkare av br\u00f6stv\u00e4skor i Kina<\/strong>I v\u00e5r fabrik f\u00f6r taktiska br\u00f6stv\u00e4skor, crossbody-v\u00e4skor och utomhusutrustning tillverkar vi kraftiga taktiska br\u00f6stv\u00e4skor, crossbody-v\u00e4skor och utomhusutrustning f\u00f6r milit\u00e4ra leverant\u00f6rer, festivalarrang\u00f6rer och resem\u00e4rken. V\u00e5r fabrik levererar:<br \/>\n\u2705 <strong>Flexibilitet f\u00f6r grossister<\/strong>: Best\u00e4llningar fr\u00e5n 300 st med m\u00e4ngdrabatt<br \/>\n\u2705 <strong>Smart kundanpassning<\/strong>: L\u00e4gg till MOLLE-band, RFID-fickor eller varum\u00e4rkeslogotyper<br \/>\n\u2705 <strong>Konstruktioner f\u00f6r alla v\u00e4der<\/strong>: 1000D Cordura\u00ae + YKK-dragkedjor + andningsbara remmar<\/p>\n<p><strong>Varf\u00f6r globala k\u00f6pare v\u00e4ljer oss:<\/strong><\/p>\n<ul>\n<li><strong>10-dagars provtagning<\/strong>: Ta fram fysiska prototyper f\u00f6re massproduktion<\/li>\n<li><strong>Certifierad kvalitet<\/strong>: ISO 9001, OEKO-TEX\u00ae-certifierade tyger<\/li>\n<li><strong>Snabb logistik<\/strong>: DHL\/UPS d\u00f6rr-till-d\u00f6rr-frakt till 50+ l\u00e4nder<\/li>\n<\/ul>\n<p><strong>Perfekt f\u00f6r:<\/strong><\/p>\n<ul>\n<li>S\u00e4kerhetsf\u00f6retag * \u00c5terf\u00f6rs\u00e4ljare av utomhusprodukter * Evenemangsvaror<\/li>\n<\/ul>\n<p><strong>Starta ditt projekt idag:<\/strong><br \/>\n\ud83c\udf92 Gratis 3D-design mockups<br \/>\n\ud83c\udf92 Vattent\u00e4t och rivt\u00e5lig garanti<br \/>\n\ud83c\udf92 15 dagars produktionstid<\/p>\n<\/div>\n<\/div>\n<\/div>\n<\/div>","protected":false},"excerpt":{"rendered":"<h2 data-immersive-translate-walked=\"344be1c1-5052-41eb-8fcd-0dbe236a0d6b\" data-immersive-translate-paragraph=\"1\">Kina br\u00f6stv\u00e4ska tillverkare<\/h2>\n<p>Vi erbjuder premiumv\u00e4skor med full storlek och f\u00e4rganpassning, slitstarka tyger och certifierad kvalitet.<\/p>\n<p>Vi erbjuder flexibla MOQ:er, snabb global leverans och private label-l\u00f6sningar.<\/p>\n<p>Kontakta oss redan idag!<\/p>","protected":false},"featured_media":1454,"template":"","meta":{"_uag_custom_page_level_css":""},"product_brand":[],"product_cat":[61],"product_tag":[],"class_list":{"0":"post-1450","1":"product","2":"type-product","3":"status-publish","4":"has-post-thumbnail","6":"product_cat-chest-bag","8":"first","9":"instock","10":"shipping-taxable","11":"product-type-simple"},"uagb_featured_image_src":{"full":["https:\/\/pecbag.com\/wp-content\/uploads\/2025\/04\/CHINAC3.jpg",1487,1500,false],"thumbnail":["https:\/\/pecbag.com\/wp-content\/uploads\/2025\/04\/CHINAC3-150x150.jpg",150,150,true],"medium":["https:\/\/pecbag.com\/wp-content\/uploads\/2025\/04\/CHINAC3-297x300.jpg",297,300,true],"medium_large":["https:\/\/pecbag.com\/wp-content\/uploads\/2025\/04\/CHINAC3-768x775.jpg",768,775,true],"large":["https:\/\/pecbag.com\/wp-content\/uploads\/2025\/04\/CHINAC3-1015x1024.jpg",800,807,true],"1536x1536":["https:\/\/pecbag.com\/wp-content\/uploads\/2025\/04\/CHINAC3.jpg",1487,1500,false],"2048x2048":["https:\/\/pecbag.com\/wp-content\/uploads\/2025\/04\/CHINAC3.jpg",1487,1500,false],"trp-custom-language-flag":["https:\/\/pecbag.com\/wp-content\/uploads\/2025\/04\/CHINAC3.jpg",12,12,false],"woocommerce_thumbnail":["https:\/\/pecbag.com\/wp-content\/uploads\/2025\/04\/CHINAC3-300x300.jpg",300,300,true],"woocommerce_single":["https:\/\/pecbag.com\/wp-content\/uploads\/2025\/04\/CHINAC3-600x605.jpg",600,605,true],"woocommerce_gallery_thumbnail":["https:\/\/pecbag.com\/wp-content\/uploads\/2025\/04\/CHINAC3-100x100.jpg",100,100,true]},"uagb_author_info":{"display_name":"Lawrence","author_link":"https:\/\/pecbag.com\/se\/author\/"},"uagb_comment_info":0,"uagb_excerpt":"China Chest Bag Manufacturers We provide premium bag with full-size and color customization, durable fabrics, and certified quality. Enjoy flexible MOQs, fast global shipping, and private label solutions. Contact us today!","_links":{"self":[{"href":"https:\/\/pecbag.com\/se\/wp-json\/wp\/v2\/product\/1450","targetHints":{"allow":["GET"]}}],"collection":[{"href":"https:\/\/pecbag.com\/se\/wp-json\/wp\/v2\/product"}],"about":[{"href":"https:\/\/pecbag.com\/se\/wp-json\/wp\/v2\/types\/product"}],"wp:featuredmedia":[{"embeddable":true,"href":"https:\/\/pecbag.com\/se\/wp-json\/wp\/v2\/media\/1454"}],"wp:attachment":[{"href":"https:\/\/pecbag.com\/se\/wp-json\/wp\/v2\/media?parent=1450"}],"wp:term":[{"taxonomy":"product_brand","embeddable":true,"href":"https:\/\/pecbag.com\/se\/wp-json\/wp\/v2\/product_brand?post=1450"},{"taxonomy":"product_cat","embeddable":true,"href":"https:\/\/pecbag.com\/se\/wp-json\/wp\/v2\/product_cat?post=1450"},{"taxonomy":"product_tag","embeddable":true,"href":"https:\/\/pecbag.com\/se\/wp-json\/wp\/v2\/product_tag?post=1450"}],"curies":[{"name":"wp","href":"https:\/\/api.w.org\/{rel}","templated":true}]}}