{"id":1487,"date":"2025-04-11T10:10:02","date_gmt":"2025-04-11T10:10:02","guid":{"rendered":"https:\/\/pecbag.com\/?post_type=product&#038;p=1487"},"modified":"2025-11-29T02:10:50","modified_gmt":"2025-11-29T02:10:50","slug":"top-wholesale-duffel-bags-manufacturers-in-china","status":"publish","type":"product","link":"https:\/\/pecbag.com\/se\/top-wholesale-duffel-bags-manufacturers-in-china\/","title":{"rendered":"Duffelv\u00e4skor Tillverkare i Kina"},"content":{"rendered":"<h2 title=\"Vikbar hundv\u00e4ska Andningsbar axelv\u00e4ska f\u00f6r husdjur i mesh f\u00f6r sm\u00e5 husdjur Hundar Katter\" data-immersive-translate-walked=\"1c928421-2e42-4cd3-8754-5404553c0af5\" data-immersive-translate-paragraph=\"1\" data-spm-anchor-id=\"a2700.details.0.i35.4f6757d4w4zNZA\">Topp grossisttillverkare av duffelv\u00e4skor i Kina | Fabriksdirekt och anpassad design<\/h2>\n<div class=\"flex flex-grow flex-col max-w-full\">\n<div class=\"min-h-[20px] text-message flex w-full flex-col items-end gap-2 whitespace-pre-wrap break-words [.text-message+&amp;]:mt-5 overflow-x-auto\" dir=\"auto\" data-message-author-role=\"assistant\" data-message-id=\"3d7d46f6-7ec2-4222-9257-48fa0bba23c6\" data-suggestions=\"true\">\n<div class=\"flex w-full flex-col gap-1 empty:hidden first:pt-[3px]\">\n<div class=\"markdown prose w-full break-words dark:prose-invert light\">\n<p>Letar du efter p\u00e5litlig <strong>tillverkare av duffelv\u00e4skor i Kina<\/strong>? Vi erbjuder grossistpriser, vattent\u00e4ta m\u00f6nster och m\u00e4ngdrabatter. Anpassa gym-, rese- eller milit\u00e4ra duffelv\u00e4skor. Snabb global frakt. F\u00e5 gratis prover!<\/p>\n<table width=\"288\">\n<tbody>\n<tr>\n<td width=\"137\"><span style=\"color: #333333;\">Produkter Namn<\/span><\/td>\n<td width=\"151\">Duffelv\u00e4ska<\/td>\n<\/tr>\n<tr>\n<td><span style=\"color: #333333;\">Artikel nr.<\/span><\/td>\n<td><span style=\"color: #333333;\">PB-2011<\/span><\/td>\n<\/tr>\n<tr>\n<td><span style=\"color: #333333;\">Material<\/span><\/td>\n<td>600D polyester<\/td>\n<\/tr>\n<tr>\n<td><span style=\"color: #333333;\">Storlek<\/span><\/td>\n<td>48 X 24 X 25 CM<\/td>\n<\/tr>\n<tr>\n<td><span style=\"color: #333333;\">\u00a0Leveranstid<\/span><\/td>\n<td><span style=\"color: #333333;\">1-5 dagar f\u00f6r liten m\u00e4ngd med flyg och 30-35 dagar f\u00f6r stor m\u00e4ngd till sj\u00f6ss<\/span><\/td>\n<\/tr>\n<\/tbody>\n<\/table>\n<p>Som ett ledande <strong>tillverkare av duffelv\u00e4skor i Kina<\/strong>tillverkar vi kraftiga v\u00e4skor f\u00f6r gymkedjor, resebyr\u00e5er och milit\u00e4ra leverant\u00f6rer. V\u00e5r fabrik levererar:<br \/>\n\u2705 <strong>Flexibilitet f\u00f6r grossister<\/strong>: MOQ 500st med bulkpriss\u00e4ttning<br \/>\n\u2705 <strong>Smart kundanpassning<\/strong>: L\u00e4gg till logotyper, vadderade remmar eller extra fack<br \/>\n\u2705 <strong>Robusta konstruktioner<\/strong>: 1000D nylon, vattent\u00e4ta blixtl\u00e5s och rivs\u00e4kra s\u00f6mmar<\/p>\n<p><strong>Varf\u00f6r globala k\u00f6pare litar p\u00e5 oss:<\/strong><\/p>\n<ul>\n<li><strong>15+ \u00e5rs erfarenhet<\/strong>: Samarbetade med Decathlon &amp; Adidas leverant\u00f6rer<\/li>\n<li><strong>Certifierad kvalitet<\/strong>: ISO 9001, OEKO-TEX\u00ae-certifierade material<\/li>\n<li><strong>Snabb produktion<\/strong>: 18 dagars handl\u00e4ggningstid + leverans fr\u00e5n d\u00f6rr till d\u00f6rr<\/li>\n<\/ul>\n<p><strong>Perfekt f\u00f6r:<\/strong><\/p>\n<ul>\n<li>Idrottslag * \u00c5terf\u00f6rs\u00e4ljare av friluftsutrustning * G\u00e5voprogram f\u00f6r f\u00f6retag<\/li>\n<\/ul>\n<p><strong>Starta ditt projekt idag:<\/strong><br \/>\n\ud83c\udf92 Gratis 3D-design mockups<br \/>\n\ud83c\udf92 Vattent\u00e4t och rept\u00e5lig garanti<br \/>\n\ud83c\udf92 Rabatter p\u00e5 best\u00e4llningar \u00f6ver 2.000 enheter<\/p>\n<\/div>\n<\/div>\n<\/div>\n<\/div>","protected":false},"excerpt":{"rendered":"<h2 data-immersive-translate-walked=\"344be1c1-5052-41eb-8fcd-0dbe236a0d6b\" data-immersive-translate-paragraph=\"1\">Duffelv\u00e4skor Tillverkare i Kina<\/h2>\n<p>Vi erbjuder premiumv\u00e4skor med full storlek och f\u00e4rganpassning, slitstarka tyger och certifierad kvalitet.<\/p>\n<p>Vi erbjuder flexibla MOQ:er, snabb global leverans och private label-l\u00f6sningar.<\/p>\n<p>Kontakta oss redan idag!<\/p>","protected":false},"featured_media":1494,"template":"","meta":{"_uag_custom_page_level_css":""},"product_brand":[],"product_cat":[63],"product_tag":[],"class_list":{"0":"post-1487","1":"product","2":"type-product","3":"status-publish","4":"has-post-thumbnail","6":"product_cat-duffel-bag","8":"first","9":"instock","10":"shipping-taxable","11":"product-type-simple"},"uagb_featured_image_src":{"full":["https:\/\/pecbag.com\/wp-content\/uploads\/2025\/04\/Duffel-Bag-Manufacturers-in-China-2.jpg",1500,1500,false],"thumbnail":["https:\/\/pecbag.com\/wp-content\/uploads\/2025\/04\/Duffel-Bag-Manufacturers-in-China-2-150x150.jpg",150,150,true],"medium":["https:\/\/pecbag.com\/wp-content\/uploads\/2025\/04\/Duffel-Bag-Manufacturers-in-China-2-300x300.jpg",300,300,true],"medium_large":["https:\/\/pecbag.com\/wp-content\/uploads\/2025\/04\/Duffel-Bag-Manufacturers-in-China-2-768x768.jpg",768,768,true],"large":["https:\/\/pecbag.com\/wp-content\/uploads\/2025\/04\/Duffel-Bag-Manufacturers-in-China-2-1024x1024.jpg",800,800,true],"1536x1536":["https:\/\/pecbag.com\/wp-content\/uploads\/2025\/04\/Duffel-Bag-Manufacturers-in-China-2.jpg",1500,1500,false],"2048x2048":["https:\/\/pecbag.com\/wp-content\/uploads\/2025\/04\/Duffel-Bag-Manufacturers-in-China-2.jpg",1500,1500,false],"trp-custom-language-flag":["https:\/\/pecbag.com\/wp-content\/uploads\/2025\/04\/Duffel-Bag-Manufacturers-in-China-2.jpg",12,12,false],"woocommerce_thumbnail":["https:\/\/pecbag.com\/wp-content\/uploads\/2025\/04\/Duffel-Bag-Manufacturers-in-China-2-300x300.jpg",300,300,true],"woocommerce_single":["https:\/\/pecbag.com\/wp-content\/uploads\/2025\/04\/Duffel-Bag-Manufacturers-in-China-2-600x600.jpg",600,600,true],"woocommerce_gallery_thumbnail":["https:\/\/pecbag.com\/wp-content\/uploads\/2025\/04\/Duffel-Bag-Manufacturers-in-China-2-100x100.jpg",100,100,true]},"uagb_author_info":{"display_name":"Lawrence","author_link":"https:\/\/pecbag.com\/se\/author\/"},"uagb_comment_info":0,"uagb_excerpt":"Duffel Bags Manufacturers in China We provide premium bag with full-size and color customization, durable fabrics, and certified quality. Enjoy flexible MOQs, fast global shipping, and private label solutions. Contact us today!","_links":{"self":[{"href":"https:\/\/pecbag.com\/se\/wp-json\/wp\/v2\/product\/1487","targetHints":{"allow":["GET"]}}],"collection":[{"href":"https:\/\/pecbag.com\/se\/wp-json\/wp\/v2\/product"}],"about":[{"href":"https:\/\/pecbag.com\/se\/wp-json\/wp\/v2\/types\/product"}],"wp:featuredmedia":[{"embeddable":true,"href":"https:\/\/pecbag.com\/se\/wp-json\/wp\/v2\/media\/1494"}],"wp:attachment":[{"href":"https:\/\/pecbag.com\/se\/wp-json\/wp\/v2\/media?parent=1487"}],"wp:term":[{"taxonomy":"product_brand","embeddable":true,"href":"https:\/\/pecbag.com\/se\/wp-json\/wp\/v2\/product_brand?post=1487"},{"taxonomy":"product_cat","embeddable":true,"href":"https:\/\/pecbag.com\/se\/wp-json\/wp\/v2\/product_cat?post=1487"},{"taxonomy":"product_tag","embeddable":true,"href":"https:\/\/pecbag.com\/se\/wp-json\/wp\/v2\/product_tag?post=1487"}],"curies":[{"name":"wp","href":"https:\/\/api.w.org\/{rel}","templated":true}]}}