{"id":1503,"date":"2025-04-12T01:17:32","date_gmt":"2025-04-12T01:17:32","guid":{"rendered":"https:\/\/pecbag.com\/?post_type=product&#038;p=1503"},"modified":"2025-11-29T02:10:44","modified_gmt":"2025-11-29T02:10:44","slug":"sport-fishing-bag-factories","status":"publish","type":"product","link":"https:\/\/pecbag.com\/se\/sport-fishing-bag-factories\/","title":{"rendered":"Fabriker f\u00f6r sportfiskev\u00e4skor"},"content":{"rendered":"<h2 title=\"Vikbar hundv\u00e4ska Andningsbar axelv\u00e4ska f\u00f6r husdjur i mesh f\u00f6r sm\u00e5 husdjur Hundar Katter\" data-immersive-translate-walked=\"1c928421-2e42-4cd3-8754-5404553c0af5\" data-immersive-translate-paragraph=\"1\" data-spm-anchor-id=\"a2700.details.0.i35.4f6757d4w4zNZA\">B\u00e4sta grossistfabriker f\u00f6r sportfiskev\u00e4skor | Fabriksdirekt och saltvattens\u00e4ker design<\/h2>\n<div class=\"flex flex-grow flex-col max-w-full\">\n<div class=\"min-h-[20px] text-message flex w-full flex-col items-end gap-2 whitespace-pre-wrap break-words [.text-message+&amp;]:mt-5 overflow-x-auto\" dir=\"auto\" data-message-author-role=\"assistant\" data-message-id=\"3d7d46f6-7ec2-4222-9257-48fa0bba23c6\" data-suggestions=\"true\">\n<div class=\"flex w-full flex-col gap-1 empty:hidden first:pt-[3px]\">\n<div class=\"markdown prose w-full break-words dark:prose-invert light\">\n<p>Beh\u00f6ver t\u00e5lig <strong>fabriker f\u00f6r sportfiskev\u00e4skor<\/strong>? Vi tillverkar vattent\u00e4ta, anpassade tacklingsv\u00e4skor f\u00f6r offshore-fiskem\u00e4rken. Partipriser, snabba MOQ-best\u00e4llningar och global frakt. Beg\u00e4r gratisprover nu!<\/p>\n<table width=\"288\">\n<tbody>\n<tr>\n<td width=\"137\"><span style=\"color: #333333;\">Produkter Namn<\/span><\/td>\n<td width=\"151\">Fiskev\u00e4ska<\/td>\n<\/tr>\n<tr>\n<td><span style=\"color: #333333;\">Artikel nr.<\/span><\/td>\n<td><span style=\"color: #333333;\">PB-2012<\/span><\/td>\n<\/tr>\n<tr>\n<td><span style=\"color: #333333;\">Material<\/span><\/td>\n<td>600D polyester<\/td>\n<\/tr>\n<tr>\n<td><span style=\"color: #333333;\">Storlek<\/span><\/td>\n<td>30*15*20cm<\/td>\n<\/tr>\n<tr>\n<td><span style=\"color: #333333;\">\u00a0Leveranstid<\/span><\/td>\n<td><span style=\"color: #333333;\">1-5 dagar f\u00f6r liten m\u00e4ngd med flyg och 30-35 dagar f\u00f6r stor m\u00e4ngd till sj\u00f6ss<\/span><\/td>\n<\/tr>\n<\/tbody>\n<\/table>\n<p>Som betrodda <strong>sportfiske v\u00e4ska fabriker i Kina<\/strong>I v\u00e5r fabrik i London konstruerar vi robusta f\u00f6rvaringsl\u00f6sningar f\u00f6r fiskeredskap f\u00f6r marinor, sportfiskare och \u00e5terf\u00f6rs\u00e4ljare av friluftsprodukter. V\u00e5r fabrik levererar:<br \/>\n\u2705 <strong>Partihandel Klar<\/strong>: MOQ 300 st med m\u00e4ngdrabatt<br \/>\n\u2705 <strong>Smart kundanpassning<\/strong>: L\u00e4gg till sp\u00f6h\u00e5llare, vattent\u00e4ta p\u00e5sar eller remmar f\u00f6r b\u00e5tmontering<br \/>\n\u2705 <strong>T\u00e5lig f\u00f6r saltvatten<\/strong>: 1000D nylon + korrosionsbest\u00e4ndiga blixtl\u00e5s + UV-best\u00e4ndig bel\u00e4ggning<\/p>\n<p><strong>Varf\u00f6r fiskevarum\u00e4rken v\u00e4ljer oss:<\/strong><\/p>\n<ul>\n<li><strong>Mer \u00e4n 20 \u00e5rs expertis<\/strong>: Samarbete med Shimano &amp; Penn-leverant\u00f6rer<\/li>\n<li><strong>Certifierad h\u00e5llbarhet<\/strong>: IPX6 vattent\u00e4thetsklassning och 50 000+ cykeltester med dragkedja<\/li>\n<li><strong>Snabb logistik<\/strong>: 15 dagars produktion + flyg-\/sj\u00f6transport till kustn\u00e4ra hubbar<\/li>\n<\/ul>\n<p><strong>Perfekt f\u00f6r:<\/strong><\/p>\n<ul>\n<li>Charterbolag f\u00f6r djuphavsfiske * Arrang\u00f6rer av fisket\u00e4vlingar * Butiker f\u00f6r marin utrustning<\/li>\n<\/ul>\n<p><strong>Haka fast din perfekta design redan idag:<\/strong><br \/>\n\ud83c\udfa3 Gratis 3D-mockups med ditt varum\u00e4rke<br \/>\n\ud83c\udfa3 Halkfri bas och rostfri h\u00e5rdvara<br \/>\n\ud83c\udfa3 Rabatter p\u00e5 best\u00e4llningar \u00f6ver 1.000 enheter<\/p>\n<\/div>\n<\/div>\n<\/div>\n<\/div>","protected":false},"excerpt":{"rendered":"<h2 data-immersive-translate-walked=\"344be1c1-5052-41eb-8fcd-0dbe236a0d6b\" data-immersive-translate-paragraph=\"1\">Fabriker f\u00f6r sportfiskev\u00e4skor<\/h2>\n<p>Vi erbjuder premiumv\u00e4skor med full storlek och f\u00e4rganpassning, slitstarka tyger och certifierad kvalitet.<\/p>\n<p>Vi erbjuder flexibla MOQ:er, snabb global leverans och private label-l\u00f6sningar.<\/p>\n<p>Kontakta oss redan idag!<\/p>","protected":false},"featured_media":1509,"template":"","meta":{"_uag_custom_page_level_css":""},"product_brand":[],"product_cat":[46],"product_tag":[],"class_list":{"0":"post-1503","1":"product","2":"type-product","3":"status-publish","4":"has-post-thumbnail","6":"product_cat-fishing-bag","8":"first","9":"instock","10":"shipping-taxable","11":"product-type-simple"},"uagb_featured_image_src":{"full":["https:\/\/pecbag.com\/wp-content\/uploads\/2025\/04\/Sport-Fishing-Bag-Factories-2-scaled.jpg",2560,1920,false],"thumbnail":["https:\/\/pecbag.com\/wp-content\/uploads\/2025\/04\/Sport-Fishing-Bag-Factories-2-150x150.jpg",150,150,true],"medium":["https:\/\/pecbag.com\/wp-content\/uploads\/2025\/04\/Sport-Fishing-Bag-Factories-2-300x225.jpg",300,225,true],"medium_large":["https:\/\/pecbag.com\/wp-content\/uploads\/2025\/04\/Sport-Fishing-Bag-Factories-2-768x576.jpg",768,576,true],"large":["https:\/\/pecbag.com\/wp-content\/uploads\/2025\/04\/Sport-Fishing-Bag-Factories-2-1024x768.jpg",800,600,true],"1536x1536":["https:\/\/pecbag.com\/wp-content\/uploads\/2025\/04\/Sport-Fishing-Bag-Factories-2-1536x1152.jpg",1536,1152,true],"2048x2048":["https:\/\/pecbag.com\/wp-content\/uploads\/2025\/04\/Sport-Fishing-Bag-Factories-2-2048x1536.jpg",2048,1536,true],"trp-custom-language-flag":["https:\/\/pecbag.com\/wp-content\/uploads\/2025\/04\/Sport-Fishing-Bag-Factories-2-scaled.jpg",16,12,false],"woocommerce_thumbnail":["https:\/\/pecbag.com\/wp-content\/uploads\/2025\/04\/Sport-Fishing-Bag-Factories-2-300x300.jpg",300,300,true],"woocommerce_single":["https:\/\/pecbag.com\/wp-content\/uploads\/2025\/04\/Sport-Fishing-Bag-Factories-2-600x450.jpg",600,450,true],"woocommerce_gallery_thumbnail":["https:\/\/pecbag.com\/wp-content\/uploads\/2025\/04\/Sport-Fishing-Bag-Factories-2-100x100.jpg",100,100,true]},"uagb_author_info":{"display_name":"Lawrence","author_link":"https:\/\/pecbag.com\/se\/author\/"},"uagb_comment_info":0,"uagb_excerpt":"Sport Fishing Bag Factories We provide premium bags with full-size and color customization, durable fabrics, and certified quality. Enjoy flexible MOQs, fast global shipping, and private label solutions. Contact us today!","_links":{"self":[{"href":"https:\/\/pecbag.com\/se\/wp-json\/wp\/v2\/product\/1503","targetHints":{"allow":["GET"]}}],"collection":[{"href":"https:\/\/pecbag.com\/se\/wp-json\/wp\/v2\/product"}],"about":[{"href":"https:\/\/pecbag.com\/se\/wp-json\/wp\/v2\/types\/product"}],"wp:featuredmedia":[{"embeddable":true,"href":"https:\/\/pecbag.com\/se\/wp-json\/wp\/v2\/media\/1509"}],"wp:attachment":[{"href":"https:\/\/pecbag.com\/se\/wp-json\/wp\/v2\/media?parent=1503"}],"wp:term":[{"taxonomy":"product_brand","embeddable":true,"href":"https:\/\/pecbag.com\/se\/wp-json\/wp\/v2\/product_brand?post=1503"},{"taxonomy":"product_cat","embeddable":true,"href":"https:\/\/pecbag.com\/se\/wp-json\/wp\/v2\/product_cat?post=1503"},{"taxonomy":"product_tag","embeddable":true,"href":"https:\/\/pecbag.com\/se\/wp-json\/wp\/v2\/product_tag?post=1503"}],"curies":[{"name":"wp","href":"https:\/\/api.w.org\/{rel}","templated":true}]}}