{"id":1510,"date":"2025-04-12T01:28:23","date_gmt":"2025-04-12T01:28:23","guid":{"rendered":"https:\/\/pecbag.com\/?post_type=product&#038;p=1510"},"modified":"2025-11-29T02:10:39","modified_gmt":"2025-11-29T02:10:39","slug":"custom-made-golf-bags-china","status":"publish","type":"product","link":"https:\/\/pecbag.com\/se\/custom-made-golf-bags-china\/","title":{"rendered":"Specialtillverkade golfv\u00e4skor Kina"},"content":{"rendered":"<h2 title=\"Vikbar hundv\u00e4ska Andningsbar axelv\u00e4ska f\u00f6r husdjur i mesh f\u00f6r sm\u00e5 husdjur Hundar Katter\" data-immersive-translate-walked=\"1c928421-2e42-4cd3-8754-5404553c0af5\" data-immersive-translate-paragraph=\"1\" data-spm-anchor-id=\"a2700.details.0.i35.4f6757d4w4zNZA\">Topp grossist specialtillverkade golfv\u00e4skor Kina | Fabriksdirekt och turn\u00e9klar design<\/h2>\n<div class=\"flex flex-grow flex-col max-w-full\">\n<div class=\"min-h-[20px] text-message flex w-full flex-col items-end gap-2 whitespace-pre-wrap break-words [.text-message+&amp;]:mt-5 overflow-x-auto\" dir=\"auto\" data-message-author-role=\"assistant\" data-message-id=\"3d7d46f6-7ec2-4222-9257-48fa0bba23c6\" data-suggestions=\"true\">\n<div class=\"flex w-full flex-col gap-1 empty:hidden first:pt-[3px]\">\n<div class=\"markdown prose w-full break-words dark:prose-invert light\">\n<p>Beh\u00f6ver premie <strong>skr\u00e4ddarsydda golfv\u00e4skor fr\u00e5n Kina<\/strong>? Vi erbjuder grossistpriser, personlig design och snabb leverans - USGA-kompatibla v\u00e4skor f\u00f6r proffsbutiker och varum\u00e4rken. Beg\u00e4r gratis prover idag!<\/p>\n<table width=\"288\">\n<tbody>\n<tr>\n<td width=\"137\"><span style=\"color: #333333;\">Produkter Namn<\/span><\/td>\n<td width=\"151\">Golfbag<\/td>\n<\/tr>\n<tr>\n<td><span style=\"color: #333333;\">Artikel nr.<\/span><\/td>\n<td><span style=\"color: #333333;\">PB-2013<\/span><\/td>\n<\/tr>\n<tr>\n<td><span style=\"color: #333333;\">Material<\/span><\/td>\n<td>Polyester<\/td>\n<\/tr>\n<tr>\n<td><span style=\"color: #333333;\">\u00a0Storlek och f\u00e4rg<\/span><\/td>\n<td>34*23*47 cm<\/td>\n<\/tr>\n<tr>\n<td><span style=\"color: #333333;\">\u00a0Leveranstid<\/span><\/td>\n<td><span style=\"color: #333333;\">1-5 dagar f\u00f6r liten m\u00e4ngd med flyg och 30-35 dagar f\u00f6r stor m\u00e4ngd till sj\u00f6ss<\/span><\/td>\n<\/tr>\n<\/tbody>\n<\/table>\n<p>Som ett ledande <strong>skr\u00e4ddarsydd tillverkare av golfv\u00e4skor i Kina<\/strong>Vi tillverkar v\u00e4skor som \u00e4r redo f\u00f6r turneringar f\u00f6r countryklubbar, PGA-proffs och lyxresorter. V\u00e5r fabrik levererar:<br \/>\n\u2705 <strong>Flexibilitet f\u00f6r grossister<\/strong>: MOQ 200st med m\u00e4ngdrabatt<br \/>\n\u2705 <strong>Smart kundanpassning<\/strong>: L\u00e4gg till broderier, l\u00e4derdetaljer eller vagnmonteringssystem<br \/>\n\u2705 <strong>Proffsiga byggnationer<\/strong>: Vattent\u00e4t 600D polyester + kolfiberstativ<\/p>\n<p><strong>Varf\u00f6r golfvarum\u00e4rken litar p\u00e5 oss:<\/strong><\/p>\n<ul>\n<li><strong>18+ \u00e5rs expertis<\/strong>: Samarbete med TaylorMade &amp; Callaway-leverant\u00f6rer<\/li>\n<li><strong>Certifierad kvalitet<\/strong>: ISO 9001, ROHS-kompatibla material<\/li>\n<li><strong>Snabb produktion<\/strong>: 20 dagars handl\u00e4ggningstid + flygfrakt till 60+ l\u00e4nder<\/li>\n<\/ul>\n<p><strong>Perfekt f\u00f6r:<\/strong><\/p>\n<ul>\n<li>Golfanl\u00e4ggningar * Proffsbutiker * G\u00e5voprogram f\u00f6r f\u00f6retag<\/li>\n<\/ul>\n<p><strong>K\u00f6r din design idag:<\/strong><br \/>\n\u26f3 Gratis 3D-mockups med din logotyp<br \/>\n\u26f3 14-v\u00e4gs avdelare och alternativ f\u00f6r kylfickor<br \/>\n\u26f3 Rabatter p\u00e5 best\u00e4llningar \u00f6ver 500 enheter<\/p>\n<\/div>\n<\/div>\n<\/div>\n<\/div>","protected":false},"excerpt":{"rendered":"<h2 data-immersive-translate-walked=\"344be1c1-5052-41eb-8fcd-0dbe236a0d6b\" data-immersive-translate-paragraph=\"1\">Specialtillverkade golfv\u00e4skor Kina<\/h2>\n<p>Vi erbjuder premiumv\u00e4skor med full storlek och f\u00e4rganpassning, slitstarka tyger och certifierad kvalitet.<\/p>\n<p>Vi erbjuder flexibla MOQ:er, snabb global leverans och private label-l\u00f6sningar.<\/p>\n<p>Kontakta oss redan idag!<\/p>","protected":false},"featured_media":1511,"template":"","meta":{"_uag_custom_page_level_css":""},"product_brand":[],"product_cat":[51],"product_tag":[],"class_list":{"0":"post-1510","1":"product","2":"type-product","3":"status-publish","4":"has-post-thumbnail","6":"product_cat-golf-bag","8":"first","9":"instock","10":"shipping-taxable","11":"product-type-simple"},"uagb_featured_image_src":{"full":["https:\/\/pecbag.com\/wp-content\/uploads\/2025\/04\/Custom-Made-Golf-Bags-China-4.jpg",720,720,false],"thumbnail":["https:\/\/pecbag.com\/wp-content\/uploads\/2025\/04\/Custom-Made-Golf-Bags-China-4-150x150.jpg",150,150,true],"medium":["https:\/\/pecbag.com\/wp-content\/uploads\/2025\/04\/Custom-Made-Golf-Bags-China-4-300x300.jpg",300,300,true],"medium_large":["https:\/\/pecbag.com\/wp-content\/uploads\/2025\/04\/Custom-Made-Golf-Bags-China-4.jpg",720,720,false],"large":["https:\/\/pecbag.com\/wp-content\/uploads\/2025\/04\/Custom-Made-Golf-Bags-China-4.jpg",720,720,false],"1536x1536":["https:\/\/pecbag.com\/wp-content\/uploads\/2025\/04\/Custom-Made-Golf-Bags-China-4.jpg",720,720,false],"2048x2048":["https:\/\/pecbag.com\/wp-content\/uploads\/2025\/04\/Custom-Made-Golf-Bags-China-4.jpg",720,720,false],"trp-custom-language-flag":["https:\/\/pecbag.com\/wp-content\/uploads\/2025\/04\/Custom-Made-Golf-Bags-China-4.jpg",12,12,false],"woocommerce_thumbnail":["https:\/\/pecbag.com\/wp-content\/uploads\/2025\/04\/Custom-Made-Golf-Bags-China-4-300x300.jpg",300,300,true],"woocommerce_single":["https:\/\/pecbag.com\/wp-content\/uploads\/2025\/04\/Custom-Made-Golf-Bags-China-4-600x600.jpg",600,600,true],"woocommerce_gallery_thumbnail":["https:\/\/pecbag.com\/wp-content\/uploads\/2025\/04\/Custom-Made-Golf-Bags-China-4-100x100.jpg",100,100,true]},"uagb_author_info":{"display_name":"Lawrence","author_link":"https:\/\/pecbag.com\/se\/author\/"},"uagb_comment_info":0,"uagb_excerpt":"Custom Made Golf Bags China We provide premium bags with full-size and color customization, durable fabrics, and certified quality. Enjoy flexible MOQs, fast global shipping, and private label solutions. Contact us today!","_links":{"self":[{"href":"https:\/\/pecbag.com\/se\/wp-json\/wp\/v2\/product\/1510","targetHints":{"allow":["GET"]}}],"collection":[{"href":"https:\/\/pecbag.com\/se\/wp-json\/wp\/v2\/product"}],"about":[{"href":"https:\/\/pecbag.com\/se\/wp-json\/wp\/v2\/types\/product"}],"wp:featuredmedia":[{"embeddable":true,"href":"https:\/\/pecbag.com\/se\/wp-json\/wp\/v2\/media\/1511"}],"wp:attachment":[{"href":"https:\/\/pecbag.com\/se\/wp-json\/wp\/v2\/media?parent=1510"}],"wp:term":[{"taxonomy":"product_brand","embeddable":true,"href":"https:\/\/pecbag.com\/se\/wp-json\/wp\/v2\/product_brand?post=1510"},{"taxonomy":"product_cat","embeddable":true,"href":"https:\/\/pecbag.com\/se\/wp-json\/wp\/v2\/product_cat?post=1510"},{"taxonomy":"product_tag","embeddable":true,"href":"https:\/\/pecbag.com\/se\/wp-json\/wp\/v2\/product_tag?post=1510"}],"curies":[{"name":"wp","href":"https:\/\/api.w.org\/{rel}","templated":true}]}}