{"id":1531,"date":"2025-04-12T02:06:41","date_gmt":"2025-04-12T02:06:41","guid":{"rendered":"https:\/\/pecbag.com\/?post_type=product&#038;p=1531"},"modified":"2025-11-29T02:10:18","modified_gmt":"2025-11-29T02:10:18","slug":"hunting-bag-factories","status":"publish","type":"product","link":"https:\/\/pecbag.com\/se\/hunting-bag-factories\/","title":{"rendered":"Fabriker f\u00f6r jaktv\u00e4skor"},"content":{"rendered":"<h2 title=\"Vikbar hundv\u00e4ska Andningsbar axelv\u00e4ska f\u00f6r husdjur i mesh f\u00f6r sm\u00e5 husdjur Hundar Katter\" data-immersive-translate-walked=\"1c928421-2e42-4cd3-8754-5404553c0af5\" data-immersive-translate-paragraph=\"1\" data-spm-anchor-id=\"a2700.details.0.i35.4f6757d4w4zNZA\">De b\u00e4sta grossistfabrikerna f\u00f6r jaktv\u00e4skor | Fabriksdesign direkt och taktisk kvalitet<\/h2>\n<div class=\"flex flex-grow flex-col max-w-full\">\n<div class=\"min-h-[20px] text-message flex w-full flex-col items-end gap-2 whitespace-pre-wrap break-words [.text-message+&amp;]:mt-5 overflow-x-auto\" dir=\"auto\" data-message-author-role=\"assistant\" data-message-id=\"3d7d46f6-7ec2-4222-9257-48fa0bba23c6\" data-suggestions=\"true\">\n<div class=\"flex w-full flex-col gap-1 empty:hidden first:pt-[3px]\">\n<div class=\"markdown prose w-full break-words dark:prose-invert light\">\n<p>Beh\u00f6ver t\u00e5lig <strong>fabriker f\u00f6r jaktv\u00e4skor<\/strong>? Vi tillverkar taktiska f\u00f6rpackningar med tyst blixtl\u00e5s f\u00f6r utomhusm\u00e4rken. Partipriser, anpassade camo-m\u00f6nster och snabb frakt. Beg\u00e4r gratisprover nu!<\/p>\n<table width=\"288\">\n<tbody>\n<tr>\n<td width=\"137\"><span style=\"color: #333333;\">Produkter Namn<\/span><\/td>\n<td width=\"151\">Jaktv\u00e4ska<\/td>\n<\/tr>\n<tr>\n<td><span style=\"color: #333333;\">Artikel nr.<\/span><\/td>\n<td><span style=\"color: #333333;\">PB-2016<\/span><\/td>\n<\/tr>\n<tr>\n<td><span style=\"color: #333333;\">Material<\/span><\/td>\n<td>600D polyester<\/td>\n<\/tr>\n<tr>\n<td><span style=\"color: #333333;\">Storlek<\/span><\/td>\n<td>12,2 x 6,9 x 17,7 tum<\/td>\n<\/tr>\n<tr>\n<td><span style=\"color: #333333;\">\u00a0Leveranstid<\/span><\/td>\n<td><span style=\"color: #333333;\">1-5 dagar f\u00f6r liten m\u00e4ngd med flyg och 30-35 dagar f\u00f6r stor m\u00e4ngd till sj\u00f6ss<\/span><\/td>\n<\/tr>\n<\/tbody>\n<\/table>\n<p>Som betrodda <strong>jaktv\u00e4ska fabriker i Kina<\/strong>utvecklar vi stealth-klar utrustning f\u00f6r professionella j\u00e4gare, utomhusguider och taktiska varum\u00e4rken. V\u00e5r fabrik levererar:<br \/>\n\u2705 <strong>Partihandel Klar<\/strong>: MOQ 200st med m\u00e4ngdrabatt<br \/>\n\u2705 <strong>Smart kundanpassning<\/strong>: L\u00e4gg till orangef\u00e4rgade paneler, pistolskidor eller blodt\u00e4ta foder<br \/>\n\u2705 <strong>Tyst och t\u00e5lig<\/strong>: 500D Cordura\u00ae-tyg + ljudl\u00f6sa YKK-dragkedjor<\/p>\n<p><strong>Varf\u00f6r jaktvarum\u00e4rken v\u00e4ljer oss:<\/strong><\/p>\n<ul>\n<li><strong>Mer \u00e4n 15 \u00e5rs expertis<\/strong>: Samarbetade med Sitka Gear &amp; Browning-leverant\u00f6rer<\/li>\n<li><strong>Certifierad h\u00e5llbarhet<\/strong>: IPX5-vattent\u00e4thet och 30 000+ cykeltester med dragkedja<\/li>\n<li><strong>Snabb logistik<\/strong>: 18 dagars produktion + global frakt till avl\u00e4gsna omr\u00e5den<\/li>\n<\/ul>\n<p><strong>Perfekt f\u00f6r:<\/strong><\/p>\n<ul>\n<li>Storviltsjakt, * \u00d6verlevnadsskolor, * Milit\u00e4ra \u00f6verskottslager<\/li>\n<\/ul>\n<p><strong>L\u00e5s in din perfekta design redan idag:<\/strong><br \/>\n\ud83c\udfaf Gratis 3D-mockups med ditt varum\u00e4rke<br \/>\n\ud83c\udfaf Doftblockerande teknik &amp; snabb\u00e5tkomliga fack<br \/>\n\ud83c\udfaf Rabatter p\u00e5 best\u00e4llningar \u00f6ver 500 enheter<\/p>\n<\/div>\n<\/div>\n<\/div>\n<\/div>","protected":false},"excerpt":{"rendered":"<h2 data-immersive-translate-walked=\"344be1c1-5052-41eb-8fcd-0dbe236a0d6b\" data-immersive-translate-paragraph=\"1\">Fabriker f\u00f6r jaktv\u00e4skor<\/h2>\n<p>Vi erbjuder premiumv\u00e4skor med full storlek och f\u00e4rganpassning, slitstarka tyger och certifierad kvalitet.<\/p>\n<p>Vi erbjuder flexibla MOQ:er, snabb global leverans och private label-l\u00f6sningar.<\/p>\n<p>Kontakta oss redan idag!<\/p>","protected":false},"featured_media":1536,"template":"","meta":{"_uag_custom_page_level_css":""},"product_brand":[],"product_cat":[54],"product_tag":[],"class_list":{"0":"post-1531","1":"product","2":"type-product","3":"status-publish","4":"has-post-thumbnail","6":"product_cat-hunting-bag","8":"first","9":"instock","10":"shipping-taxable","11":"product-type-simple"},"uagb_featured_image_src":{"full":["https:\/\/pecbag.com\/wp-content\/uploads\/2025\/04\/Hunting-Bag-Factories-3.jpg",960,960,false],"thumbnail":["https:\/\/pecbag.com\/wp-content\/uploads\/2025\/04\/Hunting-Bag-Factories-3-150x150.jpg",150,150,true],"medium":["https:\/\/pecbag.com\/wp-content\/uploads\/2025\/04\/Hunting-Bag-Factories-3-300x300.jpg",300,300,true],"medium_large":["https:\/\/pecbag.com\/wp-content\/uploads\/2025\/04\/Hunting-Bag-Factories-3-768x768.jpg",768,768,true],"large":["https:\/\/pecbag.com\/wp-content\/uploads\/2025\/04\/Hunting-Bag-Factories-3.jpg",800,800,false],"1536x1536":["https:\/\/pecbag.com\/wp-content\/uploads\/2025\/04\/Hunting-Bag-Factories-3.jpg",960,960,false],"2048x2048":["https:\/\/pecbag.com\/wp-content\/uploads\/2025\/04\/Hunting-Bag-Factories-3.jpg",960,960,false],"trp-custom-language-flag":["https:\/\/pecbag.com\/wp-content\/uploads\/2025\/04\/Hunting-Bag-Factories-3.jpg",12,12,false],"woocommerce_thumbnail":["https:\/\/pecbag.com\/wp-content\/uploads\/2025\/04\/Hunting-Bag-Factories-3-300x300.jpg",300,300,true],"woocommerce_single":["https:\/\/pecbag.com\/wp-content\/uploads\/2025\/04\/Hunting-Bag-Factories-3-600x600.jpg",600,600,true],"woocommerce_gallery_thumbnail":["https:\/\/pecbag.com\/wp-content\/uploads\/2025\/04\/Hunting-Bag-Factories-3-100x100.jpg",100,100,true]},"uagb_author_info":{"display_name":"Lawrence","author_link":"https:\/\/pecbag.com\/se\/author\/"},"uagb_comment_info":0,"uagb_excerpt":"Hunting Bag Factories We provide premium bags with full-size and color customization, durable fabrics, and certified quality. Enjoy flexible MOQs, fast global shipping, and private label solutions. Contact us today!","_links":{"self":[{"href":"https:\/\/pecbag.com\/se\/wp-json\/wp\/v2\/product\/1531","targetHints":{"allow":["GET"]}}],"collection":[{"href":"https:\/\/pecbag.com\/se\/wp-json\/wp\/v2\/product"}],"about":[{"href":"https:\/\/pecbag.com\/se\/wp-json\/wp\/v2\/types\/product"}],"wp:featuredmedia":[{"embeddable":true,"href":"https:\/\/pecbag.com\/se\/wp-json\/wp\/v2\/media\/1536"}],"wp:attachment":[{"href":"https:\/\/pecbag.com\/se\/wp-json\/wp\/v2\/media?parent=1531"}],"wp:term":[{"taxonomy":"product_brand","embeddable":true,"href":"https:\/\/pecbag.com\/se\/wp-json\/wp\/v2\/product_brand?post=1531"},{"taxonomy":"product_cat","embeddable":true,"href":"https:\/\/pecbag.com\/se\/wp-json\/wp\/v2\/product_cat?post=1531"},{"taxonomy":"product_tag","embeddable":true,"href":"https:\/\/pecbag.com\/se\/wp-json\/wp\/v2\/product_tag?post=1531"}],"curies":[{"name":"wp","href":"https:\/\/api.w.org\/{rel}","templated":true}]}}