{"id":1539,"date":"2025-04-12T02:14:13","date_gmt":"2025-04-12T02:14:13","guid":{"rendered":"https:\/\/pecbag.com\/?post_type=product&#038;p=1539"},"modified":"2025-11-29T02:10:12","modified_gmt":"2025-11-29T02:10:12","slug":"business-laptop-bag-factories","status":"publish","type":"product","link":"https:\/\/pecbag.com\/se\/business-laptop-bag-factories\/","title":{"rendered":"Fabriker f\u00f6r b\u00e4rbara v\u00e4skor f\u00f6r f\u00f6retag"},"content":{"rendered":"<h2 title=\"Vikbar hundv\u00e4ska Andningsbar axelv\u00e4ska f\u00f6r husdjur i mesh f\u00f6r sm\u00e5 husdjur Hundar Katter\" data-immersive-translate-walked=\"1c928421-2e42-4cd3-8754-5404553c0af5\" data-immersive-translate-paragraph=\"1\" data-spm-anchor-id=\"a2700.details.0.i35.4f6757d4w4zNZA\">B\u00e4sta grossistfabriker f\u00f6r b\u00e4rbara v\u00e4skor f\u00f6r f\u00f6retag | Fabriksdirekt och professionell design<\/h2>\n<div class=\"flex flex-grow flex-col max-w-full\">\n<div class=\"min-h-[20px] text-message flex w-full flex-col items-end gap-2 whitespace-pre-wrap break-words [.text-message+&amp;]:mt-5 overflow-x-auto\" dir=\"auto\" data-message-author-role=\"assistant\" data-message-id=\"3d7d46f6-7ec2-4222-9257-48fa0bba23c6\" data-suggestions=\"true\">\n<div class=\"flex w-full flex-col gap-1 empty:hidden first:pt-[3px]\">\n<div class=\"markdown prose w-full break-words dark:prose-invert light\">\n<p>Beh\u00f6ver premie <strong>fabriker f\u00f6r b\u00e4rbara v\u00e4skor f\u00f6r f\u00f6retag<\/strong>? Vi erbjuder anpassad design, RFID-skydd och m\u00e4ngdrabatter. Snabb global frakt f\u00f6r f\u00f6retagsvarum\u00e4rken. Beg\u00e4r gratisprover nu!<\/p>\n<table width=\"288\">\n<tbody>\n<tr>\n<td width=\"137\"><span style=\"color: #333333;\">Produkter Namn<\/span><\/td>\n<td width=\"151\">V\u00e4ska f\u00f6r b\u00e4rbar dator<\/td>\n<\/tr>\n<tr>\n<td><span style=\"color: #333333;\">Artikel nr.<\/span><\/td>\n<td><span style=\"color: #333333;\">PB-2017<\/span><\/td>\n<\/tr>\n<tr>\n<td><span style=\"color: #333333;\">Material<\/span><\/td>\n<td>polyester<\/td>\n<\/tr>\n<tr>\n<td><span style=\"color: #333333;\">\u00a0Storlek och f\u00e4rg<\/span><\/td>\n<td><span style=\"color: #333333;\">Anpassad<\/span><\/td>\n<\/tr>\n<tr>\n<td><span style=\"color: #333333;\">\u00a0Leveranstid<\/span><\/td>\n<td><span style=\"color: #333333;\">1-5 dagar f\u00f6r liten m\u00e4ngd med flyg och 30-35 dagar f\u00f6r stor m\u00e4ngd till sj\u00f6ss<\/span><\/td>\n<\/tr>\n<\/tbody>\n<\/table>\n<p>Som betrodda <strong>fabriker f\u00f6r b\u00e4rbara v\u00e4skor f\u00f6r f\u00f6retag i Kina<\/strong>tillverkar vi portf\u00f6ljer av h\u00f6gsta kvalitet f\u00f6r Fortune 500-f\u00f6retag, nystartade teknikf\u00f6retag och lyxiga detaljhandlare. V\u00e5r fabrik levererar:<br \/>\n\u2705 <strong>Flexibilitet f\u00f6r grossister<\/strong>: MOQ 200st med volympriser<br \/>\n\u2705 <strong>Smart kundanpassning<\/strong>: L\u00e4gg till logotyppr\u00e4gling, dokumentfodral eller portar f\u00f6r tr\u00e5dl\u00f6s laddning<br \/>\n\u2705 <strong>Professionell polering<\/strong>: Rept\u00e5ligt veganl\u00e4der och antif\u00e4rgad h\u00e5rdvara<\/p>\n<p><strong>Varf\u00f6r f\u00f6retagsk\u00f6pare litar p\u00e5 oss:<\/strong><\/p>\n<ul>\n<li><strong>Mer \u00e4n 12 \u00e5rs expertis<\/strong>: Samarbetade med Dell- och Lenovo-leverant\u00f6rer<\/li>\n<li><strong>Certifierad s\u00e4kerhet<\/strong>: RFID-blockerande teknik och TSA-v\u00e4nlig design<\/li>\n<li><strong>Snabb handl\u00e4ggning<\/strong>: 15-dagars produktion + expressfrakt till 80+ l\u00e4nder<\/li>\n<\/ul>\n<p><strong>Perfekt f\u00f6r:<\/strong><\/p>\n<ul>\n<li>F\u00f6retagspresenter * Leverant\u00f6rskedjor f\u00f6r kontor * V\u00e4rdesaker fr\u00e5n tekniska konferenser<\/li>\n<\/ul>\n<p><strong>H\u00f6j din professionella image redan idag:<\/strong><br \/>\n\ud83d\udcbc Gratis 3D-design mockups<br \/>\n\ud83d\udcbc Vattent\u00e5liga och st\u00f6ldskyddande funktioner<br \/>\n\ud83d\udcbc Rabatter p\u00e5 best\u00e4llningar av 500+ enheter<\/p>\n<\/div>\n<\/div>\n<\/div>\n<\/div>","protected":false},"excerpt":{"rendered":"<h2 data-immersive-translate-walked=\"344be1c1-5052-41eb-8fcd-0dbe236a0d6b\" data-immersive-translate-paragraph=\"1\">Fabriker f\u00f6r b\u00e4rbara v\u00e4skor f\u00f6r f\u00f6retag<\/h2>\n<p>Vi erbjuder premiumv\u00e4skor med full storlek och f\u00e4rganpassning, slitstarka tyger och certifierad kvalitet.<\/p>\n<p>Vi erbjuder flexibla MOQ:er, snabb global leverans och private label-l\u00f6sningar.<\/p>\n<p>Kontakta oss redan idag!<\/p>","protected":false},"featured_media":1543,"template":"","meta":{"_uag_custom_page_level_css":""},"product_brand":[],"product_cat":[19],"product_tag":[],"class_list":{"0":"post-1539","1":"product","2":"type-product","3":"status-publish","4":"has-post-thumbnail","6":"product_cat-uncategorized","8":"first","9":"instock","10":"shipping-taxable","11":"product-type-simple"},"uagb_featured_image_src":{"full":["https:\/\/pecbag.com\/wp-content\/uploads\/2025\/04\/BUSSIN1.jpg",800,800,false],"thumbnail":["https:\/\/pecbag.com\/wp-content\/uploads\/2025\/04\/BUSSIN1-150x150.jpg",150,150,true],"medium":["https:\/\/pecbag.com\/wp-content\/uploads\/2025\/04\/BUSSIN1-300x300.jpg",300,300,true],"medium_large":["https:\/\/pecbag.com\/wp-content\/uploads\/2025\/04\/BUSSIN1-768x768.jpg",768,768,true],"large":["https:\/\/pecbag.com\/wp-content\/uploads\/2025\/04\/BUSSIN1.jpg",800,800,false],"1536x1536":["https:\/\/pecbag.com\/wp-content\/uploads\/2025\/04\/BUSSIN1.jpg",800,800,false],"2048x2048":["https:\/\/pecbag.com\/wp-content\/uploads\/2025\/04\/BUSSIN1.jpg",800,800,false],"trp-custom-language-flag":["https:\/\/pecbag.com\/wp-content\/uploads\/2025\/04\/BUSSIN1.jpg",12,12,false],"woocommerce_thumbnail":["https:\/\/pecbag.com\/wp-content\/uploads\/2025\/04\/BUSSIN1-300x300.jpg",300,300,true],"woocommerce_single":["https:\/\/pecbag.com\/wp-content\/uploads\/2025\/04\/BUSSIN1-600x600.jpg",600,600,true],"woocommerce_gallery_thumbnail":["https:\/\/pecbag.com\/wp-content\/uploads\/2025\/04\/BUSSIN1-100x100.jpg",100,100,true]},"uagb_author_info":{"display_name":"Lawrence","author_link":"https:\/\/pecbag.com\/se\/author\/"},"uagb_comment_info":0,"uagb_excerpt":"Business Laptop Bag Factories We provide premium bags with full-size and color customization, durable fabrics, and certified quality. Enjoy flexible MOQs, fast global shipping, and private label solutions. Contact us today!","_links":{"self":[{"href":"https:\/\/pecbag.com\/se\/wp-json\/wp\/v2\/product\/1539","targetHints":{"allow":["GET"]}}],"collection":[{"href":"https:\/\/pecbag.com\/se\/wp-json\/wp\/v2\/product"}],"about":[{"href":"https:\/\/pecbag.com\/se\/wp-json\/wp\/v2\/types\/product"}],"wp:featuredmedia":[{"embeddable":true,"href":"https:\/\/pecbag.com\/se\/wp-json\/wp\/v2\/media\/1543"}],"wp:attachment":[{"href":"https:\/\/pecbag.com\/se\/wp-json\/wp\/v2\/media?parent=1539"}],"wp:term":[{"taxonomy":"product_brand","embeddable":true,"href":"https:\/\/pecbag.com\/se\/wp-json\/wp\/v2\/product_brand?post=1539"},{"taxonomy":"product_cat","embeddable":true,"href":"https:\/\/pecbag.com\/se\/wp-json\/wp\/v2\/product_cat?post=1539"},{"taxonomy":"product_tag","embeddable":true,"href":"https:\/\/pecbag.com\/se\/wp-json\/wp\/v2\/product_tag?post=1539"}],"curies":[{"name":"wp","href":"https:\/\/api.w.org\/{rel}","templated":true}]}}