{"id":1560,"date":"2025-04-12T02:56:11","date_gmt":"2025-04-12T02:56:11","guid":{"rendered":"https:\/\/pecbag.com\/?post_type=product&#038;p=1560"},"modified":"2025-11-29T02:09:11","modified_gmt":"2025-11-29T02:09:11","slug":"oem-shoulder-bag-custom-style","status":"publish","type":"product","link":"https:\/\/pecbag.com\/se\/oem-shoulder-bag-custom-style\/","title":{"rendered":"OEM axelv\u00e4ska anpassad stil"},"content":{"rendered":"<h2 title=\"Vikbar hundv\u00e4ska Andningsbar axelv\u00e4ska f\u00f6r husdjur i mesh f\u00f6r sm\u00e5 husdjur Hundar Katter\" data-immersive-translate-walked=\"1c928421-2e42-4cd3-8754-5404553c0af5\" data-immersive-translate-paragraph=\"1\" data-spm-anchor-id=\"a2700.details.0.i35.4f6757d4w4zNZA\">P\u00e5litlig OEM axelv\u00e4ska fabrik | grossist anpassade stilar och bulkpriser<\/h2>\n<div class=\"flex flex-grow flex-col max-w-full\">\n<div class=\"min-h-[20px] text-message flex w-full flex-col items-end gap-2 whitespace-pre-wrap break-words [.text-message+&amp;]:mt-5 overflow-x-auto\" dir=\"auto\" data-message-author-role=\"assistant\" data-message-id=\"3d7d46f6-7ec2-4222-9257-48fa0bba23c6\" data-suggestions=\"true\">\n<div class=\"flex w-full flex-col gap-1 empty:hidden first:pt-[3px]\">\n<div class=\"markdown prose w-full break-words dark:prose-invert light\">\n<p>Letar du efter OEM-tillverkare av axelv\u00e4skor? Anpassa stilar, logotyper och tyger till grossistpriser. L\u00e5g MOQ, snabb frakt och 24\/7 designst\u00f6d. F\u00e5 fabriksdirekta offerter idag!<\/p>\n<table width=\"288\">\n<tbody>\n<tr>\n<td width=\"137\"><span style=\"color: #333333;\">Produkter Namn<\/span><\/td>\n<td width=\"151\">Axelremsv\u00e4ska<\/td>\n<\/tr>\n<tr>\n<td><span style=\"color: #333333;\">Artikel nr.<\/span><\/td>\n<td><span style=\"color: #333333;\">PB-2020<\/span><\/td>\n<\/tr>\n<tr>\n<td><span style=\"color: #333333;\">Material<\/span><\/td>\n<td>600D polyester<\/td>\n<\/tr>\n<tr>\n<td><span style=\"color: #333333;\">Storlek<\/span><\/td>\n<td>45 x 18 x 24,4 cm<\/td>\n<\/tr>\n<tr>\n<td><span style=\"color: #333333;\">\u00a0Leveranstid<\/span><\/td>\n<td><span style=\"color: #333333;\">1-5 dagar f\u00f6r liten m\u00e4ngd med flyg och 30-35 dagar f\u00f6r stor m\u00e4ngd till sj\u00f6ss<\/span><\/td>\n<\/tr>\n<\/tbody>\n<\/table>\n<p>Som ett ledande\u00a0<strong>OEM axelv\u00e4ska fabrik<\/strong>Vi f\u00f6rvandlar dina varum\u00e4rkesid\u00e9er till h\u00f6gkvalitativa, marknadsklara produkter. Oavsett om du \u00e4r ett nystartat f\u00f6retag eller en global \u00e5terf\u00f6rs\u00e4ljare, kan v\u00e5ra <strong>grossist anpassade stilar<\/strong>\u00a0anpassa sig efter dina behov.<\/p>\n<p><strong>Varf\u00f6r samarbeta med oss?<\/strong><br \/>\n\u2705\u00a0<strong>Designfrihet<\/strong>:<\/p>\n<ul>\n<li>Anpassade former, storlekar och fack<\/li>\n<li>L\u00e4gg till logotyper\/m\u00f6nster (brodyr, tryck, lappar)<\/li>\n<li>V\u00e4lj bland 120+ tyger (veganskt l\u00e4der, \u00e5tervunnen polyester, vattent\u00e4t nylon)<\/li>\n<\/ul>\n<p>\u2705\u00a0<strong>Grossistv\u00e4nliga villkor<\/strong>:<\/p>\n<ul>\n<li>MOQ 100 st - perfekt f\u00f6r sm\u00e5 varum\u00e4rken<\/li>\n<li>Massrabatter p\u00e5 500+ enheter<\/li>\n<li>15 dagars produktion + leverans fr\u00e5n d\u00f6rr till d\u00f6rr (DHL\/FedEx)<\/li>\n<\/ul>\n<p>\u2705\u00a0<strong>Byggd f\u00f6r att h\u00e5lla<\/strong>:<\/p>\n<ul>\n<li>F\u00f6rst\u00e4rkta s\u00f6mmar och halkskyddade axelremmar<\/li>\n<li>RFID-s\u00e4kra fickor och dolda blixtl\u00e5s (uppgraderingsm\u00f6jlighet)<\/li>\n<li>Klarar ISO 9001 &amp; SGS h\u00e5llbarhetstester<\/li>\n<\/ul>\n<p><strong>Vem anv\u00e4nder v\u00e5ra p\u00e5sar?<\/strong><br \/>\n\u2714\ufe0f\u00a0<strong>F\u00f6retagskunder<\/strong>: Presentreklam f\u00f6r teknikevenemang<br \/>\n\u2714\ufe0f\u00a0<strong>Modevarum\u00e4rken<\/strong>: Trendiga crossbody-v\u00e4skor f\u00f6r 2025 \u00e5rs kollektioner<br \/>\n\u2714\ufe0f\u00a0<strong>\u00c5terf\u00f6rs\u00e4ljare av utomhusprodukter<\/strong>: Vattenavvisande design f\u00f6r vandring\/camping<\/p>\n<\/div>\n<\/div>\n<\/div>\n<\/div>","protected":false},"excerpt":{"rendered":"<h2 data-immersive-translate-walked=\"344be1c1-5052-41eb-8fcd-0dbe236a0d6b\" data-immersive-translate-paragraph=\"1\">OEM axelv\u00e4ska anpassad stil<\/h2>\n<p>Vi erbjuder premiumv\u00e4skor med full storlek och f\u00e4rganpassning, slitstarka tyger och certifierad kvalitet.<\/p>\n<p>Vi erbjuder flexibla MOQ:er, snabb global leverans och private label-l\u00f6sningar.<\/p>\n<p>Kontakta oss redan idag!<\/p>","protected":false},"featured_media":1561,"template":"","meta":{"_uag_custom_page_level_css":""},"product_brand":[],"product_cat":[64],"product_tag":[],"class_list":{"0":"post-1560","1":"product","2":"type-product","3":"status-publish","4":"has-post-thumbnail","6":"product_cat-shoulder-bag","8":"first","9":"instock","10":"shipping-taxable","11":"product-type-simple"},"uagb_featured_image_src":{"full":["https:\/\/pecbag.com\/wp-content\/uploads\/2025\/04\/OEM-Shoulder-Bag-Custom-Style-6.jpg",1601,2000,false],"thumbnail":["https:\/\/pecbag.com\/wp-content\/uploads\/2025\/04\/OEM-Shoulder-Bag-Custom-Style-6-150x150.jpg",150,150,true],"medium":["https:\/\/pecbag.com\/wp-content\/uploads\/2025\/04\/OEM-Shoulder-Bag-Custom-Style-6-240x300.jpg",240,300,true],"medium_large":["https:\/\/pecbag.com\/wp-content\/uploads\/2025\/04\/OEM-Shoulder-Bag-Custom-Style-6-768x959.jpg",768,959,true],"large":["https:\/\/pecbag.com\/wp-content\/uploads\/2025\/04\/OEM-Shoulder-Bag-Custom-Style-6-820x1024.jpg",800,999,true],"1536x1536":["https:\/\/pecbag.com\/wp-content\/uploads\/2025\/04\/OEM-Shoulder-Bag-Custom-Style-6-1230x1536.jpg",1230,1536,true],"2048x2048":["https:\/\/pecbag.com\/wp-content\/uploads\/2025\/04\/OEM-Shoulder-Bag-Custom-Style-6.jpg",1601,2000,false],"trp-custom-language-flag":["https:\/\/pecbag.com\/wp-content\/uploads\/2025\/04\/OEM-Shoulder-Bag-Custom-Style-6.jpg",10,12,false],"woocommerce_thumbnail":["https:\/\/pecbag.com\/wp-content\/uploads\/2025\/04\/OEM-Shoulder-Bag-Custom-Style-6-300x300.jpg",300,300,true],"woocommerce_single":["https:\/\/pecbag.com\/wp-content\/uploads\/2025\/04\/OEM-Shoulder-Bag-Custom-Style-6-600x750.jpg",600,750,true],"woocommerce_gallery_thumbnail":["https:\/\/pecbag.com\/wp-content\/uploads\/2025\/04\/OEM-Shoulder-Bag-Custom-Style-6-100x100.jpg",100,100,true]},"uagb_author_info":{"display_name":"Lawrence","author_link":"https:\/\/pecbag.com\/se\/author\/"},"uagb_comment_info":0,"uagb_excerpt":"OEM Shoulder Bag Custom Style We provide premium bags with full-size and color customization, durable fabrics, and certified quality. Enjoy flexible MOQs, fast global shipping, and private label solutions. Contact us today!","_links":{"self":[{"href":"https:\/\/pecbag.com\/se\/wp-json\/wp\/v2\/product\/1560","targetHints":{"allow":["GET"]}}],"collection":[{"href":"https:\/\/pecbag.com\/se\/wp-json\/wp\/v2\/product"}],"about":[{"href":"https:\/\/pecbag.com\/se\/wp-json\/wp\/v2\/types\/product"}],"wp:featuredmedia":[{"embeddable":true,"href":"https:\/\/pecbag.com\/se\/wp-json\/wp\/v2\/media\/1561"}],"wp:attachment":[{"href":"https:\/\/pecbag.com\/se\/wp-json\/wp\/v2\/media?parent=1560"}],"wp:term":[{"taxonomy":"product_brand","embeddable":true,"href":"https:\/\/pecbag.com\/se\/wp-json\/wp\/v2\/product_brand?post=1560"},{"taxonomy":"product_cat","embeddable":true,"href":"https:\/\/pecbag.com\/se\/wp-json\/wp\/v2\/product_cat?post=1560"},{"taxonomy":"product_tag","embeddable":true,"href":"https:\/\/pecbag.com\/se\/wp-json\/wp\/v2\/product_tag?post=1560"}],"curies":[{"name":"wp","href":"https:\/\/api.w.org\/{rel}","templated":true}]}}