{"id":1574,"date":"2025-04-12T03:29:45","date_gmt":"2025-04-12T03:29:45","guid":{"rendered":"https:\/\/pecbag.com\/?post_type=product&#038;p=1574"},"modified":"2025-11-29T02:08:54","modified_gmt":"2025-11-29T02:08:54","slug":"surfboard-bag-manufacturers-china","status":"publish","type":"product","link":"https:\/\/pecbag.com\/se\/surfboard-bag-manufacturers-china\/","title":{"rendered":"Surfbr\u00e4da v\u00e4ska tillverkare Kina"},"content":{"rendered":"<h2 title=\"Vikbar hundv\u00e4ska Andningsbar axelv\u00e4ska f\u00f6r husdjur i mesh f\u00f6r sm\u00e5 husdjur Hundar Katter\" data-immersive-translate-walked=\"1c928421-2e42-4cd3-8754-5404553c0af5\" data-immersive-translate-paragraph=\"1\" data-spm-anchor-id=\"a2700.details.0.i35.4f6757d4w4zNZA\">B\u00e4sta tillverkare av surfbr\u00e4desv\u00e4skor Kina | grossistfabrik f\u00f6r anpassade och vadderade m\u00f6nster<\/h2>\n<div class=\"flex flex-grow flex-col max-w-full\">\n<div class=\"min-h-[20px] text-message flex w-full flex-col items-end gap-2 whitespace-pre-wrap break-words [.text-message+&amp;]:mt-5 overflow-x-auto\" dir=\"auto\" data-message-author-role=\"assistant\" data-message-id=\"3d7d46f6-7ec2-4222-9257-48fa0bba23c6\" data-suggestions=\"true\">\n<div class=\"flex w-full flex-col gap-1 empty:hidden first:pt-[3px]\">\n<div class=\"markdown prose w-full break-words dark:prose-invert light\">\n<p>Letar du efter\u00a0<strong>tillverkare av surfbr\u00e4desv\u00e4skor i Kina<\/strong>? Vi erbjuder vattent\u00e4ta m\u00f6nster, m\u00e4ngdrabatter och anpassade logotyper. Snabb leverans, l\u00e5g MOQ &amp; 24\/7 support. F\u00e5 gratis prover nu!<\/p>\n<table width=\"288\">\n<tbody>\n<tr>\n<td width=\"137\"><span style=\"color: #333333;\">Produkter Namn<\/span><\/td>\n<td width=\"151\">Surfbr\u00e4da v\u00e4ska<\/td>\n<\/tr>\n<tr>\n<td><span style=\"color: #333333;\">Artikel nr.<\/span><\/td>\n<td><span style=\"color: #333333;\">PB-2022<\/span><\/td>\n<\/tr>\n<tr>\n<td><span style=\"color: #333333;\">Material<\/span><\/td>\n<td>600D polyester + PP-v\u00e4v<\/td>\n<\/tr>\n<tr>\n<td><span style=\"color: #333333;\">\u00a0Storlek och f\u00e4rg<\/span><\/td>\n<td><span style=\"color: #333333;\">Anpassad<\/span><\/td>\n<\/tr>\n<tr>\n<td><span style=\"color: #333333;\">\u00a0Leveranstid<\/span><\/td>\n<td><span style=\"color: #333333;\">1-5 dagar f\u00f6r liten m\u00e4ngd med flyg och 30-35 dagar f\u00f6r stor m\u00e4ngd till sj\u00f6ss<\/span><\/td>\n<\/tr>\n<\/tbody>\n<\/table>\n<p>Som ledande\u00a0<strong>tillverkare av surfbr\u00e4desv\u00e4skor i Kina<\/strong>tillverkar vi robusta skydd f\u00f6r shortboards, longboards och SUP-paddlar. Oavsett om du \u00e4r ett surfvarum\u00e4rke, en uthyrningsbutik eller en \u00e5terf\u00f6rs\u00e4ljare kan v\u00e5ra\u00a0<strong>grossistfabrik<\/strong>\u00a0Leveranser\u00a0<strong>anpassade surfbr\u00e4desv\u00e4skor<\/strong>\u00a0byggd f\u00f6r att klara saltvatten, sol och sandiga \u00e4ventyr.<\/p>\n<p><strong>Varf\u00f6r v\u00e4lja oss?<\/strong><br \/>\n\u2705\u00a0<strong>Surfsmart skydd<\/strong>:<\/p>\n<ul>\n<li>10 mm skumstoppning + anti-UV 600D polyester<\/li>\n<li>Vattent\u00e4ta YKK-dragkedjor och f\u00f6rst\u00e4rkta s\u00f6mmar (IPX5-klassad)<\/li>\n<li>Specialanpassade storlekar (6' till 12' br\u00e4dor) +\u00a0<strong>varum\u00e4rkeslogotyper<\/strong>\u00a0(tryckning\/brodyr)<\/li>\n<\/ul>\n<p>\u2705\u00a0<strong>F\u00f6rm\u00e5ner f\u00f6r grossister<\/strong>:<\/p>\n<ul>\n<li><strong>MOQ 100st<\/strong>\u00a0- perfekt f\u00f6r nystartade f\u00f6retag och sm\u00e5 partier<\/li>\n<li><strong>25% av<\/strong>\u00a0order p\u00e5 500+ enheter<\/li>\n<li><strong>15 dagars produktion<\/strong>\u00a0+ flyg- och sj\u00f6frakt till globala surfhubbar<\/li>\n<\/ul>\n<p>\u2705\u00a0<strong>Byggd f\u00f6r professionella f\u00f6rare<\/strong>:<\/p>\n<ul>\n<li>Snabbtorkande innerfoder motverkar m\u00f6gel<\/li>\n<li>Justerbara axelremmar + utrustningsfickor<\/li>\n<li>Klarat \u00f6ver 10 000 n\u00f6tningstester (ISO 9001-certifierad)<\/li>\n<\/ul>\n<p><strong>Betrodda av<\/strong>:<br \/>\n\ud83c\udfc4\u2642\ufe0f Surfskolor p\u00e5 Hawaii &amp; Bali<br \/>\n\ud83c\udfd6\ufe0f Strandresorter i Spanien &amp; Costa Rica<br \/>\n\ud83d\uded2 Milj\u00f6medvetna \u00e5terf\u00f6rs\u00e4ljare i USA\/EU<\/p>\n<\/div>\n<\/div>\n<\/div>\n<\/div>","protected":false},"excerpt":{"rendered":"<h2 data-immersive-translate-walked=\"344be1c1-5052-41eb-8fcd-0dbe236a0d6b\" data-immersive-translate-paragraph=\"1\">Surfbr\u00e4da v\u00e4ska tillverkare Kina<\/h2>\n<p>Vi erbjuder premiumv\u00e4skor med full storlek och f\u00e4rganpassning, slitstarka tyger och certifierad kvalitet.<\/p>\n<p>Vi erbjuder flexibla MOQ:er, snabb global leverans och private label-l\u00f6sningar.<\/p>\n<p>Kontakta oss redan idag!<\/p>","protected":false},"featured_media":1582,"template":"","meta":{"_uag_custom_page_level_css":""},"product_brand":[],"product_cat":[47],"product_tag":[],"class_list":{"0":"post-1574","1":"product","2":"type-product","3":"status-publish","4":"has-post-thumbnail","6":"product_cat-surfboard-bag","8":"first","9":"instock","10":"shipping-taxable","11":"product-type-simple"},"uagb_featured_image_src":{"full":["https:\/\/pecbag.com\/wp-content\/uploads\/2025\/04\/Surfboard-Bag-Manufacturers-China-3.jpg",1200,1200,false],"thumbnail":["https:\/\/pecbag.com\/wp-content\/uploads\/2025\/04\/Surfboard-Bag-Manufacturers-China-3-150x150.jpg",150,150,true],"medium":["https:\/\/pecbag.com\/wp-content\/uploads\/2025\/04\/Surfboard-Bag-Manufacturers-China-3-300x300.jpg",300,300,true],"medium_large":["https:\/\/pecbag.com\/wp-content\/uploads\/2025\/04\/Surfboard-Bag-Manufacturers-China-3-768x768.jpg",768,768,true],"large":["https:\/\/pecbag.com\/wp-content\/uploads\/2025\/04\/Surfboard-Bag-Manufacturers-China-3-1024x1024.jpg",800,800,true],"1536x1536":["https:\/\/pecbag.com\/wp-content\/uploads\/2025\/04\/Surfboard-Bag-Manufacturers-China-3.jpg",1200,1200,false],"2048x2048":["https:\/\/pecbag.com\/wp-content\/uploads\/2025\/04\/Surfboard-Bag-Manufacturers-China-3.jpg",1200,1200,false],"trp-custom-language-flag":["https:\/\/pecbag.com\/wp-content\/uploads\/2025\/04\/Surfboard-Bag-Manufacturers-China-3.jpg",12,12,false],"woocommerce_thumbnail":["https:\/\/pecbag.com\/wp-content\/uploads\/2025\/04\/Surfboard-Bag-Manufacturers-China-3-300x300.jpg",300,300,true],"woocommerce_single":["https:\/\/pecbag.com\/wp-content\/uploads\/2025\/04\/Surfboard-Bag-Manufacturers-China-3-600x600.jpg",600,600,true],"woocommerce_gallery_thumbnail":["https:\/\/pecbag.com\/wp-content\/uploads\/2025\/04\/Surfboard-Bag-Manufacturers-China-3-100x100.jpg",100,100,true]},"uagb_author_info":{"display_name":"Lawrence","author_link":"https:\/\/pecbag.com\/se\/author\/"},"uagb_comment_info":0,"uagb_excerpt":"Surfboard Bag Manufacturers China We provide premium bags with full-size and color customization, durable fabrics, and certified quality. Enjoy flexible MOQs, fast global shipping, and private label solutions. Contact us today!","_links":{"self":[{"href":"https:\/\/pecbag.com\/se\/wp-json\/wp\/v2\/product\/1574","targetHints":{"allow":["GET"]}}],"collection":[{"href":"https:\/\/pecbag.com\/se\/wp-json\/wp\/v2\/product"}],"about":[{"href":"https:\/\/pecbag.com\/se\/wp-json\/wp\/v2\/types\/product"}],"wp:featuredmedia":[{"embeddable":true,"href":"https:\/\/pecbag.com\/se\/wp-json\/wp\/v2\/media\/1582"}],"wp:attachment":[{"href":"https:\/\/pecbag.com\/se\/wp-json\/wp\/v2\/media?parent=1574"}],"wp:term":[{"taxonomy":"product_brand","embeddable":true,"href":"https:\/\/pecbag.com\/se\/wp-json\/wp\/v2\/product_brand?post=1574"},{"taxonomy":"product_cat","embeddable":true,"href":"https:\/\/pecbag.com\/se\/wp-json\/wp\/v2\/product_cat?post=1574"},{"taxonomy":"product_tag","embeddable":true,"href":"https:\/\/pecbag.com\/se\/wp-json\/wp\/v2\/product_tag?post=1574"}],"curies":[{"name":"wp","href":"https:\/\/api.w.org\/{rel}","templated":true}]}}