{"id":1583,"date":"2025-04-12T03:43:51","date_gmt":"2025-04-12T03:43:51","guid":{"rendered":"https:\/\/pecbag.com\/?post_type=product&#038;p=1583"},"modified":"2025-11-29T02:08:47","modified_gmt":"2025-11-29T02:08:47","slug":"camouflage-tactical-bag-manufacturer","status":"publish","type":"product","link":"https:\/\/pecbag.com\/se\/camouflage-tactical-bag-manufacturer\/","title":{"rendered":"Tillverkare av taktiska v\u00e4skor i kamouflage"},"content":{"rendered":"<h2 title=\"Vikbar hundv\u00e4ska Andningsbar axelv\u00e4ska f\u00f6r husdjur i mesh f\u00f6r sm\u00e5 husdjur Hundar Katter\" data-immersive-translate-walked=\"1c928421-2e42-4cd3-8754-5404553c0af5\" data-immersive-translate-paragraph=\"1\" data-spm-anchor-id=\"a2700.details.0.i35.4f6757d4w4zNZA\">P\u00e5litlig tillverkare av taktiska v\u00e4skor i kamouflage | grossistfabrik f\u00f6r anpassade designer av milit\u00e4r kvalitet<\/h2>\n<div class=\"flex flex-grow flex-col max-w-full\">\n<div class=\"min-h-[20px] text-message flex w-full flex-col items-end gap-2 whitespace-pre-wrap break-words [.text-message+&amp;]:mt-5 overflow-x-auto\" dir=\"auto\" data-message-author-role=\"assistant\" data-message-id=\"3d7d46f6-7ec2-4222-9257-48fa0bba23c6\" data-suggestions=\"true\">\n<div class=\"flex w-full flex-col gap-1 empty:hidden first:pt-[3px]\">\n<div class=\"markdown prose w-full break-words dark:prose-invert light\">\n<p>Behov av robusta\u00a0<strong>tillverkare av taktiska v\u00e4skor i kamouflage<\/strong>? Vi erbjuder MIL-SPEC-design, bulkpriss\u00e4ttning och anpassade logotyper. L\u00e5g MOQ, snabb frakt och gratisprover. Samarbeta med en certifierad fabrik idag!<\/p>\n<table width=\"288\">\n<tbody>\n<tr>\n<td width=\"137\"><span style=\"color: #333333;\">Produkter Namn<\/span><\/td>\n<td width=\"151\">Taktisk v\u00e4ska<\/td>\n<\/tr>\n<tr>\n<td><span style=\"color: #333333;\">Artikel nr.<\/span><\/td>\n<td><span style=\"color: #333333;\">PB-2023<\/span><\/td>\n<\/tr>\n<tr>\n<td><span style=\"color: #333333;\">Material<\/span><\/td>\n<td>600D polyester<\/td>\n<\/tr>\n<tr>\n<td><span style=\"color: #333333;\">Storlek<\/span><\/td>\n<td>30*15*52cm<\/td>\n<\/tr>\n<tr>\n<td><span style=\"color: #333333;\">\u00a0Leveranstid<\/span><\/td>\n<td><span style=\"color: #333333;\">1-5 dagar f\u00f6r liten m\u00e4ngd med flyg och 30-35 dagar f\u00f6r stor m\u00e4ngd till sj\u00f6ss<\/span><\/td>\n<\/tr>\n<\/tbody>\n<\/table>\n<p>Som ett ledande\u00a0<strong>tillverkare av taktiska v\u00e4skor i kamouflage<\/strong>Vi tillverkar utrustning som milit\u00e4ra enheter, friluftsm\u00e4rken och \u00f6verlevnadsspecialister litar p\u00e5. V\u00e5rt\u00a0<strong>grossistfabrik<\/strong>\u00a0producerar\u00a0<strong>anpassade taktiska v\u00e4skor<\/strong>\u00a0utformad f\u00f6r att sm\u00e4lta in i skogar, \u00f6knar och stadsdjungler - samtidigt som du \u00f6verlever de tuffaste uppdragen.<\/p>\n<p><strong>Varf\u00f6r arbeta med oss?<\/strong><br \/>\n\u2705\u00a0<strong>Milit\u00e4rklassad kvalitet<\/strong>:<\/p>\n<ul>\n<li><strong>500D Cordura\u00ae-tyg<\/strong>\u00a0- rivt\u00e5lig och v\u00e4derbest\u00e4ndig<\/li>\n<li><strong>MOLLE-band<\/strong>\u00a0f\u00f6r modul\u00e4ra tillbeh\u00f6r (anpassningsbara layouter)<\/li>\n<li><strong>IP67 vattent\u00e4ta blixtl\u00e5s<\/strong>\u00a0+ f\u00f6rst\u00e4rkta belastningspunkter<\/li>\n<\/ul>\n<p>\u2705\u00a0<strong>F\u00f6rdelar med partihandel<\/strong>:<\/p>\n<ul>\n<li><strong>MOQ 150st<\/strong>\u00a0- perfekt f\u00f6r nystartade f\u00f6retag och sm\u00e5 best\u00e4llningar<\/li>\n<li><strong>20% av<\/strong>\u00a0order p\u00e5 500+ enheter<\/li>\n<li><strong>18 dagars produktion<\/strong>\u00a0+ flyg-\/sj\u00f6frakt till 60+ l\u00e4nder<\/li>\n<\/ul>\n<p>\u2705\u00a0<strong>Stridsberedda funktioner<\/strong>:<\/p>\n<ul>\n<li><strong>IR-resistenta kamouflagem\u00f6nster<\/strong>\u00a0(Woodland, Digital, Multicam)<\/li>\n<li><strong>Fack f\u00f6r v\u00e4tskebl\u00e5sa<\/strong>\u00a0+ dolda b\u00e4rfickor<\/li>\n<li><strong>Testad enligt MIL-STD-810G<\/strong>\u00a0standarder (n\u00f6tning, UV- och vattenexponering)<\/li>\n<\/ul>\n<p><strong>Betrodda av<\/strong>:<br \/>\n\ud83d\udd2b Milit\u00e4ra leverant\u00f6rer i USA och NATO-regioner<br \/>\n\ud83c\udf32 Varum\u00e4rken f\u00f6r jaktutrustning i Kanada och Skandinavien<br \/>\n\ud83d\ude81 Icke-statliga organisationer f\u00f6r katastrofhj\u00e4lp \u00f6ver hela v\u00e4rlden<\/p>\n<\/div>\n<\/div>\n<\/div>\n<\/div>","protected":false},"excerpt":{"rendered":"<h2 data-immersive-translate-walked=\"344be1c1-5052-41eb-8fcd-0dbe236a0d6b\" data-immersive-translate-paragraph=\"1\">Tillverkare av taktiska v\u00e4skor i kamouflage<\/h2>\n<p>Vi erbjuder premiumv\u00e4skor med full storlek och f\u00e4rganpassning, slitstarka tyger och certifierad kvalitet.<\/p>\n<p>Vi erbjuder flexibla MOQ:er, snabb global leverans och private label-l\u00f6sningar.<\/p>\n<p>Kontakta oss redan idag!<\/p>","protected":false},"featured_media":1586,"template":"","meta":{"_uag_custom_page_level_css":""},"product_brand":[],"product_cat":[55],"product_tag":[],"class_list":{"0":"post-1583","1":"product","2":"type-product","3":"status-publish","4":"has-post-thumbnail","6":"product_cat-tactical-bag","8":"first","9":"instock","10":"shipping-taxable","11":"product-type-simple"},"uagb_featured_image_src":{"full":["https:\/\/pecbag.com\/wp-content\/uploads\/2025\/04\/Tactical-Bag-6.jpg",1600,1600,false],"thumbnail":["https:\/\/pecbag.com\/wp-content\/uploads\/2025\/04\/Tactical-Bag-6-150x150.jpg",150,150,true],"medium":["https:\/\/pecbag.com\/wp-content\/uploads\/2025\/04\/Tactical-Bag-6-300x300.jpg",300,300,true],"medium_large":["https:\/\/pecbag.com\/wp-content\/uploads\/2025\/04\/Tactical-Bag-6-768x768.jpg",768,768,true],"large":["https:\/\/pecbag.com\/wp-content\/uploads\/2025\/04\/Tactical-Bag-6-1024x1024.jpg",800,800,true],"1536x1536":["https:\/\/pecbag.com\/wp-content\/uploads\/2025\/04\/Tactical-Bag-6-1536x1536.jpg",1536,1536,true],"2048x2048":["https:\/\/pecbag.com\/wp-content\/uploads\/2025\/04\/Tactical-Bag-6.jpg",1600,1600,false],"trp-custom-language-flag":["https:\/\/pecbag.com\/wp-content\/uploads\/2025\/04\/Tactical-Bag-6.jpg",12,12,false],"woocommerce_thumbnail":["https:\/\/pecbag.com\/wp-content\/uploads\/2025\/04\/Tactical-Bag-6-300x300.jpg",300,300,true],"woocommerce_single":["https:\/\/pecbag.com\/wp-content\/uploads\/2025\/04\/Tactical-Bag-6-600x600.jpg",600,600,true],"woocommerce_gallery_thumbnail":["https:\/\/pecbag.com\/wp-content\/uploads\/2025\/04\/Tactical-Bag-6-100x100.jpg",100,100,true]},"uagb_author_info":{"display_name":"Lawrence","author_link":"https:\/\/pecbag.com\/se\/author\/"},"uagb_comment_info":0,"uagb_excerpt":"Camouflage Tactical Bag Manufacturer We provide premium bags with full-size and color customization, durable fabrics, and certified quality. Enjoy flexible MOQs, fast global shipping, and private label solutions. Contact us today!","_links":{"self":[{"href":"https:\/\/pecbag.com\/se\/wp-json\/wp\/v2\/product\/1583","targetHints":{"allow":["GET"]}}],"collection":[{"href":"https:\/\/pecbag.com\/se\/wp-json\/wp\/v2\/product"}],"about":[{"href":"https:\/\/pecbag.com\/se\/wp-json\/wp\/v2\/types\/product"}],"wp:featuredmedia":[{"embeddable":true,"href":"https:\/\/pecbag.com\/se\/wp-json\/wp\/v2\/media\/1586"}],"wp:attachment":[{"href":"https:\/\/pecbag.com\/se\/wp-json\/wp\/v2\/media?parent=1583"}],"wp:term":[{"taxonomy":"product_brand","embeddable":true,"href":"https:\/\/pecbag.com\/se\/wp-json\/wp\/v2\/product_brand?post=1583"},{"taxonomy":"product_cat","embeddable":true,"href":"https:\/\/pecbag.com\/se\/wp-json\/wp\/v2\/product_cat?post=1583"},{"taxonomy":"product_tag","embeddable":true,"href":"https:\/\/pecbag.com\/se\/wp-json\/wp\/v2\/product_tag?post=1583"}],"curies":[{"name":"wp","href":"https:\/\/api.w.org\/{rel}","templated":true}]}}