{"id":1592,"date":"2025-04-12T03:47:09","date_gmt":"2025-04-12T03:47:09","guid":{"rendered":"https:\/\/pecbag.com\/?post_type=product&#038;p=1592"},"modified":"2025-11-29T02:08:40","modified_gmt":"2025-11-29T02:08:40","slug":"china-custom-tool-bag","status":"publish","type":"product","link":"https:\/\/pecbag.com\/se\/china-custom-tool-bag\/","title":{"rendered":"Kina Anpassad verktygsv\u00e4ska"},"content":{"rendered":"<h2 title=\"Vikbar hundv\u00e4ska Andningsbar axelv\u00e4ska f\u00f6r husdjur i mesh f\u00f6r sm\u00e5 husdjur Hundar Katter\" data-immersive-translate-walked=\"1c928421-2e42-4cd3-8754-5404553c0af5\" data-immersive-translate-paragraph=\"1\" data-spm-anchor-id=\"a2700.details.0.i35.4f6757d4w4zNZA\">Topp Kina anpassad verktygsv\u00e4ska tillverkare | grossistfabrik med h\u00e5llbara och modul\u00e4ra m\u00f6nster<\/h2>\n<div class=\"flex flex-grow flex-col max-w-full\">\n<div class=\"min-h-[20px] text-message flex w-full flex-col items-end gap-2 whitespace-pre-wrap break-words [.text-message+&amp;]:mt-5 overflow-x-auto\" dir=\"auto\" data-message-author-role=\"assistant\" data-message-id=\"3d7d46f6-7ec2-4222-9257-48fa0bba23c6\" data-suggestions=\"true\">\n<div class=\"flex w-full flex-col gap-1 empty:hidden first:pt-[3px]\">\n<div class=\"markdown prose w-full break-words dark:prose-invert light\">\n<p>Behov\u00a0<strong>Kina anpassad verktygsv\u00e4ska<\/strong>\u00a0leverant\u00f6rer? Vi erbjuder kraftiga m\u00f6nster, m\u00e4ngdrabatter och logotyptryck. L\u00e5g MOQ, snabb frakt och 24\/7 support. Beg\u00e4r gratis prover idag!<\/p>\n<table width=\"288\">\n<tbody>\n<tr>\n<td width=\"137\"><span style=\"color: #333333;\">Produkter Namn<\/span><\/td>\n<td width=\"151\">Verktygsv\u00e4ska<\/td>\n<\/tr>\n<tr>\n<td><span style=\"color: #333333;\">Artikel nr.<\/span><\/td>\n<td><span style=\"color: #333333;\">PB-2024<\/span><\/td>\n<\/tr>\n<tr>\n<td><span style=\"color: #333333;\">Material<\/span><\/td>\n<td>Nylon<\/td>\n<\/tr>\n<tr>\n<td><span style=\"color: #333333;\">\u00a0Storlek och f\u00e4rg<\/span><\/td>\n<td>11,5\" x 6\" x 4,7\u2032\u2032.<\/td>\n<\/tr>\n<tr>\n<td><span style=\"color: #333333;\">\u00a0Leveranstid<\/span><\/td>\n<td><span style=\"color: #333333;\">1-5 dagar f\u00f6r liten m\u00e4ngd med flyg och 30-35 dagar f\u00f6r stor m\u00e4ngd till sj\u00f6ss<\/span><\/td>\n<\/tr>\n<\/tbody>\n<\/table>\n<p>Som ett ledande\u00a0<strong>Kina tillverkare av anpassade verktygsv\u00e4skor<\/strong>utvecklar vi robusta redskap f\u00f6r mekaniker, byggnadsarbetare och g\u00f6r-det-sj\u00e4lv-f\u00f6retag. V\u00e5rt\u00a0<strong>grossistfabrik<\/strong>\u00a0Leveranser\u00a0<strong>verktygsv\u00e4skor med tryck<\/strong> som organiserar skiftnycklar, borrmaskiner och prylar, byggda f\u00f6r att \u00f6verleva arbetsplatser, lastbilar och dagligt slitage.<\/p>\n<p><strong>Varf\u00f6r samarbeta med oss?<\/strong><br \/>\n\u2705\u00a0<strong>Kvalitet av industriell klass<\/strong>:<\/p>\n<ul>\n<li><strong>600D polyester<\/strong>\u00a0+ f\u00f6rst\u00e4rkta s\u00f6mmar (h\u00e5ller 5X l\u00e4ngre \u00e4n standardv\u00e4skor)<\/li>\n<li><strong>Anti-rep baser<\/strong>\u00a0&amp; YKK-dragkedjor (testade f\u00f6r 20.000+ \u00f6ppningar\/st\u00e4ngningar)<\/li>\n<li><strong>Vattent\u00e4ta foder<\/strong>\u00a0&amp; rostskyddad h\u00e5rdvara (IP54-klassad)<\/li>\n<\/ul>\n<p>\u2705\u00a0<strong>F\u00f6rm\u00e5ner f\u00f6r grossister<\/strong>:<\/p>\n<ul>\n<li><strong>MOQ 100st<\/strong>\u00a0- perfekt f\u00f6r nystartade f\u00f6retag och sm\u00e5f\u00f6retag<\/li>\n<li><strong>30% av<\/strong>\u00a0order p\u00e5 500+ enheter<\/li>\n<li><strong>15 dagars produktion<\/strong>\u00a0+ global frakt (DHL\/FedEx)<\/li>\n<\/ul>\n<p>\u2705\u00a0<strong>Anpassa ditt s\u00e4tt<\/strong>:<\/p>\n<ul>\n<li>L\u00e4gg till\u00a0<strong>varum\u00e4rkeslogotyper<\/strong>\u00a0(screentryck\/brodyr)<\/li>\n<li>V\u00e4lj fack (elastiska \u00f6glor, skiftnyckelfack, magnetpaneler)<\/li>\n<li>V\u00e4lj f\u00e4rg (svart, camo, hi-vis orange)<\/li>\n<\/ul>\n<p><strong>Betrodda av<\/strong>:<br \/>\n\ud83d\ude97 Bilverkstadskedjor i Tyskland och Australien<br \/>\n\ud83d\udee0\ufe0f Verktygsm\u00e4rken som ProTech &amp; GearMaster<br \/>\n\ud83c\udfd7\ufe0f Byggleverant\u00f6rer i hela Mellan\u00f6stern<\/p>\n<\/div>\n<\/div>\n<\/div>\n<\/div>","protected":false},"excerpt":{"rendered":"<h2 data-immersive-translate-walked=\"344be1c1-5052-41eb-8fcd-0dbe236a0d6b\" data-immersive-translate-paragraph=\"1\">Kina Anpassad verktygsv\u00e4ska<\/h2>\n<p>Vi erbjuder premiumv\u00e4skor med full storlek och f\u00e4rganpassning, slitstarka tyger och certifierad kvalitet.<\/p>\n<p>Vi erbjuder flexibla MOQ:er, snabb global leverans och private label-l\u00f6sningar.<\/p>\n<p>Kontakta oss redan idag!<\/p>","protected":false},"featured_media":1598,"template":"","meta":{"_uag_custom_page_level_css":""},"product_brand":[],"product_cat":[49],"product_tag":[],"class_list":{"0":"post-1592","1":"product","2":"type-product","3":"status-publish","4":"has-post-thumbnail","6":"product_cat-tool-bag","8":"first","9":"instock","10":"shipping-taxable","11":"product-type-simple"},"uagb_featured_image_src":{"full":["https:\/\/pecbag.com\/wp-content\/uploads\/2025\/04\/China-Custom-Tool-Bag-3.png",612,616,false],"thumbnail":["https:\/\/pecbag.com\/wp-content\/uploads\/2025\/04\/China-Custom-Tool-Bag-3-150x150.png",150,150,true],"medium":["https:\/\/pecbag.com\/wp-content\/uploads\/2025\/04\/China-Custom-Tool-Bag-3-298x300.png",298,300,true],"medium_large":["https:\/\/pecbag.com\/wp-content\/uploads\/2025\/04\/China-Custom-Tool-Bag-3.png",612,616,false],"large":["https:\/\/pecbag.com\/wp-content\/uploads\/2025\/04\/China-Custom-Tool-Bag-3.png",612,616,false],"1536x1536":["https:\/\/pecbag.com\/wp-content\/uploads\/2025\/04\/China-Custom-Tool-Bag-3.png",612,616,false],"2048x2048":["https:\/\/pecbag.com\/wp-content\/uploads\/2025\/04\/China-Custom-Tool-Bag-3.png",612,616,false],"trp-custom-language-flag":["https:\/\/pecbag.com\/wp-content\/uploads\/2025\/04\/China-Custom-Tool-Bag-3.png",12,12,false],"woocommerce_thumbnail":["https:\/\/pecbag.com\/wp-content\/uploads\/2025\/04\/China-Custom-Tool-Bag-3-300x300.png",300,300,true],"woocommerce_single":["https:\/\/pecbag.com\/wp-content\/uploads\/2025\/04\/China-Custom-Tool-Bag-3-600x604.png",600,604,true],"woocommerce_gallery_thumbnail":["https:\/\/pecbag.com\/wp-content\/uploads\/2025\/04\/China-Custom-Tool-Bag-3-100x100.png",100,100,true]},"uagb_author_info":{"display_name":"Lawrence","author_link":"https:\/\/pecbag.com\/se\/author\/"},"uagb_comment_info":0,"uagb_excerpt":"China Custom Tool Bag We provide premium bags with full-size and color customization, durable fabrics, and certified quality. Enjoy flexible MOQs, fast global shipping, and private label solutions. Contact us today!","_links":{"self":[{"href":"https:\/\/pecbag.com\/se\/wp-json\/wp\/v2\/product\/1592","targetHints":{"allow":["GET"]}}],"collection":[{"href":"https:\/\/pecbag.com\/se\/wp-json\/wp\/v2\/product"}],"about":[{"href":"https:\/\/pecbag.com\/se\/wp-json\/wp\/v2\/types\/product"}],"wp:featuredmedia":[{"embeddable":true,"href":"https:\/\/pecbag.com\/se\/wp-json\/wp\/v2\/media\/1598"}],"wp:attachment":[{"href":"https:\/\/pecbag.com\/se\/wp-json\/wp\/v2\/media?parent=1592"}],"wp:term":[{"taxonomy":"product_brand","embeddable":true,"href":"https:\/\/pecbag.com\/se\/wp-json\/wp\/v2\/product_brand?post=1592"},{"taxonomy":"product_cat","embeddable":true,"href":"https:\/\/pecbag.com\/se\/wp-json\/wp\/v2\/product_cat?post=1592"},{"taxonomy":"product_tag","embeddable":true,"href":"https:\/\/pecbag.com\/se\/wp-json\/wp\/v2\/product_tag?post=1592"}],"curies":[{"name":"wp","href":"https:\/\/api.w.org\/{rel}","templated":true}]}}