{"id":1600,"date":"2025-04-12T03:52:43","date_gmt":"2025-04-12T03:52:43","guid":{"rendered":"https:\/\/pecbag.com\/?post_type=product&#038;p=1600"},"modified":"2025-11-29T02:08:33","modified_gmt":"2025-11-29T02:08:33","slug":"travel-makeup-bag-gactory","status":"publish","type":"product","link":"https:\/\/pecbag.com\/se\/travel-makeup-bag-gactory\/","title":{"rendered":"Sminkv\u00e4ska f\u00f6r resor Gactory"},"content":{"rendered":"<h2 title=\"Vikbar hundv\u00e4ska Andningsbar axelv\u00e4ska f\u00f6r husdjur i mesh f\u00f6r sm\u00e5 husdjur Hundar Katter\" data-immersive-translate-walked=\"1c928421-2e42-4cd3-8754-5404553c0af5\" data-immersive-translate-paragraph=\"1\" data-spm-anchor-id=\"a2700.details.0.i35.4f6757d4w4zNZA\">Top Travel Makeup Bag Factory | Partihandel anpassade kosmetiska arrang\u00f6rer f\u00f6r sk\u00f6nhetsm\u00e4rken<\/h2>\n<div class=\"flex flex-grow flex-col max-w-full\">\n<div class=\"min-h-[20px] text-message flex w-full flex-col items-end gap-2 whitespace-pre-wrap break-words [.text-message+&amp;]:mt-5 overflow-x-auto\" dir=\"auto\" data-message-author-role=\"assistant\" data-message-id=\"3d7d46f6-7ec2-4222-9257-48fa0bba23c6\" data-suggestions=\"true\">\n<div class=\"flex w-full flex-col gap-1 empty:hidden first:pt-[3px]\">\n<div class=\"markdown prose w-full break-words dark:prose-invert light\">\n<p>Beh\u00f6ver en\u00a0<strong>resesminkv\u00e4ska fabrik<\/strong>? Vi erbjuder snygga, vattent\u00e4ta m\u00f6nster, m\u00e4ngdrabatter och snabb leverans. L\u00e5g MOQ &amp; gratis logotyputskrift. Beg\u00e4r gratis prover + 3D mockups idag!<\/p>\n<table width=\"288\">\n<tbody>\n<tr>\n<td width=\"137\"><span style=\"color: #333333;\">Produkter Namn<\/span><\/td>\n<td width=\"151\">Resv\u00e4ska<\/td>\n<\/tr>\n<tr>\n<td><span style=\"color: #333333;\">Artikel nr.<\/span><\/td>\n<td><span style=\"color: #333333;\">PB-2025<\/span><\/td>\n<\/tr>\n<tr>\n<td><span style=\"color: #333333;\">Material<\/span><\/td>\n<td>Polyester<\/td>\n<\/tr>\n<tr>\n<td><span style=\"color: #333333;\">\u00a0Storlek och f\u00e4rg<\/span><\/td>\n<td>21*10,5*11,5 tum<\/td>\n<\/tr>\n<tr>\n<td><span style=\"color: #333333;\">\u00a0Leveranstid<\/span><\/td>\n<td><span style=\"color: #333333;\">1-5 dagar f\u00f6r liten m\u00e4ngd med flyg och 30-35 dagar f\u00f6r stor m\u00e4ngd till sj\u00f6ss<\/span><\/td>\n<\/tr>\n<\/tbody>\n<\/table>\n<p>Som ett ledande\u00a0<strong>resesminkv\u00e4ska fabrik<\/strong>\u00a0i Kina tillverkar vi eleganta organisat\u00f6rer f\u00f6r kosmetika, borstar och hudv\u00e5rd. Perfekt f\u00f6r sk\u00f6nhetsm\u00e4rken, hotell och presentbutiker - v\u00e5ra\u00a0<strong>grossist anpassade sminkv\u00e4skor<\/strong>\u00a0h\u00e5lla produkterna s\u00e4kra, snygga och resklara.<\/p>\n<p><strong>Varf\u00f6r v\u00e4lja oss?<\/strong><br \/>\n\u2705\u00a0<strong>Smart kundanpassning<\/strong>:<\/p>\n<ul>\n<li>L\u00e4gg till\u00a0<strong>varum\u00e4rkeslogotyper<\/strong>\u00a0(broderi, foliest\u00e4mpel eller lasergravyr)<\/li>\n<li>V\u00e4lj bland 80+ tyger (vattent\u00e4t PU, veganskt l\u00e4der, milj\u00f6v\u00e4nlig \u00e5tervunnen polyester)<\/li>\n<li>Anpassade fack (borstfack, spegelfickor, avtagbara p\u00e5sar)<\/li>\n<\/ul>\n<p>\u2705\u00a0<strong>F\u00f6rm\u00e5ner f\u00f6r grossister<\/strong>:<\/p>\n<ul>\n<li><strong>MOQ 100st<\/strong>\u00a0- perfekt f\u00f6r nystartade f\u00f6retag och sm\u00e5 best\u00e4llningar<\/li>\n<li><strong>25% av<\/strong>\u00a0f\u00f6r bulkbest\u00e4llningar (500+ enheter)<\/li>\n<li><strong>12 dagars produktion<\/strong>\u00a0+ flygfrakt till USA\/EU\/Asien<\/li>\n<\/ul>\n<p>\u2705\u00a0<strong>H\u00e5llbarhet testad p\u00e5 resor<\/strong>:<\/p>\n<ul>\n<li><strong>Vattent\u00e4ta blixtl\u00e5s<\/strong>\u00a0+ liners som kan torkas av (inget spill eller fl\u00e4ckar!)<\/li>\n<li><strong>TSA-v\u00e4nliga storlekar<\/strong> (passar handbagage)<\/li>\n<li>Klarat 10 000+ zipcykeltester (ISO 9001-certifierad)<\/li>\n<\/ul>\n<p><strong>Betrodda av<\/strong>:<br \/>\n\ud83d\udc84 Sk\u00f6nhetsj\u00e4ttar som GlowLab &amp; PureSkin<br \/>\n\ud83c\udfe8 Lyxiga hotellkedjor i Dubai &amp; Paris<br \/>\n\ud83c\udf81 Presentleverant\u00f6rer f\u00f6r flygbolag och VIP-evenemang<\/p>\n<\/div>\n<\/div>\n<\/div>\n<\/div>","protected":false},"excerpt":{"rendered":"<h2 data-immersive-translate-walked=\"344be1c1-5052-41eb-8fcd-0dbe236a0d6b\" data-immersive-translate-paragraph=\"1\">Sminkv\u00e4ska f\u00f6r resor Gactory<\/h2>\n<p>Vi erbjuder premiumv\u00e4skor med full storlek och f\u00e4rganpassning, slitstarka tyger och certifierad kvalitet.<\/p>\n<p>Vi erbjuder flexibla MOQ:er, snabb global leverans och private label-l\u00f6sningar.<\/p>\n<p>Kontakta oss redan idag!<\/p>","protected":false},"featured_media":1604,"template":"","meta":{"_uag_custom_page_level_css":""},"product_brand":[],"product_cat":[68],"product_tag":[],"class_list":{"0":"post-1600","1":"product","2":"type-product","3":"status-publish","4":"has-post-thumbnail","6":"product_cat-travel-bag","8":"first","9":"instock","10":"shipping-taxable","11":"product-type-simple"},"uagb_featured_image_src":{"full":["https:\/\/pecbag.com\/wp-content\/uploads\/2025\/04\/Travel-Makeup-Bag-Gactory-2.jpg",1000,1000,false],"thumbnail":["https:\/\/pecbag.com\/wp-content\/uploads\/2025\/04\/Travel-Makeup-Bag-Gactory-2-150x150.jpg",150,150,true],"medium":["https:\/\/pecbag.com\/wp-content\/uploads\/2025\/04\/Travel-Makeup-Bag-Gactory-2-300x300.jpg",300,300,true],"medium_large":["https:\/\/pecbag.com\/wp-content\/uploads\/2025\/04\/Travel-Makeup-Bag-Gactory-2-768x768.jpg",768,768,true],"large":["https:\/\/pecbag.com\/wp-content\/uploads\/2025\/04\/Travel-Makeup-Bag-Gactory-2.jpg",800,800,false],"1536x1536":["https:\/\/pecbag.com\/wp-content\/uploads\/2025\/04\/Travel-Makeup-Bag-Gactory-2.jpg",1000,1000,false],"2048x2048":["https:\/\/pecbag.com\/wp-content\/uploads\/2025\/04\/Travel-Makeup-Bag-Gactory-2.jpg",1000,1000,false],"trp-custom-language-flag":["https:\/\/pecbag.com\/wp-content\/uploads\/2025\/04\/Travel-Makeup-Bag-Gactory-2.jpg",12,12,false],"woocommerce_thumbnail":["https:\/\/pecbag.com\/wp-content\/uploads\/2025\/04\/Travel-Makeup-Bag-Gactory-2-300x300.jpg",300,300,true],"woocommerce_single":["https:\/\/pecbag.com\/wp-content\/uploads\/2025\/04\/Travel-Makeup-Bag-Gactory-2-600x600.jpg",600,600,true],"woocommerce_gallery_thumbnail":["https:\/\/pecbag.com\/wp-content\/uploads\/2025\/04\/Travel-Makeup-Bag-Gactory-2-100x100.jpg",100,100,true]},"uagb_author_info":{"display_name":"Lawrence","author_link":"https:\/\/pecbag.com\/se\/author\/"},"uagb_comment_info":0,"uagb_excerpt":"Travel Makeup Bag Gactory We provide premium bags with full-size and color customization, durable fabrics, and certified quality. Enjoy flexible MOQs, fast global shipping, and private label solutions. Contact us today!","_links":{"self":[{"href":"https:\/\/pecbag.com\/se\/wp-json\/wp\/v2\/product\/1600","targetHints":{"allow":["GET"]}}],"collection":[{"href":"https:\/\/pecbag.com\/se\/wp-json\/wp\/v2\/product"}],"about":[{"href":"https:\/\/pecbag.com\/se\/wp-json\/wp\/v2\/types\/product"}],"wp:featuredmedia":[{"embeddable":true,"href":"https:\/\/pecbag.com\/se\/wp-json\/wp\/v2\/media\/1604"}],"wp:attachment":[{"href":"https:\/\/pecbag.com\/se\/wp-json\/wp\/v2\/media?parent=1600"}],"wp:term":[{"taxonomy":"product_brand","embeddable":true,"href":"https:\/\/pecbag.com\/se\/wp-json\/wp\/v2\/product_brand?post=1600"},{"taxonomy":"product_cat","embeddable":true,"href":"https:\/\/pecbag.com\/se\/wp-json\/wp\/v2\/product_cat?post=1600"},{"taxonomy":"product_tag","embeddable":true,"href":"https:\/\/pecbag.com\/se\/wp-json\/wp\/v2\/product_tag?post=1600"}],"curies":[{"name":"wp","href":"https:\/\/api.w.org\/{rel}","templated":true}]}}