{"id":1606,"date":"2025-04-12T03:56:38","date_gmt":"2025-04-12T03:56:38","guid":{"rendered":"https:\/\/pecbag.com\/?post_type=product&#038;p=1606"},"modified":"2025-11-29T02:07:41","modified_gmt":"2025-11-29T02:07:41","slug":"waterproof-cooler-bag-manufacturers","status":"publish","type":"product","link":"https:\/\/pecbag.com\/se\/waterproof-cooler-bag-manufacturers\/","title":{"rendered":"Tillverkare av vattent\u00e4ta kylv\u00e4skor"},"content":{"rendered":"<h2 title=\"Vikbar hundv\u00e4ska Andningsbar axelv\u00e4ska f\u00f6r husdjur i mesh f\u00f6r sm\u00e5 husdjur Hundar Katter\" data-immersive-translate-walked=\"1c928421-2e42-4cd3-8754-5404553c0af5\" data-immersive-translate-paragraph=\"1\" data-spm-anchor-id=\"a2700.details.0.i35.4f6757d4w4zNZA\">Topp grossist vattent\u00e4ta kylv\u00e4ska tillverkare | fabriksdirekt och isklar design<\/h2>\n<div class=\"flex flex-grow flex-col max-w-full\">\n<div class=\"min-h-[20px] text-message flex w-full flex-col items-end gap-2 whitespace-pre-wrap break-words [.text-message+&amp;]:mt-5 overflow-x-auto\" dir=\"auto\" data-message-author-role=\"assistant\" data-message-id=\"3d7d46f6-7ec2-4222-9257-48fa0bba23c6\" data-suggestions=\"true\">\n<div class=\"flex w-full flex-col gap-1 empty:hidden first:pt-[3px]\">\n<div class=\"markdown prose w-full break-words dark:prose-invert light\">\n<p>Beh\u00f6ver p\u00e5litlig\u00a0<strong>tillverkare av vattent\u00e4ta kylv\u00e4skor<\/strong>? Vi erbjuder anpassade m\u00f6nster, bulkpriss\u00e4ttning och 48-timmars ish\u00e5llning. L\u00e5g MOQ &amp; snabb global frakt. Beg\u00e4r gratisprover nu!<\/p>\n<table width=\"288\">\n<tbody>\n<tr>\n<td width=\"137\"><span style=\"color: #333333;\">Produkter Namn<\/span><\/td>\n<td width=\"151\">Vattent\u00e4t v\u00e4ska<\/td>\n<\/tr>\n<tr>\n<td><span style=\"color: #333333;\">Artikel nr.<\/span><\/td>\n<td><span style=\"color: #333333;\">PB-2026<\/span><\/td>\n<\/tr>\n<tr>\n<td><span style=\"color: #333333;\">Material<\/span><\/td>\n<td><span style=\"color: #333333;\">Bomull, polyester, fleece<\/span><\/td>\n<\/tr>\n<tr>\n<td><span style=\"color: #333333;\">\u00a0Storlek och f\u00e4rg<\/span><\/td>\n<td><span style=\"color: #333333;\">Anpassad<\/span><\/td>\n<\/tr>\n<tr>\n<td><span style=\"color: #333333;\">\u00a0Leveranstid<\/span><\/td>\n<td><span style=\"color: #333333;\">1-5 dagar f\u00f6r liten m\u00e4ngd med flyg och 30-35 dagar f\u00f6r stor m\u00e4ngd till sj\u00f6ss<\/span><\/td>\n<\/tr>\n<\/tbody>\n<\/table>\n<p>Som betrodda\u00a0<strong>tillverkare av vattent\u00e4ta kylv\u00e4skor<\/strong>designar vi kraftiga isoleringar f\u00f6r dryckesvarum\u00e4rken, food trucks och utomhusbutiker. V\u00e5rt\u00a0<strong>grossistfabrik<\/strong>\u00a0Leveranser\u00a0<strong>kylv\u00e4skor med tryck<\/strong>\u00a0som h\u00e5ller kylan inne f\u00f6r \u00e4ventyr, leveranser och stranddagar - i regn eller solsken!<\/p>\n<p><strong>Varf\u00f6r samarbeta med oss?<\/strong><br \/>\n\u2705\u00a0<strong>Ice Armor Tech<\/strong>:<\/p>\n<ul>\n<li><strong>3-lagers isolering<\/strong>\u00a0(48 timmars k\u00f6ldbest\u00e4ndighet)<\/li>\n<li><strong>Vattent\u00e4tt TPU-foder<\/strong>\u00a0+ l\u00e4ckageskyddande blixtl\u00e5s (IPX6-klassade)<\/li>\n<li><strong>FDA-godk\u00e4nd livsmedelskvalitet<\/strong>\u00a0inre tyg<\/li>\n<\/ul>\n<p>\u2705\u00a0<strong>F\u00f6rm\u00e5ner f\u00f6r grossister<\/strong>:<\/p>\n<ul>\n<li><strong>MOQ 200st<\/strong>\u00a0- perfekt f\u00f6r nystartade f\u00f6retag och sm\u00e5 varum\u00e4rken<\/li>\n<li><strong>30% av<\/strong>\u00a0order p\u00e5 500+ enheter<\/li>\n<li><strong>15 dagars produktion<\/strong>\u00a0+ flyg-\/sj\u00f6frakt (DHL\/FedEx)<\/li>\n<\/ul>\n<p>\u2705\u00a0<strong>Skr\u00e4ddarsy din kylbox<\/strong>:<\/p>\n<ul>\n<li>L\u00e4gg till\u00a0<strong>varum\u00e4rkeslogotyper<\/strong>\u00a0(screentryck, broderi eller PVC-lappar)<\/li>\n<li>V\u00e4lj storlek (6 burkar till 50 liter) + f\u00e4rg (neon, camo, transparent)<\/li>\n<li>Uppgradering med\u00a0<strong>avtagbara remmar<\/strong>flask\u00f6ppnare eller RFID-fickor<\/li>\n<\/ul>\n<p><strong>Betrodda av<\/strong>:<br \/>\n\ud83c\udf79 Dryckesj\u00e4ttar som ChillWave &amp; TropicalSips<br \/>\n\ud83d\ude9a Flottor f\u00f6r matleveranser i Dubai och Miami<br \/>\n\ud83c\udfd5\ufe0f Camping\u00e5terf\u00f6rs\u00e4ljare i Europa och Australien<\/p>\n<\/div>\n<\/div>\n<\/div>\n<\/div>","protected":false},"excerpt":{"rendered":"<h2 data-immersive-translate-walked=\"344be1c1-5052-41eb-8fcd-0dbe236a0d6b\" data-immersive-translate-paragraph=\"1\">Tillverkare av vattent\u00e4ta kylv\u00e4skor<\/h2>\n<p>Vi erbjuder premiumv\u00e4skor med full storlek och f\u00e4rganpassning, slitstarka tyger och certifierad kvalitet.<\/p>\n<p>Vi erbjuder flexibla MOQ:er, snabb global leverans och private label-l\u00f6sningar.<\/p>\n<p>Kontakta oss redan idag!<\/p>","protected":false},"featured_media":1610,"template":"","meta":{"_uag_custom_page_level_css":""},"product_brand":[],"product_cat":[66],"product_tag":[],"class_list":{"0":"post-1606","1":"product","2":"type-product","3":"status-publish","4":"has-post-thumbnail","6":"product_cat-waterproof-bag","8":"first","9":"instock","10":"shipping-taxable","11":"product-type-simple"},"uagb_featured_image_src":{"full":["https:\/\/pecbag.com\/wp-content\/uploads\/2025\/04\/Waterproof-Cooler-Bag-Manufacturers-3.jpg",960,960,false],"thumbnail":["https:\/\/pecbag.com\/wp-content\/uploads\/2025\/04\/Waterproof-Cooler-Bag-Manufacturers-3-150x150.jpg",150,150,true],"medium":["https:\/\/pecbag.com\/wp-content\/uploads\/2025\/04\/Waterproof-Cooler-Bag-Manufacturers-3-300x300.jpg",300,300,true],"medium_large":["https:\/\/pecbag.com\/wp-content\/uploads\/2025\/04\/Waterproof-Cooler-Bag-Manufacturers-3-768x768.jpg",768,768,true],"large":["https:\/\/pecbag.com\/wp-content\/uploads\/2025\/04\/Waterproof-Cooler-Bag-Manufacturers-3.jpg",800,800,false],"1536x1536":["https:\/\/pecbag.com\/wp-content\/uploads\/2025\/04\/Waterproof-Cooler-Bag-Manufacturers-3.jpg",960,960,false],"2048x2048":["https:\/\/pecbag.com\/wp-content\/uploads\/2025\/04\/Waterproof-Cooler-Bag-Manufacturers-3.jpg",960,960,false],"trp-custom-language-flag":["https:\/\/pecbag.com\/wp-content\/uploads\/2025\/04\/Waterproof-Cooler-Bag-Manufacturers-3.jpg",12,12,false],"woocommerce_thumbnail":["https:\/\/pecbag.com\/wp-content\/uploads\/2025\/04\/Waterproof-Cooler-Bag-Manufacturers-3-300x300.jpg",300,300,true],"woocommerce_single":["https:\/\/pecbag.com\/wp-content\/uploads\/2025\/04\/Waterproof-Cooler-Bag-Manufacturers-3-600x600.jpg",600,600,true],"woocommerce_gallery_thumbnail":["https:\/\/pecbag.com\/wp-content\/uploads\/2025\/04\/Waterproof-Cooler-Bag-Manufacturers-3-100x100.jpg",100,100,true]},"uagb_author_info":{"display_name":"Lawrence","author_link":"https:\/\/pecbag.com\/se\/author\/"},"uagb_comment_info":0,"uagb_excerpt":"Waterproof Cooler Bag Manufacturers We provide premium bags with full-size and color customization, durable fabrics, and certified quality. Enjoy flexible MOQs, fast global shipping, and private label solutions. Contact us today!","_links":{"self":[{"href":"https:\/\/pecbag.com\/se\/wp-json\/wp\/v2\/product\/1606","targetHints":{"allow":["GET"]}}],"collection":[{"href":"https:\/\/pecbag.com\/se\/wp-json\/wp\/v2\/product"}],"about":[{"href":"https:\/\/pecbag.com\/se\/wp-json\/wp\/v2\/types\/product"}],"wp:featuredmedia":[{"embeddable":true,"href":"https:\/\/pecbag.com\/se\/wp-json\/wp\/v2\/media\/1610"}],"wp:attachment":[{"href":"https:\/\/pecbag.com\/se\/wp-json\/wp\/v2\/media?parent=1606"}],"wp:term":[{"taxonomy":"product_brand","embeddable":true,"href":"https:\/\/pecbag.com\/se\/wp-json\/wp\/v2\/product_brand?post=1606"},{"taxonomy":"product_cat","embeddable":true,"href":"https:\/\/pecbag.com\/se\/wp-json\/wp\/v2\/product_cat?post=1606"},{"taxonomy":"product_tag","embeddable":true,"href":"https:\/\/pecbag.com\/se\/wp-json\/wp\/v2\/product_tag?post=1606"}],"curies":[{"name":"wp","href":"https:\/\/api.w.org\/{rel}","templated":true}]}}