{"id":178,"date":"2025-01-08T08:09:36","date_gmt":"2025-01-08T08:09:36","guid":{"rendered":"https:\/\/pecbag.com\/?post_type=product&#038;p=178"},"modified":"2025-11-29T02:12:10","modified_gmt":"2025-11-29T02:12:10","slug":"soft-cat-carrier","status":"publish","type":"product","link":"https:\/\/pecbag.com\/se\/soft-cat-carrier\/","title":{"rendered":"Mjuk katth\u00e5llare"},"content":{"rendered":"<h2 title=\"Vikbar hundv\u00e4ska Andningsbar axelv\u00e4ska f\u00f6r husdjur i mesh f\u00f6r sm\u00e5 husdjur Hundar Katter\" data-immersive-translate-walked=\"1c928421-2e42-4cd3-8754-5404553c0af5\" data-immersive-translate-paragraph=\"1\" data-spm-anchor-id=\"a2700.details.0.i35.4f6757d4w4zNZA\">Mjuk kattb\u00e4rare - Partihandel med resv\u00e4ska f\u00f6r husdjur och kattb\u00e4rare fr\u00e5n fabrik [resv\u00e4ska f\u00f6r husdjur, kattb\u00e4rare, grossist, fabrik]<\/h2>\n<div class=\"flex flex-grow flex-col max-w-full\">\n<div class=\"min-h-[20px] text-message flex w-full flex-col items-end gap-2 whitespace-pre-wrap break-words [.text-message+&amp;]:mt-5 overflow-x-auto\" dir=\"auto\" data-message-author-role=\"assistant\" data-message-id=\"3d7d46f6-7ec2-4222-9257-48fa0bba23c6\" data-suggestions=\"true\">\n<div class=\"flex w-full flex-col gap-1 empty:hidden first:pt-[3px]\">\n<div class=\"markdown prose w-full break-words dark:prose-invert light\">\n<p>L\u00e4gg till komfort och bekv\u00e4mlighet i ditt sortiment av produkter f\u00f6r husdjur med v\u00e5r Soft Cat Carrier, en idealisk l\u00f6sning f\u00f6r katt\u00e4gare som s\u00f6ker ett mysigt och s\u00e4kert resealternativ. Som fabriksleverant\u00f6r \u00e4r vi specialiserade p\u00e5 att skapa h\u00f6gkvalitativa resv\u00e4skor och katth\u00e5llare f\u00f6r husdjur som s\u00e4kerst\u00e4ller husdjurens v\u00e4lbefinnande under transport och daglig anv\u00e4ndning.<\/p>\n<p>Viktiga egenskaper:<\/p>\n<div class=\"pop-container\">\n<div class=\"popcontent-hole\">\n<div class=\"pop-content\">\n<div class=\"normal___qxduM\">\n<div class=\"\">\n<div id=\"chat-markdown-ctue6nb67ti4utnffkj0-0-0\">\n<div class=\"markdown___vuBDJ\">\n<div class=\"markdown___vuBDJ\">\n<ul>\n<li><strong>Komfort och mjukhet<\/strong>: V\u00e5r Soft Cat Carrier \u00e4r utformad med plyschiga, mjuka material f\u00f6r att ge en bekv\u00e4m och mysig milj\u00f6 f\u00f6r din katt under resan, s\u00e5 att de k\u00e4nner sig bekv\u00e4ma i alla situationer.<\/li>\n<li><strong>S\u00e4ker och h\u00e5llbar<\/strong>: B\u00e4rstolen \u00e4r tillverkad av slitstarka material. Den har s\u00e4kra f\u00f6rslutningar och en robust konstruktion som garanterar din katts s\u00e4kerhet och produktens livsl\u00e4ngd.<\/li>\n<li><strong>L\u00e4tt att anv\u00e4nda<\/strong>: Transportburen har praktiska handtag och justerbara remmar, vilket g\u00f6r det enkelt att transportera din katt samtidigt som du ser till att den har ett bekv\u00e4mt och s\u00e4kert utrymme.<\/li>\n<li><strong>Partihandel och direktf\u00f6rs\u00e4ljning fr\u00e5n fabrik<\/strong>: Vi erbjuder dessa mjuka kattb\u00e4rare till konkurrenskraftiga grossistpriser, direkt fr\u00e5n v\u00e5r fabrik, vilket garanterar kvalitet och kostnadseffektivitet f\u00f6r B2B-kunder.<\/li>\n<li><strong>M\u00e5ngsidig design<\/strong>: V\u00e5r Soft Cat Carrier \u00e4r l\u00e4mplig f\u00f6r olika resescenarier, inklusive bilresor, flyg och vardagsutflykter, och \u00e4r ett m\u00e5ngsidigt tillskott till alla djur\u00e4gares samling.<\/li>\n<\/ul>\n<p>F\u00f6rdelar f\u00f6r \u00e5terf\u00f6rs\u00e4ljare:<\/p>\n<ul>\n<li><strong>Priss\u00e4ttning i grossistledet<\/strong>: Dra nytta av fabriksdirekt priss\u00e4ttning, vilket g\u00f6r att du kan erbjuda mjuka kattb\u00e4rare och resv\u00e4skor f\u00f6r husdjur till konkurrenskraftiga priser och \u00f6ka dina vinstmarginaler.<\/li>\n<li><strong>Kvalitetss\u00e4kring<\/strong>: Varje produkt tillverkas f\u00f6r att uppfylla h\u00f6gkvalitativa standarder, vilket garanterar h\u00e5llbarhet och ett premiumutseende som kommer att imponera p\u00e5 dina kunder.<\/li>\n<li><strong>Uppbyggnad av varum\u00e4rke<\/strong>: Erbjud ett brett utbud av resel\u00f6sningar f\u00f6r husdjur som hj\u00e4lper dig att bygga upp ditt varum\u00e4rke som en sj\u00e4lvklar k\u00e4lla f\u00f6r husdjurs\u00e4gare, vilket \u00f6kar kundernas lojalitet och f\u00f6rtroende.<\/li>\n<li><strong>Effektiv sj\u00f6fart<\/strong>: F\u00f6rlita dig p\u00e5 v\u00e5r effektiva leveranskedja f\u00f6r snabb leverans av dina grossistorder, vilket s\u00e4kerst\u00e4ller att ditt lager \u00e4r v\u00e4lfyllt och redo f\u00f6r f\u00f6rs\u00e4ljning.<\/li>\n<\/ul>\n<p class=\"last-node\">V\u00e4lj v\u00e5r Soft Cat Carrier f\u00f6r att ge dina kunder en p\u00e5litlig och elegant l\u00f6sning f\u00f6r deras katters resebehov. Kontakta oss idag f\u00f6r att utforska v\u00e5ra grossistm\u00f6jligheter och ge dina kunder kvalitet, innovation och komfort.<\/p>\n<\/div>\n<\/div>\n<\/div>\n<\/div>\n<\/div>\n<\/div>\n<\/div>\n<\/div>\n<\/div>\n<\/div>\n<\/div>\n<\/div>","protected":false},"excerpt":{"rendered":"<h2><strong><b>Partihandel Mjuk katth\u00e5llare<\/b><\/strong><\/h2>\n<p>Discover Soft Cat Carrier.<\/p>\n<p>H\u00e5ll dina husdjur snygga med v\u00e5ra <a href=\"https:\/\/pecpets.com\/product-category\/pet-carrier\/travel-dog-carriers\/\" target=\"_blank\" rel=\"noopener\"><span style=\"color: #ff0000;\">h\u00f6gkvalitativ design<\/span><\/a>.<\/p>\n<table style=\"border-collapse: collapse; background-color: #ffffff; width: 334px; height: 244px;\" border=\"1\">\n<tbody>\n<tr>\n<td style=\"font-family: Verdana, Arial, Helvetica, sans-serif; font-size: 12px; color: #000000; margin: 8px; width: 187px; text-align: center;\"><span style=\"line-height: 21px; font-size: 14px;\">Produkter Namn<\/span><\/td>\n<td style=\"font-family: Verdana, Arial, Helvetica, sans-serif; font-size: 12px; color: #000000; margin: 8px; width: 526px; text-align: center;\"><span style=\"font-size: 14px;\">B\u00e4rare f\u00f6r s\u00e4llskapsdjur<\/span><\/td>\n<\/tr>\n<tr>\n<td style=\"font-family: Verdana, Arial, Helvetica, sans-serif; font-size: 12px; color: #000000; margin: 8px; width: 187px; text-align: center;\"><span style=\"line-height: 21px; font-size: 14px;\">Artikel nr.<\/span><\/td>\n<td style=\"font-family: Verdana, Arial, Helvetica, sans-serif; font-size: 12px; color: #000000; margin: 8px; width: 526px; text-align: center;\"><span style=\"line-height: 21px; font-size: 14px;\">PB-2001<\/span><\/td>\n<\/tr>\n<tr>\n<td style=\"font-family: Verdana, Arial, Helvetica, sans-serif; font-size: 12px; color: #000000; margin: 8px; width: 187px; text-align: center;\"><span style=\"line-height: 21px; color: #333333; font-family: Arial, Helvetica; font-size: 14px; font-style: normal; font-weight: 400; background-color: #ffffff; float: none; display: inline !important;\">Material<\/span><\/td>\n<td style=\"font-family: Verdana, Arial, Helvetica, sans-serif; font-size: 12px; color: #000000; margin: 8px; width: 526px; text-align: center;\"><span style=\"color: #333333; font-family: Helvetica,Tahoma,Arial; font-size: 12px; font-style: normal; font-weight: 400; background-color: #fcfcfc; display: inline !important; float: none;\">Oxford-tyg<\/span><\/td>\n<\/tr>\n<tr>\n<td style=\"font-family: Verdana, Arial, Helvetica, sans-serif; font-size: 12px; color: #000000; margin: 8px; width: 187px; text-align: center;\"><span style=\"line-height: 21px; font-size: 14px;\">\u00a0Storlek<\/span><\/td>\n<td style=\"margin: 8px; width: 526px; text-align: center;\"><span style=\"color: #222222; font-family: Helvetica, Tahoma, Arial;\"><span style=\"font-size: 14px;\">Anpassad storlek<\/span><\/span><\/td>\n<\/tr>\n<tr>\n<td style=\"font-family: Verdana, Arial, Helvetica, sans-serif; font-size: 12px; color: #000000; margin: 8px; width: 187px; text-align: center;\"><span style=\"line-height: 21px; font-size: 14px;\">\u00a0F\u00e4rg<\/span><\/td>\n<td style=\"font-family: Verdana, Arial, Helvetica, sans-serif; font-size: 12px; color: #000000; margin: 8px; width: 526px; text-align: center;\"><span style=\"font-size: 14px;\">Anpassad f\u00e4rg<\/span><\/td>\n<\/tr>\n<tr>\n<td style=\"font-family: Verdana, Arial, Helvetica, sans-serif; font-size: 12px; color: #000000; margin: 8px; width: 187px; text-align: center;\"><span style=\"line-height: 21px; font-size: 14px;\">\u00a0<span style=\"line-height: 21px; color: #333333; font-family: Arial, Helvetica; font-size: 14px; font-style: normal; font-weight: 400; background-color: #ffffff; float: none; display: inline !important;\">Typ av husdjur<\/span><\/span><\/td>\n<td style=\"font-family: Verdana, Arial, Helvetica, sans-serif; font-size: 12px; color: #000000; margin: 8px; width: 526px; text-align: center;\"><span style=\"line-height: 21px; font-size: 14px;\">\u00a0Alla hundar<\/span><\/td>\n<\/tr>\n<tr>\n<td style=\"font-family: Verdana, Arial, Helvetica, sans-serif; font-size: 12px; color: #000000; margin: 8px; width: 187px; text-align: center;\"><span style=\"line-height: 21px; font-size: 14px;\">\u00a0<span style=\"line-height: 21px; color: #333333; font-family: Arial, Helvetica; font-size: 14px; font-style: normal; font-weight: 400; background-color: #ffffff; float: none; display: inline !important;\">Leveranstid<\/span><\/span><\/td>\n<td style=\"font-family: Verdana, Arial, Helvetica, sans-serif; font-size: 12px; color: #000000; margin: 8px; width: 526px; text-align: center;\"><span style=\"line-height: 21px; font-size: 14px;\"><span style=\"line-height: 21px; color: #000000; font-family: Verdana, Arial, Helvetica, sans-serif; font-size: 14px; font-style: normal; font-weight: 400; background-color: #ffffff; float: none; display: inline !important;\">1-5 dagar f\u00f6r liten m\u00e4ngd med flyg och 30-35 dagar f\u00f6r stor m\u00e4ngd till sj\u00f6ss<\/span>\u00a0<\/span><\/td>\n<\/tr>\n<tr>\n<td style=\"font-family: Verdana, Arial, Helvetica, sans-serif; font-size: 12px; color: #000000; margin: 8px; width: 187px; text-align: center;\"><span style=\"line-height: 21px; font-size: 14px;\">\u00a0<span style=\"line-height: 21px; color: #333333; font-family: Arial, Helvetica; font-size: 14px; font-style: normal; font-weight: 400; background-color: #ffffff; float: none; display: inline !important;\">Hamn f\u00f6r avs\u00e4ndning<\/span><\/span><\/td>\n<td style=\"font-family: Verdana, Arial, Helvetica, sans-serif; font-size: 12px; color: #000000; margin: 8px; width: 526px; text-align: center;\"><span style=\"line-height: 21px; font-size: 14px;\">Xiamen\u00a0<\/span><\/td>\n<\/tr>\n<tr>\n<td style=\"font-family: Verdana, Arial, Helvetica, sans-serif; font-size: 12px; color: #000000; margin: 8px; width: 187px; text-align: center;\"><span style=\"line-height: 21px; font-size: 14px;\">\u00a0<span style=\"line-height: 21px; color: #333333; font-family: Arial, Helvetica; font-size: 14px; font-style: normal; font-weight: 400; background-color: #ffffff; float: none; display: inline !important;\">OEM\/ODM<\/span><\/span><\/td>\n<td style=\"font-family: Verdana, Arial, Helvetica, sans-serif; font-size: 12px; color: #000000; margin: 8px; width: 526px; text-align: center;\"><span style=\"line-height: 21px; font-size: 14px;\">\u00a0<span style=\"line-height: 21px; color: #333333; font-family: Arial, Helvetica; font-size: 14px; font-style: normal; font-weight: 400; background-color: #ffffff; float: none; display: inline !important;\">Tillg\u00e4nglig<\/span><\/span><\/td>\n<\/tr>\n<tr>\n<td style=\"font-family: Verdana, Arial, Helvetica, sans-serif; font-size: 12px; color: #000000; margin: 8px; width: 187px; text-align: center;\"><span style=\"line-height: 21px; font-size: 14px;\">\u00a0<span style=\"line-height: 21px; color: #333333; font-family: Arial, Helvetica; font-size: 14px; font-style: normal; font-weight: 400; background-color: #ffffff; float: none; display: inline !important;\">Paket<\/span><\/span><\/td>\n<td style=\"font-family: Verdana, Arial, Helvetica, sans-serif; font-size: 12px; color: #000000; margin: 8px; width: 526px; text-align: center;\"><span style=\"line-height: 21px; font-size: 14px;\"><span style=\"line-height: 21px; color: #333333; font-family: Arial, Helvetica; font-size: 14px; font-style: normal; font-weight: 400; background-color: #ffffff; float: none; display: inline !important;\">Var och en f\u00f6rpackas i en PPB och sedan i en kartong eller om det beh\u00f6vs<\/span><\/span><\/td>\n<\/tr>\n<\/tbody>\n<\/table>","protected":false},"featured_media":183,"template":"","meta":{"_uag_custom_page_level_css":""},"product_brand":[],"product_cat":[19],"product_tag":[],"class_list":{"0":"post-178","1":"product","2":"type-product","3":"status-publish","4":"has-post-thumbnail","6":"product_cat-uncategorized","8":"first","9":"instock","10":"shipping-taxable","11":"product-type-simple"},"uagb_featured_image_src":{"full":["https:\/\/pecbag.com\/wp-content\/uploads\/2025\/01\/79soft-cat-carrier-8.jpg",1160,1160,false],"thumbnail":["https:\/\/pecbag.com\/wp-content\/uploads\/2025\/01\/79soft-cat-carrier-8-150x150.jpg",150,150,true],"medium":["https:\/\/pecbag.com\/wp-content\/uploads\/2025\/01\/79soft-cat-carrier-8-300x300.jpg",300,300,true],"medium_large":["https:\/\/pecbag.com\/wp-content\/uploads\/2025\/01\/79soft-cat-carrier-8-768x768.jpg",768,768,true],"large":["https:\/\/pecbag.com\/wp-content\/uploads\/2025\/01\/79soft-cat-carrier-8-1024x1024.jpg",800,800,true],"1536x1536":["https:\/\/pecbag.com\/wp-content\/uploads\/2025\/01\/79soft-cat-carrier-8.jpg",1160,1160,false],"2048x2048":["https:\/\/pecbag.com\/wp-content\/uploads\/2025\/01\/79soft-cat-carrier-8.jpg",1160,1160,false],"trp-custom-language-flag":["https:\/\/pecbag.com\/wp-content\/uploads\/2025\/01\/79soft-cat-carrier-8.jpg",12,12,false],"woocommerce_thumbnail":["https:\/\/pecbag.com\/wp-content\/uploads\/2025\/01\/79soft-cat-carrier-8-300x300.jpg",300,300,true],"woocommerce_single":["https:\/\/pecbag.com\/wp-content\/uploads\/2025\/01\/79soft-cat-carrier-8-600x600.jpg",600,600,true],"woocommerce_gallery_thumbnail":["https:\/\/pecbag.com\/wp-content\/uploads\/2025\/01\/79soft-cat-carrier-8-100x100.jpg",100,100,true]},"uagb_author_info":{"display_name":"Lawrence","author_link":"https:\/\/pecbag.com\/se\/author\/"},"uagb_comment_info":0,"uagb_excerpt":"Wholesale Soft Cat Carrier Discover Soft Cat Carrier. Keep your pets stylish with our high-quality designs. Products Name Pet Carrier Item No. PB-2001 Material Oxford Fabric \u00a0Size Customized Size \u00a0Color Customized Color \u00a0Pet type \u00a0All Dog \u00a0Delivery time 1-5days\u00a0for small quantity by air and 30-35days for large quantity by sea\u00a0 \u00a0Port of shipment Xiamen\u00a0 \u00a0OEM\/ODM&hellip;","_links":{"self":[{"href":"https:\/\/pecbag.com\/se\/wp-json\/wp\/v2\/product\/178","targetHints":{"allow":["GET"]}}],"collection":[{"href":"https:\/\/pecbag.com\/se\/wp-json\/wp\/v2\/product"}],"about":[{"href":"https:\/\/pecbag.com\/se\/wp-json\/wp\/v2\/types\/product"}],"wp:featuredmedia":[{"embeddable":true,"href":"https:\/\/pecbag.com\/se\/wp-json\/wp\/v2\/media\/183"}],"wp:attachment":[{"href":"https:\/\/pecbag.com\/se\/wp-json\/wp\/v2\/media?parent=178"}],"wp:term":[{"taxonomy":"product_brand","embeddable":true,"href":"https:\/\/pecbag.com\/se\/wp-json\/wp\/v2\/product_brand?post=178"},{"taxonomy":"product_cat","embeddable":true,"href":"https:\/\/pecbag.com\/se\/wp-json\/wp\/v2\/product_cat?post=178"},{"taxonomy":"product_tag","embeddable":true,"href":"https:\/\/pecbag.com\/se\/wp-json\/wp\/v2\/product_tag?post=178"}],"curies":[{"name":"wp","href":"https:\/\/api.w.org\/{rel}","templated":true}]}}