{"id":3197,"date":"2025-05-23T03:04:19","date_gmt":"2025-05-23T03:04:19","guid":{"rendered":"https:\/\/pecbag.com\/?post_type=product&#038;p=3197"},"modified":"2025-11-29T02:07:08","modified_gmt":"2025-11-29T02:07:08","slug":"pu-tear-resistant-travel-bike-storage-pack","status":"publish","type":"product","link":"https:\/\/pecbag.com\/se\/pu-tear-resistant-travel-bike-storage-pack\/","title":{"rendered":"11L PU rivt\u00e5lig resef\u00f6rvaringsv\u00e4ska f\u00f6r cykel"},"content":{"rendered":"<h5 title=\"Vikbar hundv\u00e4ska Andningsbar axelv\u00e4ska f\u00f6r husdjur i mesh f\u00f6r sm\u00e5 husdjur Hundar Katter\" data-immersive-translate-walked=\"1c928421-2e42-4cd3-8754-5404553c0af5\" data-immersive-translate-paragraph=\"1\" data-spm-anchor-id=\"a2700.details.0.i35.4f6757d4w4zNZA\">11L PU rivs\u00e4kert resef\u00f6rvaringspaket f\u00f6r cykel | Vattent\u00e4t v\u00e4ska fabrik och ryggs\u00e4ckstillverkare | Bulkleverant\u00f6r<\/h5>\n<p title=\"Vikbar hundv\u00e4ska Andningsbar axelv\u00e4ska f\u00f6r husdjur i mesh f\u00f6r sm\u00e5 husdjur Hundar Katter\" data-immersive-translate-walked=\"1c928421-2e42-4cd3-8754-5404553c0af5\" data-immersive-translate-paragraph=\"1\" data-spm-anchor-id=\"a2700.details.0.i35.4f6757d4w4zNZA\">Beh\u00f6ver du 11L PU rivt\u00e5lig resv\u00e4ska f\u00f6r cykelf\u00f6rvaring f\u00f6r tuffa \u00e4ventyr? Vi \u00e4r en toppfabrik f\u00f6r vattent\u00e4ta v\u00e4skor och ryggs\u00e4ckstillverkare i Kina, som tillverkar kraftiga cykelv\u00e4skor som \u00f6verlever grova v\u00e4gar, vassa verktyg och monsunregn!<\/p>\n<div class=\"flex flex-grow flex-col max-w-full\">\n<div class=\"min-h-[20px] text-message flex w-full flex-col items-end gap-2 whitespace-pre-wrap break-words [.text-message+&amp;]:mt-5 overflow-x-auto\" dir=\"auto\" data-message-author-role=\"assistant\" data-message-id=\"3d7d46f6-7ec2-4222-9257-48fa0bba23c6\" data-suggestions=\"true\">\n<div class=\"flex w-full flex-col gap-1 empty:hidden first:pt-[3px]\">\n<div class=\"markdown prose w-full break-words dark:prose-invert light\">\n<table width=\"288\">\n<tbody>\n<tr>\n<td width=\"137\"><span style=\"color: #333333;\">Produkter Namn<\/span><\/td>\n<td width=\"151\"><span style=\"color: #333333;\">Cykelv\u00e4ska<\/span><\/td>\n<\/tr>\n<tr>\n<td><span style=\"color: #333333;\">Artikel nr.<\/span><\/td>\n<td><span style=\"color: #333333;\">PB-2030<\/span><\/td>\n<\/tr>\n<tr>\n<td><span style=\"color: #333333;\">Material<\/span><\/td>\n<td>PU<\/td>\n<\/tr>\n<tr>\n<td><span style=\"color: #333333;\">Storlek<\/span><\/td>\n<td>47 X 17 X 14 CM<\/td>\n<\/tr>\n<tr>\n<td><span style=\"color: #333333;\">\u00a0Leveranstid<\/span><\/td>\n<td><span style=\"color: #333333;\">1-5 dagar f\u00f6r liten m\u00e4ngd med flyg och 30-35 dagar f\u00f6r stor m\u00e4ngd till sj\u00f6ss<\/span><\/td>\n<\/tr>\n<\/tbody>\n<\/table>\n<p class=\"ds-markdown-paragraph\">\u2705\u00a0<strong>Varf\u00f6r samarbeta med oss?<\/strong><\/p>\n<ul>\n<li>\n<p class=\"ds-markdown-paragraph\"><strong>Rivs\u00e4ker kraft<\/strong>: 18oz PU-belagt tyg + trippelsydda s\u00f6mmar - byggd f\u00f6r motorcyklar, cyklar eller f\u00f6rvaring av utomhusutrustning.<\/p>\n<\/li>\n<li>\n<p class=\"ds-markdown-paragraph\"><strong>Smart 11L Design<\/strong>: Kompakt men rymmer \u00e4nd\u00e5 hj\u00e4lmar, verktyg och regnkl\u00e4der - expanderbara remmar f\u00f6r \u00f6verlastning.<\/p>\n<\/li>\n<li>\n<p class=\"ds-markdown-paragraph\"><strong>F\u00f6rm\u00e5ner vid bulkorder<\/strong>: Producera bulkbest\u00e4llningar f\u00f6r cykelv\u00e4skor (MOQ 100 st) med ODM \/ OEM eller privat etikett p\u00e5 15 dagar platt!<\/p>\n<\/li>\n<li>\n<p class=\"ds-markdown-paragraph\"><strong>Kina Kostnadskant<\/strong>: Som en ledande leverant\u00f6r av cykelv\u00e4skor i Kina m\u00f6ter kvalitet oslagbar priss\u00e4ttning.<\/p>\n<\/li>\n<\/ul>\n<p class=\"ds-markdown-paragraph\"><strong>Egenskaper som s\u00e4ljer snabbt:<\/strong><br \/>\n\ud83d\udd39 100% vattent\u00e4ta YKK-dragkedjor + dr\u00e4neringsventiler<br \/>\n\ud83d\udd39 Reflekterande s\u00e4kerhetspl\u00e5ster och dolda st\u00f6ldskyddsfickor<br \/>\n\ud83d\udd39 Universellt monteringssystem (passar alla cykelh\u00e5llare)<br \/>\n\ud83d\udd39 CE\/SGS-certifierad - inga giftiga limmer eller lukter<\/p>\n<p class=\"ds-markdown-paragraph\"><strong>Perfekt f\u00f6r:<\/strong><\/p>\n<ul>\n<li>\n<p class=\"ds-markdown-paragraph\">Motorcykelm\u00e4rken &amp; grossister f\u00f6r cykelv\u00e4skor<\/p>\n<\/li>\n<li>\n<p class=\"ds-markdown-paragraph\">Leverant\u00f6rer av friluftsutrustning och e-handelsj\u00e4ttar<\/p>\n<\/li>\n<li>\n<p class=\"ds-markdown-paragraph\">Nystartade f\u00f6retag vill ha l\u00f6sningar f\u00f6r private label p\u00e5 cykelv\u00e4skor<\/p>\n<\/li>\n<\/ul>\n<p class=\"ds-markdown-paragraph\"><strong>Hur vi rullar:<\/strong><br \/>\n1\ufe0f\u20e3 Skicka din logotyp\/design (eller anv\u00e4nd v\u00e5ra 100+ mallar)<br \/>\n2\ufe0f\u20e3 Prototyp p\u00e5 5 dagar \u2192 godk\u00e4nna \u2192 massproducera<br \/>\n3\ufe0f\u20e3 Levereras via exportn\u00e4tverk f\u00f6r cykelv\u00e4skor (DDP\/DAP st\u00f6ds)<\/p>\n<p class=\"ds-markdown-paragraph\"><strong>\u00c4r du redo att lagerh\u00e5lla f\u00f6rpackningar som varar l\u00e4ngre \u00e4n \u00e4ventyret?<\/strong><br \/>\n\ud83d\udc49\u00a0<strong>Gratis prover<\/strong>\u00a0\ud83d\udc49 , 30% ins\u00e4ttning \ud83d\udc49 , 24h citat<\/p>\n<\/div>\n<\/div>\n<\/div>\n<\/div>","protected":false},"excerpt":{"rendered":"<h2 title=\"Vikbar hundv\u00e4ska Andningsbar axelv\u00e4ska f\u00f6r husdjur i mesh f\u00f6r sm\u00e5 husdjur Hundar Katter\" data-immersive-translate-walked=\"1c928421-2e42-4cd3-8754-5404553c0af5\" data-immersive-translate-paragraph=\"1\" data-spm-anchor-id=\"a2700.details.0.i35.4f6757d4w4zNZA\">11L PU rivt\u00e5lig resef\u00f6rvaringsv\u00e4ska f\u00f6r cykel<\/h2>\n<p><strong>1. T\u00e5rt\u00e5lig.<\/strong> Cykelsadelv\u00e4skan av rutigt tyg och PU har egenskaperna att den \u00e4r vattent\u00e4t, rivt\u00e5lig, stark och kan anv\u00e4ndas under l\u00e5ng tid.<\/p>\n<p><strong>2. Enkel att installera.\u00a0<\/strong>Cykelv\u00e4skorna under s\u00e4tet \u00e4r utformade med magiska klisterm\u00e4rken och sp\u00e4nnen, enkla att installera. Du kan montera den snabbt och enkelt p\u00e5 cykelns bakparti.<\/p>\n<p><strong>3. Anv\u00e4nds ofta.<\/strong>\u00a0Cykelv\u00e4skan har ett brett anv\u00e4ndningsomr\u00e5de. Den kan anv\u00e4ndas f\u00f6r landsv\u00e4gscyklar, mountainbikes, hopf\u00e4llbara cyklar etc. Den kan h\u00e4nga bakljusen och har bra belastning.<\/p>","protected":false},"featured_media":3199,"template":"","meta":{"_uag_custom_page_level_css":""},"product_brand":[],"product_cat":[48],"product_tag":[],"class_list":{"0":"post-3197","1":"product","2":"type-product","3":"status-publish","4":"has-post-thumbnail","6":"product_cat-bike-bag","8":"first","9":"instock","10":"shipping-taxable","11":"product-type-simple"},"uagb_featured_image_src":{"full":["https:\/\/pecbag.com\/wp-content\/uploads\/2025\/05\/11L-PU-Tear-Resistant-Travel-Bike-Storage-Pack-6.jpeg",1601,1601,false],"thumbnail":["https:\/\/pecbag.com\/wp-content\/uploads\/2025\/05\/11L-PU-Tear-Resistant-Travel-Bike-Storage-Pack-6-150x150.jpeg",150,150,true],"medium":["https:\/\/pecbag.com\/wp-content\/uploads\/2025\/05\/11L-PU-Tear-Resistant-Travel-Bike-Storage-Pack-6-300x300.jpeg",300,300,true],"medium_large":["https:\/\/pecbag.com\/wp-content\/uploads\/2025\/05\/11L-PU-Tear-Resistant-Travel-Bike-Storage-Pack-6-768x768.jpeg",768,768,true],"large":["https:\/\/pecbag.com\/wp-content\/uploads\/2025\/05\/11L-PU-Tear-Resistant-Travel-Bike-Storage-Pack-6-1024x1024.jpeg",800,800,true],"1536x1536":["https:\/\/pecbag.com\/wp-content\/uploads\/2025\/05\/11L-PU-Tear-Resistant-Travel-Bike-Storage-Pack-6-1536x1536.jpeg",1536,1536,true],"2048x2048":["https:\/\/pecbag.com\/wp-content\/uploads\/2025\/05\/11L-PU-Tear-Resistant-Travel-Bike-Storage-Pack-6.jpeg",1601,1601,false],"trp-custom-language-flag":["https:\/\/pecbag.com\/wp-content\/uploads\/2025\/05\/11L-PU-Tear-Resistant-Travel-Bike-Storage-Pack-6-12x12.jpeg",12,12,true],"woocommerce_thumbnail":["https:\/\/pecbag.com\/wp-content\/uploads\/2025\/05\/11L-PU-Tear-Resistant-Travel-Bike-Storage-Pack-6-300x300.jpeg",300,300,true],"woocommerce_single":["https:\/\/pecbag.com\/wp-content\/uploads\/2025\/05\/11L-PU-Tear-Resistant-Travel-Bike-Storage-Pack-6-600x600.jpeg",600,600,true],"woocommerce_gallery_thumbnail":["https:\/\/pecbag.com\/wp-content\/uploads\/2025\/05\/11L-PU-Tear-Resistant-Travel-Bike-Storage-Pack-6-100x100.jpeg",100,100,true]},"uagb_author_info":{"display_name":"Lawrence","author_link":"https:\/\/pecbag.com\/se\/author\/"},"uagb_comment_info":0,"uagb_excerpt":"11L PU Tear Resistant Travel Bike Storage Pack 1. Tear Resistant. The bicycle saddle bag made of plaid fabric and PU has the characteristics of being waterproof, tear-resistant, strong, and can be used for a long time. 2. Simple to install.\u00a0The bike bags under the seat are designed with magic stickers and buckles, easy to&hellip;","_links":{"self":[{"href":"https:\/\/pecbag.com\/se\/wp-json\/wp\/v2\/product\/3197","targetHints":{"allow":["GET"]}}],"collection":[{"href":"https:\/\/pecbag.com\/se\/wp-json\/wp\/v2\/product"}],"about":[{"href":"https:\/\/pecbag.com\/se\/wp-json\/wp\/v2\/types\/product"}],"wp:featuredmedia":[{"embeddable":true,"href":"https:\/\/pecbag.com\/se\/wp-json\/wp\/v2\/media\/3199"}],"wp:attachment":[{"href":"https:\/\/pecbag.com\/se\/wp-json\/wp\/v2\/media?parent=3197"}],"wp:term":[{"taxonomy":"product_brand","embeddable":true,"href":"https:\/\/pecbag.com\/se\/wp-json\/wp\/v2\/product_brand?post=3197"},{"taxonomy":"product_cat","embeddable":true,"href":"https:\/\/pecbag.com\/se\/wp-json\/wp\/v2\/product_cat?post=3197"},{"taxonomy":"product_tag","embeddable":true,"href":"https:\/\/pecbag.com\/se\/wp-json\/wp\/v2\/product_tag?post=3197"}],"curies":[{"name":"wp","href":"https:\/\/api.w.org\/{rel}","templated":true}]}}