{"id":3204,"date":"2025-05-23T06:23:26","date_gmt":"2025-05-23T06:23:26","guid":{"rendered":"https:\/\/pecbag.com\/?post_type=product&#038;p=3204"},"modified":"2025-11-29T02:07:00","modified_gmt":"2025-11-29T02:07:00","slug":"bike-under-seat-pack","status":"publish","type":"product","link":"https:\/\/pecbag.com\/se\/bike-under-seat-pack\/","title":{"rendered":"Cykelv\u00e4ska med vattenflaska under s\u00e4tet"},"content":{"rendered":"<h5 title=\"Vikbar hundv\u00e4ska Andningsbar axelv\u00e4ska f\u00f6r husdjur i mesh f\u00f6r sm\u00e5 husdjur Hundar Katter\" data-immersive-translate-walked=\"1c928421-2e42-4cd3-8754-5404553c0af5\" data-immersive-translate-paragraph=\"1\" data-spm-anchor-id=\"a2700.details.0.i35.4f6757d4w4zNZA\">Tillverkare av paket f\u00f6r cykel under s\u00e4tet | Vattent\u00e4t v\u00e4ska fabrik och ryggs\u00e4ck leverant\u00f6r | Bulk OEM<\/h5>\n<p title=\"Vikbar hundv\u00e4ska Andningsbar axelv\u00e4ska f\u00f6r husdjur i mesh f\u00f6r sm\u00e5 husdjur Hundar Katter\" data-immersive-translate-walked=\"1c928421-2e42-4cd3-8754-5404553c0af5\" data-immersive-translate-paragraph=\"1\" data-spm-anchor-id=\"a2700.details.0.i35.4f6757d4w4zNZA\">Beh\u00f6ver du en cykelv\u00e4ska under s\u00e4tet som h\u00e5ller verktygen torra och g\u00f6r cyklingen smidig? Vi \u00e4r en fabrik f\u00f6r vattent\u00e4ta v\u00e4skor och en ryggs\u00e4ckstillverkare i Kina som tillverkar snygga, h\u00e5llbara s\u00e4tesv\u00e4skor f\u00f6r cyklister, \u00e5terf\u00f6rs\u00e4ljare och globala varum\u00e4rken!<\/p>\n<div class=\"flex flex-grow flex-col max-w-full\">\n<div class=\"min-h-[20px] text-message flex w-full flex-col items-end gap-2 whitespace-pre-wrap break-words [.text-message+&amp;]:mt-5 overflow-x-auto\" dir=\"auto\" data-message-author-role=\"assistant\" data-message-id=\"3d7d46f6-7ec2-4222-9257-48fa0bba23c6\" data-suggestions=\"true\">\n<div class=\"flex w-full flex-col gap-1 empty:hidden first:pt-[3px]\">\n<div class=\"markdown prose w-full break-words dark:prose-invert light\">\n<table style=\"height: 247px;\" width=\"306\">\n<tbody>\n<tr>\n<td width=\"137\"><span style=\"color: #333333;\">Produkter Namn<\/span><\/td>\n<td width=\"151\">Cykelv\u00e4ska<\/td>\n<\/tr>\n<tr>\n<td><span style=\"color: #333333;\">Artikel nr.<\/span><\/td>\n<td><span style=\"color: #333333;\">PB-2031<\/span><\/td>\n<\/tr>\n<tr>\n<td><span style=\"color: #333333;\">Material<\/span><\/td>\n<td>PU<\/td>\n<\/tr>\n<tr>\n<td><span style=\"color: #333333;\">Storlek<\/span><\/td>\n<td>12 X 8 X 26 CM<\/td>\n<\/tr>\n<tr>\n<td><span style=\"color: #333333;\">\u00a0Leveranstid<\/span><\/td>\n<td><span style=\"color: #333333;\">1-5 dagar f\u00f6r liten m\u00e4ngd med flyg och 30-35 dagar f\u00f6r stor m\u00e4ngd till sj\u00f6ss<\/span><\/td>\n<\/tr>\n<\/tbody>\n<\/table>\n<p class=\"ds-markdown-paragraph\">\u2705\u00a0<strong>Varf\u00f6r v\u00e4lja oss?<\/strong><\/p>\n<ul>\n<li>\n<p class=\"ds-markdown-paragraph\"><strong>100% Vattent\u00e4t<\/strong>: TPU-belagda s\u00f6mmar + rullst\u00e4ngning - \u00f6verlever regn, lera och p\u00f6lar!<\/p>\n<\/li>\n<li>\n<p class=\"ds-markdown-paragraph\"><strong>Smygande lagring<\/strong>: Smal 2L-5L-design som passar under alla cykelsitsar (inget vinglande!).<\/p>\n<\/li>\n<li>\n<p class=\"ds-markdown-paragraph\"><strong>F\u00f6rm\u00e5ner vid bulkorder<\/strong>: Producera cykelv\u00e4ska bulkbest\u00e4llningar (MOQ 50st) med ODM \/ OEM eller privat etikett p\u00e5 12 dagar!<\/p>\n<\/li>\n<li>\n<p class=\"ds-markdown-paragraph\"><strong>Kina Kostnadskant<\/strong>: Som en toppcykelv\u00e4ska Kina-leverant\u00f6r levererar vi kvalitet till fabrikspriser.<\/p>\n<\/li>\n<\/ul>\n<p class=\"ds-markdown-paragraph\"><strong>Funktioner som cyklister l\u00e4ngtar efter:<\/strong><br \/>\n\ud83d\udd39 Reflekterande logotyper f\u00f6r s\u00e4kerhet p\u00e5 natten<br \/>\n\ud83d\udd39 Halkfria remmar + sp\u00e4nnen med snabbkoppling<br \/>\n\ud83d\udd39 Dolda innerfickor i n\u00e4t (nycklar\/kort)<br \/>\n\ud83d\udd39 OEKO-TEX-certifierade tyger (inga giftiga lukter)<\/p>\n<p class=\"ds-markdown-paragraph\"><strong>Perfekt f\u00f6r:<\/strong><\/p>\n<ul>\n<li>\n<p class=\"ds-markdown-paragraph\">Cykelaff\u00e4rer &amp; grossister f\u00f6r cykelv\u00e4skor<\/p>\n<\/li>\n<li>\n<p class=\"ds-markdown-paragraph\">E-handelsleverant\u00f6rer och varum\u00e4rken inom utomhusbruk<\/p>\n<\/li>\n<li>\n<p class=\"ds-markdown-paragraph\">Nystartade f\u00f6retag beh\u00f6ver l\u00f6sningar f\u00f6r private label f\u00f6r cykelv\u00e4skor<\/p>\n<\/li>\n<\/ul>\n<p class=\"ds-markdown-paragraph\"><strong>Hur det fungerar:<\/strong><br \/>\n1\ufe0f\u20e3 Skicka din logotyp eller v\u00e4lj bland 80+ m\u00f6nster<br \/>\n2\ufe0f\u20e3 Vi prototypar \u2192 godk\u00e4nner \u2192 massproducerar<br \/>\n3\ufe0f\u20e3 Levereras \u00f6ver hela v\u00e4rlden via exportn\u00e4tverk f\u00f6r cykelv\u00e4skor<\/p>\n<p class=\"ds-markdown-paragraph\"><strong>\u00c4r du redo att lagerf\u00f6ra s\u00e4tespaket som s\u00e4ljer som vatten?<\/strong><br \/>\n\ud83d\udc49\u00a0<strong>Gratis prover<\/strong>\u00a0\ud83d\udc49 20% ins\u00e4ttning \ud83d\udc49 24\/7 support<\/p>\n<\/div>\n<\/div>\n<\/div>\n<\/div>","protected":false},"excerpt":{"rendered":"<h2 title=\"Vikbar hundv\u00e4ska Andningsbar axelv\u00e4ska f\u00f6r husdjur i mesh f\u00f6r sm\u00e5 husdjur Hundar Katter\" data-immersive-translate-walked=\"1c928421-2e42-4cd3-8754-5404553c0af5\" data-immersive-translate-paragraph=\"1\" data-spm-anchor-id=\"a2700.details.0.i35.4f6757d4w4zNZA\">Cykelv\u00e4ska med vattenflaska under s\u00e4tet<\/h2>\n<p><strong>1. H\u00c5LLARE F\u00d6R VATTENFLASKA: <\/strong>Den \u00e4r utformad f\u00f6r att passa de flesta vattenflaskor och du kan placera flaskan i v\u00e4skan och justera det elastiska bandet f\u00f6r att h\u00e5lla den p\u00e5 plats.<\/p>\n<p><strong>2. VATTENT\u00c5LIG OCH PVC-FRI: <\/strong>Cykelv\u00e4skans utsida \u00e4r tillverkad av Oxford-fiber med ett komplext PU-vattent\u00e4tt tyg och har ett vattent\u00e4tt blixtl\u00e5s som ser till att vattnet stannar ute. Dessutom \u00e4r v\u00e5r cykelv\u00e4ska PVC-fri, vilket g\u00f6r den s\u00e4krare och mer tillf\u00f6rlitlig f\u00f6r l\u00e5ngvarig anv\u00e4ndning.<\/p>\n<p><strong>3. S\u00c4KRARE \u00c5KATTRAKTIONER:<\/strong>\u00a0Cykelsadelv\u00e4skan \u00e4r utrustad med reflekterande bel\u00e4ggningar p\u00e5 b\u00e5da sidorna och baktill, och den har en f\u00e4stpunkt f\u00f6r en varningslampa baktill, vilket effektivt minskar risken f\u00f6r olyckor under nattk\u00f6rning.<\/p>","protected":false},"featured_media":3206,"template":"","meta":{"_uag_custom_page_level_css":""},"product_brand":[],"product_cat":[48],"product_tag":[],"class_list":{"0":"post-3204","1":"product","2":"type-product","3":"status-publish","4":"has-post-thumbnail","6":"product_cat-bike-bag","8":"first","9":"instock","10":"shipping-taxable","11":"product-type-simple"},"uagb_featured_image_src":{"full":["https:\/\/pecbag.com\/wp-content\/uploads\/2025\/05\/Bike-Under-Seat-Pack-with-Water-Bottle-4.jpeg",1600,1600,false],"thumbnail":["https:\/\/pecbag.com\/wp-content\/uploads\/2025\/05\/Bike-Under-Seat-Pack-with-Water-Bottle-4-150x150.jpeg",150,150,true],"medium":["https:\/\/pecbag.com\/wp-content\/uploads\/2025\/05\/Bike-Under-Seat-Pack-with-Water-Bottle-4-300x300.jpeg",300,300,true],"medium_large":["https:\/\/pecbag.com\/wp-content\/uploads\/2025\/05\/Bike-Under-Seat-Pack-with-Water-Bottle-4-768x768.jpeg",768,768,true],"large":["https:\/\/pecbag.com\/wp-content\/uploads\/2025\/05\/Bike-Under-Seat-Pack-with-Water-Bottle-4-1024x1024.jpeg",800,800,true],"1536x1536":["https:\/\/pecbag.com\/wp-content\/uploads\/2025\/05\/Bike-Under-Seat-Pack-with-Water-Bottle-4-1536x1536.jpeg",1536,1536,true],"2048x2048":["https:\/\/pecbag.com\/wp-content\/uploads\/2025\/05\/Bike-Under-Seat-Pack-with-Water-Bottle-4.jpeg",1600,1600,false],"trp-custom-language-flag":["https:\/\/pecbag.com\/wp-content\/uploads\/2025\/05\/Bike-Under-Seat-Pack-with-Water-Bottle-4-12x12.jpeg",12,12,true],"woocommerce_thumbnail":["https:\/\/pecbag.com\/wp-content\/uploads\/2025\/05\/Bike-Under-Seat-Pack-with-Water-Bottle-4-300x300.jpeg",300,300,true],"woocommerce_single":["https:\/\/pecbag.com\/wp-content\/uploads\/2025\/05\/Bike-Under-Seat-Pack-with-Water-Bottle-4-600x600.jpeg",600,600,true],"woocommerce_gallery_thumbnail":["https:\/\/pecbag.com\/wp-content\/uploads\/2025\/05\/Bike-Under-Seat-Pack-with-Water-Bottle-4-100x100.jpeg",100,100,true]},"uagb_author_info":{"display_name":"Lawrence","author_link":"https:\/\/pecbag.com\/se\/author\/"},"uagb_comment_info":0,"uagb_excerpt":"Bike Under Seat Pack with Water Bottle 1. WATER BOTTLE HOLDER: Designed to fit most water bottles, you can place the bottle inside the bag and adjust the elastic band to secure it in place. 2. WATER RESISTANT &amp; PVC-FREE: The exterior of the bike seat bag is made from Oxford fiber with a complex&hellip;","_links":{"self":[{"href":"https:\/\/pecbag.com\/se\/wp-json\/wp\/v2\/product\/3204","targetHints":{"allow":["GET"]}}],"collection":[{"href":"https:\/\/pecbag.com\/se\/wp-json\/wp\/v2\/product"}],"about":[{"href":"https:\/\/pecbag.com\/se\/wp-json\/wp\/v2\/types\/product"}],"wp:featuredmedia":[{"embeddable":true,"href":"https:\/\/pecbag.com\/se\/wp-json\/wp\/v2\/media\/3206"}],"wp:attachment":[{"href":"https:\/\/pecbag.com\/se\/wp-json\/wp\/v2\/media?parent=3204"}],"wp:term":[{"taxonomy":"product_brand","embeddable":true,"href":"https:\/\/pecbag.com\/se\/wp-json\/wp\/v2\/product_brand?post=3204"},{"taxonomy":"product_cat","embeddable":true,"href":"https:\/\/pecbag.com\/se\/wp-json\/wp\/v2\/product_cat?post=3204"},{"taxonomy":"product_tag","embeddable":true,"href":"https:\/\/pecbag.com\/se\/wp-json\/wp\/v2\/product_tag?post=3204"}],"curies":[{"name":"wp","href":"https:\/\/api.w.org\/{rel}","templated":true}]}}