{"id":3214,"date":"2025-05-23T07:28:40","date_gmt":"2025-05-23T07:28:40","guid":{"rendered":"https:\/\/pecbag.com\/?post_type=product&#038;p=3214"},"modified":"2025-11-29T02:06:58","modified_gmt":"2025-11-29T02:06:58","slug":"camping-backpack-duffle-bag","status":"publish","type":"product","link":"https:\/\/pecbag.com\/se\/camping-backpack-duffle-bag\/","title":{"rendered":"Taktisk campingryggs\u00e4ck Duffle Bag"},"content":{"rendered":"<h5 title=\"Vikbar hundv\u00e4ska Andningsbar axelv\u00e4ska f\u00f6r husdjur i mesh f\u00f6r sm\u00e5 husdjur Hundar Katter\" data-immersive-translate-walked=\"1c928421-2e42-4cd3-8754-5404553c0af5\" data-immersive-translate-paragraph=\"1\" data-spm-anchor-id=\"a2700.details.0.i35.4f6757d4w4zNZA\">Taktisk Camping Ryggs\u00e4ck Duffle Bag Tillverkare | Vattent\u00e4t V\u00e4ska Fabrik &amp; Camping Leverant\u00f6r | Bulk OEM<\/h5>\n<div class=\"flex flex-grow flex-col max-w-full\">\n<div class=\"min-h-[20px] text-message flex w-full flex-col items-end gap-2 whitespace-pre-wrap break-words [.text-message+&amp;]:mt-5 overflow-x-auto\" dir=\"auto\" data-message-author-role=\"assistant\" data-message-id=\"3d7d46f6-7ec2-4222-9257-48fa0bba23c6\" data-suggestions=\"true\">\n<div class=\"flex w-full flex-col gap-1 empty:hidden first:pt-[3px]\">\n<div class=\"markdown prose w-full break-words dark:prose-invert light\">\n<p>Beh\u00f6ver du taktiska camping ryggs\u00e4ck duffelv\u00e4skor som \u00f6verlever det vilda? Vi \u00e4r en vattent\u00e4t v\u00e4skfabrik och ryggs\u00e4ckstillverkare i Kina som tillverkar robusta multifunktionella v\u00e4skor f\u00f6r utomhusm\u00e4rken, milit\u00e4rer och globala grossister!<\/p>\n<table width=\"288\">\n<tbody>\n<tr>\n<td width=\"137\"><span style=\"color: #333333;\">Produkter Namn<\/span><\/td>\n<td width=\"151\"><span style=\"color: #333333;\">L\u00e4gerv\u00e4ska<\/span><\/td>\n<\/tr>\n<tr>\n<td><span style=\"color: #333333;\">Artikel nr.<\/span><\/td>\n<td><span style=\"color: #333333;\">PB-2032<\/span><\/td>\n<\/tr>\n<tr>\n<td><span style=\"color: #333333;\">Material<\/span><\/td>\n<td><span style=\"color: #333333;\">600D polyester<\/span><\/td>\n<\/tr>\n<tr>\n<td><span style=\"color: #333333;\">Storlek<\/span><\/td>\n<td>30 x 20 x 56 cm<\/td>\n<\/tr>\n<tr>\n<td><span style=\"color: #333333;\">\u00a0Leveranstid<\/span><\/td>\n<td><span style=\"color: #333333;\">1-5 dagar f\u00f6r liten m\u00e4ngd med flyg och 30-35 dagar f\u00f6r stor m\u00e4ngd till sj\u00f6ss<\/span><\/td>\n<\/tr>\n<\/tbody>\n<\/table>\n<p class=\"ds-markdown-paragraph\">\u2705\u00a0<strong>Varf\u00f6r samarbeta med oss?<\/strong><\/p>\n<ul>\n<li>\n<p class=\"ds-markdown-paragraph\"><strong>T\u00e5lig i milit\u00e4rklass<\/strong>: 1680D ballistisk nylon + svetsade s\u00f6mmar - rivs\u00e4kert, regns\u00e4kert och redo f\u00f6r lera!<\/p>\n<\/li>\n<li>\n<p class=\"ds-markdown-paragraph\"><strong>Taktisk smart<\/strong>: Mer \u00e4n 10 fickor, MOLLE-band och avtagbara remmar - organisera utrustningen som ett proffs.<\/p>\n<\/li>\n<li>\n<p class=\"ds-markdown-paragraph\"><strong>F\u00f6rm\u00e5ner vid bulkorder<\/strong>: Producera campingv\u00e4ska bulkbest\u00e4llningar med ODM \/ OEM eller privat etikett p\u00e5 18 dagar!<\/p>\n<\/li>\n<li>\n<p class=\"ds-markdown-paragraph\"><strong>Kina Kostnadskant<\/strong>: Som en topp campingv\u00e4ska Kina leverant\u00f6r, kvalitet m\u00f6ter oslagbar priss\u00e4ttning.<\/p>\n<\/li>\n<\/ul>\n<p class=\"ds-markdown-paragraph\"><strong>Funktioner som \u00e4ventyrare \u00e4lskar:<\/strong><br \/>\n\ud83d\udd39 100% vattent\u00e4ta YKK-dragkedjor + dr\u00e4neringsventiler<br \/>\n\ud83d\udd39 Dolda st\u00f6ldskyddsfack &amp; RFID-fickor<br \/>\n\ud83d\udd39 F\u00f6rst\u00e4rkta handtag + konvertibel ryggs\u00e4ck\/duffeldesign<br \/>\n\ud83d\udd39 OEKO-TEX-certifierad (inga giftiga f\u00e4rg\u00e4mnen eller lukter)<\/p>\n<p class=\"ds-markdown-paragraph\"><strong>Perfekt f\u00f6r:<\/strong><\/p>\n<ul>\n<li>\n<p class=\"ds-markdown-paragraph\">\u00c5terf\u00f6rs\u00e4ljare av friluftsprodukter &amp; campingv\u00e4skor<\/p>\n<\/li>\n<li>\n<p class=\"ds-markdown-paragraph\">Leverant\u00f6rer av taktisk utrustning och e-handelsj\u00e4ttar<\/p>\n<\/li>\n<li>\n<p class=\"ds-markdown-paragraph\">Nystartade f\u00f6retag beh\u00f6ver l\u00f6sningar f\u00f6r egna m\u00e4rkesvaror<\/p>\n<\/li>\n<\/ul>\n<p class=\"ds-markdown-paragraph\"><strong>Hur vi arbetar:<\/strong><br \/>\n1\ufe0f\u20e3 Skicka din design (eller v\u00e4lj bland 200+ taktiska mallar)<br \/>\n2\ufe0f\u20e3 Prototyp p\u00e5 7 dagar \u2192 godk\u00e4nna \u2192 massproducera<br \/>\n3\ufe0f\u20e3 Levereras via exportn\u00e4tverk f\u00f6r campingv\u00e4skor (DDP\/DAP-alternativ)<\/p>\n<p class=\"ds-markdown-paragraph\"><strong>\u00c4r du redo att utrusta dina kunder med of\u00f6rst\u00f6rbar utrustning?<\/strong><br \/>\n\ud83d\udc49\u00a0<strong>Gratis prover<\/strong>\u00a0\ud83d\udc49 25% ins\u00e4ttning \ud83d\udc49 24h citat<\/p>\n<\/div>\n<\/div>\n<\/div>\n<\/div>","protected":false},"excerpt":{"rendered":"<h2 data-immersive-translate-walked=\"344be1c1-5052-41eb-8fcd-0dbe236a0d6b\" data-immersive-translate-paragraph=\"1\">Taktisk campingryggs\u00e4ck Duffle Bag<\/h2>\n<p><strong>1. STOR KAPACITET P\u00c5 50 LITER:<\/strong> Dimensioner: 30 x 20 x 56 cm. Passar perfekt f\u00f6r laptop, b\u00f6cker, kl\u00e4der, pennor, mobil, handv\u00e4ska, MacBook etc. Alla storlekar av b\u00e4rbara surfplattor och notebooks upp till 15,6 tum kan l\u00e4ggas i v\u00e4skorna. Kapaciteten \u00e4r tillr\u00e4ckligt stor f\u00f6r att packa alla f\u00f6rem\u00e5l du beh\u00f6ver.<\/p>\n<p><strong>2. ERGONOMISK UTFORMNING:<\/strong> Bekv\u00e4mt vadderade axelremmar och bakre st\u00f6td\u00e4mpare ger extra skydd f\u00f6r ryggen. Ny stoppning med ergonomisk design. Justerbara axelremmar m\u00f6jligg\u00f6r en mycket bra anpassning till din kropp. Du kan f\u00f6rl\u00e4nga remmen som g\u00e5r fr\u00e5n axeln till br\u00f6stet, och detsamma med midjeremmen<\/p>","protected":false},"featured_media":3215,"template":"","meta":{"_uag_custom_page_level_css":""},"product_brand":[],"product_cat":[44,60,63,55],"product_tag":[],"class_list":{"0":"post-3214","1":"product","2":"type-product","3":"status-publish","4":"has-post-thumbnail","6":"product_cat-camping-bags","7":"product_cat-backpack","8":"product_cat-duffel-bag","9":"product_cat-tactical-bag","11":"first","12":"instock","13":"shipping-taxable","14":"product-type-simple"},"uagb_featured_image_src":{"full":["https:\/\/pecbag.com\/wp-content\/uploads\/2025\/05\/Tactical-Camping-Backpack-Duffle-Bag-6.jpeg",960,960,false],"thumbnail":["https:\/\/pecbag.com\/wp-content\/uploads\/2025\/05\/Tactical-Camping-Backpack-Duffle-Bag-6-150x150.jpeg",150,150,true],"medium":["https:\/\/pecbag.com\/wp-content\/uploads\/2025\/05\/Tactical-Camping-Backpack-Duffle-Bag-6-300x300.jpeg",300,300,true],"medium_large":["https:\/\/pecbag.com\/wp-content\/uploads\/2025\/05\/Tactical-Camping-Backpack-Duffle-Bag-6-768x768.jpeg",768,768,true],"large":["https:\/\/pecbag.com\/wp-content\/uploads\/2025\/05\/Tactical-Camping-Backpack-Duffle-Bag-6.jpeg",800,800,false],"1536x1536":["https:\/\/pecbag.com\/wp-content\/uploads\/2025\/05\/Tactical-Camping-Backpack-Duffle-Bag-6.jpeg",960,960,false],"2048x2048":["https:\/\/pecbag.com\/wp-content\/uploads\/2025\/05\/Tactical-Camping-Backpack-Duffle-Bag-6.jpeg",960,960,false],"trp-custom-language-flag":["https:\/\/pecbag.com\/wp-content\/uploads\/2025\/05\/Tactical-Camping-Backpack-Duffle-Bag-6-12x12.jpeg",12,12,true],"woocommerce_thumbnail":["https:\/\/pecbag.com\/wp-content\/uploads\/2025\/05\/Tactical-Camping-Backpack-Duffle-Bag-6-300x300.jpeg",300,300,true],"woocommerce_single":["https:\/\/pecbag.com\/wp-content\/uploads\/2025\/05\/Tactical-Camping-Backpack-Duffle-Bag-6-600x600.jpeg",600,600,true],"woocommerce_gallery_thumbnail":["https:\/\/pecbag.com\/wp-content\/uploads\/2025\/05\/Tactical-Camping-Backpack-Duffle-Bag-6-100x100.jpeg",100,100,true]},"uagb_author_info":{"display_name":"Lawrence","author_link":"https:\/\/pecbag.com\/se\/author\/"},"uagb_comment_info":0,"uagb_excerpt":"Tactical Camping Backpack Duffle Bag 1. LARGE CAPACITY OF 50L: Dimensions: 30 x 20 x 56 cm. Perfectly fits laptop, books, clothes, pens, mobile, purse, MacBook, etc. All sizes of portable tablets and notebooks up to 15.6 inches could be put into the bags. The capacity is large enough to pack all the items you&hellip;","_links":{"self":[{"href":"https:\/\/pecbag.com\/se\/wp-json\/wp\/v2\/product\/3214","targetHints":{"allow":["GET"]}}],"collection":[{"href":"https:\/\/pecbag.com\/se\/wp-json\/wp\/v2\/product"}],"about":[{"href":"https:\/\/pecbag.com\/se\/wp-json\/wp\/v2\/types\/product"}],"wp:featuredmedia":[{"embeddable":true,"href":"https:\/\/pecbag.com\/se\/wp-json\/wp\/v2\/media\/3215"}],"wp:attachment":[{"href":"https:\/\/pecbag.com\/se\/wp-json\/wp\/v2\/media?parent=3214"}],"wp:term":[{"taxonomy":"product_brand","embeddable":true,"href":"https:\/\/pecbag.com\/se\/wp-json\/wp\/v2\/product_brand?post=3214"},{"taxonomy":"product_cat","embeddable":true,"href":"https:\/\/pecbag.com\/se\/wp-json\/wp\/v2\/product_cat?post=3214"},{"taxonomy":"product_tag","embeddable":true,"href":"https:\/\/pecbag.com\/se\/wp-json\/wp\/v2\/product_tag?post=3214"}],"curies":[{"name":"wp","href":"https:\/\/api.w.org\/{rel}","templated":true}]}}