{"id":3221,"date":"2025-05-23T07:39:17","date_gmt":"2025-05-23T07:39:17","guid":{"rendered":"https:\/\/pecbag.com\/?post_type=product&#038;p=3221"},"modified":"2025-11-29T02:06:49","modified_gmt":"2025-11-29T02:06:49","slug":"portable-camping-bag","status":"publish","type":"product","link":"https:\/\/pecbag.com\/se\/portable-camping-bag\/","title":{"rendered":"B\u00e4rbar campingv\u00e4ska"},"content":{"rendered":"<h5 title=\"Vikbar hundv\u00e4ska Andningsbar axelv\u00e4ska f\u00f6r husdjur i mesh f\u00f6r sm\u00e5 husdjur Hundar Katter\" data-immersive-translate-walked=\"1c928421-2e42-4cd3-8754-5404553c0af5\" data-immersive-translate-paragraph=\"1\" data-spm-anchor-id=\"a2700.details.0.i35.4f6757d4w4zNZA\">B\u00e4rbar campingv\u00e4ska tillverkare | Vattent\u00e4t v\u00e4ska fabrik &amp; ryggs\u00e4ck leverant\u00f6r | Bulk OEM<\/h5>\n<div class=\"flex flex-grow flex-col max-w-full\">\n<div class=\"min-h-[20px] text-message flex w-full flex-col items-end gap-2 whitespace-pre-wrap break-words [.text-message+&amp;]:mt-5 overflow-x-auto\" dir=\"auto\" data-message-author-role=\"assistant\" data-message-id=\"3d7d46f6-7ec2-4222-9257-48fa0bba23c6\" data-suggestions=\"true\">\n<div class=\"flex w-full flex-col gap-1 empty:hidden first:pt-[3px]\">\n<div class=\"markdown prose w-full break-words dark:prose-invert light\">\n<p>Beh\u00f6ver du b\u00e4rbara campingv\u00e4skor som balanserar l\u00e4ttviktsdesign med robust h\u00e5llbarhet? Vi \u00e4r en fabrik f\u00f6r vattent\u00e4ta v\u00e4skor och en ryggs\u00e4ckstillverkare i Kina som tillverkar \u00e4ventyrsklar utrustning f\u00f6r utomhusm\u00e4rken, \u00e5terf\u00f6rs\u00e4ljare och globala grossister!<\/p>\n<table width=\"288\">\n<tbody>\n<tr>\n<td width=\"137\"><span style=\"color: #333333;\">Produkter Namn<\/span><\/td>\n<td width=\"151\"><span style=\"color: #333333;\">L\u00e4gerv\u00e4ska<\/span><\/td>\n<\/tr>\n<tr>\n<td><span style=\"color: #333333;\">Artikel nr.<\/span><\/td>\n<td><span style=\"color: #333333;\">PB-2033<\/span><\/td>\n<\/tr>\n<tr>\n<td><span style=\"color: #333333;\">Material<\/span><\/td>\n<td>600D polyester<\/td>\n<\/tr>\n<tr>\n<td><span style=\"color: #333333;\">Storlek<\/span><\/td>\n<td>15,3 x 7,9 x 9,4 tum<\/td>\n<\/tr>\n<tr>\n<td><span style=\"color: #333333;\">\u00a0Leveranstid<\/span><\/td>\n<td><span style=\"color: #333333;\">1-5 dagar f\u00f6r liten m\u00e4ngd med flyg och 30-35 dagar f\u00f6r stor m\u00e4ngd till sj\u00f6ss<\/span><\/td>\n<\/tr>\n<\/tbody>\n<\/table>\n<p class=\"ds-markdown-paragraph\">Behov\u00a0<strong>b\u00e4rbara campingv\u00e4skor<\/strong>\u00a0som balanserar l\u00e4ttviktsdesign med robust h\u00e5llbarhet? Vi \u00e4r en\u00a0<strong>fabrik f\u00f6r vattent\u00e4ta v\u00e4skor<\/strong>\u00a0och\u00a0<strong>tillverkare av ryggs\u00e4ckar<\/strong>\u00a0i Kina och tillverkar \u00e4ventyrsklar utrustning f\u00f6r friluftsm\u00e4rken, detaljhandlare och globala grossister!<\/p>\n<p class=\"ds-markdown-paragraph\">\u2705\u00a0<strong>Varf\u00f6r v\u00e4lja oss?<\/strong><\/p>\n<ul>\n<li>\n<p class=\"ds-markdown-paragraph\"><strong>Ultraportabel<\/strong>: Vikbar till fickstorlek (15x10 cm!) - perfekt f\u00f6r vandrare, resen\u00e4rer och n\u00f6dutrustning.<\/p>\n<\/li>\n<li>\n<p class=\"ds-markdown-paragraph\"><strong>Vattent\u00e4t krigare<\/strong>: TPU-laminerade s\u00f6mmar + rullst\u00e4ngning - skratta \u00e5t regnv\u00e4der och flodkorsningar!<\/p>\n<\/li>\n<li>\n<p class=\"ds-markdown-paragraph\"><strong>Magi f\u00f6r bulkbest\u00e4llningar<\/strong>: Producera\u00a0<strong>campingv\u00e4ska bulkbest\u00e4llningar (MOQ 50st) med ODM \/ OEM eller privat etikett i 10<\/strong> dagar!<\/p>\n<\/li>\n<li>\n<p class=\"ds-markdown-paragraph\"><strong>Kinas kostnadsf\u00f6rdelar<\/strong>: Som en topp campingv\u00e4ska Kina-leverant\u00f6r levererar vi kvalitet till fabriksdirekta priser.<\/p>\n<\/li>\n<\/ul>\n<p class=\"ds-markdown-paragraph\"><strong>Egenskaper som s\u00e4ljer snabbt:<\/strong><br \/>\n\ud83d\udd39 20L-40L expanderbar kapacitet (passar sovs\u00e4ckar + utrustning)<br \/>\n\ud83d\udd39 Dolda st\u00f6ldskyddsfickor + daisy chain-band<br \/>\n\ud83d\udd39 Andningsbara n\u00e4tremmar + viktf\u00f6rdelande design<br \/>\n\ud83d\udd39 OEKO-TEX-certifierade tyger (milj\u00f6v\u00e4nliga, luktfria)<\/p>\n<p class=\"ds-markdown-paragraph\"><strong>Perfekt f\u00f6r:<\/strong><\/p>\n<ul>\n<li>\n<p class=\"ds-markdown-paragraph\">\u00c5terf\u00f6rs\u00e4ljare av friluftsprodukter &amp; campingv\u00e4skor<\/p>\n<\/li>\n<li>\n<p class=\"ds-markdown-paragraph\">Leverant\u00f6rer av \u00f6verlevnadsutrustning och e-handelsbutiker<\/p>\n<\/li>\n<li>\n<p class=\"ds-markdown-paragraph\">Nystartade f\u00f6retag bygger egna varum\u00e4rken f\u00f6r campingv\u00e4skor<\/p>\n<\/li>\n<\/ul>\n<p class=\"ds-markdown-paragraph\"><strong>Hur det fungerar:<\/strong><br \/>\n1\ufe0f\u20e3 V\u00e4lj bland 150+ m\u00f6nster eller skicka din logotyp<br \/>\n2\ufe0f\u20e3 Vi prototypar \u2192 godk\u00e4nner \u2192 massproducerar<br \/>\n3\ufe0f\u20e3 Levereras \u00f6ver hela v\u00e4rlden via exportn\u00e4tverk f\u00f6r campingv\u00e4skor<\/p>\n<p class=\"ds-markdown-paragraph\"><strong>\u00c4r du redo att ta med framg\u00e5ng i varje \u00e4ventyr?<\/strong><br \/>\n\ud83d\udc49\u00a0<strong>Gratis prover<\/strong>\u00a0\ud83d\udc49 15% ins\u00e4ttning \ud83d\udc49 24\/7 support<\/p>\n<\/div>\n<\/div>\n<\/div>\n<\/div>","protected":false},"excerpt":{"rendered":"<h2 data-immersive-translate-walked=\"344be1c1-5052-41eb-8fcd-0dbe236a0d6b\" data-immersive-translate-paragraph=\"1\">B\u00e4rbar campingv\u00e4ska<\/h2>\n<p><strong>1.DESIGN MED STOR KAPACITET:\u00a0<\/strong>M\u00e5tt: 44 x 25 x 23 cm: 44 x 25 x 23 cm (L x B x H) ca 25 L inv\u00e4ndig kapacitet. Stor kapacitet rymmer 36 burkar (330 ml), vilket kan tillgodose alla dryckes- och matbehov hos 3-4 personer som reser utomhus. Nu beh\u00f6vs bara en hopf\u00e4llbar picknickkorg f\u00f6r att l\u00f6sa alla f\u00f6rvaringsproblem n\u00e4r du g\u00e5r ut, och det finns inget behov av att b\u00e4ra flera v\u00e4skor och beh\u00e5llare \u00f6verallt.<\/p>\n<p><strong>2.B\u00c4RBAR OCH HOPF\u00c4LLBAR:<\/strong>\u00a0Uppdaterad version inneh\u00e5ller flexibla sidost\u00f6d som ger mer struktur \u00e4n att h\u00e4nga eller kollapsa; Vikbar vadderad handtagsdesign \u00e4r f\u00f6dd f\u00f6r utrymmesbesparing, bekv\u00e4m att b\u00e4ra p\u00e5; Vattent\u00e4tt TPU-foder och avtagbar tygkropp p\u00e5 picknickkorgens kylv\u00e4ska bidrar till l\u00e4ckages\u00e4ker och enkel reng\u00f6ring. En perfekt tygkorg och vattenbeh\u00e5llare f\u00f6r att b\u00e4ra med sig.<\/p>","protected":false},"featured_media":3224,"template":"","meta":{"_uag_custom_page_level_css":""},"product_brand":[],"product_cat":[44,50],"product_tag":[],"class_list":{"0":"post-3221","1":"product","2":"type-product","3":"status-publish","4":"has-post-thumbnail","6":"product_cat-camping-bags","7":"product_cat-cooler-bag","9":"first","10":"instock","11":"shipping-taxable","12":"product-type-simple"},"uagb_featured_image_src":{"full":["https:\/\/pecbag.com\/wp-content\/uploads\/2025\/05\/Portable-Camping-Bag-1.jpeg",800,800,false],"thumbnail":["https:\/\/pecbag.com\/wp-content\/uploads\/2025\/05\/Portable-Camping-Bag-1-150x150.jpeg",150,150,true],"medium":["https:\/\/pecbag.com\/wp-content\/uploads\/2025\/05\/Portable-Camping-Bag-1-300x300.jpeg",300,300,true],"medium_large":["https:\/\/pecbag.com\/wp-content\/uploads\/2025\/05\/Portable-Camping-Bag-1-768x768.jpeg",768,768,true],"large":["https:\/\/pecbag.com\/wp-content\/uploads\/2025\/05\/Portable-Camping-Bag-1.jpeg",800,800,false],"1536x1536":["https:\/\/pecbag.com\/wp-content\/uploads\/2025\/05\/Portable-Camping-Bag-1.jpeg",800,800,false],"2048x2048":["https:\/\/pecbag.com\/wp-content\/uploads\/2025\/05\/Portable-Camping-Bag-1.jpeg",800,800,false],"trp-custom-language-flag":["https:\/\/pecbag.com\/wp-content\/uploads\/2025\/05\/Portable-Camping-Bag-1-12x12.jpeg",12,12,true],"woocommerce_thumbnail":["https:\/\/pecbag.com\/wp-content\/uploads\/2025\/05\/Portable-Camping-Bag-1-300x300.jpeg",300,300,true],"woocommerce_single":["https:\/\/pecbag.com\/wp-content\/uploads\/2025\/05\/Portable-Camping-Bag-1-600x600.jpeg",600,600,true],"woocommerce_gallery_thumbnail":["https:\/\/pecbag.com\/wp-content\/uploads\/2025\/05\/Portable-Camping-Bag-1-100x100.jpeg",100,100,true]},"uagb_author_info":{"display_name":"Lawrence","author_link":"https:\/\/pecbag.com\/se\/author\/"},"uagb_comment_info":0,"uagb_excerpt":"Portable Camping Bag 1.LARGE CAPACITY DESIGN:\u00a0Dimensions: 44 x 25 x 23 cm (L x W x H) about 25 L internal capacity. Large capacity can hold 36 cans (330 ml), which can meet all the beverage and food needs of 3-4 people traveling outdoors. Now only a foldable picnic basket is needed to solve all&hellip;","_links":{"self":[{"href":"https:\/\/pecbag.com\/se\/wp-json\/wp\/v2\/product\/3221","targetHints":{"allow":["GET"]}}],"collection":[{"href":"https:\/\/pecbag.com\/se\/wp-json\/wp\/v2\/product"}],"about":[{"href":"https:\/\/pecbag.com\/se\/wp-json\/wp\/v2\/types\/product"}],"wp:featuredmedia":[{"embeddable":true,"href":"https:\/\/pecbag.com\/se\/wp-json\/wp\/v2\/media\/3224"}],"wp:attachment":[{"href":"https:\/\/pecbag.com\/se\/wp-json\/wp\/v2\/media?parent=3221"}],"wp:term":[{"taxonomy":"product_brand","embeddable":true,"href":"https:\/\/pecbag.com\/se\/wp-json\/wp\/v2\/product_brand?post=3221"},{"taxonomy":"product_cat","embeddable":true,"href":"https:\/\/pecbag.com\/se\/wp-json\/wp\/v2\/product_cat?post=3221"},{"taxonomy":"product_tag","embeddable":true,"href":"https:\/\/pecbag.com\/se\/wp-json\/wp\/v2\/product_tag?post=3221"}],"curies":[{"name":"wp","href":"https:\/\/api.w.org\/{rel}","templated":true}]}}