{"id":3230,"date":"2025-05-23T09:21:16","date_gmt":"2025-05-23T09:21:16","guid":{"rendered":"https:\/\/pecbag.com\/?post_type=product&#038;p=3230"},"modified":"2025-11-29T02:06:40","modified_gmt":"2025-11-29T02:06:40","slug":"outdoor-camping-picnic-cooler-bag","status":"publish","type":"product","link":"https:\/\/pecbag.com\/se\/outdoor-camping-picnic-cooler-bag\/","title":{"rendered":"Kylv\u00e4ska f\u00f6r utomhuscamping och picknick"},"content":{"rendered":"<h5 title=\"Vikbar hundv\u00e4ska Andningsbar axelv\u00e4ska f\u00f6r husdjur i mesh f\u00f6r sm\u00e5 husdjur Hundar Katter\" data-immersive-translate-walked=\"1c928421-2e42-4cd3-8754-5404553c0af5\" data-immersive-translate-paragraph=\"1\" data-spm-anchor-id=\"a2700.details.0.i35.4f6757d4w4zNZA\">Utomhus Camping Picknick Kylv\u00e4ska Tillverkare | Vattent\u00e4t v\u00e4ska Fabrik &amp; Ryggs\u00e4ck Leverant\u00f6r | Bulk OEM<\/h5>\n<div class=\"flex flex-grow flex-col max-w-full\">\n<div class=\"min-h-[20px] text-message flex w-full flex-col items-end gap-2 whitespace-pre-wrap break-words [.text-message+&amp;]:mt-5 overflow-x-auto\" dir=\"auto\" data-message-author-role=\"assistant\" data-message-id=\"3d7d46f6-7ec2-4222-9257-48fa0bba23c6\" data-suggestions=\"true\">\n<div class=\"flex w-full flex-col gap-1 empty:hidden first:pt-[3px]\">\n<div class=\"markdown prose w-full break-words dark:prose-invert light\">\n<p>Beh\u00f6ver du kylv\u00e4skor f\u00f6r utomhuscamping picknick som h\u00e5ller drycker kalla och \u00e4ventyr fr\u00e4scha? Vi \u00e4r en vattent\u00e4t v\u00e4skfabrik och ryggs\u00e4ckstillverkare i Kina som tillverkar h\u00f6gpresterande kylv\u00e4skor f\u00f6r utomhusm\u00e4rken, \u00e5terf\u00f6rs\u00e4ljare och globala grossister!<\/p>\n<table width=\"288\">\n<tbody>\n<tr>\n<td width=\"137\"><span style=\"color: #333333;\">Produkter Namn<\/span><\/td>\n<td width=\"151\"><span style=\"color: #333333;\">L\u00e4gerv\u00e4ska<\/span><\/td>\n<\/tr>\n<tr>\n<td><span style=\"color: #333333;\">Artikel nr.<\/span><\/td>\n<td><span style=\"color: #333333;\">PB-2034<\/span><\/td>\n<\/tr>\n<tr>\n<td><span style=\"color: #333333;\">Material<\/span><\/td>\n<td>600D polyester<\/td>\n<\/tr>\n<tr>\n<td><span style=\"color: #333333;\">Storlek<\/span><\/td>\n<td>11,8 x 7,9 x 16,3 tum<\/td>\n<\/tr>\n<tr>\n<td><span style=\"color: #333333;\">\u00a0Leveranstid<\/span><\/td>\n<td><span style=\"color: #333333;\">1-5 dagar f\u00f6r liten m\u00e4ngd med flyg och 30-35 dagar f\u00f6r stor m\u00e4ngd till sj\u00f6ss<\/span><\/td>\n<\/tr>\n<\/tbody>\n<\/table>\n<p class=\"ds-markdown-paragraph\">\u2705\u00a0<strong>Varf\u00f6r samarbeta med oss?<\/strong><\/p>\n<ul>\n<li>\n<p class=\"ds-markdown-paragraph\"><strong>Iskall tillf\u00f6rlitlighet<\/strong>: 48-timmars isolering + 100% vattent\u00e4tt foder - perfekt f\u00f6r strandresor, vandring eller grillkv\u00e4llar i tr\u00e4dg\u00e5rden!<\/p>\n<\/li>\n<li>\n<p class=\"ds-markdown-paragraph\"><strong>Vik och g\u00e5<\/strong>: L\u00e4ttviktsdesign som kan vikas till 1\/3 storlek n\u00e4r den \u00e4r tom - sparar lagrings- och fraktkostnader f\u00f6r bulkbest\u00e4llningar av campingv\u00e4skor!<\/p>\n<\/li>\n<li>\n<p class=\"ds-markdown-paragraph\"><strong>Anpassa ditt varum\u00e4rke<\/strong>: L\u00e4gg till logotyper, f\u00e4rger eller unika funktioner via ODM\/OEM eller private label (MOQ 100 st).<\/p>\n<\/li>\n<li>\n<p class=\"ds-markdown-paragraph\"><strong>Kina Kostnadskant<\/strong>: Som en topp campingv\u00e4ska Kina-leverant\u00f6r m\u00f6ter kvalitet oslagbar fabrikspriss\u00e4ttning.<\/p>\n<\/li>\n<\/ul>\n<p class=\"ds-markdown-paragraph\"><strong>Funktioner som kunderna efterfr\u00e5gar:<\/strong><br \/>\n\ud83d\udd39 20L-50L kapacitet + l\u00f6stagbara avdelare (passar burkar, flaskor eller mat)<br \/>\n\ud83d\udd39 F\u00f6rst\u00e4rkta handtag + justerbara axelremmar (b\u00e4rs p\u00e5 3 s\u00e4tt)<br \/>\n\ud83d\udd39 M\u00f6gelskyddande PEVA-foder + milj\u00f6v\u00e4nlig isolering (OEKO-TEX-certifierad)<br \/>\n\ud83d\udd39 YKK-dragkedjor + svetsade s\u00f6mmar - \u00f6verlever tuffa stigar och spill<\/p>\n<p class=\"ds-markdown-paragraph\"><strong>Perfekt f\u00f6r:<\/strong><\/p>\n<ul>\n<li>\n<p class=\"ds-markdown-paragraph\">\u00c5terf\u00f6rs\u00e4ljare av friluftsprodukter &amp; campingv\u00e4skor<\/p>\n<\/li>\n<li>\n<p class=\"ds-markdown-paragraph\">S\u00e4ljare av picknickutrustning &amp; e-handelsf\u00f6rs\u00e4ljare<\/p>\n<\/li>\n<li>\n<p class=\"ds-markdown-paragraph\">Nystartade f\u00f6retag bygger egna varum\u00e4rken f\u00f6r campingv\u00e4skor<\/p>\n<\/li>\n<\/ul>\n<p class=\"ds-markdown-paragraph\"><strong>Hur vi arbetar:<\/strong><br \/>\n1\ufe0f\u20e3 V\u00e4lj bland 120+ m\u00f6nster eller skicka in dina id\u00e9er<br \/>\n2\ufe0f\u20e3 Prototyp p\u00e5 5 dagar \u2192 godk\u00e4nna \u2192 massproducera<br \/>\n3\ufe0f\u20e3 Frakt via exportn\u00e4tverk f\u00f6r campingv\u00e4skor (alternativ f\u00f6r flyg\/sj\u00f6)<\/p>\n<p class=\"ds-markdown-paragraph\"><strong>Redo att kyla ner dig med de b\u00e4sts\u00e4ljande kylv\u00e4skorna?<\/strong><br \/>\n\ud83d\udc49\u00a0<strong>Gratis prover<\/strong>\u00a0\ud83d\udc49 20% ins\u00e4ttning \ud83d\udc49 24h citat<\/p>\n<\/div>\n<\/div>\n<\/div>\n<\/div>","protected":false},"excerpt":{"rendered":"<h2 data-immersive-translate-walked=\"344be1c1-5052-41eb-8fcd-0dbe236a0d6b\" data-immersive-translate-paragraph=\"1\">Kylv\u00e4ska f\u00f6r utomhuscamping och picknick<\/h2>\n<p><strong>1. PERFEKT FAMILJEPICKNICKKORG RYGGS\u00c4CK F\u00d6R 4:<\/strong>\u00a0Inneh\u00e5ller 4x knivar i rostfritt st\u00e5l, 4x gafflar i rostfritt st\u00e5l, 4x skedar i rostfritt st\u00e5l, 4x middagstallrikar, 4x bomullsservetter och 4x vinglas.<\/p>\n<p><strong>2. H\u00c5LL MATEN F\u00c4RSK: <\/strong>Det stora isolerade facket med PEVA-foder \u00e4r perfekt f\u00f6r att h\u00e5lla kall mat svalare och fr\u00e4schare eller varm mat varm i upp till 5 timmar.<\/p>\n<p><strong>3. KVALITET BYGGD: <\/strong>Tillverkad av kraftigt polyestermaterial med mjukt vadderade, justerbara remmar och ett robust b\u00e4rhandtag; inneh\u00e5ller 3 fack med blixtl\u00e5sst\u00e4ngning.<\/p>\n<p><strong>4. EXTRA R\u00d6RLIGHET: <\/strong>B\u00e4rbar packning som m\u00e4ter ca 11,8 x 7,9 x 16,3 tum. Ger samma kapacitet som en traditionell picknickkorg och \u00e4r lika l\u00e4tt att b\u00e4ra som en ryggs\u00e4ck.<\/p>","protected":false},"featured_media":3231,"template":"","meta":{"_uag_custom_page_level_css":""},"product_brand":[],"product_cat":[44,60,50],"product_tag":[],"class_list":{"0":"post-3230","1":"product","2":"type-product","3":"status-publish","4":"has-post-thumbnail","6":"product_cat-camping-bags","7":"product_cat-backpack","8":"product_cat-cooler-bag","10":"first","11":"instock","12":"shipping-taxable","13":"product-type-simple"},"uagb_featured_image_src":{"full":["https:\/\/pecbag.com\/wp-content\/uploads\/2025\/05\/Camping-Picnic-Cooler-Bag-2.jpeg",800,800,false],"thumbnail":["https:\/\/pecbag.com\/wp-content\/uploads\/2025\/05\/Camping-Picnic-Cooler-Bag-2-150x150.jpeg",150,150,true],"medium":["https:\/\/pecbag.com\/wp-content\/uploads\/2025\/05\/Camping-Picnic-Cooler-Bag-2-300x300.jpeg",300,300,true],"medium_large":["https:\/\/pecbag.com\/wp-content\/uploads\/2025\/05\/Camping-Picnic-Cooler-Bag-2-768x768.jpeg",768,768,true],"large":["https:\/\/pecbag.com\/wp-content\/uploads\/2025\/05\/Camping-Picnic-Cooler-Bag-2.jpeg",800,800,false],"1536x1536":["https:\/\/pecbag.com\/wp-content\/uploads\/2025\/05\/Camping-Picnic-Cooler-Bag-2.jpeg",800,800,false],"2048x2048":["https:\/\/pecbag.com\/wp-content\/uploads\/2025\/05\/Camping-Picnic-Cooler-Bag-2.jpeg",800,800,false],"trp-custom-language-flag":["https:\/\/pecbag.com\/wp-content\/uploads\/2025\/05\/Camping-Picnic-Cooler-Bag-2-12x12.jpeg",12,12,true],"woocommerce_thumbnail":["https:\/\/pecbag.com\/wp-content\/uploads\/2025\/05\/Camping-Picnic-Cooler-Bag-2-300x300.jpeg",300,300,true],"woocommerce_single":["https:\/\/pecbag.com\/wp-content\/uploads\/2025\/05\/Camping-Picnic-Cooler-Bag-2-600x600.jpeg",600,600,true],"woocommerce_gallery_thumbnail":["https:\/\/pecbag.com\/wp-content\/uploads\/2025\/05\/Camping-Picnic-Cooler-Bag-2-100x100.jpeg",100,100,true]},"uagb_author_info":{"display_name":"Lawrence","author_link":"https:\/\/pecbag.com\/se\/author\/"},"uagb_comment_info":0,"uagb_excerpt":"Outdoor Camping Picnic Cooler Bag 1. PERFECT FAMILY PICNIC BASKET BACKPACK FOR 4:\u00a0Includes 4x Stainless Steel Knives, 4x Stainless Steel Forks, 4x Stainless Steel Spoons, 4x Dinner Plates, 4x Cotton Napkins, and 4x Wine Glasses. 2. KEEP FOOD FRESH: Large PEVA liner insulated compartment is perfect for keeping cold food cooler and fresher or hot&hellip;","_links":{"self":[{"href":"https:\/\/pecbag.com\/se\/wp-json\/wp\/v2\/product\/3230","targetHints":{"allow":["GET"]}}],"collection":[{"href":"https:\/\/pecbag.com\/se\/wp-json\/wp\/v2\/product"}],"about":[{"href":"https:\/\/pecbag.com\/se\/wp-json\/wp\/v2\/types\/product"}],"wp:featuredmedia":[{"embeddable":true,"href":"https:\/\/pecbag.com\/se\/wp-json\/wp\/v2\/media\/3231"}],"wp:attachment":[{"href":"https:\/\/pecbag.com\/se\/wp-json\/wp\/v2\/media?parent=3230"}],"wp:term":[{"taxonomy":"product_brand","embeddable":true,"href":"https:\/\/pecbag.com\/se\/wp-json\/wp\/v2\/product_brand?post=3230"},{"taxonomy":"product_cat","embeddable":true,"href":"https:\/\/pecbag.com\/se\/wp-json\/wp\/v2\/product_cat?post=3230"},{"taxonomy":"product_tag","embeddable":true,"href":"https:\/\/pecbag.com\/se\/wp-json\/wp\/v2\/product_tag?post=3230"}],"curies":[{"name":"wp","href":"https:\/\/api.w.org\/{rel}","templated":true}]}}