{"id":3237,"date":"2025-05-23T09:30:10","date_gmt":"2025-05-23T09:30:10","guid":{"rendered":"https:\/\/pecbag.com\/?post_type=product&#038;p=3237"},"modified":"2025-11-29T02:06:26","modified_gmt":"2025-11-29T02:06:26","slug":"wholesale-camping-picnic-bag","status":"publish","type":"product","link":"https:\/\/pecbag.com\/se\/wholesale-camping-picnic-bag\/","title":{"rendered":"Partihandel Camping Picknickv\u00e4ska"},"content":{"rendered":"<h5 title=\"Vikbar hundv\u00e4ska Andningsbar axelv\u00e4ska f\u00f6r husdjur i mesh f\u00f6r sm\u00e5 husdjur Hundar Katter\" data-immersive-translate-walked=\"1c928421-2e42-4cd3-8754-5404553c0af5\" data-immersive-translate-paragraph=\"1\" data-spm-anchor-id=\"a2700.details.0.i35.4f6757d4w4zNZA\">Partihandel Camping Picknick V\u00e4ska Tillverkare | Vattent\u00e4t V\u00e4ska Fabrik &amp; Ryggs\u00e4ck Leverant\u00f6r | Bulk OEM<\/h5>\n<div class=\"flex flex-grow flex-col max-w-full\">\n<div class=\"min-h-[20px] text-message flex w-full flex-col items-end gap-2 whitespace-pre-wrap break-words [.text-message+&amp;]:mt-5 overflow-x-auto\" dir=\"auto\" data-message-author-role=\"assistant\" data-message-id=\"3d7d46f6-7ec2-4222-9257-48fa0bba23c6\" data-suggestions=\"true\">\n<div class=\"flex w-full flex-col gap-1 empty:hidden first:pt-[3px]\">\n<div class=\"markdown prose w-full break-words dark:prose-invert light\">\n<p>Beh\u00f6ver du grossist campingpicknickp\u00e5sar som kombinerar stil, h\u00e5llbarhet och v\u00e4rde? Vi \u00e4r en vattent\u00e4t v\u00e4skfabrik och ryggs\u00e4ckstillverkare i Kina som producerar h\u00f6gkvalitativ picknickutrustning f\u00f6r utomhusm\u00e4rken, \u00e5terf\u00f6rs\u00e4ljare och campingv\u00e4skor grossister \u00f6ver hela v\u00e4rlden!<\/p>\n<table width=\"288\">\n<tbody>\n<tr>\n<td width=\"137\"><span style=\"color: #333333;\">Produkter Namn<\/span><\/td>\n<td width=\"151\"><span style=\"color: #333333;\">L\u00e4gerv\u00e4ska<\/span><\/td>\n<\/tr>\n<tr>\n<td><span style=\"color: #333333;\">Artikel nr.<\/span><\/td>\n<td><span style=\"color: #333333;\">PB-2035<\/span><\/td>\n<\/tr>\n<tr>\n<td><span style=\"color: #333333;\">Material<\/span><\/td>\n<td>Sn\u00f6flinga<\/td>\n<\/tr>\n<tr>\n<td><span style=\"color: #333333;\">Storlek<\/span><\/td>\n<td>12 x 8 x 16 tum<\/td>\n<\/tr>\n<tr>\n<td><span style=\"color: #333333;\">\u00a0Leveranstid<\/span><\/td>\n<td><span style=\"color: #333333;\">1-5 dagar f\u00f6r liten m\u00e4ngd med flyg och 30-35 dagar f\u00f6r stor m\u00e4ngd till sj\u00f6ss<\/span><\/td>\n<\/tr>\n<\/tbody>\n<\/table>\n<p class=\"ds-markdown-paragraph\">\u2705\u00a0<strong>Varf\u00f6r v\u00e4lja oss?<\/strong><\/p>\n<ul>\n<li>\n<p class=\"ds-markdown-paragraph\"><strong>Vattent\u00e4t och spills\u00e4ker<\/strong>: TPU-belagd insida + f\u00f6rseglade s\u00f6mmar - h\u00e5ller maten torr och dryckerna kalla i 24+ timmar!<\/p>\n<\/li>\n<li>\n<p class=\"ds-markdown-paragraph\"><strong>F\u00f6rdelar med bulkbest\u00e4llningar<\/strong>: Best\u00e4ll campingv\u00e4ska bulkkvantiteter (MOQ 50st) med ODM \/ OEM eller privata etikettalternativ - redo p\u00e5 12 dagar!<\/p>\n<\/li>\n<li>\n<p class=\"ds-markdown-paragraph\"><strong>Vikbar och l\u00e4ttviktig<\/strong>: Sparar 60% f\u00f6rvaringsutrymme - minska fraktkostnaderna f\u00f6r export av campingv\u00e4skor!<\/p>\n<\/li>\n<li>\n<p class=\"ds-markdown-paragraph\"><strong>Kina Prisf\u00f6rdel<\/strong>: Som en ledande campingv\u00e4ska Kina-leverant\u00f6r levererar vi premiumkvalitet till fabriksdirekta priser.<\/p>\n<\/li>\n<\/ul>\n<p class=\"ds-markdown-paragraph\"><strong>Egenskaper som s\u00e4ljer snabbt:<\/strong><br \/>\n\ud83d\udd39 15L-30L kapacitet (rymmer filtar, redskap, flaskor)<br \/>\n\ud83d\udd39 Avtagbara axelremmar + f\u00f6rst\u00e4rkta handtag (3 b\u00e4rl\u00e4gen)<br \/>\n\ud83d\udd39 Milj\u00f6v\u00e4nligt PEVA-foder (OEKO-TEX-certifierat, inga gifter)<br \/>\n\ud83d\udd39 Anti-m\u00f6gelbel\u00e4ggning + ytor som \u00e4r l\u00e4tta att torka av<\/p>\n<p class=\"ds-markdown-paragraph\"><strong>Perfekt f\u00f6r:<\/strong><\/p>\n<ul>\n<li>\n<p class=\"ds-markdown-paragraph\">\u00c5terf\u00f6rs\u00e4ljare av friluftsprodukter och campingv\u00e4skor<\/p>\n<\/li>\n<li>\n<p class=\"ds-markdown-paragraph\">Butiker &amp; e-handelsf\u00f6rs\u00e4ljare av picknickutrustning<\/p>\n<\/li>\n<li>\n<p class=\"ds-markdown-paragraph\">Nystartade f\u00f6retag lanserar egna varum\u00e4rken f\u00f6r campingv\u00e4skor<\/p>\n<\/li>\n<\/ul>\n<p class=\"ds-markdown-paragraph\"><strong>Hur det fungerar:<\/strong><br \/>\n1\ufe0f\u20e3 V\u00e4lj bland 100+ m\u00f6nster eller skapa ditt eget<br \/>\n2\ufe0f\u20e3 Prototyp p\u00e5 5 dagar \u2192 godk\u00e4nna \u2192 massproducera<br \/>\n3\ufe0f\u20e3 Levereras globalt via exportn\u00e4tverk f\u00f6r campingv\u00e4skor (DDP\/DAP tillg\u00e4ngligt)<\/p>\n<p class=\"ds-markdown-paragraph\"><strong>\u00c4r du redo att fylla p\u00e5 med picknickv\u00e4skor som flyger av hyllorna?<\/strong><br \/>\n\ud83d\udc49\u00a0<strong>Gratis prover<\/strong>\u00a0\ud83d\udc49 15% ins\u00e4ttning \ud83d\udc49 24\/7 support<\/p>\n<\/div>\n<\/div>\n<\/div>\n<\/div>","protected":false},"excerpt":{"rendered":"<h2 data-immersive-translate-walked=\"344be1c1-5052-41eb-8fcd-0dbe236a0d6b\" data-immersive-translate-paragraph=\"1\">Partihandel Camping Picknickv\u00e4ska<\/h2>\n<p><strong>1. F\u00d6RSTKLASSIGT MATERIAL: <\/strong>V\u00e5r ryggs\u00e4ck \u00e4r tillverkad av 600D-tyg med h\u00f6g densitet, som \u00e4r rivt\u00e5ligt och vattenavvisande. F\u00f6r att g\u00f6ra blixtl\u00e5set smidigt och h\u00e5llbart \u00e4r ryggs\u00e4cken utrustad med ett SBS-blixtl\u00e5s.<\/p>\n<p><strong>2. ISOLERAT FACK:<\/strong> Ryggs\u00e4ckens foder \u00e4r tillverkat av aluminiumfilm, vars isoleringseffekt \u00e4r b\u00e4ttre \u00e4n PEVA-foder. Det \u00e4r bra att h\u00e5lla maten f\u00e4rsk, sval eller varm under l\u00e5ng tid. Den l\u00f6stagbara vinh\u00e5llaren har ocks\u00e5 ett isolerat aluminiumfoder.<\/p>\n<p><strong>3. FLEECEFILT:<\/strong>\u00a0Fleecefilten m\u00e4ter 47 x 59 tum och har en vattent\u00e4t PE-baksida. Den kan enkelt f\u00f6rvaras p\u00e5 sidan av ryggs\u00e4cken eller b\u00e4ras med handtag.<\/p>","protected":false},"featured_media":3243,"template":"","meta":{"_uag_custom_page_level_css":""},"product_brand":[],"product_cat":[44,60,50],"product_tag":[],"class_list":{"0":"post-3237","1":"product","2":"type-product","3":"status-publish","4":"has-post-thumbnail","6":"product_cat-camping-bags","7":"product_cat-backpack","8":"product_cat-cooler-bag","10":"first","11":"instock","12":"shipping-taxable","13":"product-type-simple"},"uagb_featured_image_src":{"full":["https:\/\/pecbag.com\/wp-content\/uploads\/2025\/05\/Wholesale-Camping-Picnic-Bag-6.jpeg",800,800,false],"thumbnail":["https:\/\/pecbag.com\/wp-content\/uploads\/2025\/05\/Wholesale-Camping-Picnic-Bag-6-150x150.jpeg",150,150,true],"medium":["https:\/\/pecbag.com\/wp-content\/uploads\/2025\/05\/Wholesale-Camping-Picnic-Bag-6-300x300.jpeg",300,300,true],"medium_large":["https:\/\/pecbag.com\/wp-content\/uploads\/2025\/05\/Wholesale-Camping-Picnic-Bag-6-768x768.jpeg",768,768,true],"large":["https:\/\/pecbag.com\/wp-content\/uploads\/2025\/05\/Wholesale-Camping-Picnic-Bag-6.jpeg",800,800,false],"1536x1536":["https:\/\/pecbag.com\/wp-content\/uploads\/2025\/05\/Wholesale-Camping-Picnic-Bag-6.jpeg",800,800,false],"2048x2048":["https:\/\/pecbag.com\/wp-content\/uploads\/2025\/05\/Wholesale-Camping-Picnic-Bag-6.jpeg",800,800,false],"trp-custom-language-flag":["https:\/\/pecbag.com\/wp-content\/uploads\/2025\/05\/Wholesale-Camping-Picnic-Bag-6-12x12.jpeg",12,12,true],"woocommerce_thumbnail":["https:\/\/pecbag.com\/wp-content\/uploads\/2025\/05\/Wholesale-Camping-Picnic-Bag-6-300x300.jpeg",300,300,true],"woocommerce_single":["https:\/\/pecbag.com\/wp-content\/uploads\/2025\/05\/Wholesale-Camping-Picnic-Bag-6-600x600.jpeg",600,600,true],"woocommerce_gallery_thumbnail":["https:\/\/pecbag.com\/wp-content\/uploads\/2025\/05\/Wholesale-Camping-Picnic-Bag-6-100x100.jpeg",100,100,true]},"uagb_author_info":{"display_name":"Lawrence","author_link":"https:\/\/pecbag.com\/se\/author\/"},"uagb_comment_info":0,"uagb_excerpt":"Wholesale Camping Picnic Bag 1. PREMIUM MATERIAL: Our backpack is made from high-density 600D fabric, which is tear-resistant and water-resistant. To make the zipper smooth and durable, the backpack is equipped with an SBS zipper. 2. INSULATED COMPARTMENT: The lining of the backpack is made of aluminum film, whose insulation effect is better than PEVA&hellip;","_links":{"self":[{"href":"https:\/\/pecbag.com\/se\/wp-json\/wp\/v2\/product\/3237","targetHints":{"allow":["GET"]}}],"collection":[{"href":"https:\/\/pecbag.com\/se\/wp-json\/wp\/v2\/product"}],"about":[{"href":"https:\/\/pecbag.com\/se\/wp-json\/wp\/v2\/types\/product"}],"wp:featuredmedia":[{"embeddable":true,"href":"https:\/\/pecbag.com\/se\/wp-json\/wp\/v2\/media\/3243"}],"wp:attachment":[{"href":"https:\/\/pecbag.com\/se\/wp-json\/wp\/v2\/media?parent=3237"}],"wp:term":[{"taxonomy":"product_brand","embeddable":true,"href":"https:\/\/pecbag.com\/se\/wp-json\/wp\/v2\/product_brand?post=3237"},{"taxonomy":"product_cat","embeddable":true,"href":"https:\/\/pecbag.com\/se\/wp-json\/wp\/v2\/product_cat?post=3237"},{"taxonomy":"product_tag","embeddable":true,"href":"https:\/\/pecbag.com\/se\/wp-json\/wp\/v2\/product_tag?post=3237"}],"curies":[{"name":"wp","href":"https:\/\/api.w.org\/{rel}","templated":true}]}}