{"id":3252,"date":"2025-05-26T01:56:16","date_gmt":"2025-05-26T01:56:16","guid":{"rendered":"https:\/\/pecbag.com\/?post_type=product&#038;p=3252"},"modified":"2025-11-29T02:03:49","modified_gmt":"2025-11-29T02:03:49","slug":"durable-multifunctional-large-rolling-cooler-bag","status":"publish","type":"product","link":"https:\/\/pecbag.com\/se\/durable-multifunctional-large-rolling-cooler-bag\/","title":{"rendered":"Slitstark, multifunktionell, stor, rullande kylv\u00e4ska"},"content":{"rendered":"<h5 title=\"Vikbar hundv\u00e4ska Andningsbar axelv\u00e4ska f\u00f6r husdjur i mesh f\u00f6r sm\u00e5 husdjur Hundar Katter\" data-immersive-translate-walked=\"1c928421-2e42-4cd3-8754-5404553c0af5\" data-immersive-translate-paragraph=\"1\" data-spm-anchor-id=\"a2700.details.0.i35.4f6757d4w4zNZA\">Slitstark multifunktionell stor rullande kylv\u00e4ska Tillverkare | Vattent\u00e4t v\u00e4ska fabrik &amp; ryggs\u00e4ck leverant\u00f6r | Bulk OEM<\/h5>\n<div class=\"flex flex-grow flex-col max-w-full\">\n<div class=\"min-h-[20px] text-message flex w-full flex-col items-end gap-2 whitespace-pre-wrap break-words [.text-message+&amp;]:mt-5 overflow-x-auto\" dir=\"auto\" data-message-author-role=\"assistant\" data-message-id=\"3d7d46f6-7ec2-4222-9257-48fa0bba23c6\" data-suggestions=\"true\">\n<div class=\"flex w-full flex-col gap-1 empty:hidden first:pt-[3px]\">\n<div class=\"markdown prose w-full break-words dark:prose-invert light\">\n<p>Letar du efter h\u00e5llbara, multifunktionella, stora rullande kylv\u00e4skor som hanterar tunga laster och tuffa f\u00f6rh\u00e5llanden? Som en ledande vattent\u00e4t v\u00e4skfabrik och ryggs\u00e4ckstillverkare i Kina \u00e4r vi specialiserade p\u00e5 att tillverka industriella, h\u00e5llbara och multifunktionella stora rullande kylv\u00e4skor f\u00f6r livsmedelslogistik, medicinska leverant\u00f6rer och utomhusm\u00e4rken \u00f6ver hela v\u00e4rlden!<\/p>\n<table width=\"288\">\n<tbody>\n<tr>\n<td width=\"137\"><span style=\"color: #333333;\">Produkter Namn<\/span><\/td>\n<td width=\"151\"><span style=\"color: #333333;\">Kylv\u00e4ska<\/span><\/td>\n<\/tr>\n<tr>\n<td><span style=\"color: #333333;\">Artikel nr.<\/span><\/td>\n<td><span style=\"color: #333333;\">PB-2037<\/span><\/td>\n<\/tr>\n<tr>\n<td><span style=\"color: #333333;\">Material<\/span><\/td>\n<td>Oxford<\/td>\n<\/tr>\n<tr>\n<td><span style=\"color: #333333;\">Storlek<\/span><\/td>\n<td>10,6 \u2033 x 12,9 \u2033 x 20,1 \u2033.<\/td>\n<\/tr>\n<tr>\n<td><span style=\"color: #333333;\">\u00a0Leveranstid<\/span><\/td>\n<td><span style=\"color: #333333;\">1-5 dagar f\u00f6r liten m\u00e4ngd med flyg och 30-35 dagar f\u00f6r stor m\u00e4ngd till sj\u00f6ss<\/span><\/td>\n<\/tr>\n<\/tbody>\n<\/table>\n<p class=\"ds-markdown-paragraph\">\u2705\u00a0<strong>Varf\u00f6r v\u00e4lja v\u00e5ra slitstarka multifunktionella stora rullande kylv\u00e4skor?<\/strong><\/p>\n<ul>\n<li>\n<p class=\"ds-markdown-paragraph\"><strong>Byggd f\u00f6r att h\u00e5lla<\/strong>: 1680D polyester + f\u00f6rst\u00e4rkta h\u00f6rn - t\u00e5l 200+ lbs, perfekt f\u00f6r bulkbest\u00e4llningar av kylv\u00e4skor!<\/p>\n<\/li>\n<li>\n<p class=\"ds-markdown-paragraph\"><strong>Allt-i-ett-design<\/strong>: 360\u00b0 hjul + teleskophandtag + l\u00f6stagbara avdelare - f\u00f6rflyttar sig fr\u00e5n lager till lastbil p\u00e5 n\u00e5gra sekunder.<\/p>\n<\/li>\n<li>\n<p class=\"ds-markdown-paragraph\"><strong>72 timmars kylning<\/strong>: 5 cm ekologisk isolering + reflekterande foder - h\u00e5ller l\u00e4kemedel, fisk och skaldjur eller drycker iskalla.<\/p>\n<\/li>\n<li>\n<p class=\"ds-markdown-paragraph\"><strong>Redo f\u00f6r kundanpassning<\/strong>: L\u00e4gg till logotyper, f\u00e4rger eller fack via kylv\u00e4ska ODM\/OEM eller private label.<\/p>\n<\/li>\n<\/ul>\n<p class=\"ds-markdown-paragraph\"><strong>Funktioner som dominerar marknader:<\/strong><br \/>\n\ud83d\udd39 100% vattent\u00e4ta TPU-s\u00f6mmar + m\u00f6gelskyddad PEVA-inredning (FDA-kompatibel)<br \/>\n\ud83d\udd39 L\u00e5sbara YKK-dragkedjor + RFID-blockerande s\u00e4kerhetsfickor<br \/>\n\ud83d\udd39 Expanderbar kapacitet p\u00e5 80L-150L - passar pallar eller oregelbunden last<br \/>\n\ud83d\udd39 CE\/SGS-certifierad - s\u00e4ker f\u00f6r global export av kylv\u00e4skor<\/p>\n<p class=\"ds-markdown-paragraph\"><strong>Perfekt f\u00f6r:<\/strong><\/p>\n<ul>\n<li>\n<p class=\"ds-markdown-paragraph\">L\u00e4kemedelsdistribut\u00f6rer och leverant\u00f6rer av kylv\u00e4skor<\/p>\n<\/li>\n<li>\n<p class=\"ds-markdown-paragraph\">Stormarknadskedjor &amp; grossister f\u00f6r kylv\u00e4skor<\/p>\n<\/li>\n<li>\n<p class=\"ds-markdown-paragraph\">Nystartade f\u00f6retag bygger egna varum\u00e4rken f\u00f6r kylv\u00e4skor<\/p>\n<\/li>\n<\/ul>\n<p class=\"ds-markdown-paragraph\"><strong>Hur vi levererar dina slitstarka multifunktionella stora rullande kylv\u00e4skor:<\/strong><br \/>\n1\ufe0f\u20e3 Skicka specifikationer eller v\u00e4lj bland 50+ kraftiga m\u00f6nster<br \/>\n2\ufe0f\u20e3 Prototyp p\u00e5 10 dagar \u2192 godk\u00e4nna \u2192 massproducera<br \/>\n3\ufe0f\u20e3 Transport via exportn\u00e4tverk f\u00f6r kylv\u00e4skor (flyg\/sj\u00f6\/j\u00e4rnv\u00e4g)<\/p>\n<p class=\"ds-markdown-paragraph\"><strong>Varf\u00f6r vi \u00e4r din b\u00e4sta leverant\u00f6r av kylv\u00e4skor i Kina:<\/strong><br \/>\n\u2705 15 \u00e5rs expertis inom tillverkning av kylv\u00e4skor<br \/>\n\u2705 30% l\u00e4gre kostnader \u00e4n fabriker i USA\/EU<br \/>\n\u2705 24\/7 tv\u00e5spr\u00e5kig support<\/p>\n<p class=\"ds-markdown-paragraph\"><strong>Redo att rulla ut vinster?<\/strong><br \/>\n\ud83d\udc49\u00a0<strong>Gratis prover<\/strong>\u00a0\ud83d\udc49 25% ins\u00e4ttning \ud83d\udc49 48h citat<\/p>\n<\/div>\n<\/div>\n<\/div>\n<\/div>","protected":false},"excerpt":{"rendered":"<h2 data-immersive-translate-walked=\"344be1c1-5052-41eb-8fcd-0dbe236a0d6b\" data-immersive-translate-paragraph=\"1\">Slitstark, multifunktionell, stor, rullande kylv\u00e4ska<\/h2>\n<div class=\"sliderTable mt10 mb10 sliderTable-index0\">\n<div class=\"inner\">\n<div>L\u00e4ckages\u00e4ker och isolerad: Den mjuka kylboxen p\u00e5 hjul p\u00e5 insidan har EVA av livsmedelskvalitet med s\u00f6ml\u00f6s varmpressning f\u00f6r att s\u00e4kerst\u00e4lla att 100% \u00e4r l\u00e4ckages\u00e4ker. 4-lagers isoleringsmaterial med h\u00f6g densitet och vattent\u00e4tt, l\u00e4ckages\u00e4kert foder arbetar tillsammans f\u00f6r att h\u00e5lla inneh\u00e5llet l\u00e5ngvarigt varmt \/ kallt.<\/div>\n<\/div>\n<\/div>","protected":false},"featured_media":3259,"template":"","meta":{"_uag_custom_page_level_css":""},"product_brand":[],"product_cat":[44,50],"product_tag":[],"class_list":{"0":"post-3252","1":"product","2":"type-product","3":"status-publish","4":"has-post-thumbnail","6":"product_cat-camping-bags","7":"product_cat-cooler-bag","9":"first","10":"instock","11":"shipping-taxable","12":"product-type-simple"},"uagb_featured_image_src":{"full":["https:\/\/pecbag.com\/wp-content\/uploads\/2025\/05\/COOLER2.jpg",679,717,false],"thumbnail":["https:\/\/pecbag.com\/wp-content\/uploads\/2025\/05\/COOLER2-150x150.jpg",150,150,true],"medium":["https:\/\/pecbag.com\/wp-content\/uploads\/2025\/05\/COOLER2-284x300.jpg",284,300,true],"medium_large":["https:\/\/pecbag.com\/wp-content\/uploads\/2025\/05\/COOLER2.jpg",679,717,false],"large":["https:\/\/pecbag.com\/wp-content\/uploads\/2025\/05\/COOLER2.jpg",679,717,false],"1536x1536":["https:\/\/pecbag.com\/wp-content\/uploads\/2025\/05\/COOLER2.jpg",679,717,false],"2048x2048":["https:\/\/pecbag.com\/wp-content\/uploads\/2025\/05\/COOLER2.jpg",679,717,false],"trp-custom-language-flag":["https:\/\/pecbag.com\/wp-content\/uploads\/2025\/05\/COOLER2-11x12.jpg",11,12,true],"woocommerce_thumbnail":["https:\/\/pecbag.com\/wp-content\/uploads\/2025\/05\/COOLER2-300x300.jpg",300,300,true],"woocommerce_single":["https:\/\/pecbag.com\/wp-content\/uploads\/2025\/05\/COOLER2-600x634.jpg",600,634,true],"woocommerce_gallery_thumbnail":["https:\/\/pecbag.com\/wp-content\/uploads\/2025\/05\/COOLER2-100x100.jpg",100,100,true]},"uagb_author_info":{"display_name":"Lawrence","author_link":"https:\/\/pecbag.com\/se\/author\/"},"uagb_comment_info":0,"uagb_excerpt":"Durable Multifunctional Large Rolling Cooler Bag Leakproof and Insulated: The soft cooler on wheels inside features food-grade EVA with seamless hot pressing to make sure 100% leak-proof. 4-layer high-density insulation material and waterproof, leakproof liner work together to keep the contents long-lasting warm\/cold.","_links":{"self":[{"href":"https:\/\/pecbag.com\/se\/wp-json\/wp\/v2\/product\/3252","targetHints":{"allow":["GET"]}}],"collection":[{"href":"https:\/\/pecbag.com\/se\/wp-json\/wp\/v2\/product"}],"about":[{"href":"https:\/\/pecbag.com\/se\/wp-json\/wp\/v2\/types\/product"}],"wp:featuredmedia":[{"embeddable":true,"href":"https:\/\/pecbag.com\/se\/wp-json\/wp\/v2\/media\/3259"}],"wp:attachment":[{"href":"https:\/\/pecbag.com\/se\/wp-json\/wp\/v2\/media?parent=3252"}],"wp:term":[{"taxonomy":"product_brand","embeddable":true,"href":"https:\/\/pecbag.com\/se\/wp-json\/wp\/v2\/product_brand?post=3252"},{"taxonomy":"product_cat","embeddable":true,"href":"https:\/\/pecbag.com\/se\/wp-json\/wp\/v2\/product_cat?post=3252"},{"taxonomy":"product_tag","embeddable":true,"href":"https:\/\/pecbag.com\/se\/wp-json\/wp\/v2\/product_tag?post=3252"}],"curies":[{"name":"wp","href":"https:\/\/api.w.org\/{rel}","templated":true}]}}